{"id":98,"date":"2016-04-07T14:20:45","date_gmt":"2016-04-07T14:20:45","guid":{"rendered":"http:\/\/w4.bilkent.edu.tr\/adaybilgi\/?page_id=98"},"modified":"2025-06-18T11:22:59","modified_gmt":"2025-06-18T11:22:59","slug":"spor_saglik","status":"publish","type":"page","link":"https:\/\/adaybilgi.bilkent.edu.tr\/index.php\/spor_saglik\/","title":{"rendered":"Spor ve Sa\u011fl\u0131k"},"content":{"rendered":"<p><img loading=\"lazy\" class=\"alignright wp-image-1154\" src=\"https:\/\/adaybilgi.bilkent.edu.tr\/wp-content\/uploads\/2016\/04\/yuzme.jpg\" alt=\"yuzme\" width=\"600\" height=\"400\" srcset=\"https:\/\/adaybilgi.bilkent.edu.tr\/wp-content\/uploads\/2016\/04\/yuzme.jpg 1000w, https:\/\/adaybilgi.bilkent.edu.tr\/wp-content\/uploads\/2016\/04\/yuzme-300x200.jpg 300w, https:\/\/adaybilgi.bilkent.edu.tr\/wp-content\/uploads\/2016\/04\/yuzme-768x512.jpg 768w\" sizes=\"(max-width: 600px) 100vw, 600px\" \/>Bilkent \u00dcniversitesi; \u00fc\u00e7 spor salonuna ve bu salonlar b\u00fcnyesinde ko\u015fu ve y\u00fcr\u00fcy\u00fc\u015f parkurlar\u0131, basketbol ve voleybol sahalar\u0131 ile squash kortlar\u0131n\u0131n yan\u0131 s\u0131ra fitness, kapal\u0131 ok\u00e7uluk, masa tenisi, grup egzersizleri ve Uzak Do\u011fu sporlar\u0131 salonlar\u0131na sahiptir. Stadyum, yar\u0131 olimpik y\u00fczme havuzu, a\u00e7\u0131k spor tesisleri (basketbol ve voleybol sahalar\u0131, hal\u0131 sahalar, tenis kortlar\u0131, fitness, yoga, pilates alanlar\u0131, kaykay pisti, t\u0131rmanma duvar\u0131) ve kapal\u0131 tenis kortlar\u0131, \u00fcniversitenin spor se\u00e7eneklerini zenginle\u015ftirmektedir.<\/p>\n<p><a href=\"https:\/\/w3.bilkent.edu.tr\/www\/beden-egitim-ve-spor-merkezi\/\"><strong>Beden E\u011fitimi ve Spor Merkezi<\/strong><\/a>; grup egzersizleri (zumba, yoga, pilates), tenis, squash, badminton, eskrim, e\u015fli danslar ve halk oyunlar\u0131 gibi bran\u015flarda kurslar da vermektedir.<\/p>\n<p>Kamp\u00fcste \u201cSpor Ya\u015famd\u0131r\u2019\u2019 program\u0131 kapsam\u0131nda farkl\u0131 dallarda turnuvalar ve \u00f6\u011fretici programlar ger\u00e7ekle\u015ftirilirken, \u201cBilkent Spor Oyunlar\u0131\u201d \u00e7er\u00e7evesinde her hafta farkl\u0131 spor temalar\u0131na y\u00f6nelik yar\u0131\u015fmalar d\u00fczenlenir. \u00dcniversite tak\u0131mlar\u0131nda yer alan \u00f6\u011frenciler, T\u00fcrkiye \u00dcniversite Sporlar\u0131 Federasyonu\u2019nun turnuvalar\u0131nda Bilkent \u00dcniversitesi\u2019ni temsil etmektedir. Cumhuriyet ve bahar ko\u015fular\u0131 ise her ya\u015ftan Bilkentlinin birlikte spor yapt\u0131\u011f\u0131 geleneksel etkinliklerdir.<\/p>\n<p><img loading=\"lazy\" class=\"alignright wp-image-3335 size-full\" src=\"https:\/\/adaybilgi.bilkent.edu.tr\/wp-content\/uploads\/2024\/05\/stadyum.jpg\" alt=\"\" width=\"600\" height=\"400\" srcset=\"https:\/\/adaybilgi.bilkent.edu.tr\/wp-content\/uploads\/2024\/05\/stadyum.jpg 600w, https:\/\/adaybilgi.bilkent.edu.tr\/wp-content\/uploads\/2024\/05\/stadyum-300x200.jpg 300w\" sizes=\"(max-width: 600px) 100vw, 600px\" \/><\/p>\n<p>Bilkent \u00dcniversitesi <a href=\"https:\/\/w3.bilkent.edu.tr\/www\/saglik-merkezi\/\"><strong>Sa\u011fl\u0131k Merkezi<\/strong><\/a>, \u00f6\u011frencilere\u00a0Merkez ve Do\u011fu kamp\u00fcslerde kolayca eri\u015febilecekleri, g\u00fcvenli ve kaliteli bir sa\u011fl\u0131k hizmeti sunmaktad\u0131r. Deneyimli doktorlar\u0131, hem\u015fireleri, acil servis olanaklar\u0131 ve 3 adet ambulans\u0131yla haftada 7 g\u00fcn 24 saat \u00e7al\u0131\u015fan Sa\u011fl\u0131k Merkezi\u2019nde farkl\u0131 dallardan uzman doktorlar da belirli g\u00fcnlerde g\u00f6rev yapmaktad\u0131r. T\u00fcm bu sa\u011fl\u0131k hizmetleri \u00f6\u011frenciler i\u00e7in \u00fccretsizdir.<\/p>\n<p><span class=\"icerik\"><a href=\"https:\/\/w3.bilkent.edu.tr\/www\/saglik-merkezi\/psikolojik-danisma-ve-gelisim-merkezi\/\"><strong>Psikolojik Dan\u0131\u015fma ve Geli\u015fim Merkezi<\/strong><\/a>, \u00f6\u011frencilerin <\/span>bireysel ve sosyal geli\u015fimlerine katk\u0131da bulunmay\u0131 ama\u00e7lar. Bu merkezde \u00f6\u011frencilerin toplum i\u00e7erisinde kendilerini daha rahat ifade edebilmelerine ve e\u011fitim ya\u015fant\u0131lar\u0131nda daha verimli olabilmelerine y\u00f6nelik seminerler ve grup \u00e7al\u0131\u015fmalar\u0131 d\u00fczenlenmektedir. \u0130steyen \u00f6\u011frenciler, bu konularda deneyimli uzmanlarla bire bir g\u00f6r\u00fc\u015febilmektedir.<\/p>\n","protected":false},"excerpt":{"rendered":"<p>Bilkent \u00dcniversitesi; \u00fc\u00e7 spor salonuna ve bu salonlar b\u00fcnyesinde ko\u015fu ve y\u00fcr\u00fcy\u00fc\u015f parkurlar\u0131, basketbol ve voleybol sahalar\u0131 ile squash kortlar\u0131n\u0131n yan\u0131 s\u0131ra fitness, kapal\u0131 ok\u00e7uluk, masa tenisi, grup egzersizleri ve Uzak Do\u011fu sporlar\u0131 salonlar\u0131na sahiptir. Stadyum, yar\u0131 olimpik y\u00fczme havuzu,<\/p>\n","protected":false},"author":1,"featured_media":139,"parent":0,"menu_order":0,"comment_status":"closed","ping_status":"closed","template":"","meta":[],"_links":{"self":[{"href":"https:\/\/adaybilgi.bilkent.edu.tr\/index.php\/wp-json\/wp\/v2\/pages\/98"}],"collection":[{"href":"https:\/\/adaybilgi.bilkent.edu.tr\/index.php\/wp-json\/wp\/v2\/pages"}],"about":[{"href":"https:\/\/adaybilgi.bilkent.edu.tr\/index.php\/wp-json\/wp\/v2\/types\/page"}],"author":[{"embeddable":true,"href":"https:\/\/adaybilgi.bilkent.edu.tr\/index.php\/wp-json\/wp\/v2\/users\/1"}],"replies":[{"embeddable":true,"href":"https:\/\/adaybilgi.bilkent.edu.tr\/index.php\/wp-json\/wp\/v2\/comments?post=98"}],"version-history":[{"count":17,"href":"https:\/\/adaybilgi.bilkent.edu.tr\/index.php\/wp-json\/wp\/v2\/pages\/98\/revisions"}],"predecessor-version":[{"id":3490,"href":"https:\/\/adaybilgi.bilkent.edu.tr\/index.php\/wp-json\/wp\/v2\/pages\/98\/revisions\/3490"}],"wp:featuredmedia":[{"embeddable":true,"href":"https:\/\/adaybilgi.bilkent.edu.tr\/index.php\/wp-json\/wp\/v2\/media\/139"}],"wp:attachment":[{"href":"https:\/\/adaybilgi.bilkent.edu.tr\/index.php\/wp-json\/wp\/v2\/media?parent=98"}],"curies":[{"name":"wp","href":"https:\/\/api.w.org\/{rel}","templated":true}]}}