{"id":95,"date":"2016-04-07T14:16:47","date_gmt":"2016-04-07T14:16:47","guid":{"rendered":"http:\/\/w4.bilkent.edu.tr\/adaybilgi\/?page_id=95"},"modified":"2026-02-24T14:14:59","modified_gmt":"2026-02-24T14:14:59","slug":"kafeteryalar","status":"publish","type":"page","link":"https:\/\/adaybilgi.bilkent.edu.tr\/index.php\/kafeteryalar\/","title":{"rendered":"Kafeteryalar"},"content":{"rendered":"<p class=\"alignnone\">Kamp\u00fcs i\u00e7indeki \u00e7ok say\u0131da kafeterya ve lokanta, \u00f6\u011frencilerin sa\u011fl\u0131kl\u0131 ve dengeli beslenmesine y\u00f6nelik tabildot ve alakart men\u00fcler sunmaktad\u0131r.<\/p>\n<p class=\"alignnone\"><b>Tabildot Men\u00fcleri<\/b><br \/>\nTabildot kafeteryalarda fiks ve se\u00e7meli olmak \u00fczere iki tip men\u00fc uygulanmaktad\u0131r. Tabildot yemek plan\u0131 \u00fccretleri a\u015fa\u011f\u0131daki gibidir. Bu fiyatlar, 5 veya daha \u00e7ok say\u0131da \u00f6\u011f\u00fcn \u00fccreti tek seferde \u00f6dendi\u011finde ge\u00e7erlidir. Fiks ve se\u00e7meli men\u00fclerde 4 kap yemek sunulur. Se\u00e7meli men\u00fclerde \u00f6\u011frenciler 12 \u00e7e\u015fit aras\u0131ndan se\u00e7im yapabilir.<\/p>\n<p>Tabildot Yemek Plan\u0131 \u00dccreti*<\/p>\n<table style=\"height: 115px;\" border=\"1\" width=\"462\" cellspacing=\"0\" cellpadding=\"3\">\n<tbody>\n<tr style=\"height: 40px;\">\n<td style=\"width: 356px; height: 40px;\">Fiks men\u00fc (kahvalt\u0131, \u00f6\u011fle yeme\u011fi, ak\u015fam yeme\u011fi)<\/td>\n<td style=\"width: 88px; height: 40px;\">\n<div align=\"center\">113.00 TL<\/div>\n<\/td>\n<\/tr>\n<tr style=\"height: 38px;\">\n<td style=\"width: 356px; height: 38px;\">Se\u00e7meli men\u00fc (\u00f6\u011fle yeme\u011fi, ak\u015fam yeme\u011fi)<\/td>\n<td style=\"width: 88px; height: 38px;\">\n<div align=\"center\">226.00 TL<\/div>\n<\/td>\n<\/tr>\n<\/tbody>\n<\/table>\n<p><img loading=\"lazy\" class=\"size-full wp-image-1162 alignright\" src=\"https:\/\/adaybilgi.bilkent.edu.tr\/wp-content\/uploads\/2016\/04\/kafeterya.jpg\" alt=\"kafeterya\" width=\"500\" height=\"764\" srcset=\"https:\/\/adaybilgi.bilkent.edu.tr\/wp-content\/uploads\/2016\/04\/kafeterya.jpg 500w, https:\/\/adaybilgi.bilkent.edu.tr\/wp-content\/uploads\/2016\/04\/kafeterya-196x300.jpg 196w\" sizes=\"(max-width: 500px) 100vw, 500px\" \/>* 5 veya daha \u00e7ok \u00f6\u011f\u00fcn \u00fccreti i\u00e7eren yemek planlar\u0131 d\u0131\u015f\u0131nda tabldot fiks men\u00fc 226.00 TL, se\u00e7meli men\u00fc 290.00 TL, fiks kahvalt\u0131 men\u00fcs\u00fc ise 174.00 TL olarak fiyatland\u0131r\u0131l\u0131r.<\/p>\n<p><b>Alakart Men\u00fcler<\/b><br \/>\nAlakart men\u00fc sunan kafeteryalarda \u00e7orbadan salata ve tatl\u0131lara, \u0131zgara et yemeklerinden zeytinya\u011fl\u0131lara uzanan se\u00e7enekler vard\u0131r. Yemek \u00e7e\u015fitleri ayr\u0131 ayr\u0131 fiyatland\u0131r\u0131l\u0131r. Bir ana yemek ve iki yard\u0131mc\u0131 yemekten olu\u015fan men\u00fcler 350-400 TL aras\u0131ndad\u0131r.<\/p>\n<p><strong>Merkez Kamp\u00fcs Kafeteryalar\u0131:<\/strong><br \/>\nTabildot Kafeterya, Arabica Kitchen Fit, Coffee Break, Express Kafeterya, K\u0131ra\u00e7, 76. Yurt Kantini, S\u00f6zeri Pide Salonu, Starbucks Coffee, Sofa Cafe ve Restoran, Mozart Caf\u00e9, Fiero Cafe, Joy-Z, \u00c7at\u0131 Cafe<\/p>\n<p><strong>Orta Kamp\u00fcs Kafeteryalar\u0131:\u00a0<\/strong><br \/>\nTabildot Kafeterya, Mozart Cafe<\/p>\n<p><strong>Do\u011fu Kamp\u00fcs Kafeteryalar\u0131:\u00a0<\/strong><br \/>\nTabildot Kafeterya, Coffee Break, Mozart Caf\u00e9, 90. Yurt Kafeteryas\u0131<\/p>\n<p>Kamp\u00fcsteki b\u00fct\u00fcn kafeteryalar, bireylerin dengeli ve hijyenik bir bi\u00e7imde beslenebilmeleri i\u00e7in \u00fcniversitenin diyetisyenlerince d\u00fczenli olarak kontrol edilmektedir. <strong><a href=\"http:\/\/www.bilkent.edu.tr\/bilkent-tr\/admin-unit\/kafemud\/index.html\">Kafeteryalar \u0130\u015fletmesi M\u00fcd\u00fcrl\u00fc\u011f\u00fc<\/a>\u00a0<\/strong>uzmanlar\u0131,\u00a0beslenmeye ili\u015fkin etkenlerin neden oldu\u011fu hastal\u0131klar ve bunlar\u0131n ortadan kald\u0131r\u0131labilmesi i\u00e7in\u00a0gereken diyet ilkeleri\u00a0\u00e7er\u00e7evesinde bireylerin ya\u015f, cinsiyet, fiziksel etkinlik d\u00fczeyi ve ya\u015fam bi\u00e7imlerine uygun\u00a0 beslenme y\u00f6ntemleri hakk\u0131nda dan\u0131\u015fmanl\u0131k hizmeti de vermektedir.<\/p>\n<p><strong>Kamp\u00fcs \u00c7evresindeki\u00a0Se\u00e7enekler<\/strong><\/p>\n<p>Kamp\u00fcs\u00fcn hemen d\u0131\u015f\u0131nda yer alan <strong><a href=\"http:\/\/www.bilkentcenter.com.tr\/\">Bilkent Center<\/a><\/strong>, <strong><a href=\"http:\/\/www.bilkentstation.com.tr\/\">Bilkent Station<\/a><\/strong> ve Ankuva Al\u0131\u015fveri\u015f Merkezi\u2019nde ise farkl\u0131 yemek alternatiflerine sahip restoranlar ve kafeler bulunmaktad\u0131r. Bu i\u015fletmeler, zengin men\u00fcleriyle kamp\u00fcs \u00e7evresindeki yiyecek-i\u00e7ecek se\u00e7eneklerini art\u0131rmaktad\u0131r.<\/p>\n<p>&nbsp;<\/p>\n","protected":false},"excerpt":{"rendered":"<p>Kamp\u00fcs i\u00e7indeki \u00e7ok say\u0131da kafeterya ve lokanta, \u00f6\u011frencilerin sa\u011fl\u0131kl\u0131 ve dengeli beslenmesine y\u00f6nelik tabildot ve alakart men\u00fcler sunmaktad\u0131r. Tabildot Men\u00fcleri Tabildot kafeteryalarda fiks ve se\u00e7meli olmak \u00fczere iki tip men\u00fc uygulanmaktad\u0131r. Tabildot yemek plan\u0131 \u00fccretleri a\u015fa\u011f\u0131daki gibidir. Bu fiyatlar, 5<\/p>\n","protected":false},"author":1,"featured_media":140,"parent":0,"menu_order":0,"comment_status":"closed","ping_status":"closed","template":"","meta":[],"_links":{"self":[{"href":"https:\/\/adaybilgi.bilkent.edu.tr\/index.php\/wp-json\/wp\/v2\/pages\/95"}],"collection":[{"href":"https:\/\/adaybilgi.bilkent.edu.tr\/index.php\/wp-json\/wp\/v2\/pages"}],"about":[{"href":"https:\/\/adaybilgi.bilkent.edu.tr\/index.php\/wp-json\/wp\/v2\/types\/page"}],"author":[{"embeddable":true,"href":"https:\/\/adaybilgi.bilkent.edu.tr\/index.php\/wp-json\/wp\/v2\/users\/1"}],"replies":[{"embeddable":true,"href":"https:\/\/adaybilgi.bilkent.edu.tr\/index.php\/wp-json\/wp\/v2\/comments?post=95"}],"version-history":[{"count":51,"href":"https:\/\/adaybilgi.bilkent.edu.tr\/index.php\/wp-json\/wp\/v2\/pages\/95\/revisions"}],"predecessor-version":[{"id":3674,"href":"https:\/\/adaybilgi.bilkent.edu.tr\/index.php\/wp-json\/wp\/v2\/pages\/95\/revisions\/3674"}],"wp:featuredmedia":[{"embeddable":true,"href":"https:\/\/adaybilgi.bilkent.edu.tr\/index.php\/wp-json\/wp\/v2\/media\/140"}],"wp:attachment":[{"href":"https:\/\/adaybilgi.bilkent.edu.tr\/index.php\/wp-json\/wp\/v2\/media?parent=95"}],"curies":[{"name":"wp","href":"https:\/\/api.w.org\/{rel}","templated":true}]}}