{"id":92,"date":"2016-04-07T14:06:37","date_gmt":"2016-04-07T14:06:37","guid":{"rendered":"http:\/\/w4.bilkent.edu.tr\/adaybilgi\/?page_id=92"},"modified":"2025-06-19T14:32:19","modified_gmt":"2025-06-19T14:32:19","slug":"yurtlar","status":"publish","type":"page","link":"https:\/\/adaybilgi.bilkent.edu.tr\/index.php\/yurtlar\/","title":{"rendered":"Yurtlar"},"content":{"rendered":"<p>Bilkent \u00dcniversitesi kamp\u00fcs\u00fcnde yer alan yurtlar\u0131n kapasitesi yakla\u015f\u0131k 4.830 ki\u015fidir. Yurt binalar\u0131nda d\u00f6rt ki\u015filik, \u00fc\u00e7 ki\u015filik, iki ki\u015filik ve tek ki\u015filik odalar bulunmaktad\u0131r. Binalarda \u00e7al\u0131\u015fma ve dinlenme salonlar\u0131, televizyon odalar\u0131, \u00e7izim odalar\u0131, satran\u00e7, bilardo ve masa tenisi gibi oyun odalar\u0131, mini mutfaklar ve \u00e7ama\u015f\u0131r y\u0131kama odalar\u0131 da yer al\u0131r. T\u00fcm yurt odalar\u0131 \u00fccretsiz ve y\u00fcksek h\u0131zl\u0131 internet ba\u011flant\u0131s\u0131na sahiptir. Yurtlar\u0131n \u00e7evresinde bir\u00e7ok kafeterya, spor sahas\u0131 ve ye\u015fil alanlar vard\u0131r.<\/p>\n<p>&nbsp;<\/p>\n<ul>\n<li><a href=\"http:\/\/yurtlar.bilkent.edu.tr\/\"><strong>Bilkent \u00dcniversitesi Yurtlar\u0131 hakk\u0131nda detayl\u0131 bilgi<\/strong><\/a><\/li>\n<li><a href=\"http:\/\/yurtlar.bilkent.edu.tr\/tr\/ucretler\/\"><strong>Bilkent \u00dcniversitesi Yurt \u00dccretleri<\/strong><\/a><\/li>\n<\/ul>\n","protected":false},"excerpt":{"rendered":"<p>Bilkent \u00dcniversitesi kamp\u00fcs\u00fcnde yer alan yurtlar\u0131n kapasitesi yakla\u015f\u0131k 4.830 ki\u015fidir. Yurt binalar\u0131nda d\u00f6rt ki\u015filik, \u00fc\u00e7 ki\u015filik, iki ki\u015filik ve tek ki\u015filik odalar bulunmaktad\u0131r. Binalarda \u00e7al\u0131\u015fma ve dinlenme salonlar\u0131, televizyon odalar\u0131, \u00e7izim odalar\u0131, satran\u00e7, bilardo ve masa tenisi gibi oyun odalar\u0131,<\/p>\n","protected":false},"author":1,"featured_media":138,"parent":0,"menu_order":0,"comment_status":"closed","ping_status":"closed","template":"","meta":[],"_links":{"self":[{"href":"https:\/\/adaybilgi.bilkent.edu.tr\/index.php\/wp-json\/wp\/v2\/pages\/92"}],"collection":[{"href":"https:\/\/adaybilgi.bilkent.edu.tr\/index.php\/wp-json\/wp\/v2\/pages"}],"about":[{"href":"https:\/\/adaybilgi.bilkent.edu.tr\/index.php\/wp-json\/wp\/v2\/types\/page"}],"author":[{"embeddable":true,"href":"https:\/\/adaybilgi.bilkent.edu.tr\/index.php\/wp-json\/wp\/v2\/users\/1"}],"replies":[{"embeddable":true,"href":"https:\/\/adaybilgi.bilkent.edu.tr\/index.php\/wp-json\/wp\/v2\/comments?post=92"}],"version-history":[{"count":8,"href":"https:\/\/adaybilgi.bilkent.edu.tr\/index.php\/wp-json\/wp\/v2\/pages\/92\/revisions"}],"predecessor-version":[{"id":3491,"href":"https:\/\/adaybilgi.bilkent.edu.tr\/index.php\/wp-json\/wp\/v2\/pages\/92\/revisions\/3491"}],"wp:featuredmedia":[{"embeddable":true,"href":"https:\/\/adaybilgi.bilkent.edu.tr\/index.php\/wp-json\/wp\/v2\/media\/138"}],"wp:attachment":[{"href":"https:\/\/adaybilgi.bilkent.edu.tr\/index.php\/wp-json\/wp\/v2\/media?parent=92"}],"curies":[{"name":"wp","href":"https:\/\/api.w.org\/{rel}","templated":true}]}}