{"id":803,"date":"2016-07-19T12:24:19","date_gmt":"2016-07-19T12:24:19","guid":{"rendered":"https:\/\/adaybilgi.bilkent.edu.tr\/?page_id=803"},"modified":"2023-07-24T12:01:53","modified_gmt":"2023-07-24T12:01:53","slug":"ingilizce-yeterlik-ve-seviye-tespit-sinavi","status":"publish","type":"page","link":"https:\/\/adaybilgi.bilkent.edu.tr\/index.php\/ingilizce-yeterlik-ve-seviye-tespit-sinavi\/","title":{"rendered":"\u0130ngilizce Yeterlik ve Seviye Tespit S\u0131nav\u0131"},"content":{"rendered":"<p>Bilkent \u00dcniversitesi\u2019ne yeni kay\u0131t yapt\u0131ran \u00f6\u011frenciler, \u00fcniversitenin iki a\u015famal\u0131 \u0130ngilizce Yeterlik ve Seviye Tespit S\u0131nav\u0131\u2019na (PAE \u2013\u00a0<em>Proficiency in Academic English Exam<\/em>) girer.<\/p>\n<p>1. A\u015fama S\u0131nav\u0131, \u00e7oktan se\u00e7meli 200 sorudan olu\u015fur; dilbilgisi ve kelime bilgisini \u00f6l\u00e7er.<\/p>\n<p>2. A\u015fama S\u0131nav\u0131 ise 2 b\u00f6l\u00fcmd\u00fcr:<\/p>\n<p style=\"display: inline !important;\">&#8211; B\u00f6l\u00fcm A<\/p>\n<ul>\n<li>Okuma: \u00c7oktan se\u00e7meli 35 soru<\/li>\n<li>Dinleme: \u00c7oktan se\u00e7meli 30 soru<\/li>\n<li>Dilbilgisi: \u00c7oktan se\u00e7meli 15 soru ve<\/li>\n<li>Kelime: \u00c7oktan se\u00e7meli 20 soru&#8217;dan olu\u015fmaktad\u0131r.<\/li>\n<\/ul>\n<p>&#8211; B\u00f6l\u00fcm B<\/p>\n<ul>\n<li>Yazma: 1 paragraf ve 1 kompozisyon yazmay\u0131 gerektiren iki i\u00e7erik<\/li>\n<li>Konu\u015fma: Yakla\u015f\u0131k 6 dakikal\u0131k soru-cevap i\u00e7eri\u011fi olan iki k\u0131s\u0131mdan olu\u015fmaktad\u0131r.<\/li>\n<\/ul>\n<p>S\u0131navlar\u0131n soru \u00f6rneklerine, \u00f6rnek al\u0131\u015ft\u0131rma s\u0131nav\u0131na ve a\u00e7\u0131klamalar\u0131na \u015furadan ula\u015fabilirsiniz:<\/p>\n<ul>\n<li><a href=\"http:\/\/prep.bilkent.edu.tr\/wp-content\/uploads\/2023\/07\/EYLUL-2023-PAE-KILAVUZU-TURKCE-web.pdf\"><strong>K\u0131lavuz\u00a0<\/strong><\/a><\/li>\n<li><strong><a href=\"http:\/\/prep.bilkent.edu.tr\/pae\/\">http:\/\/prep.bilkent.edu.tr\/pae\/<\/a><\/strong><\/li>\n<\/ul>\n","protected":false},"excerpt":{"rendered":"<p>Bilkent \u00dcniversitesi\u2019ne yeni kay\u0131t yapt\u0131ran \u00f6\u011frenciler, \u00fcniversitenin iki a\u015famal\u0131 \u0130ngilizce Yeterlik ve Seviye Tespit S\u0131nav\u0131\u2019na (PAE \u2013\u00a0Proficiency in Academic English Exam) girer. 1. A\u015fama S\u0131nav\u0131, \u00e7oktan se\u00e7meli 200 sorudan olu\u015fur; dilbilgisi ve kelime bilgisini \u00f6l\u00e7er. 2. A\u015fama S\u0131nav\u0131 ise 2<\/p>\n","protected":false},"author":1,"featured_media":0,"parent":0,"menu_order":0,"comment_status":"closed","ping_status":"closed","template":"","meta":[],"_links":{"self":[{"href":"https:\/\/adaybilgi.bilkent.edu.tr\/index.php\/wp-json\/wp\/v2\/pages\/803"}],"collection":[{"href":"https:\/\/adaybilgi.bilkent.edu.tr\/index.php\/wp-json\/wp\/v2\/pages"}],"about":[{"href":"https:\/\/adaybilgi.bilkent.edu.tr\/index.php\/wp-json\/wp\/v2\/types\/page"}],"author":[{"embeddable":true,"href":"https:\/\/adaybilgi.bilkent.edu.tr\/index.php\/wp-json\/wp\/v2\/users\/1"}],"replies":[{"embeddable":true,"href":"https:\/\/adaybilgi.bilkent.edu.tr\/index.php\/wp-json\/wp\/v2\/comments?post=803"}],"version-history":[{"count":13,"href":"https:\/\/adaybilgi.bilkent.edu.tr\/index.php\/wp-json\/wp\/v2\/pages\/803\/revisions"}],"predecessor-version":[{"id":3270,"href":"https:\/\/adaybilgi.bilkent.edu.tr\/index.php\/wp-json\/wp\/v2\/pages\/803\/revisions\/3270"}],"wp:attachment":[{"href":"https:\/\/adaybilgi.bilkent.edu.tr\/index.php\/wp-json\/wp\/v2\/media?parent=803"}],"curies":[{"name":"wp","href":"https:\/\/api.w.org\/{rel}","templated":true}]}}