{"id":74,"date":"2016-04-01T15:33:30","date_gmt":"2016-04-01T15:33:30","guid":{"rendered":"http:\/\/w4.bilkent.edu.tr\/adaybilgi\/?page_id=74"},"modified":"2026-02-24T14:48:27","modified_gmt":"2026-02-24T14:48:27","slug":"iletisim","status":"publish","type":"page","link":"https:\/\/adaybilgi.bilkent.edu.tr\/index.php\/iletisim\/","title":{"rendered":"\u0130leti\u015fim"},"content":{"rendered":"<p>Aday \u00d6\u011frenci Birimi<br \/>\nTelefon: 0 (312) 290 3412<br \/>\nFaks: 0 (312) 266 6774<\/p>\n<p>Adres:<br \/>\nBilkent \u00dcniversitesi<br \/>\nAday \u00d6\u011frenci Birimi<br \/>\nG Binas\u0131, Z-19<br \/>\nMerkez Kamp\u00fcs<br \/>\n06800 Bilkent \/ Ankara<\/p>\n<p><strong>Ula\u015f\u0131m<\/strong>\u00a0bilgileri i\u00e7in\u00a0<a href=\"https:\/\/adaybilgi.bilkent.edu.tr\/index.php\/ulasim-bilgileri\/\">t\u0131klay\u0131n\u0131z<\/a>.<\/p>\n<p>Tercih D\u00f6nemi Bilgi Hatt\u0131:<\/p>\n<p><strong>Telefon:<\/strong> 0 (312) 290 2929<br \/>\n<strong>E-posta:\u00a0<\/strong><a href=\"mailto:bilinfo@bilkent.edu.tr\">bilinfo@bilkent.edu.tr<\/a><\/p>\n<p>&nbsp;<\/p>\n<div role=\"form\" class=\"wpcf7\" id=\"wpcf7-f4-o1\" lang=\"en-US\" dir=\"ltr\">\n<div class=\"screen-reader-response\"><p role=\"status\" aria-live=\"polite\" aria-atomic=\"true\"><\/p> <ul><\/ul><\/div>\n<form action=\"\/index.php\/wp-json\/wp\/v2\/pages\/74#wpcf7-f4-o1\" method=\"post\" class=\"wpcf7-form init\" novalidate=\"novalidate\" data-status=\"init\">\n<div style=\"display: none;\">\n<input type=\"hidden\" name=\"_wpcf7\" value=\"4\" \/>\n<input type=\"hidden\" name=\"_wpcf7_version\" value=\"5.4.1\" \/>\n<input type=\"hidden\" name=\"_wpcf7_locale\" value=\"en_US\" \/>\n<input type=\"hidden\" name=\"_wpcf7_unit_tag\" value=\"wpcf7-f4-o1\" \/>\n<input type=\"hidden\" name=\"_wpcf7_container_post\" value=\"0\" \/>\n<input type=\"hidden\" name=\"_wpcf7_posted_data_hash\" value=\"\" \/>\n<\/div>\n<p>Ad Soyad (l\u00fctfen yaz\u0131n\u0131z)<br \/>\n    <span class=\"wpcf7-form-control-wrap your-name\"><input type=\"text\" name=\"your-name\" value=\"\" size=\"40\" class=\"wpcf7-form-control wpcf7-text wpcf7-validates-as-required\" aria-required=\"true\" aria-invalid=\"false\" \/><\/span> <\/p>\n<p>E-posta (l\u00fctfen yaz\u0131n\u0131z)<br \/>\n    <span class=\"wpcf7-form-control-wrap your-email\"><input type=\"email\" name=\"your-email\" value=\"\" size=\"40\" class=\"wpcf7-form-control wpcf7-text wpcf7-email wpcf7-validates-as-required wpcf7-validates-as-email\" aria-required=\"true\" aria-invalid=\"false\" \/><\/span> <\/p>\n<p>Konu<br \/>\n    <span class=\"wpcf7-form-control-wrap your-subject\"><input type=\"text\" name=\"your-subject\" value=\"\" size=\"40\" class=\"wpcf7-form-control wpcf7-text\" aria-invalid=\"false\" \/><\/span> <\/p>\n<p>Mesaj\u0131n Konusu<br \/>\n    <span class=\"wpcf7-form-control-wrap your-message\"><textarea name=\"your-message\" cols=\"40\" rows=\"10\" class=\"wpcf7-form-control wpcf7-textarea\" aria-invalid=\"false\"><\/textarea><\/span> <\/p>\n<p><input type=\"submit\" value=\"G\u00f6nder\" class=\"wpcf7-form-control wpcf7-submit\" \/><\/p>\n<div class=\"wpcf7-response-output\" aria-hidden=\"true\"><\/div><\/form><\/div>\n","protected":false},"excerpt":{"rendered":"<p>Aday \u00d6\u011frenci Birimi Telefon: 0 (312) 290 3412 Faks: 0 (312) 266 6774 Adres: Bilkent \u00dcniversitesi Aday \u00d6\u011frenci Birimi G Binas\u0131, Z-19 Merkez Kamp\u00fcs 06800 Bilkent \/ Ankara Ula\u015f\u0131m\u00a0bilgileri i\u00e7in\u00a0t\u0131klay\u0131n\u0131z. Tercih D\u00f6nemi Bilgi Hatt\u0131: Telefon: 0 (312) 290 2929 E-posta:\u00a0bilinfo@bilkent.edu.tr<\/p>\n","protected":false},"author":1,"featured_media":0,"parent":0,"menu_order":0,"comment_status":"closed","ping_status":"closed","template":"page-templates\/contact.php","meta":[],"_links":{"self":[{"href":"https:\/\/adaybilgi.bilkent.edu.tr\/index.php\/wp-json\/wp\/v2\/pages\/74"}],"collection":[{"href":"https:\/\/adaybilgi.bilkent.edu.tr\/index.php\/wp-json\/wp\/v2\/pages"}],"about":[{"href":"https:\/\/adaybilgi.bilkent.edu.tr\/index.php\/wp-json\/wp\/v2\/types\/page"}],"author":[{"embeddable":true,"href":"https:\/\/adaybilgi.bilkent.edu.tr\/index.php\/wp-json\/wp\/v2\/users\/1"}],"replies":[{"embeddable":true,"href":"https:\/\/adaybilgi.bilkent.edu.tr\/index.php\/wp-json\/wp\/v2\/comments?post=74"}],"version-history":[{"count":9,"href":"https:\/\/adaybilgi.bilkent.edu.tr\/index.php\/wp-json\/wp\/v2\/pages\/74\/revisions"}],"predecessor-version":[{"id":3678,"href":"https:\/\/adaybilgi.bilkent.edu.tr\/index.php\/wp-json\/wp\/v2\/pages\/74\/revisions\/3678"}],"wp:attachment":[{"href":"https:\/\/adaybilgi.bilkent.edu.tr\/index.php\/wp-json\/wp\/v2\/media?parent=74"}],"curies":[{"name":"wp","href":"https:\/\/api.w.org\/{rel}","templated":true}]}}