{"id":707,"date":"2016-05-26T08:35:33","date_gmt":"2016-05-26T08:35:33","guid":{"rendered":"https:\/\/adaybilgi.bilkent.edu.tr\/?page_id=707"},"modified":"2024-07-16T12:25:10","modified_gmt":"2024-07-16T12:25:10","slug":"degisim-ogrencileri","status":"publish","type":"page","link":"https:\/\/adaybilgi.bilkent.edu.tr\/index.php\/degisim-ogrencileri\/","title":{"rendered":"De\u011fi\u015fim \u00d6\u011frencileri"},"content":{"rendered":"<p><strong><img loading=\"lazy\" class=\"alignleft wp-image-692 size-full\" src=\"https:\/\/adaybilgi.bilkent.edu.tr\/wp-content\/uploads\/2016\/04\/Idil-Alaftar.jpg\" alt=\"Idil Alaftar\" width=\"100\" height=\"150\" \/>\u0130dil Alaftar,\u00a0<\/strong><strong>Psikoloji B\u00f6l\u00fcm\u00fc<\/strong><\/p>\n<p>&#8220;Hollanda\u2019ya indi\u011fim an \u015funu fark etmi\u015ftim; art\u0131k kendimle ba\u015f ba\u015fayd\u0131m. Her milletten insan tan\u0131d\u0131\u011f\u0131m, do\u011fayla ba\u015f ba\u015fa olup s\u0131k s\u0131k a\u011fa\u00e7lar\u0131n ve ku\u015f seslerinin i\u00e7inden y\u00fcr\u00fcd\u00fc\u011f\u00fcm ya da bir alt\u0131 ay ya\u015fad\u0131m Tilburg\u2019da. Kamp\u00fcse \u00e7ok yak\u0131n bir yurtta kald\u0131m. \u00c7o\u011fu yere bisikletle gittim. \u00a0Tilburg \u00dcniversitesi\u2019nde \u00f6\u011frencileri soru sormaya, ele\u015ftirel bakmaya ve derse katk\u0131 sa\u011flamaya y\u00f6nlendiren bir sistemleri vard\u0131. \u00d6\u011frencileri derslere haz\u0131rl\u0131kl\u0131 gitmeye ve daha aktif olmaya te\u015fvik ediyorlar.&#8221;<\/p>\n<p>&nbsp;<\/p>\n<p>&nbsp;<\/p>\n<p><strong><img loading=\"lazy\" class=\"alignleft wp-image-693 size-full\" src=\"https:\/\/adaybilgi.bilkent.edu.tr\/wp-content\/uploads\/2016\/04\/Ay\u015fenur-Hac\u0131o\u011flu.jpg\" alt=\"Ay\u015fenur Hac\u0131o\u011flu\" width=\"100\" height=\"150\" \/>Ay\u015fenur Hac\u0131o\u011flu,\u00a0<\/strong><strong>Uluslararas\u0131 \u0130li\u015fkiler B\u00f6l\u00fcm\u00fc<\/strong><\/p>\n<p>&#8220;Erasmus, sadece Avrupa\u2019y\u0131 de\u011fil t\u00fcm d\u00fcnyay\u0131 tan\u0131mak i\u00e7in harika bir f\u0131rsat. De\u011fi\u015fim program\u0131nda hem akademik hem de k\u00fclt\u00fcrel a\u00e7\u0131dan beni geli\u015ftiren tecr\u00fcbeler edindim. D\u00fcnyan\u0131n farkl\u0131 b\u00f6lgelerinden \u00f6m\u00fcr boyu s\u00fcrecek dostluklar edindim ve hayat\u0131m\u0131n en g\u00fczel d\u00f6nemini ge\u00e7irdim.&#8221;<\/p>\n<p>&nbsp;<\/p>\n<p>&nbsp;<\/p>\n<p><strong><img loading=\"lazy\" class=\"alignleft wp-image-695 size-full\" src=\"https:\/\/adaybilgi.bilkent.edu.tr\/wp-content\/uploads\/2016\/04\/Pelin-Ker\u015fit.jpg\" alt=\"Pelin Ker\u015fit\" width=\"100\" height=\"150\" \/>Pelin Ke\u015frit,\u00a0<\/strong><strong>End\u00fcstri M\u00fchendisli\u011fi B\u00f6l\u00fcm\u00fc<\/strong><\/p>\n<p>&#8220;\u00d6\u011frenci de\u011fi\u015fimini Paris\u2019in harika atmosferinde ya\u015famak \u00e7ok g\u00fczeldi. \u0130lk defa uzun bir s\u00fcre tek ba\u015f\u0131ma ailemden uzakta ya\u015fad\u0131m. Bu sebeple bir\u00e7ok \u015feyi tek ba\u015f\u0131ma yapmay\u0131 \u00f6\u011frendim. Gitti\u011fim her yer, tan\u0131d\u0131\u011f\u0131m her insan, hatta denedi\u011fim her yeni yemek bile benim i\u00e7in tamamen yeni bir tecr\u00fcbeydi.&#8221;<\/p>\n<p>&nbsp;<\/p>\n<p>&nbsp;<\/p>\n<p><strong> <img loading=\"lazy\" class=\"alignleft wp-image-702 size-full\" src=\"https:\/\/adaybilgi.bilkent.edu.tr\/wp-content\/uploads\/2016\/04\/kokal.jpg\" alt=\"kokal\" width=\"100\" height=\"149\" \/>\u00d6zg\u00fc Kokal,\u00a0<\/strong><strong>End\u00fcstri M\u00fchendisli\u011fi B\u00f6l\u00fcm\u00fc<\/strong><\/p>\n<p>&#8220;Bilkent\u2019in ki\u015fisel geli\u015fimine verdi\u011fi katk\u0131 gibi Eindhoven Teknoloji \u00dcniversitesi\u2019nde de \u00e7ok \u015fey \u00f6\u011frendim. Ayr\u0131ca festivallere ve daha bir\u00e7ok etkinli\u011fe kat\u0131lma \u015fans\u0131m oldu. Yedi \u00fclke ve yirmi \u015fehir gezdim. T\u00fcm bunlar\u0131 yepyeni dostluklarla s\u00fcslemek de bir o kadar e\u011flenceliydi.&#8221;<strong>\u00a0<\/strong><\/p>\n<p>&nbsp;<\/p>\n<p>&nbsp;<\/p>\n<p>&nbsp;<\/p>\n<p><strong><img loading=\"lazy\" class=\"wp-image-694 size-full alignleft\" src=\"https:\/\/adaybilgi.bilkent.edu.tr\/wp-content\/uploads\/2016\/04\/Eren-Korkmaz-3.jpg\" alt=\"Eren Korkmaz 3\" width=\"100\" height=\"149\" \/>Eren Korkmaz,\u00a0<\/strong><strong>Uluslararas\u0131 \u0130li\u015fkiler B\u00f6l\u00fcm\u00fc<\/strong><\/p>\n<p>&#8220;Erasmus d\u00f6nemimi Malm\u00f6 \u00dcniversitesi\u2019nde ge\u00e7irdim. \u0130skandinav k\u00fclt\u00fcr\u00fcn\u00fc tan\u0131may\u0131 \u00e7ok istiyordum; bu da \u0130sve\u00e7\u2019i se\u00e7memdeki temel nedendi. Kopenhag \u00e7ok yak\u0131n oldu\u011fu i\u00e7in Danimarka\u2019y\u0131 ve daha bir\u00e7ok \u00fclkeyi de g\u00f6rm\u00fc\u015f oldum. Gitti\u011fim \u00fcniversite, \u00f6\u011frencilere bir\u00e7ok konuda destek oluyordu. K\u00fcresel ve politik olaylar\u0131 \u0130sve\u00e7 perspektifiyle de yorumlayabilmek alan\u0131m i\u00e7in faydal\u0131yd\u0131.&#8221;<\/p>\n<p><strong>\u00a0<\/strong><\/p>\n<p>&nbsp;<\/p>\n<p><strong><img loading=\"lazy\" class=\"alignleft wp-image-691 size-full\" src=\"https:\/\/adaybilgi.bilkent.edu.tr\/wp-content\/uploads\/2016\/04\/Bilge-Saka-2.jpg\" alt=\"Bilge Saka 2\" width=\"100\" height=\"150\" \/><\/strong><\/p>\n<p><strong>Bilge Saka,\u00a0<\/strong><strong>Grafik Tasar\u0131m B\u00f6l\u00fcm\u00fc<\/strong><\/p>\n<p>&#8220;Bahar yar\u0131y\u0131l\u0131nda \u00f6\u011frenci de\u011fi\u015fimi program\u0131yla Gdansk \u00dcniversitesi\u2019ndeydim. Beni Gdansk\u2019a getiren en b\u00fcy\u00fck neden, Polonya\u2019n\u0131n sanat tarihi ve tasar\u0131m k\u00fclt\u00fcr\u00fc hakk\u0131nda bilgi sahibi olmak istememdi. Bu \u00fclkedeki sanat anlay\u0131\u015f\u0131nda sanat\u00e7\u0131n\u0131n kendini tamamen \u00f6zg\u00fcr hissetmesinin rol\u00fcn\u00fc \u00f6\u011frenmem \u00e7ok \u00f6nemliydi. Akademik a\u00e7\u0131dan farkl\u0131 bak\u0131\u015f a\u00e7\u0131lar\u0131 kazand\u0131\u011f\u0131ma inan\u0131yorum. Polonya halk\u0131 \u00e7ok pozitifti. \u00dclkenin ilgin\u00e7 gelenekleri, seyahat edebilece\u011finiz harika yerleri var.&#8221;<\/p>\n<p>&nbsp;<\/p>\n<p>&nbsp;<\/p>\n<p><strong><img loading=\"lazy\" class=\"alignleft wp-image-698 size-full\" src=\"https:\/\/adaybilgi.bilkent.edu.tr\/wp-content\/uploads\/2016\/04\/Cemre-Yap\u0131c\u0131-1.jpg\" alt=\"Cemre Yap\u0131c\u0131 1\" width=\"100\" height=\"150\" \/>Cemre Yap\u0131c\u0131,\u00a0<\/strong><strong>Siyaset Bilimi ve Kamu Y\u00f6netimi B\u00f6l\u00fcm\u00fc<\/strong><\/p>\n<p>&#8220;\u00d6\u011frenci de\u011fi\u015fimi deneyimini \u0130rlanda\u2019n\u0131n Limerick \u00dcniversitesi\u2019nde ya\u015fad\u0131m. \u0130rlanda ger\u00e7ekten harika bir yer. Her ne kadar farkl\u0131 bir \u00fclkede ve k\u00fclt\u00fcrde ya\u015faman\u0131n zorluklar\u0131 olsa da bunlarla kendi kendime ba\u015fa \u00e7\u0131kabilmem \u00f6nemliydi. Burada ge\u00e7irdi\u011fim d\u00f6nem, yurtd\u0131\u015f\u0131nda y\u00fcksek lisans yapma motivasyonumu art\u0131rd\u0131. \u00c7ok de\u011ferli akademisyenler tan\u0131mak bir yana, ana dili \u0130ngilizce olan bir \u00fclkede \u0130ngilizce konu\u015fma konusunda kendimi \u00e7ok geli\u015ftirdim.&#8221;<\/p>\n<p>&nbsp;<\/p>\n<p>&nbsp;<\/p>\n<p><strong><img loading=\"lazy\" class=\"alignleft wp-image-697 size-full\" src=\"https:\/\/adaybilgi.bilkent.edu.tr\/wp-content\/uploads\/2016\/04\/Kumail-Zaidi.jpg\" alt=\"Kumail Zaidi\" width=\"100\" height=\"149\" \/>Kumail Zaidi,\u00a0<\/strong><strong>Fizik B\u00f6l\u00fcm\u00fc\u00a0<\/strong><\/p>\n<p>&#8220;Ludwig-Maximilians \u00dcniversitesi\u2019ndeki hocalar\u0131m \u00e7ok arkada\u015f canl\u0131s\u0131 ve tecr\u00fcbeliydi. E\u011fitim ortam\u0131 de\u011fi\u015fikti. Derslere devam zorunlulu\u011fu olmasa da \u00f6\u011frenciler d\u00fczenli olarak kat\u0131l\u0131m g\u00f6steriyor ve derslerden keyif al\u0131yordu. M\u00fcnih\u2019te k\u0131sa s\u00fcrede o kadar \u00e7ok \u015fey ya\u015fad\u0131m ki hayata dair fark\u0131ndal\u0131\u011f\u0131m artt\u0131.&#8221;<\/p>\n<p>&nbsp;<\/p>\n<p>&nbsp;<\/p>\n<p>&nbsp;<\/p>\n<p><strong><img loading=\"lazy\" class=\"size-full wp-image-723 alignleft\" src=\"https:\/\/adaybilgi.bilkent.edu.tr\/wp-content\/uploads\/2016\/05\/incoming_photo.jpg\" alt=\"incoming_photo\" width=\"300\" height=\"198\" \/>Beatrice Calzavara, \u0130talya &#8211; Arkeoloji B\u00f6l\u00fcm\u00fc<br \/>\n<\/strong><strong>Celine Hubberholde, Bel\u00e7ika &#8211; Uluslararas\u0131 \u0130li\u015fkiler B\u00f6l\u00fcm\u00fc<br \/>\n<\/strong><strong>Marine Witz, Bel\u00e7ika &#8211; \u0130\u015fletme B\u00f6l\u00fcm\u00fc<\/strong><\/p>\n<p>\u201cErasmus yolculu\u011fumuz \u00f6ncesinde, gidece\u011fimiz yerin keyfini \u00e7\u0131karabilecek miyiz, yeni arkada\u015flar edinebilecek miyiz diye sormu\u015ftuk kendimize. Bilkent\u2019e geldi\u011fimizde ise \u00e7ok g\u00fczel kar\u015f\u0131land\u0131k; harika kamp\u00fcs ve arkada\u015f canl\u0131s\u0131 insanlarla ilk g\u00fcn\u00fcm\u00fczden itibaren kendimizi evimizde hissettik. Bu foto\u011frafta yer alan \u00fc\u00e7 ki\u015finin y\u00fcz\u00fcndeki mutluluk dolu g\u00fcl\u00fcmseme, Bilkent\u2019te ge\u00e7irdikleri d\u00f6rt ay boyunca biriktirdikleri an\u0131lar\u0131n bir g\u00f6stergesidir. O kadar sevdik ki i\u00e7imizden biri bir y\u0131l daha Bilkent\u2019te okumaya karar verdi.\u201d<\/p>\n<p>&nbsp;<\/p>\n<p>&nbsp;<\/p>\n<p><strong>Beatrice Calzavara, Italy, &#8211; Department of Archaeology<br \/>\n<\/strong><strong>Celine Hubberholde, Belgium &#8211; Department of International Relation<br \/>\n<\/strong><strong>Marine Witz, Belgium, &#8211; Department of Management<\/strong><\/p>\n<p><em>\u201cBefore this adventure we all asked ourselves if we would meet new friends and enjoy. Here at Bilkent we felt really welcomed. This university with its beautiful campus, and both friendly and helpful people made us feel as we were at home.\u00a0From our very first day at Bilkent University we felt greatly welcomed. The beautiful campus, it&#8217;s friendly students and helpful staff, all made us feel at home. This picture shows three different people, brimming with laughter, as they create timeless memories. Hence, perfectly representing our four month experience at Bilkent. We are glad that we chose to come to Bilkent so much that one of us has actually extended her stay for another year!\u201d<\/em><\/p>\n","protected":false},"excerpt":{"rendered":"<p>\u0130dil Alaftar,\u00a0Psikoloji B\u00f6l\u00fcm\u00fc &#8220;Hollanda\u2019ya indi\u011fim an \u015funu fark etmi\u015ftim; art\u0131k kendimle ba\u015f ba\u015fayd\u0131m. Her milletten insan tan\u0131d\u0131\u011f\u0131m, do\u011fayla ba\u015f ba\u015fa olup s\u0131k s\u0131k a\u011fa\u00e7lar\u0131n ve ku\u015f seslerinin i\u00e7inden y\u00fcr\u00fcd\u00fc\u011f\u00fcm ya da bir alt\u0131 ay ya\u015fad\u0131m Tilburg\u2019da. Kamp\u00fcse \u00e7ok yak\u0131n bir<\/p>\n","protected":false},"author":1,"featured_media":0,"parent":0,"menu_order":0,"comment_status":"closed","ping_status":"closed","template":"","meta":[],"_links":{"self":[{"href":"https:\/\/adaybilgi.bilkent.edu.tr\/index.php\/wp-json\/wp\/v2\/pages\/707"}],"collection":[{"href":"https:\/\/adaybilgi.bilkent.edu.tr\/index.php\/wp-json\/wp\/v2\/pages"}],"about":[{"href":"https:\/\/adaybilgi.bilkent.edu.tr\/index.php\/wp-json\/wp\/v2\/types\/page"}],"author":[{"embeddable":true,"href":"https:\/\/adaybilgi.bilkent.edu.tr\/index.php\/wp-json\/wp\/v2\/users\/1"}],"replies":[{"embeddable":true,"href":"https:\/\/adaybilgi.bilkent.edu.tr\/index.php\/wp-json\/wp\/v2\/comments?post=707"}],"version-history":[{"count":9,"href":"https:\/\/adaybilgi.bilkent.edu.tr\/index.php\/wp-json\/wp\/v2\/pages\/707\/revisions"}],"predecessor-version":[{"id":3443,"href":"https:\/\/adaybilgi.bilkent.edu.tr\/index.php\/wp-json\/wp\/v2\/pages\/707\/revisions\/3443"}],"wp:attachment":[{"href":"https:\/\/adaybilgi.bilkent.edu.tr\/index.php\/wp-json\/wp\/v2\/media?parent=707"}],"curies":[{"name":"wp","href":"https:\/\/api.w.org\/{rel}","templated":true}]}}