{"id":59,"date":"2016-04-01T13:45:51","date_gmt":"2016-04-01T13:45:51","guid":{"rendered":"http:\/\/w4.bilkent.edu.tr\/adaybilgi\/?page_id=59"},"modified":"2025-07-08T07:17:45","modified_gmt":"2025-07-08T07:17:45","slug":"kontenjanlar-puanlar","status":"publish","type":"page","link":"https:\/\/adaybilgi.bilkent.edu.tr\/index.php\/kontenjanlar-puanlar\/","title":{"rendered":"Kontenjanlar, Puanlar"},"content":{"rendered":"<p>Bilkent \u00dcniversitesi\u2019nin e\u011fitim programlar\u0131ndan birine girebilmek i\u00e7in \u00d6\u011frenci Se\u00e7me ve Yerle\u015ftirme Merkezi\u2019nin (\u00d6SYM) yapt\u0131\u011f\u0131 Y\u00fcksek\u00f6\u011fretim Kurumlar\u0131 S\u0131nav\u0131\u2019na (YKS) kat\u0131lmak, tercih formunda ilgili program\u0131 tercih etmek\u00a0ve \u00d6SYM taraf\u0131ndan bu programa yerle\u015ftirilmek gerekir.<!--more--><\/p>\n<p>G\u00fczel Sanatlar, M\u00fczik veya Tiyatro b\u00f6l\u00fcmlerine yerle\u015febilmek i\u00e7in YKS\u2019ye ek olarak Bilkent \u00dcniversitesi\u2019nce yap\u0131lan yetenek s\u0131navlar\u0131na girmek gereklidir. \u00d6SYM taraf\u0131ndan ba\u015fka bir e\u011fitim program\u0131na yerle\u015ftirilmi\u015f olmak, Bilkent \u00dcniversitesi\u2019nin yetenek s\u0131navlar\u0131na girmeye engel de\u011fildir. Bu programlara kabul edilecek \u00f6\u011frenciler YKS puanlar\u0131na, yetenek s\u0131navlar\u0131n\u0131n sonu\u00e7lar\u0131na ve b\u00f6l\u00fcm kontenjanlar\u0131na g\u00f6re belirlenir.<\/p>\n<p>&nbsp;<\/p>\n<ul>\n<li><a href=\"https:\/\/w3.bilkent.edu.tr\/web\/adaybilgi\/2025_kontenjan.html\"><b class=\"baslik2\">2025 Kontenjanlar, 2024 Taban Puanlar\u0131 ve Ba\u015far\u0131 S\u0131ras\u0131<\/b><\/a><\/li>\n<li><a href=\"https:\/\/w3.bilkent.edu.tr\/web\/adaybilgi\/2024_kontenjan.html\"><b>2024 Kontenjanlar, 2023 Taban Puanlar\u0131 ve Ba\u015far\u0131 S\u0131ras\u0131<\/b><\/a><\/li>\n<li><a href=\"https:\/\/w3.bilkent.edu.tr\/web\/adaybilgi\/2023_kontenjan.html\"><b>2023 Kontenjanlar, 2022 Taban Puanlar\u0131 ve Ba\u015far\u0131 S\u0131ras\u0131<\/b><\/a><\/li>\n<li><a href=\"https:\/\/w3.bilkent.edu.tr\/web\/adaybilgi\/2022_kontenjan.html\"><b>2022 Kontenjanlar, 2021 Taban Puanlar\u0131 ve Ba\u015far\u0131 S\u0131ras\u0131<\/b><\/a><\/li>\n<li><a href=\"https:\/\/w3.bilkent.edu.tr\/web\/adaybilgi\/2021_kontenjan.html\"><b>2021 Kontenjanlar, 2020 Taban Puanlar\u0131 ve Ba\u015far\u0131 S\u0131ras\u0131<\/b><\/a><\/li>\n<li><b><a href=\"http:\/\/w3.bilkent.edu.tr\/web\/adaybilgi\/2020_kontenjan.html\">2020 Kontenjanlar, 2019 Taban Puanlar\u0131 ve Ba\u015far\u0131 S\u0131ras\u0131<\/a><\/b><\/li>\n<li><b><a href=\"http:\/\/w3.bilkent.edu.tr\/web\/adaybilgi\/2019_kontenjan.html\">2019 Kontenjanlar, 2018 Taban Puanlar\u0131 ve Ba\u015far\u0131 S\u0131ras\u0131<\/a><\/b><\/li>\n<li><b><a href=\"http:\/\/w3.bilkent.edu.tr\/web\/adaybilgi\/2018_kontenjan.html\">2018 Kontenjanlar, 2017 Taban Puanlar\u0131 ve Ba\u015far\u0131 S\u0131ras\u0131<\/a><\/b><\/li>\n<li><b><a href=\"http:\/\/w3.bilkent.edu.tr\/web\/adaybilgi\/2017_kontenjan.html\">2017 Kontenjanlar, 2016 Taban Puanlar\u0131 ve Ba\u015far\u0131 S\u0131ras\u0131<\/a><\/b><\/li>\n<li><b><a href=\"http:\/\/w3.bilkent.edu.tr\/web\/adaybilgi\/2016_kontenjan.html\">2016 Kontenjanlar, 2015 Taban Puanlar\u0131 ve Ba\u015far\u0131 S\u0131ras\u0131<\/a><\/b><\/li>\n<li><a href=\"http:\/\/w3.bilkent.edu.tr\/web\/adaybilgi\/2015_kontenjan.html\"><b class=\"baslik2\">2015 Kontenjanlar, 2014 Taban Puanlar\u0131 ve Ba\u015far\u0131 S\u0131ras\u0131<\/b><\/a><\/li>\n<\/ul>\n","protected":false},"excerpt":{"rendered":"<p>Bilkent \u00dcniversitesi\u2019nin e\u011fitim programlar\u0131ndan birine girebilmek i\u00e7in \u00d6\u011frenci Se\u00e7me ve Yerle\u015ftirme Merkezi\u2019nin (\u00d6SYM) yapt\u0131\u011f\u0131 Y\u00fcksek\u00f6\u011fretim Kurumlar\u0131 S\u0131nav\u0131\u2019na (YKS) kat\u0131lmak, tercih formunda ilgili program\u0131 tercih etmek\u00a0ve \u00d6SYM taraf\u0131ndan bu programa yerle\u015ftirilmek gerekir.<\/p>\n","protected":false},"author":1,"featured_media":147,"parent":0,"menu_order":0,"comment_status":"closed","ping_status":"closed","template":"","meta":[],"_links":{"self":[{"href":"https:\/\/adaybilgi.bilkent.edu.tr\/index.php\/wp-json\/wp\/v2\/pages\/59"}],"collection":[{"href":"https:\/\/adaybilgi.bilkent.edu.tr\/index.php\/wp-json\/wp\/v2\/pages"}],"about":[{"href":"https:\/\/adaybilgi.bilkent.edu.tr\/index.php\/wp-json\/wp\/v2\/types\/page"}],"author":[{"embeddable":true,"href":"https:\/\/adaybilgi.bilkent.edu.tr\/index.php\/wp-json\/wp\/v2\/users\/1"}],"replies":[{"embeddable":true,"href":"https:\/\/adaybilgi.bilkent.edu.tr\/index.php\/wp-json\/wp\/v2\/comments?post=59"}],"version-history":[{"count":19,"href":"https:\/\/adaybilgi.bilkent.edu.tr\/index.php\/wp-json\/wp\/v2\/pages\/59\/revisions"}],"predecessor-version":[{"id":3596,"href":"https:\/\/adaybilgi.bilkent.edu.tr\/index.php\/wp-json\/wp\/v2\/pages\/59\/revisions\/3596"}],"wp:featuredmedia":[{"embeddable":true,"href":"https:\/\/adaybilgi.bilkent.edu.tr\/index.php\/wp-json\/wp\/v2\/media\/147"}],"wp:attachment":[{"href":"https:\/\/adaybilgi.bilkent.edu.tr\/index.php\/wp-json\/wp\/v2\/media?parent=59"}],"curies":[{"name":"wp","href":"https:\/\/api.w.org\/{rel}","templated":true}]}}