{"id":495,"date":"2016-04-27T12:55:14","date_gmt":"2016-04-27T12:55:14","guid":{"rendered":"https:\/\/adaybilgi.bilkent.edu.tr\/?page_id=495"},"modified":"2025-06-30T14:40:34","modified_gmt":"2025-06-30T14:40:34","slug":"ders-programlari","status":"publish","type":"page","link":"https:\/\/adaybilgi.bilkent.edu.tr\/index.php\/ders-programlari\/","title":{"rendered":"Ders Programlar\u0131"},"content":{"rendered":"<ul>\n<li>E\u011fitim Fak\u00fcltesi\n<ul>\n<li><a href=\"https:\/\/stars.bilkent.edu.tr\/webserv\/curriculum\/?dil=tur&amp;options=&amp;bolum_kod=EDU&amp;program_kod=EDU_BA&amp;track_kod=&amp;mod=tntm\">S\u0131n\u0131f \u00d6\u011fretmenli\u011fi<\/a><\/li>\n<\/ul>\n<\/li>\n<\/ul>\n<ul>\n<li>Fen Fak\u00fcltesi\n<ul>\n<li><a href=\"https:\/\/stars.bilkent.edu.tr\/webserv\/curriculum\/?dil=tur&amp;options=&amp;bolum_kod=PHYS&amp;program_kod=PHYS_BS&amp;track_kod=&amp;mod=tntm\">Fizik<\/a><\/li>\n<li><a href=\"https:\/\/stars.bilkent.edu.tr\/webserv\/curriculum\/?dil=tur&amp;options=&amp;bolum_kod=CHEM&amp;program_kod=CHEM_BS&amp;track_kod=&amp;mod=tntm\">Kimya<\/a><\/li>\n<li><a href=\"https:\/\/stars.bilkent.edu.tr\/webserv\/curriculum\/?dil=tur&amp;options=&amp;bolum_kod=MATH&amp;program_kod=MATH_BS_2018&amp;track_kod=&amp;mod=tntm\">Matematik<\/a><\/li>\n<li><a href=\"https:\/\/stars.bilkent.edu.tr\/webserv\/curriculum\/?dil=tur&amp;options=&amp;bolum_kod=MBG&amp;program_kod=MBG_BS_2018&amp;track_kod=&amp;mod=tntm\">Molek\u00fcler Biyoloji ve Genetik<\/a><\/li>\n<\/ul>\n<\/li>\n<\/ul>\n<ul>\n<li>G\u00fczel Sanatlar, Tasar\u0131m ve Mimarl\u0131k Fak\u00fcltesi\n<ul>\n<li><a href=\"https:\/\/stars.bilkent.edu.tr\/webserv\/curriculum\/?dil=tur&amp;options=&amp;bolum_kod=FA&amp;program_kod=FA_BFA_2023&amp;track_kod=&amp;mod=tntm\">G\u00fczel Sanatlar<\/a><\/li>\n<li><a href=\"https:\/\/stars.bilkent.edu.tr\/webserv\/curriculum\/?dil=tur&amp;options=&amp;bolum_kod=GRA&amp;program_kod=GRA_BFA_2023&amp;track_kod=&amp;mod=tntm\">Grafik Tasar\u0131m\u0131<\/a><\/li>\n<li><a href=\"https:\/\/stars.bilkent.edu.tr\/webserv\/curriculum\/?dil=tur&amp;options=&amp;bolum_kod=IAED&amp;program_kod=IAED_BFA_2023&amp;track_kod=&amp;mod=tntm\">\u0130\u00e7 Mimarl\u0131k ve \u00c7evre Tasar\u0131m\u0131<\/a><\/li>\n<li><a href=\"https:\/\/stars.bilkent.edu.tr\/webserv\/curriculum\/?dil=tur&amp;options=&amp;bolum_kod=COMD&amp;program_kod=COMD_BA_2023&amp;track_kod=&amp;mod=tntm\">\u0130leti\u015fim ve Tasar\u0131m\u0131<\/a><\/li>\n<li><a href=\"https:\/\/stars.bilkent.edu.tr\/webserv\/curriculum\/?dil=tur&amp;options=&amp;bolum_kod=LAUD&amp;program_kod=LAUD_BFA_2023&amp;track_kod=&amp;mod=tntm\">Kentsel Tasar\u0131m ve Peyzaj Mimarl\u0131\u011f\u0131<\/a><\/li>\n<li><a href=\"https:\/\/stars.bilkent.edu.tr\/webserv\/curriculum\/?dil=tur&amp;options=&amp;bolum_kod=ARCH&amp;program_kod=ARCH_BA&amp;track_kod=&amp;mod=tntm\">Mimarl\u0131k<\/a><\/li>\n<\/ul>\n<\/li>\n<\/ul>\n<ul>\n<li>Hukuk Fak\u00fcltesi\n<ul>\n<li><a href=\"https:\/\/stars.bilkent.edu.tr\/webserv\/curriculum\/?dil=tur&amp;options=&amp;bolum_kod=LAW&amp;program_kod=LAW_BA_2018&amp;track_kod=&amp;mod=tntm\">Hukuk<\/a><\/li>\n<\/ul>\n<\/li>\n<\/ul>\n<ul>\n<li>\u0130ktisadi, \u0130dari ve Sosyal Bilimler Fak\u00fcltesi\n<ul>\n<li><a href=\"https:\/\/stars.bilkent.edu.tr\/webserv\/curriculum\/?dil=tur&amp;options=&amp;bolum_kod=ECON&amp;program_kod=ECON_BA_2018&amp;track_kod=&amp;mod=tntm\">\u0130ktisat<\/a><\/li>\n<li><a href=\"https:\/\/stars.bilkent.edu.tr\/webserv\/curriculum\/?dil=tur&amp;options=&amp;bolum_kod=PSYC&amp;program_kod=PSYC_BA_2013&amp;track_kod=&amp;mod=tntm\">Psikoloji<\/a><\/li>\n<li><a href=\"https:\/\/stars.bilkent.edu.tr\/webserv\/curriculum\/?dil=tur&amp;options=&amp;bolum_kod=POLS&amp;program_kod=POLS_BA_2018&amp;track_kod=&amp;mod=tntm\">Siyaset Bilimi ve Kamu Y\u00f6netimi<\/a><\/li>\n<li><a href=\"https:\/\/stars.bilkent.edu.tr\/webserv\/curriculum\/?dil=tur&amp;options=&amp;bolum_kod=IR&amp;program_kod=IR_BA_2018&amp;track_kod=&amp;mod=tntm\">Uluslararas\u0131 \u0130li\u015fkiler<\/a><\/li>\n<\/ul>\n<\/li>\n<\/ul>\n<ul>\n<li>\u0130nsani Bilimler ve Edebiyat Fak\u00fcltesi\n<ul>\n<li><a href=\"https:\/\/stars.bilkent.edu.tr\/webserv\/curriculum\/?dil=tur&amp;options=&amp;bolum_kod=AMER&amp;program_kod=AMER_BA&amp;track_kod=&amp;mod=tntm\">Amerikan K\u00fclt\u00fcr\u00fc ve Edebiyat\u0131<\/a><\/li>\n<li><a href=\"https:\/\/stars.bilkent.edu.tr\/webserv\/curriculum\/?dil=tur&amp;options=&amp;bolum_kod=HART&amp;program_kod=HART_BA_2017&amp;track_kod=&amp;mod=tntm\">Arkeoloji<\/a><\/li>\n<li><a href=\"https:\/\/stars.bilkent.edu.tr\/webserv\/curriculum\/?dil=tur&amp;options=&amp;bolum_kod=PHIL&amp;program_kod=PHIL_BA&amp;track_kod=&amp;mod=tntm\">Felsefe<\/a><\/li>\n<li><a href=\"https:\/\/stars.bilkent.edu.tr\/webserv\/curriculum\/?dil=tur&amp;options=&amp;bolum_kod=ELIT&amp;program_kod=ELIT_BA_2017&amp;track_kod=&amp;mod=tntm\">\u0130ngiliz Dili ve Edebiyat\u0131<\/a><\/li>\n<li><a href=\"https:\/\/stars.bilkent.edu.tr\/webserv\/curriculum\/?dil=tur&amp;options=&amp;bolum_kod=TRIN&amp;program_kod=TRIN_BA_2021&amp;track_kod=&amp;mod=tntm\">\u0130ngilizce, Frans\u0131zca M\u00fctercim ve Terc\u00fcmanl\u0131k<\/a><\/li>\n<\/ul>\n<\/li>\n<\/ul>\n<ul>\n<li>\u0130\u015fletme Fak\u00fcltesi\n<ul>\n<li><a href=\"https:\/\/stars.bilkent.edu.tr\/webserv\/curriculum\/?dil=tur&amp;options=&amp;bolum_kod=MAN&amp;program_kod=MAN_BS_2018&amp;track_kod=&amp;mod=tntm\">\u0130\u015fletme<\/a><\/li>\n<\/ul>\n<\/li>\n<\/ul>\n<ul>\n<li>M\u00fchendislik Fak\u00fcltesi\n<ul>\n<li><a href=\"https:\/\/stars.bilkent.edu.tr\/webserv\/curriculum\/?dil=tur&amp;options=&amp;bolum_kod=CS&amp;program_kod=CS_BS&amp;track_kod=&amp;mod=tntm\">Bilgisayar M\u00fchendisli\u011fi<\/a><\/li>\n<li><a href=\"https:\/\/stars.bilkent.edu.tr\/webserv\/curriculum\/?dil=tur&amp;options=&amp;bolum_kod=EE&amp;program_kod=EE_BS&amp;track_kod=&amp;mod=tntm\">Elektrik &#8211; Elektronik M\u00fchendisli\u011fi<\/a><\/li>\n<li><a href=\"https:\/\/stars.bilkent.edu.tr\/webserv\/curriculum\/?dil=tur&amp;options=&amp;bolum_kod=IE&amp;program_kod=IE_BS_2018&amp;track_kod=&amp;mod=tntm\">End\u00fcstri M\u00fchendisli\u011fi<\/a><\/li>\n<li><a href=\"https:\/\/stars.bilkent.edu.tr\/webserv\/curriculum\/?dil=tur&amp;options=&amp;bolum_kod=ME&amp;program_kod=ME_BS&amp;track_kod=&amp;mod=tntm\">Makine M\u00fchendisli\u011fi<\/a><\/li>\n<\/ul>\n<\/li>\n<\/ul>\n<ul>\n<li>M\u00fczik ve Sahne Sanatlar\u0131 Fak\u00fcltesi\n<ul>\n<li><a href=\"https:\/\/stars.bilkent.edu.tr\/webserv\/curriculum\/?dil=tur&amp;options=&amp;bolum_kod=MUS&amp;program_kod=MUS_BM&amp;track_kod=&amp;mod=tntm\">M\u00fczik<\/a><\/li>\n<li><a href=\"https:\/\/stars.bilkent.edu.tr\/webserv\/curriculum\/?dil=tur&amp;options=&amp;bolum_kod=THEA&amp;program_kod=THEA_BA&amp;track_kod=&amp;mod=tntm\">Tiyatro<\/a><\/li>\n<\/ul>\n<\/li>\n<\/ul>\n<ul>\n<li>Uygulamal\u0131 Bilimler Fak\u00fcltesi\n<ul>\n<li><a href=\"https:\/\/stars.bilkent.edu.tr\/webserv\/curriculum\/?dil=tur&amp;options=&amp;bolum_kod=CTIS&amp;program_kod=CTIS_BS_F&amp;track_kod=&amp;mod=tntm\">Bili\u015fim Sistemleri ve Teknolojileri<\/a><\/li>\n<li><a href=\"https:\/\/stars.bilkent.edu.tr\/webserv\/curriculum\/?dil=tur&amp;options=&amp;bolum_kod=THM&amp;program_kod=THM_BS_F&amp;track_kod=&amp;mod=tntm\">Turizm ve Otel \u0130\u015fletmecili\u011fi<\/a><\/li>\n<\/ul>\n<\/li>\n<\/ul>\n<p>&nbsp;<\/p>\n","protected":false},"excerpt":{"rendered":"<p>E\u011fitim Fak\u00fcltesi S\u0131n\u0131f \u00d6\u011fretmenli\u011fi Fen Fak\u00fcltesi Fizik Kimya Matematik Molek\u00fcler Biyoloji ve Genetik G\u00fczel Sanatlar, Tasar\u0131m ve Mimarl\u0131k Fak\u00fcltesi G\u00fczel Sanatlar Grafik Tasar\u0131m\u0131 \u0130\u00e7 Mimarl\u0131k ve \u00c7evre Tasar\u0131m\u0131 \u0130leti\u015fim ve Tasar\u0131m\u0131 Kentsel Tasar\u0131m ve Peyzaj Mimarl\u0131\u011f\u0131 Mimarl\u0131k Hukuk Fak\u00fcltesi Hukuk<\/p>\n","protected":false},"author":1,"featured_media":0,"parent":0,"menu_order":0,"comment_status":"closed","ping_status":"closed","template":"","meta":[],"_links":{"self":[{"href":"https:\/\/adaybilgi.bilkent.edu.tr\/index.php\/wp-json\/wp\/v2\/pages\/495"}],"collection":[{"href":"https:\/\/adaybilgi.bilkent.edu.tr\/index.php\/wp-json\/wp\/v2\/pages"}],"about":[{"href":"https:\/\/adaybilgi.bilkent.edu.tr\/index.php\/wp-json\/wp\/v2\/types\/page"}],"author":[{"embeddable":true,"href":"https:\/\/adaybilgi.bilkent.edu.tr\/index.php\/wp-json\/wp\/v2\/users\/1"}],"replies":[{"embeddable":true,"href":"https:\/\/adaybilgi.bilkent.edu.tr\/index.php\/wp-json\/wp\/v2\/comments?post=495"}],"version-history":[{"count":39,"href":"https:\/\/adaybilgi.bilkent.edu.tr\/index.php\/wp-json\/wp\/v2\/pages\/495\/revisions"}],"predecessor-version":[{"id":3581,"href":"https:\/\/adaybilgi.bilkent.edu.tr\/index.php\/wp-json\/wp\/v2\/pages\/495\/revisions\/3581"}],"wp:attachment":[{"href":"https:\/\/adaybilgi.bilkent.edu.tr\/index.php\/wp-json\/wp\/v2\/media?parent=495"}],"curies":[{"name":"wp","href":"https:\/\/api.w.org\/{rel}","templated":true}]}}