{"id":486,"date":"2016-04-27T12:27:04","date_gmt":"2016-04-27T12:27:04","guid":{"rendered":"https:\/\/adaybilgi.bilkent.edu.tr\/?page_id=486"},"modified":"2025-07-08T13:24:57","modified_gmt":"2025-07-08T13:24:57","slug":"tam-zamanli-ogretim-uyesi-sayilari","status":"publish","type":"page","link":"https:\/\/adaybilgi.bilkent.edu.tr\/index.php\/tam-zamanli-ogretim-uyesi-sayilari\/","title":{"rendered":"Tam Zamanl\u0131 \u00d6\u011fretim \u00dcyesi Say\u0131lar\u0131"},"content":{"rendered":"<p>\u00d6SYM\u2019nin yay\u0131mlad\u0131\u011f\u0131 2025 YKS Y\u00fcksek\u00f6\u011fretim Programlar\u0131 ve Kontenjanlar\u0131 K\u0131lavuzu\u2019nda \u00fcniversitelerin merkezi yerle\u015ftirme yap\u0131lacak programlar\u0131ndaki tam-zamanl\u0131 \u00f6\u011fretim \u00fcyesi (Profes\u00f6r, Do\u00e7ent, Dr. \u00d6\u011fretim \u00dcyesi) say\u0131lar\u0131na yer verilmi\u015ftir. Bu veriler derlenirken baz\u0131 programlardaki yabanc\u0131 uyruklu \u00f6\u011fretim \u00fcyeleri Y\u00fcksek\u00f6\u011fretim Kurulu (Y\u00d6K) taraf\u0131ndan say\u0131ya dahil edilmemi\u015ftir. Bilkent \u00dcniversitesi\u2019nin merkezi yerle\u015ftirme yap\u0131lacak b\u00f6l\u00fcmlerindeki tam-zamanl\u0131 \u00f6\u011fretim \u00fcyesi say\u0131lar\u0131 a\u015fa\u011f\u0131daki tabloda listelenmi\u015ftir.<\/p>\n\n<table id=\"tablepress-5\" class=\"tablepress tablepress-id-5\">\n<tbody class=\"row-hover\">\n<tr class=\"row-1 odd\">\n\t<td class=\"column-1\"><strong>Fak\u00fclte \/ Y\u00fcksekokul<\/strong><\/td><td class=\"column-2\"><strong>Program<\/strong><\/td><td class=\"column-3\"><strong>Prof.<\/strong><\/td><td class=\"column-4\"><strong>Do\u00e7.<\/strong><\/td><td class=\"column-5\"><strong>Dr. \u00d6\u011fr. \u00dcye<\/strong><\/td>\n<\/tr>\n<tr class=\"row-2 even\">\n\t<td class=\"column-1\">Fen Fak\u00fcltesi<\/td><td class=\"column-2\">Fizik<\/td><td class=\"column-3\">8<\/td><td class=\"column-4\">1<\/td><td class=\"column-5\">4<\/td>\n<\/tr>\n<tr class=\"row-3 odd\">\n\t<td class=\"column-1\">Fen Fak\u00fcltesi<\/td><td class=\"column-2\">Kimya<\/td><td class=\"column-3\">4<\/td><td class=\"column-4\">3<\/td><td class=\"column-5\">3<\/td>\n<\/tr>\n<tr class=\"row-4 even\">\n\t<td class=\"column-1\">Fen Fak\u00fcltesi<\/td><td class=\"column-2\">Matematik<\/td><td class=\"column-3\">8<\/td><td class=\"column-4\">5<\/td><td class=\"column-5\">9<\/td>\n<\/tr>\n<tr class=\"row-5 odd\">\n\t<td class=\"column-1\">Fen Fak\u00fcltesi<\/td><td class=\"column-2\">Molek\u00fcler Biyoloji ve Genetik<\/td><td class=\"column-3\">1<\/td><td class=\"column-4\">2<\/td><td class=\"column-5\">7<\/td>\n<\/tr>\n<tr class=\"row-6 even\">\n\t<td class=\"column-1\">G\u00fczel Sanatlar Tasar\u0131m ve Mimarl\u0131k Fak\u00fcltesi<\/td><td class=\"column-2\">Grafik Tasar\u0131m\u0131<\/td><td class=\"column-3\">-<\/td><td class=\"column-4\">-<\/td><td class=\"column-5\">4<\/td>\n<\/tr>\n<tr class=\"row-7 odd\">\n\t<td class=\"column-1\">G\u00fczel Sanatlar Tasar\u0131m ve Mimarl\u0131k Fak\u00fcltesi<\/td><td class=\"column-2\">\u0130\u00e7 Mimarl\u0131k ve \u00c7evre Tasar\u0131m\u0131\u00a0<\/td><td class=\"column-3\">1<\/td><td class=\"column-4\">2<\/td><td class=\"column-5\">4<\/td>\n<\/tr>\n<tr class=\"row-8 even\">\n\t<td class=\"column-1\">G\u00fczel Sanatlar Tasar\u0131m ve Mimarl\u0131k Fak\u00fcltesi<\/td><td class=\"column-2\">\u0130leti\u015fim ve Tasar\u0131m\u0131<\/td><td class=\"column-3\">1<\/td><td class=\"column-4\">3<\/td><td class=\"column-5\">-<\/td>\n<\/tr>\n<tr class=\"row-9 odd\">\n\t<td class=\"column-1\">G\u00fczel Sanatlar Tasar\u0131m ve Mimarl\u0131k Fak\u00fcltesi<\/td><td class=\"column-2\">Kentsel Tasar\u0131m ve Peyzaj Mimarl\u0131\u011f\u0131<\/td><td class=\"column-3\">-<\/td><td class=\"column-4\">-<\/td><td class=\"column-5\">3<\/td>\n<\/tr>\n<tr class=\"row-10 even\">\n\t<td class=\"column-1\">G\u00fczel Sanatlar Tasar\u0131m ve Mimarl\u0131k Fak\u00fcltesi<\/td><td class=\"column-2\">Mimarl\u0131k\u00a0<\/td><td class=\"column-3\">1<\/td><td class=\"column-4\">1<\/td><td class=\"column-5\">3<\/td>\n<\/tr>\n<tr class=\"row-11 odd\">\n\t<td class=\"column-1\">G\u00fczel Sanatlar Tasar\u0131m ve Mimarl\u0131k Fak\u00fcltesi<\/td><td class=\"column-2\">G\u00fczel Sanatlar<\/td><td class=\"column-3\">-<\/td><td class=\"column-4\">-<\/td><td class=\"column-5\">3<\/td>\n<\/tr>\n<tr class=\"row-12 even\">\n\t<td class=\"column-1\">Hukuk Fak\u00fcltesi<\/td><td class=\"column-2\">Hukuk Fak\u00fcltesi<\/td><td class=\"column-3\">6<\/td><td class=\"column-4\">2<\/td><td class=\"column-5\">10<\/td>\n<\/tr>\n<tr class=\"row-13 odd\">\n\t<td class=\"column-1\">\u0130ktisadi, \u0130dari ve Sosyal Bilimler Fak\u00fcltesi<\/td><td class=\"column-2\">\u0130ktisat\u00a0<\/td><td class=\"column-3\">4<\/td><td class=\"column-4\">6<\/td><td class=\"column-5\">8<\/td>\n<\/tr>\n<tr class=\"row-14 even\">\n\t<td class=\"column-1\">\u0130ktisadi, \u0130dari ve Sosyal Bilimler Fak\u00fcltesi<\/td><td class=\"column-2\">Psikoloji<\/td><td class=\"column-3\">3<\/td><td class=\"column-4\">2<\/td><td class=\"column-5\">7<\/td>\n<\/tr>\n<tr class=\"row-15 odd\">\n\t<td class=\"column-1\">\u0130ktisadi, \u0130dari ve Sosyal Bilimler Fak\u00fcltesi<\/td><td class=\"column-2\">Siyaset Bilimi ve Kamu Y\u00f6netimi<\/td><td class=\"column-3\">2<\/td><td class=\"column-4\">7<\/td><td class=\"column-5\">5<\/td>\n<\/tr>\n<tr class=\"row-16 even\">\n\t<td class=\"column-1\">\u0130ktisadi, \u0130dari ve Sosyal Bilimler Fak\u00fcltesi<\/td><td class=\"column-2\">Uluslararas\u0131 \u0130li\u015fkiler\u00a0<\/td><td class=\"column-3\">1<\/td><td class=\"column-4\">4<\/td><td class=\"column-5\">8<\/td>\n<\/tr>\n<tr class=\"row-17 odd\">\n\t<td class=\"column-1\">\u0130nsani Bilimler ve Edebiyat Fak\u00fcltesi<\/td><td class=\"column-2\">Amerikan K\u00fclt\u00fcr\u00fc ve Edebiyat\u0131\u00a0<\/td><td class=\"column-3\">-<\/td><td class=\"column-4\">-<\/td><td class=\"column-5\">10<\/td>\n<\/tr>\n<tr class=\"row-18 even\">\n\t<td class=\"column-1\">\u0130nsani Bilimler ve Edebiyat Fak\u00fcltesi<\/td><td class=\"column-2\">Arkeoloji<\/td><td class=\"column-3\">-<\/td><td class=\"column-4\">2<\/td><td class=\"column-5\">4<\/td>\n<\/tr>\n<tr class=\"row-19 odd\">\n\t<td class=\"column-1\">\u0130nsani Bilimler ve Edebiyat Fak\u00fcltesi<\/td><td class=\"column-2\">Felsefe<\/td><td class=\"column-3\">2<\/td><td class=\"column-4\">3<\/td><td class=\"column-5\">11<\/td>\n<\/tr>\n<tr class=\"row-20 even\">\n\t<td class=\"column-1\">\u0130nsani Bilimler ve Edebiyat Fak\u00fcltesi<\/td><td class=\"column-2\">\u0130ngiliz Dili ve Edebiyat\u0131\u00a0<\/td><td class=\"column-3\">-<\/td><td class=\"column-4\">-<\/td><td class=\"column-5\">12<\/td>\n<\/tr>\n<tr class=\"row-21 odd\">\n\t<td class=\"column-1\">\u0130nsani Bilimler ve Edebiyat Fak\u00fcltesi<\/td><td class=\"column-2\">\u0130ngilizce, Frans\u0131zca M\u00fctercim ve Terc\u00fcmanl\u0131k<\/td><td class=\"column-3\">-<\/td><td class=\"column-4\">1<\/td><td class=\"column-5\">3<\/td>\n<\/tr>\n<tr class=\"row-22 even\">\n\t<td class=\"column-1\">\u0130\u015fletme Fak\u00fcltesi<\/td><td class=\"column-2\">\u0130\u015fletme\u00a0<\/td><td class=\"column-3\">5<\/td><td class=\"column-4\">8<\/td><td class=\"column-5\">9<\/td>\n<\/tr>\n<tr class=\"row-23 odd\">\n\t<td class=\"column-1\">M\u00fchendislik Fak\u00fcltesi<\/td><td class=\"column-2\">Bilgisayar M\u00fchendisli\u011fi\u00a0<\/td><td class=\"column-3\">8<\/td><td class=\"column-4\">3<\/td><td class=\"column-5\">7<\/td>\n<\/tr>\n<tr class=\"row-24 even\">\n\t<td class=\"column-1\">M\u00fchendislik Fak\u00fcltesi<\/td><td class=\"column-2\">Elektrik - Elektronik M\u00fchendisli\u011fi\u00a0<\/td><td class=\"column-3\">19<\/td><td class=\"column-4\">2<\/td><td class=\"column-5\">4<\/td>\n<\/tr>\n<tr class=\"row-25 odd\">\n\t<td class=\"column-1\">M\u00fchendislik Fak\u00fcltesi<\/td><td class=\"column-2\">End\u00fcstri M\u00fchendisli\u011fi\u00a0<\/td><td class=\"column-3\">9<\/td><td class=\"column-4\">6<\/td><td class=\"column-5\">2<\/td>\n<\/tr>\n<tr class=\"row-26 even\">\n\t<td class=\"column-1\">M\u00fchendislik Fak\u00fcltesi<\/td><td class=\"column-2\">Makine M\u00fchendisli\u011fi\u00a0<\/td><td class=\"column-3\">2<\/td><td class=\"column-4\">5<\/td><td class=\"column-5\">2<\/td>\n<\/tr>\n<tr class=\"row-27 odd\">\n\t<td class=\"column-1\">Uygulamal\u0131 Bilimler Fak\u00fcltesi<\/td><td class=\"column-2\">Bili\u015fim Sistemleri ve Teknolojileri<\/td><td class=\"column-3\">-<\/td><td class=\"column-4\">-<\/td><td class=\"column-5\">4<\/td>\n<\/tr>\n<tr class=\"row-28 even\">\n\t<td class=\"column-1\">Uygulamal\u0131 Bilimler Fak\u00fcltesi<\/td><td class=\"column-2\">Turizm ve Otel \u0130\u015fletmecili\u011fi\u00a0<\/td><td class=\"column-3\">-<\/td><td class=\"column-4\">1<\/td><td class=\"column-5\">3<\/td>\n<\/tr>\n<tr class=\"row-29 odd\">\n\t<td class=\"column-1\">E\u011fitim Fak\u00fcltesi<\/td><td class=\"column-2\">S\u0131n\u0131f \u00d6\u011fretmenli\u011fi<\/td><td class=\"column-3\">1<\/td><td class=\"column-4\">2<\/td><td class=\"column-5\">3<\/td>\n<\/tr>\n<tr class=\"row-30 even\">\n\t<td class=\"column-1\">M\u00fczik ve Sahne Sanatlar\u0131 Fak\u00fcltesi<\/td><td class=\"column-2\">M\u00fczik<\/td><td class=\"column-3\">1<\/td><td class=\"column-4\">2<\/td><td class=\"column-5\">2<\/td>\n<\/tr>\n<tr class=\"row-31 odd\">\n\t<td class=\"column-1\">M\u00fczik ve Sahne Sanatlar\u0131 Fak\u00fcltesi<\/td><td class=\"column-2\">Tiyatro<\/td><td class=\"column-3\">-<\/td><td class=\"column-4\">1<\/td><td class=\"column-5\">2<\/td>\n<\/tr>\n<\/tbody>\n<\/table>\n<!-- #tablepress-5 from cache -->\n","protected":false},"excerpt":{"rendered":"<p>\u00d6SYM\u2019nin yay\u0131mlad\u0131\u011f\u0131 2025 YKS Y\u00fcksek\u00f6\u011fretim Programlar\u0131 ve Kontenjanlar\u0131 K\u0131lavuzu\u2019nda \u00fcniversitelerin merkezi yerle\u015ftirme yap\u0131lacak programlar\u0131ndaki tam-zamanl\u0131 \u00f6\u011fretim \u00fcyesi (Profes\u00f6r, Do\u00e7ent, Dr. \u00d6\u011fretim \u00dcyesi) say\u0131lar\u0131na yer verilmi\u015ftir. Bu veriler derlenirken baz\u0131 programlardaki yabanc\u0131 uyruklu \u00f6\u011fretim \u00fcyeleri Y\u00fcksek\u00f6\u011fretim Kurulu (Y\u00d6K) taraf\u0131ndan say\u0131ya dahil<\/p>\n","protected":false},"author":1,"featured_media":0,"parent":0,"menu_order":0,"comment_status":"closed","ping_status":"closed","template":"","meta":[],"_links":{"self":[{"href":"https:\/\/adaybilgi.bilkent.edu.tr\/index.php\/wp-json\/wp\/v2\/pages\/486"}],"collection":[{"href":"https:\/\/adaybilgi.bilkent.edu.tr\/index.php\/wp-json\/wp\/v2\/pages"}],"about":[{"href":"https:\/\/adaybilgi.bilkent.edu.tr\/index.php\/wp-json\/wp\/v2\/types\/page"}],"author":[{"embeddable":true,"href":"https:\/\/adaybilgi.bilkent.edu.tr\/index.php\/wp-json\/wp\/v2\/users\/1"}],"replies":[{"embeddable":true,"href":"https:\/\/adaybilgi.bilkent.edu.tr\/index.php\/wp-json\/wp\/v2\/comments?post=486"}],"version-history":[{"count":14,"href":"https:\/\/adaybilgi.bilkent.edu.tr\/index.php\/wp-json\/wp\/v2\/pages\/486\/revisions"}],"predecessor-version":[{"id":3606,"href":"https:\/\/adaybilgi.bilkent.edu.tr\/index.php\/wp-json\/wp\/v2\/pages\/486\/revisions\/3606"}],"wp:attachment":[{"href":"https:\/\/adaybilgi.bilkent.edu.tr\/index.php\/wp-json\/wp\/v2\/media?parent=486"}],"curies":[{"name":"wp","href":"https:\/\/api.w.org\/{rel}","templated":true}]}}