{"id":479,"date":"2016-04-27T12:21:12","date_gmt":"2016-04-27T12:21:12","guid":{"rendered":"https:\/\/adaybilgi.bilkent.edu.tr\/?page_id=479"},"modified":"2026-03-23T12:09:05","modified_gmt":"2026-03-23T12:09:05","slug":"ulasim-bilgileri","status":"publish","type":"page","link":"https:\/\/adaybilgi.bilkent.edu.tr\/index.php\/ulasim-bilgileri\/","title":{"rendered":"Ula\u015f\u0131m Bilgileri"},"content":{"rendered":"<p>Bilkent \u00dcniversitesi\u2019ne ula\u015f\u0131m, \u015fehir merkezinden belirli saatlerde hareket eden \u00f6zel servis ara\u00e7lar\u0131yla sa\u011flan\u0131r. \u00d6\u011frencilerin \u00fccretsiz yararland\u0131\u011f\u0131 bu servislerin yan\u0131 s\u0131ra metro, otob\u00fcs ve dolmu\u015fla ula\u015f\u0131m olana\u011f\u0131 da bulunmaktad\u0131r.<\/p>\n<p><strong>Bilkent \u00dcniversitesi&#8217;ne gelmek i\u00e7in:<\/strong><\/p>\n<ul>\n<li><strong>\u00d6zel ara\u00e7la:<\/strong><br \/>\nAnkara-Eski\u015fehir karayolu 12. kilometredeki Bilkent k\u00f6pr\u00fcs\u00fcnden Bilkent yoluna sap\u0131n\u0131z. Kav\u015faklarda hi\u00e7 sapmadan be\u015f kilometre yol al\u0131nca Bilkent \u00dcniversitesi Merkez Kamp\u00fcs giri\u015fine ula\u015facaks\u0131n\u0131z. <a href=\"https:\/\/maps.app.goo.gl\/cyqJ4VogsrJRcCWu9\">https:\/\/maps.app.goo.gl\/cyqJ4VogsrJRcCWu9<\/a><\/li>\n<\/ul>\n<ul>\n<li><strong>Bilkent \u00dcniversitesi servis otob\u00fcsleriyle:<\/strong><br \/>\nBilkent \u00dcniversitesi servis otob\u00fcsleri, Tunus Caddesi (D\u00fcnyag\u00f6z Taksi yan\u0131) ve S\u0131hhiye K\u00f6pr\u00fcs\u00fc (Tando\u011fan Meydan\u0131 y\u00f6n\u00fcnde) duraklar\u0131ndan kalkmaktad\u0131r. Otob\u00fcs saatleri ve bilgi i\u00e7in <a href=\"http:\/\/www.bilkent.edu.tr\/ulasimcizelgesi\">http:\/\/bilkent.edu.tr\/ulasimcizelgesi<\/a> ba\u011flant\u0131s\u0131n\u0131 inceleyebilirsiniz. Tel: 0 (312) 290 1228<\/li>\n<\/ul>\n<ul>\n<li><strong>Metro veya otob\u00fcsle: <\/strong><br \/>\nK\u0131z\u0131lay-\u00c7ayyolu metro hatt\u0131n\u0131 kullanmak isterseniz Bilkent dura\u011f\u0131nda inerek 175 ve 176 numaral\u0131 belediye otob\u00fcs\u00fcyle kamp\u00fcse ula\u015fabilirsiniz.<\/li>\n<\/ul>\n<p>&nbsp;<\/p>\n","protected":false},"excerpt":{"rendered":"<p>Bilkent \u00dcniversitesi\u2019ne ula\u015f\u0131m, \u015fehir merkezinden belirli saatlerde hareket eden \u00f6zel servis ara\u00e7lar\u0131yla sa\u011flan\u0131r. \u00d6\u011frencilerin \u00fccretsiz yararland\u0131\u011f\u0131 bu servislerin yan\u0131 s\u0131ra metro, otob\u00fcs ve dolmu\u015fla ula\u015f\u0131m olana\u011f\u0131 da bulunmaktad\u0131r. Bilkent \u00dcniversitesi&#8217;ne gelmek i\u00e7in: \u00d6zel ara\u00e7la: Ankara-Eski\u015fehir karayolu 12. kilometredeki Bilkent k\u00f6pr\u00fcs\u00fcnden<\/p>\n","protected":false},"author":1,"featured_media":0,"parent":0,"menu_order":0,"comment_status":"closed","ping_status":"closed","template":"","meta":[],"_links":{"self":[{"href":"https:\/\/adaybilgi.bilkent.edu.tr\/index.php\/wp-json\/wp\/v2\/pages\/479"}],"collection":[{"href":"https:\/\/adaybilgi.bilkent.edu.tr\/index.php\/wp-json\/wp\/v2\/pages"}],"about":[{"href":"https:\/\/adaybilgi.bilkent.edu.tr\/index.php\/wp-json\/wp\/v2\/types\/page"}],"author":[{"embeddable":true,"href":"https:\/\/adaybilgi.bilkent.edu.tr\/index.php\/wp-json\/wp\/v2\/users\/1"}],"replies":[{"embeddable":true,"href":"https:\/\/adaybilgi.bilkent.edu.tr\/index.php\/wp-json\/wp\/v2\/comments?post=479"}],"version-history":[{"count":16,"href":"https:\/\/adaybilgi.bilkent.edu.tr\/index.php\/wp-json\/wp\/v2\/pages\/479\/revisions"}],"predecessor-version":[{"id":3686,"href":"https:\/\/adaybilgi.bilkent.edu.tr\/index.php\/wp-json\/wp\/v2\/pages\/479\/revisions\/3686"}],"wp:attachment":[{"href":"https:\/\/adaybilgi.bilkent.edu.tr\/index.php\/wp-json\/wp\/v2\/media?parent=479"}],"curies":[{"name":"wp","href":"https:\/\/api.w.org\/{rel}","templated":true}]}}