{"id":409,"date":"2016-04-26T14:24:59","date_gmt":"2016-04-26T14:24:59","guid":{"rendered":"https:\/\/adaybilgi.bilkent.edu.tr\/?page_id=409"},"modified":"2025-11-24T14:04:33","modified_gmt":"2025-11-24T14:04:33","slug":"uygulamali-bilimler-fakultesi","status":"publish","type":"page","link":"https:\/\/adaybilgi.bilkent.edu.tr\/index.php\/uygulamali-bilimler-fakultesi\/","title":{"rendered":"Uygulamal\u0131 Bilimler Fak\u00fcltesi"},"content":{"rendered":"<p style=\"text-align: left;\">Uygulamal\u0131 Bilimler Fak\u00fcltesi&#8217;nin lisans b\u00f6l\u00fcmleri \u015funlard\u0131r:<\/p>\n<ul>\n<li><strong><a href=\"#bilgi\">Bili\u015fim Sistemleri ve Teknolojileri<\/a><\/strong><\/li>\n<li><strong><a href=\"#turizm\">Turizm ve Otel \u0130\u015fletmecili\u011fi<\/a><\/strong><\/li>\n<\/ul>\n<p><strong><a href=\"http:\/\/www.ctis.bilkent.edu.tr\/\" target=\"_blank\" rel=\"noopener\" name=\"bilgi\">Bili\u015fim Sistemleri ve Teknolojileri B\u00f6l\u00fcm\u00fc<\/a><\/strong><\/p>\n<p>Bili\u015fim sistemleri ve teknolojileri, bilgi \u00e7a\u011f\u0131n\u0131n ve i\u015f d\u00fcnyas\u0131n\u0131n en de\u011ferli yap\u0131ta\u015flar\u0131ndand\u0131r. Hemen her sekt\u00f6rde stratejik rol oynayan bu alanlar, e-devlet, kablosuz haberle\u015fme, mobil ileti\u015fim, kurumsal kaynak planlamas\u0131, e-ticaret, ak\u0131ll\u0131 \u015fehirler gibi kollara yay\u0131lmaktad\u0131r.<\/p>\n<p>B\u00f6l\u00fcm\u00fcn e\u011fitim program\u0131nda yaz\u0131l\u0131m geli\u015ftirme, veri taban\u0131 ve a\u011f ileti\u015fimi uygulamalar\u0131, internet tabanl\u0131 sistemlerin geli\u015ftirilmesi ve yaz\u0131l\u0131m m\u00fchendisli\u011fi gibi g\u00fcncel konulara yer verilir. \u00d6\u011frenciler, kazand\u0131klar\u0131 teknik becerileri temel bilim, i\u015fletme ve ileti\u015fim dersleriyle desteklemektedir.<\/p>\n<p>Bili\u015fim Sistemleri ve Teknolojileri B\u00f6l\u00fcm\u00fc, sekt\u00f6r\u00fcn \u00f6nde gelen firmalar\u0131yla yapt\u0131\u011f\u0131 anla\u015fmalar do\u011frultusunda e\u011fitim program\u0131n\u0131 \u00e7e\u015fitli ders, proje ve uygulamalarla g\u00fc\u00e7lendirmektedir. A\u011f teknolojilerinde Cisco, i\u015f zek\u00e2s\u0131nda Oracle, bulut bili\u015fim teknolojileri, b\u00fcy\u00fck veri, veri analiti\u011fi ve g\u00fcvenlik konular\u0131nda ise Amazon ve Huawei ile ger\u00e7ekle\u015ftirilen \u00e7\u00f6z\u00fcm ortakl\u0131klar\u0131, \u00f6\u011frencilerin bili\u015fim end\u00fcstrisiyle kuvvetli ba\u011flar kurmas\u0131n\u0131 sa\u011flamaktad\u0131r.<\/p>\n<p>\u00d6\u011frenciler, yaz staj\u0131na ek olarak y\u00fcr\u00fct\u00fclen d\u00f6nem staj\u0131 s\u00fcresince yurt i\u00e7i veya yurt d\u0131\u015f\u0131nda se\u00e7kin firmalarda \u00e7al\u0131\u015farak bili\u015fim sekt\u00f6r\u00fcn\u00fc yak\u0131ndan tan\u0131rlar. \u00dc\u00e7\u00fcnc\u00fc s\u0131n\u0131f\u0131n bahar yar\u0131y\u0131l\u0131ndaki bu stajda \u00e7o\u011funlukla i\u015f teklifleri al\u0131r, ba\u015far\u0131l\u0131 bir kariyere erkenden ad\u0131m atarlar.<\/p>\n<p>B\u00f6l\u00fcm mezunlar\u0131; Accenture, Akbank, Amazon, Ar\u00e7elik, Bosch, Cisco, Commencis, Cybersoft, Deloitte, Ekin, Enerjisa, Ericsson, Garanti BBVA, Getir, Havelsan, HP, Huawei, IBM, Instagram, Ko\u00e7 Sistem, Likom, Loop Games, Meta, Microsoft, Neta\u015f, Nokta, Oculus, Oracle, Picus, Roketsan, Samsung, SAP, Siemens, Sony,Turkcell, T\u00fcrk Telekom, Uber, Udemy ve Zynga gibi \u015firketlerde, yaz\u0131l\u0131m, sistem ve i\u015f geli\u015ftirme alanlar\u0131na ili\u015fkin \u00f6nemli pozisyonlarda g\u00f6rev yapmaktad\u0131r.<\/p>\n<p><strong><a href=\"http:\/\/www.thm.bilkent.edu.tr\/\" target=\"_blank\" rel=\"noopener\" name=\"turizm\">Turizm ve Otel \u0130\u015fletmecili\u011fi B\u00f6l\u00fcm\u00fc<\/a><\/strong><\/p>\n<p>Turizm ve Otel \u0130\u015fletmecili\u011fi B\u00f6l\u00fcm\u00fc, otel y\u00f6neticili\u011fi ve yiyecek-i\u00e7ecek hizmetleri sekt\u00f6rleri ba\u015fta olmak \u00fczere turizmin her alan\u0131nda ve d\u00fcnyan\u0131n her b\u00f6lgesinde g\u00f6rev yapabilecek turizm profesyonelleri yeti\u015ftirmektedir. B\u00f6l\u00fcm, Y\u00fcksek\u00f6\u011fretim Kurulu\u2019nca yetkilendirilmi\u015f Turizm E\u011fitimi De\u011ferlendirme ve Akreditasyon Kurulu taraf\u0131ndan akredite edilmi\u015ftir.<\/p>\n<p>B\u00f6l\u00fcm\u00fcn e\u011fitim program\u0131nda mesleki uzmanla\u015fmaya y\u00f6nelik uygulamal\u0131 \u00e7al\u0131\u015fmalara \u00f6zel \u00f6nem verilir. Bu \u00e7er\u00e7evede \u00f6\u011frencilere otel ve restoran i\u015fletmeleri ile bu i\u015fletmelerin kulland\u0131\u011f\u0131 mesleki yaz\u0131l\u0131mlar ve muhasebe sistemlerine dair en g\u00fcncel bilgiler aktar\u0131l\u0131r.<\/p>\n<p>Yiyecek \u00fcretimi dersleri, uygulama mutfaklar\u0131nda ger\u00e7ekle\u015ftirilmektedir. \u00d6\u011frenciler, bu alandaki yarat\u0131c\u0131l\u0131klar\u0131n\u0131, b\u00f6l\u00fcm\u00fcn restoran\u0131nda (Le Piment Rouge) konuklara sunarlar. \u0130ktisat, muhasebe, istatistik, pazarlama ve finans gibi i\u015fletme a\u011f\u0131rl\u0131kl\u0131 derslerde ise y\u00f6neticilik becerilerini geli\u015ftirirler. Avrupa Dilleri Ortak \u00c7er\u00e7eve Program\u0131\u2019na g\u00f6re planlanm\u0131\u015f se\u00e7meli yabanc\u0131 dil dersleri de \u00f6\u011frencilerin turizmdeki k\u00fcresel geli\u015fmelere uyumlar\u0131n\u0131 kolayla\u015ft\u0131r\u0131r.<\/p>\n<p>B\u00f6l\u00fcm \u00f6\u011frencileri, Uygulamal\u0131 Bilimler Fak\u00fcltesi\u2019nin d\u00f6nem staj\u0131 uygulamas\u0131yla, yaz stajlar\u0131na ek olarak e\u011fitimlerinin \u00fc\u00e7\u00fcnc\u00fc y\u0131l\u0131nda bir d\u00f6nem s\u00fcresince sekt\u00f6r\u00fcn tan\u0131nm\u0131\u015f firmalar\u0131nda g\u00f6rev yaparlar. Hem T\u00fcrkiye\u2019de hem yurt d\u0131\u015f\u0131nda yapabilecekleri bu stajlar sayesinde \u00e7al\u0131\u015fma hayat\u0131na hen\u00fcz \u00f6\u011frenciyken uyum sa\u011flar, g\u00f6sterdikleri ba\u015far\u0131larla mezuniyet sonras\u0131na y\u00f6nelik i\u015f teklifleri al\u0131rlar.<\/p>\n<p>Crowne Plaza, \u00c7\u0131ra\u011fan Palace Kempinski, Four Seasons, Hilton, Hyatt, Marriott, M\u00f6venpick, Ritz-Carlton, Sheraton, Swissotel, BTA Yiyecek ve \u0130\u00e7ecek Hizmetleri, \u0130stanbul Yiyecek \u0130\u00e7ecek Grubu, Serenas, Setur, Spago ve THY, Bilkent \u00dcniversitesi Turizm ve Otel \u0130\u015fletmecili\u011fi B\u00f6l\u00fcm\u00fc mezunlar\u0131n\u0131 tercih eden kurumlardand\u0131r.<\/p>\n<p>&nbsp;<\/p>\n","protected":false},"excerpt":{"rendered":"<p>Uygulamal\u0131 Bilimler Fak\u00fcltesi&#8217;nin lisans b\u00f6l\u00fcmleri \u015funlard\u0131r: Bili\u015fim Sistemleri ve Teknolojileri Turizm ve Otel \u0130\u015fletmecili\u011fi Bili\u015fim Sistemleri ve Teknolojileri B\u00f6l\u00fcm\u00fc Bili\u015fim sistemleri ve teknolojileri, bilgi \u00e7a\u011f\u0131n\u0131n ve i\u015f d\u00fcnyas\u0131n\u0131n en de\u011ferli yap\u0131ta\u015flar\u0131ndand\u0131r. Hemen her sekt\u00f6rde stratejik rol oynayan bu alanlar, e-devlet,<\/p>\n","protected":false},"author":1,"featured_media":0,"parent":0,"menu_order":0,"comment_status":"closed","ping_status":"closed","template":"","meta":[],"_links":{"self":[{"href":"https:\/\/adaybilgi.bilkent.edu.tr\/index.php\/wp-json\/wp\/v2\/pages\/409"}],"collection":[{"href":"https:\/\/adaybilgi.bilkent.edu.tr\/index.php\/wp-json\/wp\/v2\/pages"}],"about":[{"href":"https:\/\/adaybilgi.bilkent.edu.tr\/index.php\/wp-json\/wp\/v2\/types\/page"}],"author":[{"embeddable":true,"href":"https:\/\/adaybilgi.bilkent.edu.tr\/index.php\/wp-json\/wp\/v2\/users\/1"}],"replies":[{"embeddable":true,"href":"https:\/\/adaybilgi.bilkent.edu.tr\/index.php\/wp-json\/wp\/v2\/comments?post=409"}],"version-history":[{"count":20,"href":"https:\/\/adaybilgi.bilkent.edu.tr\/index.php\/wp-json\/wp\/v2\/pages\/409\/revisions"}],"predecessor-version":[{"id":3658,"href":"https:\/\/adaybilgi.bilkent.edu.tr\/index.php\/wp-json\/wp\/v2\/pages\/409\/revisions\/3658"}],"wp:attachment":[{"href":"https:\/\/adaybilgi.bilkent.edu.tr\/index.php\/wp-json\/wp\/v2\/media?parent=409"}],"curies":[{"name":"wp","href":"https:\/\/api.w.org\/{rel}","templated":true}]}}