{"id":404,"date":"2016-04-26T14:16:13","date_gmt":"2016-04-26T14:16:13","guid":{"rendered":"https:\/\/adaybilgi.bilkent.edu.tr\/?page_id=404"},"modified":"2026-04-09T08:21:55","modified_gmt":"2026-04-09T08:21:55","slug":"muzik-ve-sahne-sanatlari-fakultesi-sanat-dali-yetenek-ve-seviye-sinavlari-bilgileri","status":"publish","type":"page","link":"https:\/\/adaybilgi.bilkent.edu.tr\/index.php\/muzik-ve-sahne-sanatlari-fakultesi-sanat-dali-yetenek-ve-seviye-sinavlari-bilgileri\/","title":{"rendered":"M\u00fczik ve Sahne Sanatlar\u0131 Fak\u00fcltesi Sanat Dal\u0131 Yetenek ve Seviye S\u0131navlar\u0131 Bilgileri"},"content":{"rendered":"<p>M\u00fczik ve Sahne Sanatlar\u0131 Fak\u00fcltesi&#8217;nin a\u015fa\u011f\u0131da belirtilen b\u00f6l\u00fcmlerine 2025 &#8211; 2026 Akademik Y\u0131l\u0131&#8217;nda Lisans Haz\u0131rl\u0131k ve Lisans 1 s\u0131n\u0131flar\u0131na <strong>SANAT DALI YETENEK ve SEV<\/strong><strong>\u0130YE SINAVLARI <\/strong>ile \u00f6\u011frenci al\u0131nacakt\u0131r.<\/p>\n<ul>\n<li><a href=\"#tiyatro\">Tiyatro<\/a><\/li>\n<li><a href=\"#muzik\">M\u00fczik<\/a><\/li>\n<\/ul>\n<hr \/>\n<p><a name=\"tiyatro\"><\/a><strong>T\u0130YATRO B\u00d6L\u00dcM\u00dc PROGRAMLARI VE SANAT DALI<\/strong><\/p>\n<ul>\n<li><strong>Oyunculuk \u00d6\u011fretim Program\u0131<\/strong><\/li>\n<\/ul>\n<p><strong>Aday\u00a0\u00d6n Kay\u0131t Tarihleri<\/strong><\/p>\n<p>\u00d6n kay\u0131t ba\u015fvurular\u0131 12 \u2013 27 Haziran 2025 tarihleri aras\u0131nda <a href=\"https:\/\/stars.bilkent.edu.tr\/basvuru\"><strong>https:\/\/stars.bilkent.edu.tr\/basvuru<\/strong><\/a> adresinden yap\u0131lacakt\u0131r.<\/p>\n<p><strong>\u00d6n Kay\u0131tta Yap\u0131lacak \u0130\u015flemler<\/strong><\/p>\n<p>2300\u20ba. kay\u0131t \u00fccretinin \u00f6denmesi (\u00d6deme yaln\u0131z kredi kart\u0131 ile <a href=\"https:\/\/stars.bilkent.edu.tr\/basvuru\"><strong>https:\/\/stars.bilkent.edu.tr\/basvuru<\/strong><\/a> adresinden yap\u0131labilmektedir.) L\u00fctfen \u00f6demenizi \u201cTiyatro B\u00f6l\u00fcm\u00fc Yetenek S\u0131nav\u0131\u201d k\u0131sm\u0131na yap\u0131n\u0131z.<\/p>\n<p>\u00d6deme sonucunda olu\u015fan kod ile <a href=\"https:\/\/stars.bilkent.edu.tr\/yetenek_onkayit\/giris\/THEA\"><strong>https:\/\/stars.bilkent.edu.tr\/yetenek_onkayit\/giris\/THEA<\/strong><\/a>\u00a0adresinden Yetenek S\u0131nav\u0131 Giri\u015f Belgesinin olu\u015fturulmas\u0131.<\/p>\n<p>*\u00a0<u>Ba\u015fvuru \u00dccreti Hi\u00e7bir Nedenle \u0130ade Edilmez.<\/u><\/p>\n<p>*\u00a0<u>Yanlar\u0131nda Ge\u00e7erli Bir Kimlik ile Bilkent \u00dcniversitesi Yetenek S\u0131nav\u0131 Giri\u015f Belgesi Olmayan Adaylar Kesinlikle S\u0131nava Al\u0131nmayacakt\u0131r.<\/u><\/p>\n<p>2025-2026 E\u011fitim-\u00d6\u011fretim y\u0131l\u0131 kabul s\u0131navlar\u0131, Oyunculuk Ana Sanat Dal\u0131na ba\u015fvuran adaylarla \u00fc\u00e7 a\u015famada ger\u00e7ekle\u015ftirilecektir. <strong>\u00a0<\/strong>S\u0131navlar, M\u00fczik ve Sahne Sanatlar\u0131 Fak\u00fcltesi 1. Kat Tiyatro Sahnesi, 2. Kat Sahnesi ve 1. Kat Hareket Salonunda (oda no: 106)\u00a0 yap\u0131lacakt\u0131r. \u00d6\u011frencilerin s\u0131nav saatinden en az 30 dakika \u00f6nce s\u0131nav yerinde haz\u0131r bulunmalar\u0131 gerekmektedir. <strong>Adaylar\u0131n her bir a\u015fama i\u00e7in s\u0131nava giri\u015f g\u00fcnleri, ba\u015fvuru numaralar\u0131na g\u00f6re belirlenecek ve adaylara s\u0131nav \u00f6ncesi ilan edilecektir. <\/strong>Yetenek ve Kabul s\u0131nav\u0131nda ba\u015far\u0131l\u0131 olup kay\u0131t yapt\u0131rmak isteyen aday \u00f6\u011frencilere verilecek burs oranlar\u0131, s\u0131nav\u0131 takiben s\u0131nav ba\u015far\u0131lar\u0131 temel al\u0131narak belirlenecek ve kendilerine bildirilecektir.<\/p>\n<p><strong>Oyunculuk Sanat Dal\u0131 S\u0131nav Tarihleri<\/strong><\/p>\n<table style=\"width: 605px;\">\n<tbody>\n<tr>\n<td style=\"width: 123px;\"><strong>Ana Sanat Dal\u0131<\/strong><\/td>\n<td style=\"width: 137px;\"><strong>S\u0131nav Tarihi<\/strong><\/td>\n<td style=\"width: 80px;\"><strong>Saat<\/strong><\/td>\n<td style=\"width: 117px;\"><strong>S\u0131nav<\/strong><\/td>\n<td style=\"width: 114px;\"><strong>Yer<\/strong><\/td>\n<\/tr>\n<tr>\n<td style=\"width: 123px;\"><strong>Oyunculuk<\/strong><\/td>\n<td style=\"width: 137px;\">16-17-18-19 Temmuz, 2025<\/td>\n<td style=\"width: 80px;\">9:30<\/td>\n<td style=\"width: 117px;\">Oyunculuk<\/td>\n<td style=\"width: 114px;\">1.Kat Tiyatro Salonu<\/td>\n<\/tr>\n<\/tbody>\n<\/table>\n<p><strong>Oyunculuk Sanat Dal\u0131 S\u0131nav A\u015famalar\u0131<\/strong><\/p>\n<p><strong>1.A\u015eAMA:<\/strong> Adaylar, bir komedi ve bir dram\/tragedya olmak \u00fczere iki tirad haz\u0131rlayacakt\u0131r. Adaydan ayr\u0131ca bir \u015fiir okumas\u0131 ve \u015fark\u0131 s\u00f6ylemesi istenebilir. Adaya karakterin analizi\u00a0se\u00e7ti\u011fi eser, yazar\u0131, yazar\u0131n ya\u015fad\u0131\u011f\u0131 d\u00f6nem ve di\u011fer eserleri ile ilgili sorular sorulabilir. Do\u011fa\u00e7lama ve temrinler yapt\u0131r\u0131labilir.<\/p>\n<p><strong>2.A\u015eAMA: <\/strong>M\u00fczik kula\u011f\u0131, beden koordinasyonu ve ritm duygusuna sahip olup olmad\u0131\u011f\u0131 kontrol edilir. Adaydan bir \u015fiir okumas\u0131 ve \u015fark\u0131 s\u00f6ylemesi istenebilir. Adaylara genel k\u00fclt\u00fcr ve mesleki formasyon d\u00fczeylerini saptamaya y\u00f6nelik sorular sorulur.<\/p>\n<p><strong>3.A\u015eAMA:<\/strong> J\u00fcri uygun g\u00f6rd\u00fc\u011f\u00fc adaylar\u0131 3. A\u015fama s\u0131nav\u0131na \u00e7a\u011f\u0131r\u0131r. Bu s\u0131navda, di\u011fer a\u015famalarda adaylardan istenilen konulardan gerekli g\u00f6r\u00fclenleri \u00fczerinde tekrar durulur. Adaylar ayr\u0131ca s\u0131navda kendilerine j\u00fcri taraf\u0131ndan s\u0131nav g\u00fcn\u00fc verilecek bir k\u0131sa par\u00e7ay\u0131 oynarlar ve kendilerine tekrar genel k\u00fclt\u00fcr ve mesleki formasyon d\u00fczeylerini saptamaya y\u00f6nelik sorular sorulabilir.<\/p>\n<p><strong>\u00a0<\/strong><\/p>\n<p><strong>Kesin kay\u0131t \u0130\u00e7in Gereken TYT Puanlar\u0131<\/strong><\/p>\n<p>Bilkent \u00dcniversitesi M\u00fczik ve Sahne Sanatlar\u0131 Fak\u00fcltesinin b\u00f6l\u00fcmlerine, 2025- 2026 Akademik y\u0131l\u0131nda \u00f6\u011frenim g\u00f6rmek \u00fczere ba\u015fvuran ve ba\u015far\u0131l\u0131 bulunan adaylar\u0131n \u00fcniversiteye kesin kay\u0131t yapt\u0131rabilmeleri i\u00e7in 2025 y\u0131l\u0131 Temel Yeterlilik Testine (TYT) girmi\u015f ve 170 ve \u00fczeri puan alm\u0131\u015f olmas\u0131 gerekmektedir.<\/p>\n<p>Resmi S\u0131nav Sonu\u00e7lar\u0131n\u0131n \u0130lan\u0131: 24 Temmuz 2025 (YKS s\u0131nav sonu\u00e7lar\u0131 ertesi)<\/p>\n<p><strong>\u00a0<\/strong><\/p>\n<p><strong>ER\u0130\u015e\u0130M<\/strong><\/p>\n<p>Bilkent \u00dcniversitesi<br \/>\nM\u00fczik ve Sahne Sanatlar\u0131 Fak\u00fcltesi<br \/>\nTiyatro B\u00f6l\u00fcm\u00fc<br \/>\n06800 Bilkent, Ankara<\/p>\n<p>E-posta : <a href=\"mailto:mssf@bilkent.edu.tr\">mssf@bilkent.edu.tr<\/a><a href=\"mailto:mssf@bilkent.edu.tr\"><br \/>\n<\/a>Tel : 0(312) 290 1961<br \/>\nFaks : 0(312) 266 4539<\/p>\n<p>Detayl\u0131 bilgi i\u00e7in yukar\u0131da belirtilen telefonlardan M\u00fczik B\u00f6l\u00fcm Ba\u015fkanl\u0131\u011f\u0131na ve Sanat Dal\u0131 Koordinat\u00f6rl\u00fcklerine ula\u015fabilirsiniz.<\/p>\n<p>&nbsp;<\/p>\n<p><a name=\"muzik\"><\/a><br \/>\n<strong>M\u00dcZ\u0130K B\u00d6L\u00dcM\u00dc PROGRAMLARI VE SANAT DALLARI<\/strong><\/p>\n<p>Ba\u015fvurulacak s\u0131n\u0131flar i\u00e7in kabul \u015fartlar\u0131 ve gereken d\u00fczeyleri belirleyen repertuvar \u00f6rnekleri \u00f6n kay\u0131t tarihleri boyunca fak\u00fclteden al\u0131nabilece\u011fi gibi web sitemizden de incelenebilir.\u00a0 <a href=\"https:\/\/music.bilkent.edu.tr\/index.php\/basvuru\/lisans\/\">https:\/\/music.bilkent.edu.tr\/index.php\/basvuru\/lisans\/<\/a><\/p>\n<ul>\n<li><strong>\u015ean \u00d6\u011fretim Program\u0131<\/strong>\n<ul>\n<li>\u015ean Ana Sanat Dal\u0131<\/li>\n<\/ul>\n<\/li>\n<li><strong>Teori-Kompozisyon \u00d6\u011fretim Program\u0131<\/strong>\n<ul>\n<li>Teori-Kompozisyon Sanat Dal\u0131<\/li>\n<\/ul>\n<\/li>\n<li><strong>Enstr\u00fcman \u00d6\u011fretim Program\u0131<\/strong>\n<ul>\n<li>Piyano Anasanat Dal\u0131<\/li>\n<li>Vurma \u00c7alg\u0131lar Anasanat Dal\u0131<\/li>\n<li>Klasik Gitar Anasanat Dal\u0131<\/li>\n<li>Yayl\u0131 \u00c7alg\u0131lar Anasanat Dallar\u0131\n<ul>\n<li>Keman Sanat Dal\u0131<\/li>\n<li>Viyola Sanat Dal\u0131<\/li>\n<li>Viyolonsel Sanat Dal\u0131<\/li>\n<li>Kontrbas Sanat Dal\u0131<\/li>\n<\/ul>\n<\/li>\n<li>Nefesli Sazlar Anasanat Dal\u0131\n<ul>\n<li>Fl\u00fct Sanat Dal\u0131<\/li>\n<li>Obua Sanat Dal\u0131<\/li>\n<li>Klarnet Sanat Dal\u0131<\/li>\n<li>Fagot Sanat Dal\u0131<\/li>\n<li>Korno Sanat Dal\u0131<\/li>\n<li>Trompet Sanat Dal\u0131<\/li>\n<li>Trombon Sanat Dal\u0131<\/li>\n<li>Tuba Sanat Dal\u0131<\/li>\n<\/ul>\n<\/li>\n<\/ul>\n<\/li>\n<\/ul>\n<p><strong>Ba\u015fvuru Takvimi<\/strong><\/p>\n<ul>\n<li><u>Aday kay\u0131t tarihleri<\/u>: 1-16 Haziran 2026 tarihleri aras\u0131nda online olarak yap\u0131lacakt\u0131r.<\/li>\n<li><u>S\u0131nav tarihleri:<\/u> 29 Haziran- 3 Temmuz 2026<\/li>\n<li><u>Kesin s\u0131nav sonu\u00e7lar\u0131n\u0131n a\u00e7\u0131klanmas\u0131<\/u>: 27 Temmuz 2026 (YKS s\u0131nav sonu\u00e7lar\u0131 ertesi)<\/li>\n<\/ul>\n<p><strong>Kesin Kay\u0131t i\u00e7in\u00a0Gereken TYT Puanlar\u0131<\/strong><\/p>\n<p>Bilkent \u00dcniversitesi M\u00fczik ve Sahne Sanatlar\u0131 Fak\u00fcltesinin b\u00f6l\u00fcmlerine, 2026- 2027 Akademik y\u0131l\u0131nda \u00f6\u011frenim g\u00f6rmek \u00fczere ba\u015fvuran ve ba\u015far\u0131l\u0131 bulunan adaylar\u0131n \u00fcniversiteye kesin kay\u0131t yapt\u0131rabilmeleri i\u00e7in 2026 y\u0131l\u0131 Temel Yeterlilik Testine (TYT) girmi\u015f ve 150 ve \u00fczeri puan alm\u0131\u015f olmas\u0131 gerekmektedir.<\/p>\n<p>TYT s\u0131nav y\u00fck\u00fcml\u00fcl\u00fc\u011f\u00fc konservatuar mezunlar\u0131 dahil b\u00fct\u00fcn ba\u015fvuru yapan adaylar i\u00e7in ge\u00e7erlidir.<\/p>\n<p>2026 \u00f6ncesi TYT puanlar\u0131 kabul edilmemektedir.<\/p>\n<p><strong>Ba\u015fvuruda \u0130stenilen Belgeler<\/strong><\/p>\n<ul>\n<li><a href=\"https:\/\/stars.bilkent.edu.tr\/yetenek_onkayit\/\">\u00c7evrimi\u00e7i Ba\u015fvuru Formu<\/a><\/li>\n<li>Vesikal\u0131k foto\u011fraf (Foto\u011fraflar son alt\u0131 ay i\u00e7inde \u00e7ekilmi\u015f, \u00f6nden, aday\u0131 kolayl\u0131kla tan\u0131tabilecek \u015fekilde olmal\u0131d\u0131r.)<\/li>\n<li>N\u00fcfus C\u00fczdan\u0131n\u0131n asl\u0131 ve bir fotokopisi (T.C. Kimlik No. belirtir \u015fekilde olmal\u0131d\u0131r.)<\/li>\n<li>Kay\u0131t \u00fccreti: \u00dccret bilgisi daha sonra a\u00e7\u0131klanacakt\u0131r. (\u00d6deme i\u015flemleri, 1 Haziran 2026 tarihi itibar\u0131yla yaln\u0131zca kredi kart\u0131 ile <a class=\"v1moz-txt-link-freetext\" href=\"https:\/\/stars.bilkent.edu.tr\/basvuru\/\" target=\"_blank\" rel=\"noopener noreferrer\">https:\/\/stars.bilkent.edu.tr\/basvuru\/<\/a> ba\u011flant\u0131s\u0131 \u00fczerinden ger\u00e7ekle\u015ftirilecektir.)<\/li>\n<li><strong>\u00d6nemli not:<\/strong> \u00d6n-kay\u0131t \u00f6demelerinizi l\u00fctfen \u201c<strong><u>M\u00fczik B\u00f6l\u00fcm\u00fc Yetenek S\u0131nav\u0131<\/u><\/strong>\u201d alan\u0131na yap\u0131n\u0131z.<\/li>\n<\/ul>\n<p>*\u00a0Ba\u015fvuru \u00dccreti Hi\u00e7bir Nedenle \u0130ade Edilmez.<\/p>\n<p><strong><u>\u00d6nemli not: <\/u><\/strong>Kay\u0131t \u00fccretinin yat\u0131r\u0131lmamas\u0131 ve online ba\u015fvuru formunun doldurulmamas\u0131 durumunda ba\u015fvuru ge\u00e7erli olmayacakt\u0131r. Her iki i\u015flemin de yap\u0131lmas\u0131 gereklidir.<\/p>\n<p>Ba\u015fvuru s\u00fcreci ile ilgili t\u00fcm bilgilendirmeler ba\u015fvuru formunda belirtilen e-posta adresi \u00fczerinden yap\u0131lacakt\u0131r.<\/p>\n<p><strong>\u015ean ve Enstr\u00fcman<\/strong> Ana sanat dallar\u0131nda e\u011fitim programlar\u0131na ba\u015fvuran \u00f6\u011frencilerden istenilen di\u011fer belgeler;<\/p>\n<ul>\n<li>S\u0131navda seslendirece\u011fi program (Besteci ad\u0131, eser ismi, b\u00f6l\u00fcmleri ve s\u00fcreleri)<\/li>\n<li>Piyano e\u015flik notalar\u0131<\/li>\n<\/ul>\n<p><strong>Teori-Kompozisyon<\/strong> Ana sanat dal\u0131na ba\u015fvuran \u00f6\u011frencilerden istenilen di\u011fer belgeler;<\/p>\n<ul>\n<li>Daha \u00f6nce bestelenmi\u015f en az iki eserin partisyonu. Bir notalama program\u0131nda (Finale, Sibelius vb.) veya elle yaz\u0131lm\u0131\u015f olabilir.<\/li>\n<li>E\u011fer varsa bu eserlerin ses kayd\u0131. Ses kay\u0131tlar\u0131 soundcloud ve benzeri platformlar \u00fczerinden link olarak payla\u015f\u0131labilir.<\/li>\n<\/ul>\n<p><strong><br \/>\nGiri\u015f S\u0131navlar\u0131<\/strong><\/p>\n<p>Yetenek ve Seviye <u>29 Haziran \u2013 3 Temmuz 2026<\/u>\u00a0tarihleri aras\u0131nda tarihlerde M\u00fczik ve Sahne Sanatlar\u0131 Fak\u00fcltesinin Orta Kamp\u00fcs&#8217;teki fak\u00fclte binas\u0131nda (P Binas\u0131) yap\u0131lacakt\u0131r. S\u0131nav\u0131n ilk a\u015famas\u0131nda \u00f6\u011frenciler <u>temel nota\/armoni bilgisi ve 2-sesli dikte\/\u00e7oksesli duyma<\/u> s\u0131nav\u0131na al\u0131nacaklard\u0131r. Adaylara s\u0131nav\u0131n bir hafta \u00f6ncesinde haz\u0131rlamalar\u0131 gereken solfej par\u00e7as\u0131 e-posta arac\u0131l\u0131\u011f\u0131yla g\u00f6nderilecektir. \u00d6rnek s\u0131nava a\u015fa\u011f\u0131daki linkten ula\u015f\u0131labilir:<\/p>\n<p><a href=\"https:\/\/music.bilkent.edu.tr\/wp-content\/uploads\/2023\/11\/Lisans.pdf\">Lisans Kulak E\u011fitimi\/M\u00fczik Teorisi \u00d6rnek S\u0131nav<\/a><\/p>\n<p>\u00c7alg\u0131 s\u0131nav\u0131 s\u0131ras\u0131nda \u00f6\u011frencilerden haz\u0131rlad\u0131klar\u0131 program\u0131 komisyon \u00f6n\u00fcnde seslendirmeleri istenmektedir. Talep edilmesi durumunda, okul b\u00fct\u00fcn enstr\u00fcman ve \u015fan se\u00e7meleri i\u00e7in e\u015flik\u00e7i sa\u011flayacakt\u0131r. Bu durumda adaylar\u0131n e\u015flik partilerini \u00f6n kay\u0131t s\u0131ras\u0131nda g\u00f6ndermeleri gerekir. Adaylar tercih ederlerse kendi e\u015flik\u00e7ilerini sa\u011flayabilir.<\/p>\n<p>Giri\u015f s\u0131navlar\u0131 i\u00e7in sanat dal\u0131 baz\u0131nda haz\u0131rlanmas\u0131 gereken program i\u00e7eriklerine a\u015fa\u011f\u0131daki linklerden ula\u015fabilirsiniz.<\/p>\n<p><strong>\u00a0<\/strong><\/p>\n<p><strong>\u015ean Ana Sanat Dal\u0131<br \/>\n<\/strong><\/p>\n<p>Adaylar\u0131n standart klasik repertuvardan farkl\u0131 d\u00f6nem ve karakterlerde iki eseri ezber olarak icra etmeleri gerekmektedir. Ayr\u0131ca iste\u011fe ba\u011fl\u0131 bir m\u00fczikal tiyatro se\u00e7imi de seslendirebilirler.<\/p>\n<p><strong>Nefesli \u00c7alg\u0131lar Ana Sanat Dal\u0131<\/strong><\/p>\n<p><a href=\"http:\/\/mssf.bilkent.edu.tr\/files\/sinav_programlari\/2021\/Flut.pdf\" target=\"_blank\" rel=\"noopener\">Fl\u00fct Seviye S\u0131nav\u0131<\/a><br \/>\n<a href=\"http:\/\/mssf.bilkent.edu.tr\/files\/sinav_programlari\/2021\/Obua.pdf\" target=\"_blank\" rel=\"noopener\">Obua Seviye S\u0131nav\u0131<\/a><br \/>\n<a href=\"http:\/\/mssf.bilkent.edu.tr\/files\/sinav_programlari\/2021\/Klarnet.pdf\" target=\"_blank\" rel=\"noopener\">Klarnet Seviye S\u0131nav\u0131<\/a><br \/>\n<a href=\"http:\/\/mssf.bilkent.edu.tr\/files\/sinav_programlari\/2021\/Fagot.pdf\" target=\"_blank\" rel=\"noopener\">Fagot Seviye S\u0131nav\u0131<\/a><br \/>\n<a href=\"http:\/\/mssf.bilkent.edu.tr\/files\/sinav_programlari\/2021\/Korno.pdf\" target=\"_blank\" rel=\"noopener\">Korno Seviye S\u0131nav\u0131<\/a><br \/>\n<a href=\"http:\/\/mssf.bilkent.edu.tr\/files\/sinav_programlari\/2021\/Trompet.pdf\" target=\"_blank\" rel=\"noopener\">Trompet Seviye S\u0131nav\u0131<\/a><br \/>\n<a href=\"http:\/\/mssf.bilkent.edu.tr\/files\/sinav_programlari\/2021\/Trombon.pdf\" target=\"_blank\" rel=\"noopener\">Trombon Seviye S\u0131nav\u0131<\/a><br \/>\n<a href=\"http:\/\/mssf.bilkent.edu.tr\/files\/sinav_programlari\/2021\/Tuba.pdf\" target=\"_blank\" rel=\"noopener\">Tuba Seviye S\u0131nav\u0131<\/a><\/p>\n<p><strong>Yayl\u0131 \u00c7alg\u0131lar Ana Sanat Dal\u0131<\/strong><\/p>\n<p><a href=\"http:\/\/mssf.bilkent.edu.tr\/files\/sinav_programlari\/2021\/Keman.pdf\" target=\"_blank\" rel=\"noopener\">Keman Seviye S\u0131nav\u0131<\/a><br \/>\n<a href=\"http:\/\/mssf.bilkent.edu.tr\/files\/sinav_programlari\/2021\/Viyola.pdf\" target=\"_blank\" rel=\"noopener\">Viyola Seviye S\u0131nav\u0131<\/a><br \/>\n<a href=\"http:\/\/mssf.bilkent.edu.tr\/files\/sinav_programlari\/2021\/Viyolonsel.pdf\" target=\"_blank\" rel=\"noopener\">Viyolonsel Seviye S\u0131nav\u0131<\/a><br \/>\n<a href=\"http:\/\/mssf.bilkent.edu.tr\/files\/sinav_programlari\/2021\/Kontrbas.pdf\" target=\"_blank\" rel=\"noopener\">Kontrbas Seviye S\u0131nav\u0131<\/a><\/p>\n<p><strong>Klasik Gitar Ana Sanat Dal\u0131<\/strong><\/p>\n<p><a href=\"http:\/\/mssf.bilkent.edu.tr\/files\/sinav_programlari\/2021\/Klasik_Gitar.pdf\" target=\"_blank\" rel=\"noopener\">Klasik Gitar Seviye S\u0131nav\u0131<\/a><\/p>\n<p><strong>Vurmal\u0131 \u00c7alg\u0131lar Ana Sanat Dal\u0131<\/strong><\/p>\n<p><a href=\"http:\/\/mssf.bilkent.edu.tr\/files\/sinav_programlari\/2021\/Vurmali.pdf\" target=\"_blank\" rel=\"noopener\">Vurmal\u0131 \u00c7alg\u0131lar Seviye S\u0131nav\u0131<\/a><\/p>\n<p><strong>Piyano Ana Sanat Dal\u0131<\/strong><\/p>\n<p>Piyano s\u0131nav\u0131 s\u0131ras\u0131nda \u00f6\u011frencilerden haz\u0131rlad\u0131klar\u0131 program\u0131 komisyon \u00f6n\u00fcnde \u00e7almalar\u0131n\u0131n yan\u0131 s\u0131ra s\u0131nav s\u0131ras\u0131nda verilen eseri de\u015fifre etmeleri de istenmektedir.<\/p>\n<p><a href=\"http:\/\/mssf.bilkent.edu.tr\/files\/sinav_programlari\/2021\/Piyano_Sanat_Dali.pdf\" target=\"_blank\" rel=\"noopener\">Piyano Seviye S\u0131nav\u0131<\/a><\/p>\n<p><strong>Kompozisyon Ana Sanat Dal\u0131<br \/>\n<\/strong><\/p>\n<p>Kompozisyon s\u0131nav\u0131 \u00fc\u00e7 a\u015famadan olu\u015fur. \u0130lk olarak \u00f6\u011frencilerin m\u00fczik teori bilgisi ve kulak alg\u0131s\u0131 \u00f6l\u00e7\u00fcl\u00fcr, ikinci a\u015famada kendilerine \u00e7al\u0131nan bir eseri yaz\u0131l\u0131 olarak analiz etmeleri istenecektir. Son olarak \u00f6\u011frenciler sunduklar\u0131 portfolyo ve m\u00fczikal deneyimleri \u00fczerine bir m\u00fclakata tabi tutulacaklard\u0131r.<\/p>\n<p><a href=\"http:\/\/mssf.bilkent.edu.tr\/files\/sinav%20uygulamalari\/CompositionEnteranceExamSample.docx%20(1).docx.pdf\">Kompozisyon\/Teori Giri\u015f S\u0131nav\u0131 \u00d6rne\u011fi<\/a><\/p>\n<p>Kompozisyon ba\u015fvurular\u0131 ile ilgili <a href=\"https:\/\/bilkentcomposition.wordpress.com\/faq\/\">s\u0131k\u00e7a sorulan sorular<\/a><\/p>\n<p><strong>\u00a0<\/strong><\/p>\n<p><strong>ER\u0130\u015e\u0130M<\/strong><\/p>\n<p>Bilkent \u00dcniversitesi<br \/>\nM\u00fczik ve Sahne Sanatlar\u0131 Fak\u00fcltesi 06800 Bilkent, Ankara<br \/>\nE-posta :\u00a0<a href=\"mailto:mssf@bilkent.edu.tr\">mssf@bilkent.edu.tr<br \/>\n<\/a>Tel : 0(312) 290 1961<br \/>\nFaks : 0(312) 266 4539<\/p>\n<p>Detayl\u0131 bilgi i\u00e7in yukar\u0131da belirtilen telefonlardan M\u00fczik B\u00f6l\u00fcm Ba\u015fkanl\u0131\u011f\u0131na ve Sanat Dal\u0131 Koordinat\u00f6rl\u00fcklerine ula\u015fabilirsiniz.<\/p>\n<p>&nbsp;<\/p>\n<p>&nbsp;<\/p>\n","protected":false},"excerpt":{"rendered":"<p>M\u00fczik ve Sahne Sanatlar\u0131 Fak\u00fcltesi&#8217;nin a\u015fa\u011f\u0131da belirtilen b\u00f6l\u00fcmlerine 2025 &#8211; 2026 Akademik Y\u0131l\u0131&#8217;nda Lisans Haz\u0131rl\u0131k ve Lisans 1 s\u0131n\u0131flar\u0131na SANAT DALI YETENEK ve SEV\u0130YE SINAVLARI ile \u00f6\u011frenci al\u0131nacakt\u0131r. Tiyatro M\u00fczik T\u0130YATRO B\u00d6L\u00dcM\u00dc PROGRAMLARI VE SANAT DALI Oyunculuk \u00d6\u011fretim Program\u0131 Aday\u00a0\u00d6n<\/p>\n","protected":false},"author":1,"featured_media":0,"parent":0,"menu_order":0,"comment_status":"closed","ping_status":"closed","template":"","meta":[],"_links":{"self":[{"href":"https:\/\/adaybilgi.bilkent.edu.tr\/index.php\/wp-json\/wp\/v2\/pages\/404"}],"collection":[{"href":"https:\/\/adaybilgi.bilkent.edu.tr\/index.php\/wp-json\/wp\/v2\/pages"}],"about":[{"href":"https:\/\/adaybilgi.bilkent.edu.tr\/index.php\/wp-json\/wp\/v2\/types\/page"}],"author":[{"embeddable":true,"href":"https:\/\/adaybilgi.bilkent.edu.tr\/index.php\/wp-json\/wp\/v2\/users\/1"}],"replies":[{"embeddable":true,"href":"https:\/\/adaybilgi.bilkent.edu.tr\/index.php\/wp-json\/wp\/v2\/comments?post=404"}],"version-history":[{"count":51,"href":"https:\/\/adaybilgi.bilkent.edu.tr\/index.php\/wp-json\/wp\/v2\/pages\/404\/revisions"}],"predecessor-version":[{"id":3696,"href":"https:\/\/adaybilgi.bilkent.edu.tr\/index.php\/wp-json\/wp\/v2\/pages\/404\/revisions\/3696"}],"wp:attachment":[{"href":"https:\/\/adaybilgi.bilkent.edu.tr\/index.php\/wp-json\/wp\/v2\/media?parent=404"}],"curies":[{"name":"wp","href":"https:\/\/api.w.org\/{rel}","templated":true}]}}