{"id":397,"date":"2016-04-26T14:09:55","date_gmt":"2016-04-26T14:09:55","guid":{"rendered":"https:\/\/adaybilgi.bilkent.edu.tr\/?page_id=397"},"modified":"2025-06-30T13:59:45","modified_gmt":"2025-06-30T13:59:45","slug":"muhendislik-fakultesi","status":"publish","type":"page","link":"https:\/\/adaybilgi.bilkent.edu.tr\/index.php\/muhendislik-fakultesi\/","title":{"rendered":"M\u00fchendislik Fak\u00fcltesi"},"content":{"rendered":"<p>Bilkent \u00dcniversitesi M\u00fchendislik Fak\u00fcltesi&#8217;nde<\/p>\n<ul>\n<li><strong><a href=\"#bilgisayar\">Bilgisayar M\u00fchendisli\u011fi<\/a><\/strong><\/li>\n<li><strong><a href=\"#elektronik\">Elektrik &#8211; Elektronik M\u00fchendisli\u011fi<\/a><\/strong><\/li>\n<li><strong><a href=\"#end\u00fcstri\">End\u00fcstri M\u00fchendisli\u011fi<\/a><\/strong><\/li>\n<li><strong><a href=\"#makine\">Makine M\u00fchendisli\u011fi<\/a><\/strong><\/li>\n<\/ul>\n<p>b\u00f6l\u00fcmleri yer almaktad\u0131r. Her d\u00f6rt b\u00f6l\u00fcmde de lisans, y\u00fcksek lisans ve doktora programlar\u0131 vard\u0131r.<\/p>\n<p><strong><a href=\"http:\/\/www.cs.bilkent.edu.tr\/\" target=\"_blank\" rel=\"noopener\" name=\"bilgisayar\">Bilgisayar M\u00fchendisli\u011fi B\u00f6l\u00fcm\u00fc<\/a><\/strong><\/p>\n<p>Bilgisayar m\u00fchendisleri, bilgi \u00e7a\u011f\u0131n\u0131n temelini olu\u015fturan m\u00fchendislik sistemlerinin tasar\u0131m\u0131 ve yap\u0131m\u0131 i\u00e7in y\u00f6ntemler, algoritmalar ve ileri teknolojiler geli\u015ftirirler; \u00fcretimden savunmaya, t\u0131ptan e\u011fitime kadar bir\u00e7ok alanda teknolojik at\u0131l\u0131mlara \u00f6nc\u00fcl\u00fck ederler. Bilgisayar M\u00fchendisli\u011fi B\u00f6l\u00fcm\u00fc \u00f6\u011frencileri, kuramsal ve uygulamal\u0131 derslerde kazand\u0131klar\u0131 m\u00fchendislik altyap\u0131s\u0131n\u0131 pozitif bilim ve y\u00fcksek teknoloji konular\u0131yla g\u00fc\u00e7lendirdikleri bir sistemde e\u011fitim almaktad\u0131r.<\/p>\n<p>Bilkent \u00dcniversitesi Bilgisayar M\u00fchendisli\u011fi B\u00f6l\u00fcm\u00fc, \u00f6\u011fretim \u00fcyelerinin y\u00fcr\u00fctt\u00fc\u011f\u00fc ve \u00f6\u011frencilerin de kat\u0131ld\u0131\u011f\u0131 ara\u015ft\u0131rma \u00e7al\u0131\u015fmalar\u0131yla bilim literat\u00fcr\u00fcne ve i\u015f \u00e7evrelerine \u00f6nemli katk\u0131larda bulunmaktad\u0131r. S\u00f6z konusu ara\u015ft\u0131rmalar; bilgisayar a\u011flar\u0131, bilgisayar grafi\u011fi, bilgisayarla g\u00f6rme, biyoenformatik, bulut bili\u015fim, b\u00fcy\u00fck veri algoritmalar\u0131, da\u011f\u0131t\u0131k sistemler, internette bilgi eri\u015fimi, makine \u00f6\u011frenmesi, paralel i\u015fleme, performans modellemesi ve analizi, veri bilimi, veri g\u00f6rselle\u015ftirme, veri g\u00fcvenli\u011fi ve gizlili\u011fi, veri madencili\u011fi, veri taban\u0131 sistemleri, yapay zek\u00e2, yaz\u0131l\u0131m m\u00fchendisli\u011fi ve y\u00fcksek ba\u015far\u0131ml\u0131 hesaplama \u00fczerinde yo\u011funla\u015fmaktad\u0131r.<\/p>\n<p>B\u00f6l\u00fcm, d\u00fcnya \u00fcniversitelerindeki m\u00fchendislik, bili\u015fim, uygulamal\u0131 bilimler ve do\u011fa bilimleri programlar\u0131n\u0131n e\u011fitim kalitesini de\u011ferlendiren ABD merkezli ABET <em>(Accreditation Board of Engineering and Technology) <\/em>kurulu\u015fu taraf\u0131ndan akredite edilmi\u015ftir.<\/p>\n<p>Accenture, Alcatel-Lucent, Amazon, Ar\u00e7elik, Apple, Aselsan, AT&amp;T, Ayesa\u015f, Do\u011fu\u015f Teknoloji, Garanti Teknoloji, Google, Havelsan, HP, Huawei, IBM, Intel, Meta, Microsoft, OBSS, Oracle, Roketsan, Siemens, STM, TAI, Turkcell, T\u00dcB\u0130TAK, Vestel ve Vodafone, mezunlar\u0131n \u00e7al\u0131\u015ft\u0131klar\u0131 kurulu\u015flara \u00f6rnektir. Brown, California, Carnegie Mellon, Case Western Reserve, Columbia, Cornell, EPFL, Illinois, Imperial College London, Maryland, MIT, Michigan, North Carolina State, Ohio State, Purdue, Simon Fraser, Stanford ve Washington ise mezunlar\u0131n lisans\u00fcst\u00fc programlara devam etti\u011fi \u00fcniversitelerdendir.<\/p>\n<p><strong><a href=\"http:\/\/www.ee.bilkent.edu.tr\/tr\/\" target=\"_blank\" rel=\"noopener\" name=\"elektronik\">Elektrik &#8211; Elektronik M\u00fchendisli\u011fi B\u00f6l\u00fcm\u00fc<\/a><\/strong><\/p>\n<p>Elektrik &#8211; elektronik m\u00fchendisli\u011finin \u00e7al\u0131\u015fma alanlar\u0131, gelece\u011fe y\u00f6n veren teknolojilerin merkezindedir. Yeni nesil ileti\u015fim sistemleri, makine \u00f6\u011frenmesi, yapay zek\u00e2, b\u00fcy\u00fck veri analizi, modern savunma sistemleri, gezgin internet eri\u015fimi, bili\u015fsel sinirbilim, hassas t\u0131bbi g\u00f6r\u00fcnt\u00fcleme ve uzaktan alg\u0131lama sistemleri, elektrik ve elektronik m\u00fchendislerinin \u00f6nc\u00fcl\u00fck etti\u011fi ileri teknoloji uygulamalar\u0131ndand\u0131r.<\/p>\n<p>Elektrik &#8211; Elektronik M\u00fchendisli\u011fi B\u00f6l\u00fcm\u00fc, bilimsel atmosferi ve teknolojik olanaklar\u0131yla ileri d\u00fczeyde bir m\u00fchendislik e\u011fitimi vermektedir. \u00d6\u011frenciler, ara\u015ft\u0131rmac\u0131 kimlikleriyle \u00f6ne \u00e7\u0131kan, modern m\u00fchendislik uygulamalar\u0131 geli\u015ftirebilen m\u00fchendisler ve bilim insanlar\u0131 olarak yeti\u015fir.<\/p>\n<p>B\u00f6l\u00fcm\u00fcn akademik kadrosu, bilimsel \u00e7al\u0131\u015fmalar\u0131yla d\u00fcnyaca tan\u0131nmaktad\u0131r. \u00d6\u011fretim \u00fcyelerince kurulan ve y\u00f6netilen Nanoteknoloji Ara\u015ft\u0131rma Merkezi ve Ulusal Manyetik Rezonans Ara\u015ft\u0131rma Merkezi\u2019nde \u00fclkemizin bir\u00e7ok \u00f6nemli projesi y\u00fcr\u00fct\u00fclmektedir.<\/p>\n<p>B\u00f6l\u00fcm d\u00fcnya \u00fcniversitelerindeki m\u00fchendislik, bili\u015fim, uygulamal\u0131 bilimler ve do\u011fa bilimleri programlar\u0131n\u0131n e\u011fitim kalitesini de\u011ferlendiren ABD merkezli ABET (<em>Accreditation Board of Engineering and Technology<\/em>) kurulu\u015fu taraf\u0131ndan akredite edilmi\u015ftir.<\/p>\n<p>Lisans\u00fcst\u00fc e\u011fitime y\u00f6nelen mezunlar Caltech, Carnegie Mellon, Cornell, EPFL, Georgia Tech, Harvard, Imperial College London, Johns Hopkins, Maryland, MIT, Ohio State, Princeton, Stanford, UC Berkeley ve UCLA gibi prestijli \u00fcniversitelerde \u00f6\u011frenim g\u00f6rmektedir. Birikimlerini i\u015f d\u00fcnyas\u0131nda de\u011ferlendirenler ise Apple, Hewlett-Packard, IBM, Intel, Microsoft, Nvidia, Philips, Schlumberger, Siemens, Tesla, Texas Instruments, Aselsan, Havelsan, Karel, Meteksan Savunma, Roketsan, Turkcell ve T\u00fcrk Telekom gibi lider \u015firketlerin kadrolar\u0131ndad\u0131r.<\/p>\n<p><strong> <a href=\"https:\/\/w3.ie.bilkent.edu.tr\/en\/\" target=\"_blank\" rel=\"noopener\" name=\"end\u00fcstri\">End\u00fcstri M\u00fchendisli\u011fi B\u00f6l\u00fcm\u00fc<\/a><\/strong><\/p>\n<p>End\u00fcstri m\u00fchendisli\u011fi; teknoloji, insan g\u00fcc\u00fc, hammadde, bilgi, enerji ve para gibi kaynaklar\u0131 \u00fcr\u00fcn ve hizmet \u00fcretimine d\u00f6n\u00fc\u015ft\u00fcren sistemleri inceler. End\u00fcstri m\u00fchendisleri, hemen her i\u015fkolunun temel de\u011fi\u015fkenleri olan bu sistemleri tasarlar, i\u015fletir ve y\u00f6netirler. \u00dcretimden finansa, lojistikten bili\u015fime, savunma teknolojilerinden dan\u0131\u015fmanl\u0131\u011fa, sa\u011fl\u0131ktan telekom\u00fcnikasyona uzanan bir\u00e7ok sekt\u00f6rde \u00f6nemli g\u00f6revler \u00fcstlenirler.<\/p>\n<p>\u0130leri imalat ve servis sistemleri tasar\u0131m\u0131, bilgisayar destekli sim\u00fclasyon, karar destek sistemleri, optimizasyon ve uygulamalar\u0131, tedarik zinciri y\u00f6netimi, lojistik ve da\u011f\u0131t\u0131m sistemleri tasar\u0131m\u0131, olas\u0131l\u0131k temelli modeller ve uygulamalar, modern \u00fcretim y\u00f6netimi sistemleri, ileri \u00fcretim teknolojileri, sa\u011fl\u0131k sistemleri y\u00f6netimi, enerji sistemleri, operasyon y\u00f6netimi ve s\u00fcrd\u00fcr\u00fclebilir kalk\u0131nma, b\u00f6l\u00fcmdeki e\u011fitim ve ara\u015ft\u0131rma etkinliklerinin temelini olu\u015fturan konu ba\u015fl\u0131klar\u0131d\u0131r.<\/p>\n<p>End\u00fcstri M\u00fchendisli\u011fi B\u00f6l\u00fcm\u00fc, d\u00fcnya \u00fcniversitelerindeki m\u00fchendislik, bili\u015fim, uygulamal\u0131 bilimler ve do\u011fa bilimleri programlar\u0131n\u0131n e\u011fitim kalitesini de\u011ferlendiren ABD merkezli ABET (<em>Accreditation Board of Engineering and Technology<\/em>) kurulu\u015fu taraf\u0131ndan akredite edilmi\u015ftir.<\/p>\n<p>Apple, Amazon, Bosch, Danone, Deloitte, Ford, Goldman Sachs, Google, IBM, Johnson &amp; Johnson, McKinsey &amp; Company, Merrill Lynch, Meta, Microsoft, Oracle, PepsiCo, Pfizer, Procter &amp; Gamble, Sanofi, Toyota, Unilever,Yahoo gibi uluslararas\u0131 \u015firketler ve Eczac\u0131ba\u015f\u0131, Garanti BBVA, Ko\u00e7 Holding, Sabanc\u0131 Holding, Turkcell, THY, T\u00fcrk Telekom, T\u00fcrkiye \u0130\u015f Bankas\u0131, Vestel gibi \u00fclkemizin d\u00fcnyaya a\u00e7\u0131lan kurulu\u015flar\u0131 Bilkentli end\u00fcstri m\u00fchendisleriyle \u00e7al\u0131\u015fmaktad\u0131r. Carnegie Mellon, Chicago, Columbia, Cornell, Duke, EPFL, Georgia Tech, INSEAD, LBS, MIT, Princeton, UC Berkeley, UCLA ve Stanford \u00fcniversiteleri ise lisans\u00fcst\u00fc programlara devam eden mezunlar\u0131n tercihlerindendir.<\/p>\n<p><strong><a href=\"http:\/\/me.bilkent.edu.tr\/\" target=\"_blank\" rel=\"noopener\" name=\"makine\">Makine M\u00fchendisli\u011fi B\u00f6l\u00fcm\u00fc<\/a><\/strong><\/p>\n<p>En k\u00f6kl\u00fc m\u00fchendislik dallar\u0131ndan biri olan makine m\u00fchendisli\u011fi, mekanik ve enerji d\u00f6n\u00fc\u015f\u00fcm sistemlerinin analizi, tasar\u0131m\u0131 ve \u00fcretimine odaklan\u0131r. Makine m\u00fchendisleri, savunma ve uzay teknolojilerinden t\u0131bbi uygulamalar ve ula\u015f\u0131m sistemlerine kadar end\u00fcstrinin hemen her kolunda stratejik g\u00f6revler \u00fcstlenmektedir.<\/p>\n<p>Makine M\u00fchendisli\u011fi B\u00f6l\u00fcm\u00fc, d\u00fcnya \u00fcniversitelerindeki m\u00fchendislik, bili\u015fim, uygulamal\u0131 bilimler ve do\u011fa bilimleri programlar\u0131n\u0131n e\u011fitim kalitesini de\u011ferlendiren ABET (<em>Accreditation Board of Engineering and Technology<\/em>) kurulu\u015fu taraf\u0131ndan akredite edilmi\u015ftir.<\/p>\n<p>B\u00f6l\u00fcmde y\u00fcr\u00fct\u00fclen ara\u015ft\u0131rmalar termodinamik, ak\u0131\u015fkanlar mekani\u011fi, \u0131s\u0131 transferi, kontrol sistemleri, \u00fcretim, nanomekanik, dinamik sistemler, robotik ve hesaplamal\u0131 mekanik gibi alanlara yay\u0131lmaktad\u0131r. E\u011fitim program\u0131, bu alanlar\u0131n birbirleri ve di\u011fer bilim dallar\u0131yla ba\u011flant\u0131lar\u0131na disiplinleraras\u0131 bir \u00f6l\u00e7ekte yakla\u015fmaktad\u0131r. De\u011fi\u015fik disiplinlerle etkile\u015fim, \u00f6\u011frencilerin makine m\u00fchendisli\u011fi prensiplerini farkl\u0131 bilimsel ve teknolojik platformlara yans\u0131tabilmesine olanak tan\u0131r. \u00d6rne\u011fin, molek\u00fcler biyolojide h\u00fccre dondurarak kanser tedavisi ve yumu\u015fak doku korunmas\u0131nda a\u015famalar kaydedilmektedir. Is\u0131 transferinin bu s\u00fcre\u00e7teki i\u015flevi, makine m\u00fchendisli\u011finin di\u011fer bilimlerle b\u00fct\u00fcnle\u015ferek insanl\u0131\u011fa sa\u011flad\u0131\u011f\u0131 katk\u0131lardan biridir.<\/p>\n<p>\u00d6\u011frenciler, bilimsel ve teknolojik geli\u015fmeleri ileri m\u00fchendislik sistemlerine uygulayacaklar\u0131 bir altyap\u0131yla diploma almaktad\u0131r. Mezunlar, \u00e7al\u0131\u015ft\u0131klar\u0131 kurumlar\u0131n ara\u015ft\u0131rma-geli\u015ftirme, tasar\u0131m, imalat ve planlama etkinliklerinde lider konumlar\u0131 hedeflemektedir. Akademik kariyere y\u00f6nelenler ise tan\u0131nm\u0131\u015f \u00fcniversitelerin y\u00fcksek lisans ve doktora programlar\u0131n\u0131 tercih etmektedir.<\/p>\n<p>Ar\u00e7elik, Aselsan, Bosch, FNSS, Ford Otosan, Google, Meteksan Savunma, Renault, Roketsan, Siemens, TAI, Vestel ve Yandex, mezunlar\u0131n g\u00f6rev yapt\u0131\u011f\u0131 firmalara \u00f6rnektir. Boston, Caltech, Friderich Schiller, Groningen, KU Leuven, McGill, Milano Politeknik, MIT, Stanford, Tilburg ve UC Berkeley ise mezunlar\u0131n lisans\u00fcst\u00fc \u00e7al\u0131\u015fmalarda bulundu\u011fu \u00fcniversitelerdendir.<\/p>\n","protected":false},"excerpt":{"rendered":"<p>Bilkent \u00dcniversitesi M\u00fchendislik Fak\u00fcltesi&#8217;nde Bilgisayar M\u00fchendisli\u011fi Elektrik &#8211; Elektronik M\u00fchendisli\u011fi End\u00fcstri M\u00fchendisli\u011fi Makine M\u00fchendisli\u011fi b\u00f6l\u00fcmleri yer almaktad\u0131r. Her d\u00f6rt b\u00f6l\u00fcmde de lisans, y\u00fcksek lisans ve doktora programlar\u0131 vard\u0131r. Bilgisayar M\u00fchendisli\u011fi B\u00f6l\u00fcm\u00fc Bilgisayar m\u00fchendisleri, bilgi \u00e7a\u011f\u0131n\u0131n temelini olu\u015fturan m\u00fchendislik sistemlerinin tasar\u0131m\u0131<\/p>\n","protected":false},"author":1,"featured_media":0,"parent":0,"menu_order":0,"comment_status":"closed","ping_status":"closed","template":"","meta":[],"_links":{"self":[{"href":"https:\/\/adaybilgi.bilkent.edu.tr\/index.php\/wp-json\/wp\/v2\/pages\/397"}],"collection":[{"href":"https:\/\/adaybilgi.bilkent.edu.tr\/index.php\/wp-json\/wp\/v2\/pages"}],"about":[{"href":"https:\/\/adaybilgi.bilkent.edu.tr\/index.php\/wp-json\/wp\/v2\/types\/page"}],"author":[{"embeddable":true,"href":"https:\/\/adaybilgi.bilkent.edu.tr\/index.php\/wp-json\/wp\/v2\/users\/1"}],"replies":[{"embeddable":true,"href":"https:\/\/adaybilgi.bilkent.edu.tr\/index.php\/wp-json\/wp\/v2\/comments?post=397"}],"version-history":[{"count":18,"href":"https:\/\/adaybilgi.bilkent.edu.tr\/index.php\/wp-json\/wp\/v2\/pages\/397\/revisions"}],"predecessor-version":[{"id":3568,"href":"https:\/\/adaybilgi.bilkent.edu.tr\/index.php\/wp-json\/wp\/v2\/pages\/397\/revisions\/3568"}],"wp:attachment":[{"href":"https:\/\/adaybilgi.bilkent.edu.tr\/index.php\/wp-json\/wp\/v2\/media?parent=397"}],"curies":[{"name":"wp","href":"https:\/\/api.w.org\/{rel}","templated":true}]}}