{"id":381,"date":"2016-04-26T13:44:25","date_gmt":"2016-04-26T13:44:25","guid":{"rendered":"https:\/\/adaybilgi.bilkent.edu.tr\/?page_id=381"},"modified":"2025-06-30T14:06:58","modified_gmt":"2025-06-30T14:06:58","slug":"iktisadi-idari-ve-sosyal-bilimler-fakultesi","status":"publish","type":"page","link":"https:\/\/adaybilgi.bilkent.edu.tr\/index.php\/iktisadi-idari-ve-sosyal-bilimler-fakultesi\/","title":{"rendered":"\u0130ktisadi, \u0130dari ve Sosyal Bilimler Fak\u00fcltesi"},"content":{"rendered":"<p>Bilkent \u00dcniversitesi \u0130ktisadi, \u0130dari ve Sosyal Bilimler Fak\u00fcltesi,<\/p>\n<ul>\n<li><a href=\"#iktisat\">\u0130ktisat<\/a><\/li>\n<li><a href=\"#psy\">Psikoloji<\/a><\/li>\n<li><a href=\"#siyaset\">Siyaset Bilimi ve Kamu Y\u00f6netimi<\/a><\/li>\n<li><a href=\"#uluslararas\u0131\">Uluslararas\u0131 \u0130li\u015fkiler<\/a><\/li>\n<\/ul>\n<p>b\u00f6l\u00fcmlerinden olu\u015fmaktad\u0131r.<\/p>\n<p><a href=\"http:\/\/www.econ.bilkent.edu.tr\/\" target=\"_blank\" rel=\"noopener\" name=\"iktisat\"><strong>\u0130ktisat B\u00f6l\u00fcm\u00fc<\/strong><\/a><strong><br \/>\n<\/strong><\/p>\n<p>\u0130ktisat, insan davran\u0131\u015flar\u0131n\u0131, etkilendikleri fakt\u00f6rler ve ortaya \u00e7\u0131kartt\u0131klar\u0131 sonu\u00e7larla bir b\u00fct\u00fcn olarak inceleyen bilimdir. \u0130ktisat B\u00f6l\u00fcm\u00fc, \u00f6\u011fretim anlay\u0131\u015f\u0131n\u0131 hem bir d\u00fc\u015f\u00fcnme \u015fekli olarak iktisat\u00e7\u0131l\u0131\u011f\u0131 kavram\u0131\u015f hem de ya\u015fad\u0131\u011f\u0131 d\u00fcnyay\u0131 bu anlay\u0131\u015fla yorumlayabilen \u00f6\u011frenciler yeti\u015ftirmek \u00fczerine kurmu\u015ftur.<\/p>\n<p>Neden baz\u0131 insanlar\u0131n gelirleri y\u00fcksek, baz\u0131lar\u0131n\u0131n d\u00fc\u015f\u00fckt\u00fcr? \u015eirketlerin iflas olas\u0131l\u0131kl\u0131lar\u0131n\u0131 yine \u015firketlerin hisse fiyatlar\u0131 ve tahvil faizleri \u00fczerinden \u00f6l\u00e7ebilir miyiz? Neden baz\u0131 \u00fclkelerde y\u00fcksek enflasyon, di\u011ferlerinde d\u00fc\u015f\u00fck enflasyon sorunlar\u0131 var? Merkez bankalar\u0131 bu sorunlar\u0131 \u00e7\u00f6zmek i\u00e7in neler yapabilir? De\u011fi\u015fik iktisat politikalar\u0131 milli geliri, i\u015fsizli\u011fi, d\u00f6viz kurlar\u0131n\u0131, d\u0131\u015f ticaret dengesini, gelir da\u011f\u0131l\u0131m\u0131n\u0131 nas\u0131l etkiler? \u0130\u015f birli\u011fiyle \u00fcretilen bir \u00fcr\u00fcnden elde edilen k\u00e2r\u0131n adil payla\u015f\u0131m\u0131 nas\u0131l olmal\u0131d\u0131r? Satmak istedi\u011fimiz bir mal\u0131 nas\u0131l bir ihale y\u00f6ntemiyle satmal\u0131y\u0131z? \u0130ktisat biliminin yay\u0131ld\u0131\u011f\u0131 alan\u0131n k\u00fc\u00e7\u00fck bir k\u0131sm\u0131n\u0131 \u00f6rnekleyen bu sorular\u0131n g\u00f6sterdi\u011fi gibi, iktisat\u00e7\u0131l\u0131k d\u00fcnyay\u0131 anlama, anlad\u0131\u011f\u0131 i\u00e7in de\u011fi\u015ftirebilme i\u015fidir ve \u0130ktisat B\u00f6l\u00fcm\u00fc\u2019nde bu \u015fekilde \u00e7al\u0131\u015f\u0131l\u0131p \u00f6\u011fretilmektedir.<\/p>\n<p>B\u00f6l\u00fcm, \u00f6\u011frencilerine T\u00fcrkiye ve d\u00fcnya ekonomisini yorumlayabilecekleri, nicel ara\u015ft\u0131rmalar yapabilecekleri bir altyap\u0131 kazand\u0131rmaktad\u0131r. Temel ekonomi kuram\u0131, ekonomilerin i\u015fleyi\u015fi ve iktisad\u0131n alt dallar\u0131 etraf\u0131nda bi\u00e7imlenen e\u011fitim program\u0131, finans piyasalar\u0131, kamu maliyesi, oyun kuram\u0131, rekabet ekonomisi, end\u00fcstriyel ve uluslararas\u0131 iktisat gibi g\u00fcncel konularla desteklenmektedir.<\/p>\n<p>Edindikleri \u00e7ok y\u00f6nl\u00fc birikim, mezunlara Barcelona, Bocconi, Brown, Cambridge, Duke, Harvard, London School of Economics and Political Science, MIT, M\u00fcnih, Princeton, Stanford, Stockholm ve Yale gibi \u00fcniversitelerin yan\u0131 s\u0131ra Accenture, Allianz, Borsa \u0130stanbul, Citi Group, Enerjisa, ING Bank, KPMG, Merrill Lynch, PepsiCo, Sermaye Piyasas\u0131 Kurulu, Turkcell, T\u00fcrkiye Cumhuriyet Merkez Bankas\u0131 ve Vodafone gibi kurumlar\u0131n kap\u0131lar\u0131n\u0131 a\u00e7maktad\u0131r.<\/p>\n<p><a href=\"http:\/\/www.psy.bilkent.edu.tr\/?lang=tr\" target=\"_blank\" rel=\"noopener\" name=\"psy\"><strong>Psikoloji B\u00f6l\u00fcm\u00fc<\/strong><\/a><\/p>\n<p>Psikoloji, ak\u0131l ve davran\u0131\u015flar\u0131 inceleyen bir bilim dal\u0131d\u0131r. Alg\u0131, \u00f6\u011frenme, hat\u0131rlama ve problem \u00e7\u00f6zme gibi bili\u015fsel s\u00fcre\u00e7ler yard\u0131m\u0131yla beyin ile davran\u0131\u015flar aras\u0131ndaki ili\u015fkiyi ayd\u0131nlat\u0131r.<\/p>\n<p>\u0130nsan fakt\u00f6r\u00fcn\u00fcn oldu\u011fu her alan\u0131 bulgular\u0131yla destekleyen bu bilim, uzmanl\u0131k gerektiren uygulama sahalar\u0131yla modern ya\u015famda ve bilim d\u00fcnyas\u0131nda \u00f6nemli bir role sahiptir. \u00d6rne\u011fin, end\u00fcstriyel ve \u00f6rg\u00fctsel psikoloji i\u015f ya\u015fam\u0131n\u0131n merkezindeki insan etmenini ele al\u0131r. Klinik psikoloji, bireyin davran\u0131\u015f, d\u00fc\u015f\u00fcnce ve duygu evreninin derinliklerine iner. Sa\u011fl\u0131k psikolojisi ise hasta-hekim ili\u015fkileri ve sa\u011fl\u0131k politikalar\u0131 gibi ba\u015fl\u0131klara katk\u0131da bulunur.<\/p>\n<p>Psikoloji B\u00f6l\u00fcm\u00fc, \u00f6zg\u00fcn e\u011fitim program\u0131 ve zengin laboratuvar olanaklar\u0131yla \u00f6\u011frenciler i\u00e7in heyecan verici bir se\u00e7enektir. Program\u0131n ilk y\u0131l\u0131 psikolojiye giri\u015f niteli\u011findeki derslerden olu\u015fur. \u0130kinci senenin odak noktalar\u0131 beyin ve davran\u0131\u015f, bili\u015fsel psikoloji, sosyal psikoloji ve geli\u015fim psikolojisidir. Sonraki y\u0131l\u0131n ba\u015fl\u0131ca konular\u0131 alg\u0131, \u00f6\u011frenme, hat\u0131rlama, d\u00fc\u015f\u00fcnme, ki\u015filik, n\u00f6robiyoloji ve anormallik psikolojisidir. Son s\u0131n\u0131fta ise her \u00f6\u011frenci bir \u00f6\u011fretim \u00fcyesi dan\u0131\u015fmanl\u0131\u011f\u0131nda bitirme tezi yazarak bilimsel ara\u015ft\u0131rma d\u00fcnyas\u0131na ad\u0131m atar.<\/p>\n<p>Psikoloji bilimi, g\u00fcn\u00fcm\u00fczde yank\u0131 uyand\u0131ran at\u0131l\u0131mlara sahne olmaktad\u0131r. Beyin g\u00f6r\u00fcnt\u00fcleme teknikleri sayesinde ak\u0131l ve davran\u0131\u015flar\u0131n beyindeki temellerine dair ayr\u0131nt\u0131l\u0131 bilgiler sa\u011flanmakta, insan\u0131n zihinsel potansiyeline, \u00f6\u011frenmeye ve ilerlemeye a\u00e7\u0131kl\u0131\u011f\u0131na y\u00f6nelik bulgular elde edilmektedir. B\u00f6l\u00fcm\u00fcn \u00f6\u011fretim \u00fcyeleri, n\u00f6robilim \u00fczerinde yo\u011funla\u015fan bu \u00e7al\u0131\u015fmalar\u0131 \u00fcniversite b\u00fcnyesindeki Ulusal Manyetik Rezonans Ara\u015ft\u0131rma Merkezi\u2019nde ger\u00e7ekle\u015ftirmektedir.<\/p>\n<p>Bu b\u00f6l\u00fcm\u00fcn mezunlar\u0131, insan\u0131n davran\u0131\u015f, tutum ve d\u00fc\u015f\u00fcncelerini bi\u00e7imlendiren neden ve s\u00fcre\u00e7lere h\u00e2kimiyetleriyle hemen her sekt\u00f6rde ihtiya\u00e7 duyulan ki\u015filerdir.<\/p>\n<p><a href=\"http:\/\/pols.bilkent.edu.tr\/\" target=\"_blank\" rel=\"noopener\" name=\"siyaset\"><strong>Siyaset Bilimi ve Kamu Y\u00f6netimi B\u00f6l\u00fcm\u00fc<\/strong><\/a><\/p>\n<p>Siyaset Bilimi ve Kamu Y\u00f6netimi B\u00f6l\u00fcm\u00fc, kar\u015f\u0131la\u015ft\u0131rmal\u0131 siyaset, T\u00fcrkiye\u2019de siyasal hayat, siyasal kuram, sosyal ve k\u00fclt\u00fcrel \u00e7al\u0131\u015fmalar ve kamu politikalar\u0131 ba\u015fl\u0131klar\u0131na yo\u011funla\u015fan, g\u00fcncel ve dinamik bir e\u011fitim program\u0131 uygulamaktad\u0131r. \u00d6\u011fretim \u00fcyeleri, bu alanlarda s\u00fcrd\u00fcrd\u00fckleri ara\u015ft\u0131rmalarla, yazd\u0131klar\u0131 bilimsel makale ve kitaplarla, kurduklar\u0131 ulusal ve uluslararas\u0131 ara\u015ft\u0131rma i\u015fbirlikleriyle \u00f6ne \u00e7\u0131kmaktad\u0131r.<\/p>\n<p>B\u00f6l\u00fcm\u00fcn lisans program\u0131, \u00fclkemizde ve d\u00fcnyada \u00e7a\u011fda\u015f devletlerin geli\u015fimleri, farkl\u0131la\u015fan siyasal rejimler ve h\u00fck\u00fcmet sistemleri, devletin toplum ve ekonomiyle ili\u015fkisi, siyasal temsil ve kat\u0131l\u0131m, y\u00f6neti\u015fim yap\u0131lar\u0131 ve kamu politikalar\u0131na odaklanan derslerden olu\u015fur. Disiplinleraras\u0131 bir \u00f6\u011fretim ortam\u0131nda siyaset biliminin yan\u0131 s\u0131ra iktisat, hukuk, uluslararas\u0131 ili\u015fkiler ve sosyoloji gibi alanlardan da se\u00e7meli dersler alabilen \u00f6\u011frenciler, yerel ve k\u00fcresel d\u00fczeyde ya\u015fam\u0131n her alan\u0131n\u0131 etkileyen sorunlara kan\u0131ta dayal\u0131 \u00e7\u00f6z\u00fcmler geli\u015ftirebilecek ve uygulayabilecek niteliklerle mezun olmaktad\u0131r.<\/p>\n<p>B\u00f6l\u00fcm mezunlar\u0131, kariyerlerini kamu b\u00fcrokrasisinden uluslararas\u0131 \u00f6rg\u00fctlere, akademik d\u00fcnyadan \u00f6zel sekt\u00f6re uzanan geni\u015f bir yelpazede s\u00fcrd\u00fcrmektedir. Mezunlar\u0131n g\u00f6rev yapt\u0131\u011f\u0131 kamu kurumlar\u0131na T.C. Cumhurba\u015fkanl\u0131\u011f\u0131, T.C. D\u0131\u015fi\u015fleri Bakanl\u0131\u011f\u0131, T.C. \u0130\u00e7i\u015fleri Bakanl\u0131\u011f\u0131, T\u00fcrkiye Cumhuriyet Merkez Bankas\u0131 ve Rekabet Kurumu \u00f6rnek g\u00f6sterilebilir.<\/p>\n<p>Aselsan, Eczac\u0131ba\u015f\u0131, Ernst &amp; Young, Meta, Siemens ve THY ile Avrupa Birli\u011fi T\u00fcrkiye Delegasyonu, Birle\u015fmi\u015f Milletler (BM) Kalk\u0131nma Program\u0131, BM M\u00fclteciler Y\u00fcksek Komiserli\u011fi, D\u00fcnya Sa\u011fl\u0131k \u00d6rg\u00fct\u00fc, NATO ve Uluslararas\u0131 \u00c7al\u0131\u015fma \u00d6rg\u00fct\u00fc, mezunlar\u0131n \u00e7al\u0131\u015ft\u0131\u011f\u0131 di\u011fer \u015firketler ve kurumlar aras\u0131ndad\u0131r. London School of Economics and Political Science, McGill, Georgetown, Amsterdam ve Stanford ise lisans\u00fcst\u00fc e\u011fitimlerine devam eden mezunlar\u0131n tercih etti\u011fi \u00fcniversitelerdendir.<\/p>\n<p><a href=\"http:\/\/www.bilkent.edu.tr\/~ir\" target=\"_blank\" rel=\"noopener\" name=\"uluslararas\u0131\"><strong>Uluslararas\u0131 \u0130li\u015fkiler B\u00f6l\u00fcm\u00fc<\/strong><\/a><\/p>\n<p>Uluslararas\u0131 ili\u015fkiler; k\u00fcresel ve b\u00f6lgesel d\u00fczeydeki politik, ekonomik ve sosyal geli\u015fmeleri, devletlerin, uluslararas\u0131 \u00f6rg\u00fctlerin ve di\u011fer g\u00fc\u00e7lerin birbirleriyle olan ili\u015fkilerini, uluslararas\u0131 anla\u015fmazl\u0131k ve i\u015fbirli\u011fi dinamiklerini ara\u015ft\u0131ran bir bilim dal\u0131d\u0131r.<\/p>\n<p>Uluslararas\u0131 \u0130li\u015fkiler B\u00f6l\u00fcm\u00fc, bu disiplinin kuramsal yakla\u015f\u0131mlar\u0131n\u0131 T\u00fcrk d\u0131\u015f politikas\u0131 ve d\u00fcnya politikas\u0131n\u0131n uygulama alanlar\u0131na yans\u0131tabilen mezunlar vermektedir. Lisans program\u0131, \u00f6\u011frencileri uluslararas\u0131 dinamiklere ve politik geli\u015fmelere bilimsel yakla\u015fabilecekleri bilgi seviyesine ula\u015ft\u0131r\u0131r.<\/p>\n<p>\u00d6\u011frenciler, uluslararas\u0131 g\u00fcvenlik, d\u0131\u015f politika, politik ekonomi, \u00e7at\u0131\u015fma, insan haklar\u0131, \u00e7evre ve g\u00f6\u00e7 gibi genel konular\u0131n\u0131n yan\u0131 s\u0131ra Avrupa Birli\u011fi, Rusya, Orta Asya ve Orta Do\u011fu gibi T\u00fcrkiye\u2019nin stratejik konumunu yak\u0131ndan ilgilendiren alan \u00e7al\u0131\u015fmalar\u0131nda y\u00fcksek d\u00fczey sorumluluk alabilecek bi\u00e7imde yeti\u015firler. K\u00fcresel, b\u00f6lgesel ve T\u00fcrkiye\u2019ye \u00f6zg\u00fc dinamikler konusunda meslek hayatlar\u0131 boyunca kullanabilecekleri donan\u0131ma sahip olarak da mezun olurlar.<\/p>\n<p>Bilkent \u00dcniversitesi Uluslararas\u0131 \u0130li\u015fkiler B\u00f6l\u00fcm\u00fc, yay\u0131nlar\u0131 d\u00fcnyaca okunan \u00f6\u011fretim \u00fcyeleri ve prestijli kurulu\u015flarda g\u00f6rev yapan mezunlar\u0131yla \u00fclkemizde \u00f6nde gelen b\u00f6l\u00fcmlerdendir. Mezunlar\u0131n \u00e7al\u0131\u015ft\u0131klar\u0131 kurumlara T.C. Cumhurba\u015fkanl\u0131\u011f\u0131, D\u0131\u015fi\u015fleri Bakanl\u0131\u011f\u0131, Mill\u00ee Savunma Bakanl\u0131\u011f\u0131, Ticaret Bakanl\u0131\u011f\u0131, Mill\u00ee \u0130stihbarat Te\u015fkilat\u0131, Avrupa Birli\u011fi T\u00fcrkiye Delegasyonu, Birle\u015fmi\u015f Milletler Kalk\u0131nma Program\u0131, Bankac\u0131l\u0131k D\u00fczenleme ve Denetleme Kurumu, Aselsan, Enerjisa, Amazon, T\u00fcrk Hava Yollar\u0131 ve T\u00fcrkiye \u0130\u015f Bankas\u0131 \u00f6rnek g\u00f6sterilebilir.<\/p>\n<p>Mezunlar, y\u00fcksek lisans ve doktora i\u00e7in Cambridge, Georgetown, Harvard, Johns Hopkins, Pittsburgh, Toronto, Yale, Leiden, London School of Economics and Political Science, Nottingham ve Sciences Po gibi \u00fcniversiteleri tercih etmektedir.<\/p>\n","protected":false},"excerpt":{"rendered":"<p>Bilkent \u00dcniversitesi \u0130ktisadi, \u0130dari ve Sosyal Bilimler Fak\u00fcltesi, \u0130ktisat Psikoloji Siyaset Bilimi ve Kamu Y\u00f6netimi Uluslararas\u0131 \u0130li\u015fkiler b\u00f6l\u00fcmlerinden olu\u015fmaktad\u0131r. \u0130ktisat B\u00f6l\u00fcm\u00fc \u0130ktisat, insan davran\u0131\u015flar\u0131n\u0131, etkilendikleri fakt\u00f6rler ve ortaya \u00e7\u0131kartt\u0131klar\u0131 sonu\u00e7larla bir b\u00fct\u00fcn olarak inceleyen bilimdir. \u0130ktisat B\u00f6l\u00fcm\u00fc, \u00f6\u011fretim anlay\u0131\u015f\u0131n\u0131 hem<\/p>\n","protected":false},"author":1,"featured_media":0,"parent":0,"menu_order":0,"comment_status":"closed","ping_status":"closed","template":"","meta":[],"_links":{"self":[{"href":"https:\/\/adaybilgi.bilkent.edu.tr\/index.php\/wp-json\/wp\/v2\/pages\/381"}],"collection":[{"href":"https:\/\/adaybilgi.bilkent.edu.tr\/index.php\/wp-json\/wp\/v2\/pages"}],"about":[{"href":"https:\/\/adaybilgi.bilkent.edu.tr\/index.php\/wp-json\/wp\/v2\/types\/page"}],"author":[{"embeddable":true,"href":"https:\/\/adaybilgi.bilkent.edu.tr\/index.php\/wp-json\/wp\/v2\/users\/1"}],"replies":[{"embeddable":true,"href":"https:\/\/adaybilgi.bilkent.edu.tr\/index.php\/wp-json\/wp\/v2\/comments?post=381"}],"version-history":[{"count":12,"href":"https:\/\/adaybilgi.bilkent.edu.tr\/index.php\/wp-json\/wp\/v2\/pages\/381\/revisions"}],"predecessor-version":[{"id":3572,"href":"https:\/\/adaybilgi.bilkent.edu.tr\/index.php\/wp-json\/wp\/v2\/pages\/381\/revisions\/3572"}],"wp:attachment":[{"href":"https:\/\/adaybilgi.bilkent.edu.tr\/index.php\/wp-json\/wp\/v2\/media?parent=381"}],"curies":[{"name":"wp","href":"https:\/\/api.w.org\/{rel}","templated":true}]}}