{"id":370,"date":"2016-04-26T13:16:08","date_gmt":"2016-04-26T13:16:08","guid":{"rendered":"https:\/\/adaybilgi.bilkent.edu.tr\/?page_id=370"},"modified":"2024-05-21T08:31:49","modified_gmt":"2024-05-21T08:31:49","slug":"guzel-sanatlar-tasarim-ve-mimarlik-fakultesi-hakkinda-sikca-sorulan-sorular","status":"publish","type":"page","link":"https:\/\/adaybilgi.bilkent.edu.tr\/index.php\/guzel-sanatlar-tasarim-ve-mimarlik-fakultesi-hakkinda-sikca-sorulan-sorular\/","title":{"rendered":"G\u00fczel Sanatlar, Tasar\u0131m ve Mimarl\u0131k Fak\u00fcltesi Hakk\u0131nda S\u0131k\u00e7a Sorulan Sorular"},"content":{"rendered":"<p><strong>1) Hangi B\u00f6l\u00fcmlere \u00f6nkay\u0131t ile ba\u015fvurabiliriz? <\/strong><br \/>\nG\u00fczel Sanatlar b\u00f6l\u00fcm\u00fcm\u00fcze \u00f6n kay\u0131t ile \u00a0<strong><a href=\"https:\/\/stars.bilkent.edu.tr\/basvuru\">https:\/\/stars.bilkent.edu.tr\/basvuru<\/a><\/strong> \u00a0adresinden ba\u015fvurabilirsiniz. \u0130\u00e7 Mimarl\u0131k ve \u00c7evre Tasar\u0131m\u0131, \u0130leti\u015fim ve Tasar\u0131m\u0131, Kentsel Tasar\u0131m ve Peyzaj Mimarisi, Mimarl\u0131k ve Grafik Tasar\u0131m\u0131 b\u00f6l\u00fcmlerimiz merkezi yerle\u015ftirme ile \u00f6\u011frenci almaktad\u0131r.<\/p>\n<p><strong>2) Burs alabilme \u015fans\u0131m var m\u0131?<\/strong><br \/>\n\u00d6\u011frenciler yetenek s\u0131nav\u0131, TYT ve Orta\u00f6\u011fretim ba\u015far\u0131 puanlar\u0131n\u0131n a\u011f\u0131rl\u0131kl\u0131 ortalamas\u0131na g\u00f6re s\u0131ralan\u0131r. Puanlama, Y\u00d6K K\u0131lavuzunda yer alan YS hesaplama form\u00fcl\u00fcne g\u00f6re belli a\u011f\u0131rl\u0131klarla \u00e7arp\u0131larak yap\u0131lmaktad\u0131r. Bu s\u0131ralamaya g\u00f6re en y\u00fcksek puandan ba\u015flanarak \u00e7e\u015fitli burslar verilir. Bu burslara Burs Komisyonu taraf\u0131ndan karar verilir.<\/p>\n<p><!--Burslar\u0131n t\u00fcrlerine \u00a0g\u00f6re da\u011f\u0131l\u0131m\u0131 \u015f\u00f6yledir:\n\n\n<table style=\"height: 77px;\" border=\"1\" width=\"307\" cellspacing=\"0\" cellpadding=\"3\">\n\n\n<tbody>\n\n\n<tr>\n\n\n<td style=\"width: 132px;\"><strong>B\u00f6l\u00fcm<\/strong><\/td>\n\n\n\n\n<td style=\"width: 98px;\"><strong>Burs Tipi<\/strong><\/td>\n\n\n\n\n<td style=\"width: 51px;\"><strong>Adet<\/strong><\/td>\n\n\n<\/tr>\n\n\n\n\n<tr>\n\n\n<td style=\"width: 132px;\" rowspan=\"2\">G\u00fczel Sanatlar<\/td>\n\n\n\n\n<td style=\"width: 98px;\">Tam Burs<\/td>\n\n\n\n\n<td style=\"width: 51px;\">2<\/td>\n\n\n<\/tr>\n\n\n\n\n<tr>\n\n\n<td style=\"width: 98px;\">%50 Burs<\/td>\n\n\n\n\n<td style=\"width: 51px;\">4<\/td>\n\n\n<\/tr>\n\n\n<\/tbody>\n\n\n<\/table>\n\n\n--><\/p>\n<p><strong>3) G\u00fczel Sanatlar B\u00f6l\u00fcm\u00fc i\u00e7in yap\u0131lacak zorunlu &#8220;Desen&#8221; ve &#8220;M\u00fclakat&#8221; s\u0131nav\u0131 nas\u0131ld\u0131r?<\/strong><br \/>\nS\u0131nav iki a\u015famadan olu\u015fmaktad\u0131r. T\u00fcm adaylar, \u201c<strong>Desen S\u0131nav\u0131<\/strong>\u201cna girerler. Bir saat s\u00fcrecek olan s\u0131navda \u00e7izim yaparlar. Adaylar\u0131n yanlar\u0131nda ka\u011f\u0131t k\u0131skac\u0131, \u00e7e\u015fitli sertlik derecelerinde kur\u015fun kalem (HB, 2H, B, 2B), kalemt\u0131ra\u015f ve silgi bulundurmalar\u0131 gerekmektedir. Desen s\u0131nav\u0131nda ba\u015far\u0131l\u0131 olan adaylar ara\u015ft\u0131rma ve yarat\u0131c\u0131l\u0131\u011fa y\u00f6nelik m\u00fclakata al\u0131n\u0131rlar. M\u00fclakat, a\u011f\u0131rl\u0131kl\u0131 olarak \u00f6\u011frencinin sanat konusundaki motivasyonunun soruldu\u011fu, sanata olan bak\u0131\u015f a\u00e7\u0131s\u0131n\u0131n anla\u015f\u0131lmaya \u00e7al\u0131\u015f\u0131ld\u0131\u011f\u0131 bir g\u00f6r\u00fc\u015fmedir.<\/p>\n<p><strong>4) Yetenek S\u0131navlar\u0131 i\u00e7in bir haz\u0131rl\u0131k kursunuz var m\u0131?<\/strong><br \/>\nYetenek s\u0131navlar\u0131 i\u00e7in herhangi bir haz\u0131rl\u0131k kursumuz yoktur.<\/p>\n","protected":false},"excerpt":{"rendered":"<p>1) Hangi B\u00f6l\u00fcmlere \u00f6nkay\u0131t ile ba\u015fvurabiliriz? G\u00fczel Sanatlar b\u00f6l\u00fcm\u00fcm\u00fcze \u00f6n kay\u0131t ile \u00a0https:\/\/stars.bilkent.edu.tr\/basvuru \u00a0adresinden ba\u015fvurabilirsiniz. \u0130\u00e7 Mimarl\u0131k ve \u00c7evre Tasar\u0131m\u0131, \u0130leti\u015fim ve Tasar\u0131m\u0131, Kentsel Tasar\u0131m ve Peyzaj Mimarisi, Mimarl\u0131k ve Grafik Tasar\u0131m\u0131 b\u00f6l\u00fcmlerimiz merkezi yerle\u015ftirme ile \u00f6\u011frenci almaktad\u0131r. 2) Burs<\/p>\n","protected":false},"author":1,"featured_media":0,"parent":0,"menu_order":0,"comment_status":"closed","ping_status":"closed","template":"","meta":[],"_links":{"self":[{"href":"https:\/\/adaybilgi.bilkent.edu.tr\/index.php\/wp-json\/wp\/v2\/pages\/370"}],"collection":[{"href":"https:\/\/adaybilgi.bilkent.edu.tr\/index.php\/wp-json\/wp\/v2\/pages"}],"about":[{"href":"https:\/\/adaybilgi.bilkent.edu.tr\/index.php\/wp-json\/wp\/v2\/types\/page"}],"author":[{"embeddable":true,"href":"https:\/\/adaybilgi.bilkent.edu.tr\/index.php\/wp-json\/wp\/v2\/users\/1"}],"replies":[{"embeddable":true,"href":"https:\/\/adaybilgi.bilkent.edu.tr\/index.php\/wp-json\/wp\/v2\/comments?post=370"}],"version-history":[{"count":11,"href":"https:\/\/adaybilgi.bilkent.edu.tr\/index.php\/wp-json\/wp\/v2\/pages\/370\/revisions"}],"predecessor-version":[{"id":3330,"href":"https:\/\/adaybilgi.bilkent.edu.tr\/index.php\/wp-json\/wp\/v2\/pages\/370\/revisions\/3330"}],"wp:attachment":[{"href":"https:\/\/adaybilgi.bilkent.edu.tr\/index.php\/wp-json\/wp\/v2\/media?parent=370"}],"curies":[{"name":"wp","href":"https:\/\/api.w.org\/{rel}","templated":true}]}}