{"id":365,"date":"2016-04-26T13:11:37","date_gmt":"2016-04-26T13:11:37","guid":{"rendered":"https:\/\/adaybilgi.bilkent.edu.tr\/?page_id=365"},"modified":"2025-06-30T14:01:46","modified_gmt":"2025-06-30T14:01:46","slug":"fen-fakultesi","status":"publish","type":"page","link":"https:\/\/adaybilgi.bilkent.edu.tr\/index.php\/fen-fakultesi\/","title":{"rendered":"Fen Fak\u00fcltesi"},"content":{"rendered":"<p>Bilkent \u00dcniversitesi Fen Fak\u00fcltesi,<\/p>\n<ul>\n<li><a href=\"#fizik\">Fizik<\/a><\/li>\n<li><a href=\"#kimya\">Kimya<\/a><\/li>\n<li><a href=\"#matematik\">Matematik<\/a><\/li>\n<li><a href=\"#molek\u00fcler\">Molek\u00fcler Biyoloji ve Genetik<\/a><\/li>\n<\/ul>\n<p>b\u00f6l\u00fcmlerinden olu\u015fmaktad\u0131r.<\/p>\n<p>&nbsp;<\/p>\n<ul>\n<li>\n<h6><strong><a href=\"https:\/\/adaybilgi.bilkent.edu.tr\/index.php\/fen-fakultesi-mezunlari\/\">Fen Fak\u00fcltesi Mezun Bilgileri, \u0130stihdam Oranlar\u0131<\/a><\/strong><\/h6>\n<\/li>\n<\/ul>\n<p><a href=\"http:\/\/www.fen.bilkent.edu.tr\/~physics\/\" target=\"_blank\" rel=\"noopener\" name=\"fizik\"><strong>Fizik B\u00f6l\u00fcm\u00fc<\/strong><\/a><\/p>\n<p>Fizik, bilinmeyeni ara\u015ft\u0131ran ve ke\u015ffeden bir bilimdir; madde ve enerjinin yap\u0131 ve etkile\u015fimini inceleyerek evrenin i\u015fleyi\u015fini ayd\u0131nlat\u0131r. Uygulamaya d\u00f6n\u00fck y\u00fcz\u00fcyle fizik, teknolojik ilerlemenin ard\u0131ndaki itici g\u00fc\u00e7t\u00fcr.<\/p>\n<p>Fizik B\u00f6l\u00fcm\u00fc, temel fizi\u011fe ve bu bilimin teknolojik uygulamalar\u0131na y\u00f6nelik \u00f6zg\u00fcn \u00e7al\u0131\u015fmalar ger\u00e7ekle\u015ftirebilecek bilim insanlar\u0131 yeti\u015ftirir. \u00d6\u011frenciler, yeni teknolojilerin ke\u015ffedildi\u011fi \u0130leri Ara\u015ft\u0131rmalar Laboratuvar\u0131, UNAM ve NANOTAM gibi d\u00fcnyaca tan\u0131nan ara\u015ft\u0131rma merkezlerine eri\u015fim imk\u00e2n\u0131na da sahiptir.<\/p>\n<p>B\u00f6l\u00fcm\u00fcn lisans program\u0131, fizi\u011fin t\u00fcm alanlar\u0131nda d\u00fcnya \u00e7ap\u0131nda \u00e7al\u0131\u015fmalar yapabilecek fizik\u00e7iler yeti\u015ftirmeye y\u00f6neliktir. \u00d6\u011frenciler, ilk y\u0131llardan itibaren \u00f6\u011fretim \u00fcyelerinin bilimsel ara\u015ft\u0131rmalar\u0131na kat\u0131larak lisans\u00fcst\u00fc \u00e7al\u0131\u015fmalar\u0131n\u0131 s\u00fcrd\u00fcrecekleri konularla tan\u0131\u015f\u0131rlar. Kuantum mekani\u011fi, deneysel fizik ve optik laboratuvar\u0131nda ger\u00e7ekle\u015ftirdikleri deneylerle bilim d\u00fcnyas\u0131na erkenden ad\u0131m atarlar.<\/p>\n<p>\u00d6\u011fretim kadrosunun g\u00fcncel ara\u015ft\u0131rmalar\u0131 yo\u011fun madde fizi\u011fi, nanobilim ve nanoteknoloji, fotonik ve kuantum opti\u011fi ve kuantum metroloji, biyofizik ve kompleks sistemler, k\u00fctle \u00e7ekim kuram\u0131 ve kuramsal kozmoloji ba\u015fl\u0131klar\u0131na yay\u0131lmaktad\u0131r. Bu ara\u015ft\u0131rmalar, uluslararas\u0131 i\u015fbirlikleri \u00e7er\u00e7evesinde y\u00fcr\u00fct\u00fclmektedir.<\/p>\n<p>Mezunlar\u0131n y\u00fcksek lisans ve doktora yapt\u0131\u011f\u0131 \u00fcniversitelere Boston, Brown, Cambridge, Carnegie Mellon, Cornell, ETH Z\u00fcrih, Georgia Tech, Harvard, McGill, MIT, Minnesota, Northwestern, Purdue, Stanford, Stuttgart,Toronto,Twente, Virginia Tech ve Yale \u00f6rnek g\u00f6sterilebilir. CERN, National Renewable Energy Laboratory ve Oak Ridge National Laboratory gibi \u00fcnl\u00fc ara\u015ft\u0131rma kurulu\u015flar\u0131nda g\u00f6rev alm\u0131\u015f olan mezunlar\u0131n yan\u0131 s\u0131ra Aselsan, Havelsan ve Roketsan gibi k\u00f6kl\u00fc T\u00fcrk \u015firketlerde uygulamal\u0131 fizik \u00e7al\u0131\u015fmalar\u0131 ger\u00e7ekle\u015ftirenler de vard\u0131r.<\/p>\n<p><a href=\"http:\/\/www.fen.bilkent.edu.tr\/~cvchem\/\" target=\"_blank\" rel=\"noopener\" name=\"kimya\"><strong>Kimya B\u00f6l\u00fcm\u00fc<\/strong><\/a><\/p>\n<p>Maddenin \u00f6zelliklerini atom ve molek\u00fcl d\u00fczeyinde inceleyen kimya bilimi, bu \u00f6zelliklerin de\u011fi\u015fimindeki temel do\u011fa yasalar\u0131n\u0131 ara\u015ft\u0131r\u0131r; elde etti\u011fi verilerle yeni \u00fcr\u00fcn ve \u00fcretim y\u00f6ntemleri geli\u015ftirir.<\/p>\n<p>Maddenin kuantum kuram\u0131, ileri malzemeler, molek\u00fcler elektronik, kendi kendini d\u00fczenleyen molek\u00fcller, manyetik g\u00f6r\u00fcnt\u00fcleme y\u00f6ntemleri, s\u00fcper iletkenler, egzotik molek\u00fcler yap\u0131lar, kaotik sistemler, lazerler, fotosentez ve yeni spektroskopik y\u00f6ntemler, kimyan\u0131n \u00f6ne \u00e7\u0131kan ara\u015ft\u0131rma alanlar\u0131d\u0131r. G\u00fcn\u00fcm\u00fcz kimyas\u0131nda atom ve molek\u00fcllerin \u00f6zellikleri, mutlak s\u0131f\u0131r derecesinden ba\u015flay\u0131p g\u00fcne\u015fin ortas\u0131nda olu\u015fan \u00e7ok y\u00fcksek s\u0131cakl\u0131klara uzanan bir aral\u0131kta incelenebilmektedir. Yerin alt katmanlar\u0131nda olu\u015fan y\u00fcksek bas\u0131n\u00e7 ve uzay bo\u015flu\u011fundaki d\u00fc\u015f\u00fck bas\u0131n\u00e7 gibi maddenin u\u00e7 ko\u015fullarda g\u00f6sterdi\u011fi davran\u0131\u015flar da kimyan\u0131n ilgi alan\u0131ndad\u0131r.<\/p>\n<p>B\u00f6l\u00fcmde s\u00fcrd\u00fcr\u00fclen e\u011fitim ve ara\u015ft\u0131rma \u00e7al\u0131\u015fmalar\u0131; y\u00fczey kimyas\u0131, ger\u00e7ek\u00e7i ve model kataliz\u00f6rler, kat\u0131 h\u00e2l kimyas\u0131, yak\u0131t pilleri, kendi kendini d\u00fczenleyen molek\u00fcller, nanokristaller, nanog\u00f6zenekli malzemeler, s\u0131v\u0131 kristaller, organokataliz\u00f6rler, organik sentez ve tasar\u0131m\u0131, polimer mekanokimyas\u0131, hidrojen depolama, enerji depolama, elektrokimya, empedans spektroskopisi, pil, polimer kimyas\u0131, s\u00fcpramolek\u00fcler kimya, sens\u00f6rler, molek\u00fcller aras\u0131 enerji transfer s\u00fcre\u00e7leri, sert kaplamalar ve malzemeler, \u0131\u015f\u0131k-molek\u00fcl etkile\u015fimlerinin kuantum modelleri ve iletken polimerler gibi alanlara yay\u0131lmaktad\u0131r.<\/p>\n<p>Kimya B\u00f6l\u00fcm\u00fc mezunlar\u0131, g\u00fcn\u00fcm\u00fcz\u00fcn ve gelece\u011fin teknolojilerinin bi\u00e7imlenmesinde aktif roller almaktad\u0131r. Harvard, Stanford, UC Berkeley, MIT, Princeton, Cornell, Northwestern, Chicago ve ETH Zurich, mezunlar\u0131n y\u00fcksek lisans ve doktora \u00e7al\u0131\u015fmalar\u0131 yapt\u0131klar\u0131 \u00fcniversiteler aras\u0131ndad\u0131r.<\/p>\n<p><a href=\"http:\/\/www.fen.bilkent.edu.tr\/~cvmath\/tr\/index-tr.html\" target=\"_blank\" rel=\"noopener\" name=\"matematik\"><strong>Matematik B\u00f6l\u00fcm\u00fc<\/strong><\/a><\/p>\n<p>Matematik, insan akl\u0131n\u0131n yaratt\u0131\u011f\u0131 en eski ortak de\u011ferdir. Sorular\u0131 ve bulu\u015flar\u0131 insanl\u0131k tarihi boyunca ku\u015faktan ku\u015fa\u011fa aktar\u0131lan bu bilim, t\u00fcm pozitif bilimlerin ve teknolojik geli\u015fmelerin merkezindedir.<\/p>\n<p>Matematik B\u00f6l\u00fcm\u00fc\u2019n\u00fcn e\u011fitim program\u0131, \u00f6\u011frencileri matemati\u011fin kuramsal ve uygulamal\u0131 alanlar\u0131nda \u00fcst\u00fcn bir altyap\u0131yla yeti\u015ftirir. \u00d6\u011frenciler, ilk y\u0131ldan ba\u015flayarak etkile\u015fimli bir atmosferde \u00f6\u011frenim g\u00f6r\u00fcrler; birlikte d\u00fc\u015f\u00fcnmeyi \u00f6\u011frenir, kar\u015f\u0131la\u015ft\u0131rmal\u0131 analizlerle matematiksel olgunluklar\u0131n\u0131 geli\u015ftirirler. Cebir, analiz ve t\u00fcrevsel denklemler gibi saf ve uygulamal\u0131 matemati\u011fin temel bilgileriyle tan\u0131\u015f\u0131r, hesap teknikleri ve soyut d\u00fc\u015f\u00fcnce y\u00f6ntemleri arac\u0131l\u0131\u011f\u0131yla ileri matematiksel modeller \u00fcretecek d\u00fczeye eri\u015firler. Son y\u0131lda ise kapsaml\u0131 bir bitirme projesi haz\u0131rlayarak ara\u015ft\u0131rma d\u00fcnyas\u0131na sa\u011flam bir ba\u015flang\u0131\u00e7 yaparlar.<\/p>\n<p>Matematik B\u00f6l\u00fcm\u00fc\u2019n\u00fcn akademik kadrosu, yapt\u0131klar\u0131 ara\u015ft\u0131rmalarla matematik biliminin geli\u015fimine katk\u0131da bulunan \u00f6\u011fretim \u00fcyelerinden olu\u015fur. Bu akademisyenlerin \u00e7al\u0131\u015fmalar\u0131 dinamik sistemler, cebirsel topoloji, diferansiyel ve cebirsel geometri, fonksiyonel analiz, gruplar kuram\u0131, karma\u015f\u0131k analiz, say\u0131lar teorisi, finans matemati\u011fi ve uygulamal\u0131 matematik etraf\u0131nda yo\u011funla\u015fmaktad\u0131r.<\/p>\n<p>British Columbia, Caltech, Cornell, MIT, Michigan, Minnesota, Northeastern, Ohio State, Princeton, Oxford, Southern California, Princeton, Purdue, Stanford, UC Berkeley, UCLA ve Virginia Tech, y\u00fcksek lisans ve doktora programlar\u0131nda Bilkent \u00dcniversitesi Matematik B\u00f6l\u00fcm\u00fc mezunlar\u0131yla \u00e7al\u0131\u015fmay\u0131 se\u00e7en \u00fcniversitelerdendir.<\/p>\n<p><a href=\"http:\/\/www.fen.bilkent.edu.tr\/~bilmbg\/\" target=\"_blank\" rel=\"noopener\" name=\"molek\u00fcler\"><strong>Molek\u00fcler Biyoloji ve Genetik B\u00f6l\u00fcm\u00fc<\/strong><\/a><\/p>\n<p>Evrenin gizlerine \u0131\u015f\u0131k tutan molek\u00fcler biyoloji ve genetik bilimi, genlerin yap\u0131s\u0131n\u0131 ve i\u015flevlerini, canl\u0131lar\u0131n evrimini ve biyolojik \u00f6zelliklerini inceler. Canl\u0131lar\u0131n olu\u015fumunu programlayan genetik \u015fifrelerin \u00e7\u00f6z\u00fclmesi ve klonlama gibi heyecan verici \u00e7al\u0131\u015fmalar\u0131n y\u00fcr\u00fct\u00fcld\u00fc\u011f\u00fc bu bilim dal\u0131, yeni ara\u015ft\u0131rma alanlar\u0131yla her ge\u00e7en g\u00fcn h\u0131zla geli\u015fmektedir.<\/p>\n<p>B\u00f6l\u00fcm\u00fcn ana hedefi, \u00fclkemizin yetenekli gen\u00e7lerini k\u00fcresel d\u00fczeyde ara\u015ft\u0131rmalar yapan bilim insanlar\u0131 olarak yeti\u015ftirmektir. \u00d6\u011fretim \u00fcyeleri taraf\u0131ndan y\u00fcr\u00fct\u00fclen ara\u015ft\u0131rmalar bilim \u00e7evrelerinde b\u00fcy\u00fck ilgi uyand\u0131rmaktad\u0131r. Bu \u00e7al\u0131\u015fmalar; temel ve uygulamal\u0131 kal\u0131tsal hastal\u0131klar\u0131n genetik temelleri, biyoenformatik, n\u00f6robilimler, kanser molek\u00fcler biyolojisi, k\u00f6k h\u00fccre biyolojisi, ba\u011f\u0131\u015f\u0131kl\u0131k bilimi, epigenetik, i\u015flevsel genomik, evrim, kompleks ve metabolik hastal\u0131klar gibi konulara yay\u0131l\u0131r.<\/p>\n<p>\u00dcst d\u00fczey laboratuvar olanaklar\u0131 \u0131\u015f\u0131\u011f\u0131nda \u00f6\u011frencilerin de rol ald\u0131\u011f\u0131 bu \u00e7al\u0131\u015fmalar, insan sa\u011fl\u0131\u011f\u0131na katk\u0131 sa\u011flayan alanlara da yay\u0131lmaktad\u0131r. Bu alanlara \u00f6rnek olarak hastal\u0131klarla ili\u015fkili genlerin bulunmas\u0131, kanserin genetik temelleri, genlerin ve proteinlerin yap\u0131sal ve i\u015flevsel analizi, h\u00fccre \u00f6l\u00fcm\u00fcne direnme ve h\u00fccre ya\u015flanmas\u0131n\u0131n molek\u00fcler mekanizmalar\u0131 g\u00f6sterilebilir.<\/p>\n<p>Bu b\u00f6l\u00fcm\u00fcn mezunlar\u0131, bilimin ileri noktalar\u0131nda \u00e7al\u0131\u015fan molek\u00fcler biyolog ve genetik\u00e7ilerdir. Cold Spring Harbor Laboratuvar\u0131, Max-Planck Enstit\u00fcs\u00fc ve Avrupa Molek\u00fcler Biyoloji Laboratuvarlar\u0131 ile Cambridge, Columbia, Harvard, Heidelberg, Johns Hopkins, MIT, Rockefeller, Oxford ve Z\u00fcrih \u00fcniversiteleri, mezunlar\u0131n bilim ya\u015famlar\u0131n\u0131 s\u00fcrd\u00fcrd\u00fc\u011f\u00fc e\u011fitim ve ara\u015ft\u0131rma kurumlar\u0131na \u00f6rnek g\u00f6sterilebilir. Mezunlar, ba\u015fta ila\u00e7 end\u00fcstrisi olmak \u00fczere biyoteknoloji sekt\u00f6r\u00fcn\u00fcn sa\u011fl\u0131k ve end\u00fcstriyel \u00fcretim gibi farkl\u0131 ara\u015ft\u0131rma-geli\u015ftirme kollar\u0131n\u0131n yan\u0131 s\u0131ra teknoloji ve \u00fcr\u00fcn geli\u015ftirme gibi alanlarda da \u00e7al\u0131\u015fabilmektedir.<\/p>\n","protected":false},"excerpt":{"rendered":"<p>Bilkent \u00dcniversitesi Fen Fak\u00fcltesi, Fizik Kimya Matematik Molek\u00fcler Biyoloji ve Genetik b\u00f6l\u00fcmlerinden olu\u015fmaktad\u0131r. &nbsp; Fen Fak\u00fcltesi Mezun Bilgileri, \u0130stihdam Oranlar\u0131 Fizik B\u00f6l\u00fcm\u00fc Fizik, bilinmeyeni ara\u015ft\u0131ran ve ke\u015ffeden bir bilimdir; madde ve enerjinin yap\u0131 ve etkile\u015fimini inceleyerek evrenin i\u015fleyi\u015fini ayd\u0131nlat\u0131r. Uygulamaya<\/p>\n","protected":false},"author":1,"featured_media":0,"parent":0,"menu_order":0,"comment_status":"closed","ping_status":"closed","template":"","meta":[],"_links":{"self":[{"href":"https:\/\/adaybilgi.bilkent.edu.tr\/index.php\/wp-json\/wp\/v2\/pages\/365"}],"collection":[{"href":"https:\/\/adaybilgi.bilkent.edu.tr\/index.php\/wp-json\/wp\/v2\/pages"}],"about":[{"href":"https:\/\/adaybilgi.bilkent.edu.tr\/index.php\/wp-json\/wp\/v2\/types\/page"}],"author":[{"embeddable":true,"href":"https:\/\/adaybilgi.bilkent.edu.tr\/index.php\/wp-json\/wp\/v2\/users\/1"}],"replies":[{"embeddable":true,"href":"https:\/\/adaybilgi.bilkent.edu.tr\/index.php\/wp-json\/wp\/v2\/comments?post=365"}],"version-history":[{"count":18,"href":"https:\/\/adaybilgi.bilkent.edu.tr\/index.php\/wp-json\/wp\/v2\/pages\/365\/revisions"}],"predecessor-version":[{"id":3569,"href":"https:\/\/adaybilgi.bilkent.edu.tr\/index.php\/wp-json\/wp\/v2\/pages\/365\/revisions\/3569"}],"wp:attachment":[{"href":"https:\/\/adaybilgi.bilkent.edu.tr\/index.php\/wp-json\/wp\/v2\/media?parent=365"}],"curies":[{"name":"wp","href":"https:\/\/api.w.org\/{rel}","templated":true}]}}