{"id":352,"date":"2016-04-26T12:46:09","date_gmt":"2016-04-26T12:46:09","guid":{"rendered":"https:\/\/adaybilgi.bilkent.edu.tr\/?page_id=352"},"modified":"2023-07-24T12:00:43","modified_gmt":"2023-07-24T12:00:43","slug":"ingiliz-hazirlik-programi","status":"publish","type":"page","link":"https:\/\/adaybilgi.bilkent.edu.tr\/index.php\/ingiliz-hazirlik-programi\/","title":{"rendered":"\u0130ngilizce Haz\u0131rl\u0131k Program\u0131"},"content":{"rendered":"<p>Bilkent \u00dcniversitesi\u2019ne yeni kay\u0131t yapt\u0131ran \u00f6\u011frencilerin \u0130ngilizce d\u00fczeyleri, \u0130ngilizce Haz\u0131rl\u0131k Program\u0131 taraf\u0131ndan d\u00fczenlenen iki a\u015famal\u0131\u00a0<span style=\"text-decoration: underline;\"><a href=\"https:\/\/adaybilgi.bilkent.edu.tr\/index.php\/ingilizce-yeterlik-ve-seviye-tespit-sinavi\/\">\u0130ngilizce Yeterlik ve Seviye Tespit S\u0131nav\u0131<\/a><\/span>\u00a0ile belirlenmektedir. Bu s\u0131nav\u0131n sonucuna g\u00f6re \u0130ngilizce d\u00fczeyi yeterli bulunan \u00f6\u011frenciler,\u00a0<span style=\"text-decoration: underline;\"><a href=\"http:\/\/prep.bilkent.edu.tr\/\">\u0130ngilizce Haz\u0131rl\u0131k Program\u0131<\/a><\/span>\u2019ndan muaf tutulur. \u0130ngilizce d\u00fczeyi do\u011frudan b\u00f6l\u00fcmlerine ba\u015flamak i\u00e7in yeterli bulunmayan \u00f6\u011frenciler, belirlenen d\u00fczeyden ba\u015flayacak bi\u00e7imde \u0130ngilizce Haz\u0131rl\u0131k Program\u0131\u2019na al\u0131n\u0131r.<\/p>\n<p>\u0130ngilizce Haz\u0131rl\u0131k Program\u0131 5 d\u00fczeyden (Temel, Orta \u00d6ncesi, Orta, Orta \u00dcst\u00fc, B\u00f6l\u00fcm \u00d6ncesi) olu\u015fmaktad\u0131r. Temel d\u00fczeydeki \u00f6\u011frenciler i\u00e7in \u0130ngilizce Haz\u0131rl\u0131k Program\u0131\u2019n\u0131n ola\u011fan s\u00fcresi bir takvim y\u0131l\u0131d\u0131r (g\u00fcz ve bahar yar\u0131y\u0131llar\u0131 ile yaz d\u00f6nemi). S\u0131nav sonucuna g\u00f6re Orta \u00d6ncesi veya Orta d\u00fczeylerden ba\u015flayan \u00f6\u011frenciler bahar yar\u0131y\u0131l\u0131 sonunda, Orta \u00dcst\u00fc veya B\u00f6l\u00fcm \u00d6ncesi d\u00fczeylerden ba\u015flayanlar ise g\u00fcz yar\u0131y\u0131l\u0131 sonunda \u0130ngilizce Haz\u0131rl\u0131k Program\u0131\u2019n\u0131 tamamlayabilir. Program\u0131 g\u00fcz yar\u0131y\u0131l\u0131 sonunda bitiren \u00f6\u011frenciler, bahar yar\u0131y\u0131l\u0131nda b\u00f6l\u00fcmlerine ba\u015flar.<\/p>\n<p>\u0130ngilizce Haz\u0131rl\u0131k Program\u0131\u2019ndan muaf olmak i\u00e7in, Bilkent \u00dcniversitesi taraf\u0131ndan kabul edilen bir d\u0131\u015f s\u0131nava girip \u00fcniversite taraf\u0131ndan aranan d\u00fczeyde ba\u015far\u0131 g\u00f6stermek de m\u00fcmk\u00fcnd\u00fcr. Bilkent \u00dcniversitesi, IELTS Akademik (<em>International English Language Testing<\/em>) ve TOEFL iBT (<em>Test of English as a Foreign Language<\/em>) s\u0131navlar\u0131n\u0131 kabul etmektedir. Ancak, d\u0131\u015f s\u0131nav yoluyla muafiyet i\u00e7in, \u00fcniversitenin D\u0131\u015f S\u0131nav Yoluyla \u0130ngilizce Yeterlik Esaslar\u0131\u2019nda belirtilen ko\u015fullar\u0131n yerine getirilmi\u015f olmas\u0131 gereklidir. D\u0131\u015f S\u0131nav Yoluyla \u0130ngilizce Yeterlik Esaslar\u0131\u2019na ve d\u0131\u015f s\u0131navlarla ilgili di\u011fer bilgilere <a href=\"http:\/\/prep.bilkent.edu.tr\/dis-sinavlar-ile-yeterlilik\">http:\/\/prep.bilkent.edu.tr\/dis-sinavlar-ile-yeterlilik<\/a> adresinden ula\u015f\u0131labilir.<\/p>\n<p>&nbsp;<\/p>\n","protected":false},"excerpt":{"rendered":"<p>Bilkent \u00dcniversitesi\u2019ne yeni kay\u0131t yapt\u0131ran \u00f6\u011frencilerin \u0130ngilizce d\u00fczeyleri, \u0130ngilizce Haz\u0131rl\u0131k Program\u0131 taraf\u0131ndan d\u00fczenlenen iki a\u015famal\u0131\u00a0\u0130ngilizce Yeterlik ve Seviye Tespit S\u0131nav\u0131\u00a0ile belirlenmektedir. Bu s\u0131nav\u0131n sonucuna g\u00f6re \u0130ngilizce d\u00fczeyi yeterli bulunan \u00f6\u011frenciler,\u00a0\u0130ngilizce Haz\u0131rl\u0131k Program\u0131\u2019ndan muaf tutulur. \u0130ngilizce d\u00fczeyi do\u011frudan b\u00f6l\u00fcmlerine ba\u015flamak i\u00e7in<\/p>\n","protected":false},"author":1,"featured_media":0,"parent":0,"menu_order":0,"comment_status":"closed","ping_status":"closed","template":"","meta":[],"_links":{"self":[{"href":"https:\/\/adaybilgi.bilkent.edu.tr\/index.php\/wp-json\/wp\/v2\/pages\/352"}],"collection":[{"href":"https:\/\/adaybilgi.bilkent.edu.tr\/index.php\/wp-json\/wp\/v2\/pages"}],"about":[{"href":"https:\/\/adaybilgi.bilkent.edu.tr\/index.php\/wp-json\/wp\/v2\/types\/page"}],"author":[{"embeddable":true,"href":"https:\/\/adaybilgi.bilkent.edu.tr\/index.php\/wp-json\/wp\/v2\/users\/1"}],"replies":[{"embeddable":true,"href":"https:\/\/adaybilgi.bilkent.edu.tr\/index.php\/wp-json\/wp\/v2\/comments?post=352"}],"version-history":[{"count":27,"href":"https:\/\/adaybilgi.bilkent.edu.tr\/index.php\/wp-json\/wp\/v2\/pages\/352\/revisions"}],"predecessor-version":[{"id":3261,"href":"https:\/\/adaybilgi.bilkent.edu.tr\/index.php\/wp-json\/wp\/v2\/pages\/352\/revisions\/3261"}],"wp:attachment":[{"href":"https:\/\/adaybilgi.bilkent.edu.tr\/index.php\/wp-json\/wp\/v2\/media?parent=352"}],"curies":[{"name":"wp","href":"https:\/\/api.w.org\/{rel}","templated":true}]}}