{"id":346,"date":"2016-04-26T12:36:53","date_gmt":"2016-04-26T12:36:53","guid":{"rendered":"https:\/\/adaybilgi.bilkent.edu.tr\/?page_id=346"},"modified":"2026-03-03T13:33:51","modified_gmt":"2026-03-03T13:33:51","slug":"egitim-anlayisi","status":"publish","type":"page","link":"https:\/\/adaybilgi.bilkent.edu.tr\/index.php\/egitim-anlayisi\/","title":{"rendered":"E\u011fitim Anlay\u0131\u015f\u0131"},"content":{"rendered":"<p><a href=\"https:\/\/adaybilgi.bilkent.edu.tr\/index.php\/ogretim-kadrosu\/\"><strong>\u00d6\u011fretim Kadrosu<br \/>\n<\/strong><\/a><\/p>\n<p>Bir y\u00fcksek\u00f6\u011fretim kurumu i\u00e7in en de\u011ferli kayna\u011f\u0131n bilim ve sanata y\u00f6n veren, ara\u015ft\u0131rmac\u0131 ve \u00fcretken akademisyenler oldu\u011funa inanan Bilkent \u00dcniversitesi, \u00f6\u011fretim kadrosunu b\u00fcy\u00fck bir titizlikle olu\u015fturmakta ve geli\u015ftirmektedir. Bilkent, d\u00fcnyan\u0131n her yerinden akademisyenleriyle uluslararas\u0131 bir e\u011fitim ve ara\u015ft\u0131rma kurumudur. 700 ki\u015filik \u00f6\u011fretim kadrosunun yakla\u015f\u0131k d\u00f6rtte biri 39 \u00fclkeden \u00f6\u011fretim elemanlar\u0131ndan olu\u015fmaktad\u0131r. \u00d6\u011fretim \u00fcyelerinin %80\u2019i doktora derecelerini yurt d\u0131\u015f\u0131nda d\u00fcnyaca bilinen \u00fcniversitelerden alm\u0131\u015ft\u0131r. \u00d6\u011fretim kadrosunun \u00f6nemli bir b\u00f6l\u00fcm\u00fc, \u00e7al\u0131\u015fmalar\u0131n\u0131 \u00fclke d\u0131\u015f\u0131nda s\u00fcrd\u00fcrmekteyken, kariyerlerine Bilkent\u2019in akademik ortam\u0131nda devam etmeyi tercih etmi\u015ftir.<\/p>\n<p>\u00d6\u011fretim \u00fcyelerinin ara\u015ft\u0131rma alanlar\u0131ndaki ba\u015far\u0131 \u00f6l\u00e7\u00fctlerinin ba\u015f\u0131nda, uluslararas\u0131 hakemli dergilerde yay\u0131mlad\u0131klar\u0131 makalelerin say\u0131s\u0131 ile bu yay\u0131nlara di\u011fer bilim insanlar\u0131nca ne s\u0131kl\u0131kta ba\u015fvuruldu\u011fu (at\u0131flar) gelir. Bu \u00f6l\u00e7\u00fctlere g\u00f6re Bilkent \u00dcniversitesi, \u00fclkemizde ve d\u00fcnyada \u00fcst s\u0131ralardad\u0131r. Bilkent \u00f6\u011fretim \u00fcyelerinin yazd\u0131klar\u0131 kitaplar, uluslararas\u0131 yay\u0131nevleri taraf\u0131ndan bas\u0131larak T\u00fcrkiye ve d\u00fcnyada bir\u00e7ok okura ula\u015fmaktad\u0131r.<\/p>\n<p>Bilkent \u00dcniversitesi \u00f6\u011fretim \u00fcyelerince y\u00fcr\u00fct\u00fclen ara\u015ft\u0131rmalar\u0131n bilime ve topluma etkisinin bir di\u011fer g\u00f6stergesi de bu projelerin T\u00dcB\u0130TAK, Avrupa Birli\u011fi, kamu kurulu\u015flar\u0131 ve yerli veya yabanc\u0131 \u00f6zel \u015firketler gibi d\u0131\u015f payda\u015flardan sa\u011flad\u0131\u011f\u0131 finansal desteklerdir. \u00d6\u011fretim \u00fcyelerinin y\u00f6netti\u011fi ve rol ald\u0131\u011f\u0131 bilimsel projeler, 2005-2025 y\u0131llar\u0131 aras\u0131nda T\u00dcB\u0130TAK (1021 adet), kamu ve \u00f6zel \u015firket (674 adet) ve Avrupa Birli\u011fi (143 adet) programlar\u0131 kapsam\u0131nda 2,9 milyar TL\u2019ye yakla\u015fan bir b\u00fct\u00e7eyle desteklenmi\u015ftir. Ayr\u0131ca, bug\u00fcne dek Avrupa Ara\u015ft\u0131rma Konseyi\u2019nden <em>(European Research Council &#8211; ERC) <\/em>ara\u015ft\u0131rma deste\u011fi kazanmay\u0131 ba\u015faran 15 Bilkent \u00f6\u011fretim \u00fcyesi bulunmaktad\u0131r.<\/p>\n<p>&nbsp;<\/p>\n<p><strong>Derslikler, Laboratuvarlar, St\u00fcdyolar<br \/>\n<\/strong><\/p>\n<p>Bilkent \u00dcniversitesi\u2019nde derslerin \u00e7o\u011fu, \u00f6\u011frencilerin aktif kat\u0131l\u0131m\u0131 i\u00e7in tasarlanm\u0131\u015f dersliklerde i\u015flenir. \u00dcniversitede \u00e7ok \u00e7e\u015fitli uygulama \u00e7al\u0131\u015fmalar\u0131n\u0131n ger\u00e7ekle\u015ftirildi\u011fi tam donan\u0131ml\u0131 e\u011fitim laboratuvarlar\u0131 ve st\u00fcdyolar da yer almaktad\u0131r. M\u00fchendislik ve Fen fak\u00fcltelerindeki laboratuvarlar elektronik, nanoteknoloji, optik, fotonik, sinyal i\u015fleme, anten ve mikrodalgalar, esnek \u00fcretim sistemleri, \u0131s\u0131 ve ak\u0131\u015fkanlar, mekanik ve malzeme, ileri ara\u015ft\u0131rmalar, kuantum mekani\u011fi ve deneysel fizik gibi alanlardad\u0131r. G\u00fczel Sanatlar, Tasar\u0131m ve Mimarl\u0131k Fak\u00fcltesi\u2019nde dijital medya, foto\u011fraf, video, yap\u0131 teknolojisi, malzeme ve \u00fcretim laboratuvarlar\u0131, tasar\u0131m st\u00fcdyolar\u0131, resim, heykel, seramik, \u00f6zg\u00fcn bask\u0131 ve desen at\u00f6lyeleri vard\u0131r. M\u00fczik ve Sahne Sanatlar\u0131 Fak\u00fcltesi\u2019nde elektro akustik m\u00fczik laboratuvar\u0131 bulunmaktad\u0131r. E\u015f zamanl\u0131 \u00e7eviri laboratuvarlar\u0131 ise \u0130ngilizce, Frans\u0131zca M\u00fctercim ve Terc\u00fcmanl\u0131k B\u00f6l\u00fcm\u00fc \u00f6\u011frencilerinin hizmetindedir.<\/p>\n<p>&nbsp;<\/p>\n<p><strong>K\u00fct\u00fcphane<\/strong><\/p>\n<p><strong><a href=\"http:\/\/www.kutuphane.bilkent.edu.tr\" target=\"_blank\" rel=\"noopener\">Bilkent \u00dcniversitesi K\u00fct\u00fcphanesi<\/a>, <\/strong> T\u00fcrkiye\u2019nin en iyi akademik k\u00fct\u00fcphanesidir. Koleksiyonunda yer alan bas\u0131l\u0131, elektronik ve sesli olmak \u00fczere toplamda 614.303 kitap, 105.874 elektronik dergi, g\u00fcncel ve ar\u015fiv say\u0131lar\u0131 olmak \u00fczere toplam 92.991 adet bas\u0131l\u0131 s\u00fcreli yay\u0131n ve 259 adet veri taban\u0131yla, \u00fcniversitenin Merkez ve Do\u011fu kamp\u00fcslerinde hizmet vermektedir.<\/p>\n<p>Bilkent, Y\u00d6K\u2019\u00fcn 2024 y\u0131l\u0131 \u00dcniversite \u0130zleme ve De\u011ferlendirme Genel Raporu\u2019na g\u00f6re \u00fcniversite k\u00fct\u00fcphanelerinde \u00f6\u011frenci ba\u015f\u0131na d\u00fc\u015fen bas\u0131l\u0131 kitap say\u0131s\u0131n\u0131n en y\u00fcksek oldu\u011fu \u00fcniversitedir. K\u00fct\u00fcphanenin y\u0131ll\u0131k b\u00fct\u00e7esi yakla\u015f\u0131k 3 milyon ABD dolar\u0131d\u0131r.<\/p>\n<p>Bilkent \u00dcniversitesi\u2019nin her \u00f6\u011frencisi k\u00fct\u00fcphanenin do\u011fal birer \u00fcyesidir. K\u00fct\u00fcphanede a\u00e7\u0131k raf sistemi uygulanmaktad\u0131r. \u00d6\u011frenciler kitap, dergi ve di\u011fer kaynaklardan k\u00fct\u00fcphane i\u00e7erisinde yararlanabildikleri gibi, belirli s\u00fcre i\u00e7in bu kaynaklar\u0131 \u00f6d\u00fcn\u00e7 de alabilir. K\u00fct\u00fcphanenin internet sitesi \u00fczerinden geli\u015fmi\u015f katalog tarama ve h\u0131zl\u0131 arama sistemine kolayl\u0131kla ula\u015fabilen \u00f6\u011frenciler, kamp\u00fcs i\u00e7inden veya d\u0131\u015f\u0131ndan yay\u0131n taramas\u0131 yapabilmektedir. Bireysel ya da gruplar h\u00e2linde rahat\u00e7a \u00e7al\u0131\u015fabilecekleri alanlara sahip olan \u00f6\u011frenciler, kaynaklar\u0131n etkin kullan\u0131m\u0131 ve bilgi okuryazarl\u0131\u011f\u0131 e\u011fitimleri arac\u0131l\u0131\u011f\u0131yla do\u011fru ve g\u00fcvenilir bilgiye eri\u015fim konusunda fak\u00fclte k\u00fct\u00fcphanecilerinden destek alabilmektedir.<\/p>\n<p>Bilkent \u00dcniversitesi K\u00fct\u00fcphanesi\u2019nde sanat konulu kitap, dergi ve referans kaynaklar\u0131na sahip olan Sanat Odas\u0131, sesli ve g\u00f6r\u00fcnt\u00fcl\u00fc kaynaklar ile kapsaml\u0131 nota koleksiyonu i\u00e7eren Multimedya Odas\u0131 ve farkl\u0131 dillerde bas\u0131l\u0131 dergilerin yer ald\u0131\u011f\u0131 S\u00fcreli Yay\u0131nlar Salonu\u2019nun yan\u0131 s\u0131ra G\u00f6rme Engelliler Odas\u0131 da bulunmaktad\u0131r. \u00d6zel kullan\u0131m kurallar\u0131 ve ko\u015fullar\u0131yla korunan Halil \u0130nalc\u0131k ve Hasan \u00c2li Y\u00fccel koleksiyonlar\u0131 ise k\u00fct\u00fcphanenin en de\u011ferli koleksiyonlar\u0131 aras\u0131ndad\u0131r.<\/p>\n<p>K\u00fct\u00fcphane Sanat Galerisi sergi, dinleti, dans g\u00f6sterisi ve s\u00f6yle\u015fi gibi etkinliklere ev sahipli\u011fi yaparken, \u00f6\u011frencilerin kullan\u0131m\u0131na sunulan satran\u00e7 setleri de keyifli ve \u00f6\u011fretici bir etkile\u015fim f\u0131rsat\u0131 yaratmaktad\u0131r. K\u00fct\u00fcphanenin kurumsal ar\u015fiv sistemi ise \u00fcniversite b\u00fcnyesinde \u00fcretilmi\u015f ya da dijitalle\u015ftirilmi\u015f olan kitap, makale, bildiri, tez, proje, \u00f6dev, ders notu, mikroform, teknik rapor, foto\u011fraf, harita, \u00f6n bask\u0131, veri setleri, ses ve video dosyalar\u0131 gibi akademik kaynaklara eri\u015fim imk\u00e2n\u0131 sunmaktad\u0131r.<\/p>\n<p>Merkez Kamp\u00fcs K\u00fct\u00fcphanesi hafta i\u00e7i 8:30 &#8211; 23:30 ve hafta sonu 9:00 &#8211; 23:30, Do\u011fu Kamp\u00fcs K\u00fct\u00fcphanesi ise hafta i\u00e7i 8:30 &#8211; 17:00 aras\u0131nda hizmet vermektedir.<\/p>\n","protected":false},"excerpt":{"rendered":"<p>\u00d6\u011fretim Kadrosu Bir y\u00fcksek\u00f6\u011fretim kurumu i\u00e7in en de\u011ferli kayna\u011f\u0131n bilim ve sanata y\u00f6n veren, ara\u015ft\u0131rmac\u0131 ve \u00fcretken akademisyenler oldu\u011funa inanan Bilkent \u00dcniversitesi, \u00f6\u011fretim kadrosunu b\u00fcy\u00fck bir titizlikle olu\u015fturmakta ve geli\u015ftirmektedir. Bilkent, d\u00fcnyan\u0131n her yerinden akademisyenleriyle uluslararas\u0131 bir e\u011fitim ve ara\u015ft\u0131rma<\/p>\n","protected":false},"author":1,"featured_media":0,"parent":0,"menu_order":0,"comment_status":"closed","ping_status":"closed","template":"","meta":[],"_links":{"self":[{"href":"https:\/\/adaybilgi.bilkent.edu.tr\/index.php\/wp-json\/wp\/v2\/pages\/346"}],"collection":[{"href":"https:\/\/adaybilgi.bilkent.edu.tr\/index.php\/wp-json\/wp\/v2\/pages"}],"about":[{"href":"https:\/\/adaybilgi.bilkent.edu.tr\/index.php\/wp-json\/wp\/v2\/types\/page"}],"author":[{"embeddable":true,"href":"https:\/\/adaybilgi.bilkent.edu.tr\/index.php\/wp-json\/wp\/v2\/users\/1"}],"replies":[{"embeddable":true,"href":"https:\/\/adaybilgi.bilkent.edu.tr\/index.php\/wp-json\/wp\/v2\/comments?post=346"}],"version-history":[{"count":38,"href":"https:\/\/adaybilgi.bilkent.edu.tr\/index.php\/wp-json\/wp\/v2\/pages\/346\/revisions"}],"predecessor-version":[{"id":3682,"href":"https:\/\/adaybilgi.bilkent.edu.tr\/index.php\/wp-json\/wp\/v2\/pages\/346\/revisions\/3682"}],"wp:attachment":[{"href":"https:\/\/adaybilgi.bilkent.edu.tr\/index.php\/wp-json\/wp\/v2\/media?parent=346"}],"curies":[{"name":"wp","href":"https:\/\/api.w.org\/{rel}","templated":true}]}}