{"id":3210,"date":"2023-07-13T09:23:17","date_gmt":"2023-07-13T09:23:17","guid":{"rendered":"https:\/\/adaybilgi.bilkent.edu.tr\/?page_id=3210"},"modified":"2025-07-17T11:28:13","modified_gmt":"2025-07-17T11:28:13","slug":"tanitim-kitapcigi","status":"publish","type":"page","link":"https:\/\/adaybilgi.bilkent.edu.tr\/index.php\/tanitim-kitapcigi\/","title":{"rendered":"Tan\u0131t\u0131m Kitap\u00e7\u0131\u011f\u0131"},"content":{"rendered":"<p>Tan\u0131t\u0131m Kitap\u00e7\u0131\u011f\u0131, Bilkent \u00dcniversitesi\u2019nin akademik ve sosyal olanaklar\u0131 ile e\u011fitim programlar\u0131 ve \u00f6\u011fretim kadrosuna ili\u015fkin bilgiler i\u00e7erir.<!--more--><\/p>\n<p>(Temmuz 2025)<!--Bilkent \u00dcniversitesi hakk\u0131nda ayr\u0131nt\u0131l\u0131 bilgileri i\u00e7eren Tan\u0131t\u0131m Kitap\u00e7\u0131\u011f\u0131n\u0131 adresinize \u00fccretsiz olarak g\u00f6nderebiliriz. https:\/\/stars.bilkent.edu.tr\/tanitim\/brosur\/--><\/p>\n<p>&nbsp;<\/p>\n<p><a href=\"https:\/\/www.flipsnack.com\/9EEA88EEFB5\/bilkent_2025\/full-view.html\"><img loading=\"lazy\" class=\"wp-image-3588 aligncenter\" src=\"https:\/\/adaybilgi.bilkent.edu.tr\/wp-content\/uploads\/2025\/07\/GTK_kapak_2025-26-scaled.jpg\" alt=\"\" width=\"600\" height=\"831\" srcset=\"https:\/\/adaybilgi.bilkent.edu.tr\/wp-content\/uploads\/2025\/07\/GTK_kapak_2025-26-scaled.jpg 1849w, https:\/\/adaybilgi.bilkent.edu.tr\/wp-content\/uploads\/2025\/07\/GTK_kapak_2025-26-217x300.jpg 217w, https:\/\/adaybilgi.bilkent.edu.tr\/wp-content\/uploads\/2025\/07\/GTK_kapak_2025-26-740x1024.jpg 740w, https:\/\/adaybilgi.bilkent.edu.tr\/wp-content\/uploads\/2025\/07\/GTK_kapak_2025-26-768x1063.jpg 768w, https:\/\/adaybilgi.bilkent.edu.tr\/wp-content\/uploads\/2025\/07\/GTK_kapak_2025-26-1109x1536.jpg 1109w, https:\/\/adaybilgi.bilkent.edu.tr\/wp-content\/uploads\/2025\/07\/GTK_kapak_2025-26-1479x2048.jpg 1479w\" sizes=\"(max-width: 600px) 100vw, 600px\" \/><\/a><\/p>\n<p>&nbsp;<\/p>\n<p><strong>\u00a0<\/strong><\/p>\n","protected":false},"excerpt":{"rendered":"<p>Tan\u0131t\u0131m Kitap\u00e7\u0131\u011f\u0131, Bilkent \u00dcniversitesi\u2019nin akademik ve sosyal olanaklar\u0131 ile e\u011fitim programlar\u0131 ve \u00f6\u011fretim kadrosuna ili\u015fkin bilgiler i\u00e7erir.<\/p>\n","protected":false},"author":1,"featured_media":1468,"parent":0,"menu_order":0,"comment_status":"closed","ping_status":"closed","template":"","meta":[],"_links":{"self":[{"href":"https:\/\/adaybilgi.bilkent.edu.tr\/index.php\/wp-json\/wp\/v2\/pages\/3210"}],"collection":[{"href":"https:\/\/adaybilgi.bilkent.edu.tr\/index.php\/wp-json\/wp\/v2\/pages"}],"about":[{"href":"https:\/\/adaybilgi.bilkent.edu.tr\/index.php\/wp-json\/wp\/v2\/types\/page"}],"author":[{"embeddable":true,"href":"https:\/\/adaybilgi.bilkent.edu.tr\/index.php\/wp-json\/wp\/v2\/users\/1"}],"replies":[{"embeddable":true,"href":"https:\/\/adaybilgi.bilkent.edu.tr\/index.php\/wp-json\/wp\/v2\/comments?post=3210"}],"version-history":[{"count":14,"href":"https:\/\/adaybilgi.bilkent.edu.tr\/index.php\/wp-json\/wp\/v2\/pages\/3210\/revisions"}],"predecessor-version":[{"id":3622,"href":"https:\/\/adaybilgi.bilkent.edu.tr\/index.php\/wp-json\/wp\/v2\/pages\/3210\/revisions\/3622"}],"wp:featuredmedia":[{"embeddable":true,"href":"https:\/\/adaybilgi.bilkent.edu.tr\/index.php\/wp-json\/wp\/v2\/media\/1468"}],"wp:attachment":[{"href":"https:\/\/adaybilgi.bilkent.edu.tr\/index.php\/wp-json\/wp\/v2\/media?parent=3210"}],"curies":[{"name":"wp","href":"https:\/\/api.w.org\/{rel}","templated":true}]}}