{"id":32,"date":"2016-04-01T06:22:11","date_gmt":"2016-04-01T06:22:11","guid":{"rendered":"http:\/\/w4.bilkent.edu.tr\/adaybilgi\/?page_id=32"},"modified":"2024-05-31T14:45:48","modified_gmt":"2024-05-31T14:45:48","slug":"akademik-bilgiler","status":"publish","type":"page","link":"https:\/\/adaybilgi.bilkent.edu.tr\/index.php\/akademik-bilgiler\/","title":{"rendered":"Akademik Bilgiler"},"content":{"rendered":"<p>&nbsp;<\/p>\n<ul>\n<li><strong><a href=\"https:\/\/adaybilgi.bilkent.edu.tr\/index.php\/egitim-anlayisi\/\">E\u011fitim Anlay\u0131\u015f\u0131<\/a><\/strong><\/li>\n<\/ul>\n<ul>\n<li><strong><a href=\"https:\/\/adaybilgi.bilkent.edu.tr\/index.php\/ogretim-kadrosu\/\">\u00d6\u011fretim Kadrosu<\/a><\/strong><\/li>\n<\/ul>\n<ul>\n<li><strong><a href=\"https:\/\/adaybilgi.bilkent.edu.tr\/index.php\/uluslararasi-olanaklar\/\">De\u011fi\u015fim Programlar\u0131<\/a><\/strong><\/li>\n<\/ul>\n<ul>\n<li><strong><a href=\"https:\/\/adaybilgi.bilkent.edu.tr\/index.php\/yenilikci-derslerden-ornekler\/\">Yenilik\u00e7i Derslerden \u00d6rnekler<\/a><\/strong><\/li>\n<\/ul>\n<ul>\n<li><strong><a href=\"http:\/\/w3.bilkent.edu.tr\/www\/lisans-programlarina-yatay-ve-dikey-gecis-yonetmeligi\/\">Yatay Ge\u00e7i\u015f (Ba\u015fka bir \u00fcniversiteden)<\/a><\/strong><\/li>\n<\/ul>\n<ul>\n<li><a href=\"https:\/\/w3.bilkent.edu.tr\/www\/universite-ici-bolumler-arasi-gecis-yonergesi\/\"><strong>\u00dcniversite \u0130\u00e7i B\u00f6l\u00fcmler Aras\u0131 Ge\u00e7i\u015f Y\u00f6nergesi<\/strong><\/a><\/li>\n<\/ul>\n<ul>\n<li><strong><a href=\"http:\/\/w3.bilkent.edu.tr\/www\/yariyil-izinleri\/\">Yar\u0131y\u0131l \u0130zinleri<\/a><\/strong><\/li>\n<\/ul>\n","protected":false},"excerpt":{"rendered":"<p>&nbsp; E\u011fitim Anlay\u0131\u015f\u0131 \u00d6\u011fretim Kadrosu De\u011fi\u015fim Programlar\u0131 Yenilik\u00e7i Derslerden \u00d6rnekler Yatay Ge\u00e7i\u015f (Ba\u015fka bir \u00fcniversiteden) \u00dcniversite \u0130\u00e7i B\u00f6l\u00fcmler Aras\u0131 Ge\u00e7i\u015f Y\u00f6nergesi Yar\u0131y\u0131l \u0130zinleri<\/p>\n","protected":false},"author":1,"featured_media":0,"parent":0,"menu_order":0,"comment_status":"closed","ping_status":"closed","template":"","meta":[],"_links":{"self":[{"href":"https:\/\/adaybilgi.bilkent.edu.tr\/index.php\/wp-json\/wp\/v2\/pages\/32"}],"collection":[{"href":"https:\/\/adaybilgi.bilkent.edu.tr\/index.php\/wp-json\/wp\/v2\/pages"}],"about":[{"href":"https:\/\/adaybilgi.bilkent.edu.tr\/index.php\/wp-json\/wp\/v2\/types\/page"}],"author":[{"embeddable":true,"href":"https:\/\/adaybilgi.bilkent.edu.tr\/index.php\/wp-json\/wp\/v2\/users\/1"}],"replies":[{"embeddable":true,"href":"https:\/\/adaybilgi.bilkent.edu.tr\/index.php\/wp-json\/wp\/v2\/comments?post=32"}],"version-history":[{"count":11,"href":"https:\/\/adaybilgi.bilkent.edu.tr\/index.php\/wp-json\/wp\/v2\/pages\/32\/revisions"}],"predecessor-version":[{"id":3338,"href":"https:\/\/adaybilgi.bilkent.edu.tr\/index.php\/wp-json\/wp\/v2\/pages\/32\/revisions\/3338"}],"wp:attachment":[{"href":"https:\/\/adaybilgi.bilkent.edu.tr\/index.php\/wp-json\/wp\/v2\/media?parent=32"}],"curies":[{"name":"wp","href":"https:\/\/api.w.org\/{rel}","templated":true}]}}