{"id":3150,"date":"2023-06-19T08:05:28","date_gmt":"2023-06-19T08:05:28","guid":{"rendered":"https:\/\/adaybilgi.bilkent.edu.tr\/?page_id=3150"},"modified":"2023-06-19T08:18:48","modified_gmt":"2023-06-19T08:18:48","slug":"fen-fakultesi-mezunlari","status":"publish","type":"page","link":"https:\/\/adaybilgi.bilkent.edu.tr\/index.php\/fen-fakultesi-mezunlari\/","title":{"rendered":"Fen Fak\u00fcltesi Mezunlar\u0131"},"content":{"rendered":"<p>De\u011ferli \u00d6\u011frenciler ve E\u011fitimciler,<\/p>\n<p>T\u00fcm d\u00fcnyada oldu\u011fu gibi \u00fclkemizde de \u00f6\u011frencilerin, ailelerinin ve do\u011fal olarak \u00f6\u011fretmenlerin en merak etti\u011fi konulardan biri \u201c<em>\u00fcniversite e\u011fitimi sonras\u0131 kendilerini neyin bekledi\u011fi<\/em>\u201d olmu\u015ftur. \u201c<strong><em>\u0130\u015f bulabilir miyim?<\/em><\/strong>\u201d ve \u201c<strong><em>Nas\u0131l bir kariyerim olacak?<\/em><\/strong>\u201d sorular\u0131n\u0131 hep sormu\u015flard\u0131r. Biz de bu do\u011frultuda, \u00fcniversite tercih a\u015famas\u0131na gelen \u00f6\u011frencilere kan\u0131ta dayal\u0131 bilgiler sunmak i\u00e7in, Bilkent \u00dcniversitesi Fen Fak\u00fcltesi\u2019nden 1989-2022 y\u0131llar\u0131 aras\u0131nda diploma alm\u0131\u015f <strong>2.478 lisans ve lisans \u00fcst\u00fc mezunumuzu<\/strong> inceledik.<\/p>\n<p><strong>Fizik<\/strong>, <strong>Matematik<\/strong>, <strong>Kimya<\/strong>, <strong>Molek\u00fcler Biyoloji ve Genetik<\/strong> b\u00f6l\u00fcmlerinden mezunlar\u0131m\u0131z\u0131n <strong>%95\u2019ine<\/strong> ula\u015ft\u0131k.<\/p>\n<p><em>Mezun istihdam\u0131m\u0131z<\/em> <strong>%91,2<\/strong> olarak ger\u00e7ekle\u015fmi\u015ftir. Bu oran, T\u00fcrkiye \u0130statistik Kurumu (T\u00dc\u0130K) verilerine g\u00f6re kay\u0131tl\u0131 istihdam oran\u0131n\u0131n en y\u00fcksek oldu\u011fu ilk 5 e\u011fitim ve \u00f6\u011fretim alan\u0131 de\u011ferlerinin \u00fczerindedir (sa\u011fl\u0131k: %82,7, e\u011fitim: %77,8, m\u00fchendislik: %77,8, bili\u015fim: %76,7, do\u011fa bilimleri, matematik ve istatistik: %72,3)<sup>1<\/sup>.<\/p>\n<p>Mezun istihdam\u0131 Princeton i\u00e7in %90,5, Harvard i\u00e7in %90, Yale i\u00e7in %86,8, MIT i\u00e7in %79,3, Stanford ve Cornell i\u00e7in %73,4 d\u00fczeyindedir. Uluslararas\u0131 e\u011fitim dan\u0131\u015fmanl\u0131\u011f\u0131 kurulu\u015flar\u0131 QS ve Times Higher Education verileri incelendi\u011finde Bilkent \u00dcniversitesi Fen Fak\u00fcltesi mezunlar\u0131n\u0131n d\u00fcnyada ilk 15 \u00fcniversite listesine <strong>6.<\/strong> s\u0131radan girdi\u011fi g\u00f6r\u00fclm\u00fc\u015ft\u00fcr<sup>2<\/sup>.<\/p>\n<p>Bilkent \u00dcniversitesi Fen Fak\u00fcltesi\u2019nin kurulu\u015f amac\u0131 \u201c<em>y\u00fcksek d\u00fczeyde bilim \u00fcretmek<\/em>\u201d ve \u201c<em>gelece\u011fin bilim insanlar\u0131n\u0131 yeti\u015ftirmektir<\/em>\u201d. Mezunlar\u0131n sekt\u00f6rlere da\u011f\u0131l\u0131m\u0131 bu misyonun ba\u015far\u0131yla yerine getirildi\u011fini g\u00f6stermektedir: <strong>%60 akademi<\/strong>, <strong>%29 \u00f6zel sekt\u00f6r<\/strong>, <strong>%3 kamu<\/strong> ve <strong>%3 e\u011fitim<\/strong>. Yakla\u015f\u0131k <strong>%51 yurt i\u00e7i<\/strong>, <strong>%49 yurt d\u0131\u015f\u0131<\/strong> olmak \u00fczere <strong>1.267<\/strong> mezunumuz \u00fclkemizin ve d\u00fcnyan\u0131n en \u00f6nde gelen \u00fcniversitelerinde akademik kariyerlerine devam etmektedir.\u00a0Kapsaml\u0131 tablolar ekte sunulmu\u015ftur.<\/p>\n<p>Bu say\u0131sal verileri <strong>ba\u015far\u0131 hik\u00e2yeleri<\/strong> ile zenginle\u015ftirdik. A\u015fa\u011f\u0131da insanl\u0131\u011f\u0131n bilgi birikimine \u00e7ok de\u011ferli katk\u0131lar yapan bu <strong>bilimsel bulu\u015flar\u0131n<\/strong> \u00f6rnekleri sunulmu\u015ftur.<\/p>\n<ul>\n<li>Beyinde astrositlerin nas\u0131l sinaps yapt\u0131klar\u0131n\u0131n belirlenmesi<\/li>\n<li>\u201cBur\u00e7in\u2019in galaksisi\u201d ad\u0131 verilen yeni bir galaksinin ke\u015ffi<\/li>\n<li>Da\u011f\u0131t\u0131c\u0131 k\u0131smi diferansiyel denklemlerin harmonik analizi<\/li>\n<li>Ders kitaplar\u0131nda incelenmesi imkans\u0131z olarak nitelenen \u201c\u0131\u015f\u0131\u011f\u0131n temel \u00f6zelliklerinin\u201d \u00f6l\u00e7\u00fcm\u00fc<\/li>\n<li>Doku ve organlar\u0131 \u015feffaf h\u00e2le getiren teknolojinin ke\u015ffi ve biyo-t\u0131pta \u00fc\u00e7 boyutlu uygulamalar\u0131<\/li>\n<li>Ekonomik teorinin piyasalar\u0131n tasar\u0131m\u0131na etkisini tan\u0131mlayan incelemeler<\/li>\n<li>Evrende ya\u015fam\u0131n ba\u015flang\u0131c\u0131 ve homokiralite kavram\u0131na kritik katk\u0131lar<\/li>\n<li>G\u00f6rme duyusu ile ilgili sinir h\u00fccrelerinin \u00e7e\u015fitlili\u011finin belirlenmesi<\/li>\n<li>H\u00fccre d\u00f6ng\u00fcs\u00fc ve b\u00f6l\u00fcnmesini engelleyen proteomik yakla\u015f\u0131mlarla kanser tedavisi<\/li>\n<li>Kanser tedavisinde \u00f6nemli olan metabolizma yol a\u011flar\u0131n\u0131n tan\u0131mlanmas\u0131<\/li>\n<li>Lazer h\u0131z\u0131n\u0131n 100 kat y\u00fckseltilmesi<\/li>\n<li>\u00d6zellikle kemoterapi sonras\u0131 geli\u015fen ya\u011f dokusu kayb\u0131na neden olan molek\u00fcllerin ke\u015ffi<\/li>\n<li>Say\u0131lar teorisine aritmetik, cebirsel ve geometrik katk\u0131lar<\/li>\n<li>Sentrozom ve silia biyogenezi odakl\u0131 yeni tan\u0131 ve tedavilerin geli\u015ftirilmesi<\/li>\n<li>\u015eizofreni hastal\u0131\u011f\u0131na neden olan genlerin tan\u0131mlanmas\u0131<\/li>\n<\/ul>\n<p>Gelece\u011fe bir bilim alan\u0131nda e\u011fitim g\u00f6rerek haz\u0131rlanmay\u0131 hedefliyorsan\u0131z internet sitemizi incelemenizi \u00f6neriyoruz (<a href=\"https:\/\/sci.bilkent.edu.tr\">https:\/\/sci.bilkent.edu.tr<\/a>).<\/p>\n<p>Bilkent \u00dcniversitesi<\/p>\n<hr \/>\n<ol>\n<li><a href=\"https:\/\/data.tuik.gov.tr\/Bulten\/Index?p=Yuksekogretim-Istihdam-Gostergeleri-2021-45865\">https:\/\/data.tuik.gov.tr\/Bulten\/Index?p=Yuksekogretim-Istihdam-Gostergeleri-2021-45865<\/a><\/li>\n<li>&#8220;<em>QS Graduate Employability Rankings 2022<\/em>&#8221; <a href=\"https:\/\/www.topuniversities.com\/university-rankings\/employability-rankings\/2022\">https:\/\/www.topuniversities.com\/university-rankings\/employability-rankings\/2022<\/a><\/li>\n<\/ol>\n<p>&nbsp;<\/p>\n<p><img loading=\"lazy\" class=\"alignnone size-full wp-image-3153\" src=\"https:\/\/adaybilgi.bilkent.edu.tr\/wp-content\/uploads\/2023\/06\/ff202319061.jpg\" alt=\"\" width=\"479\" height=\"349\" srcset=\"https:\/\/adaybilgi.bilkent.edu.tr\/wp-content\/uploads\/2023\/06\/ff202319061.jpg 479w, https:\/\/adaybilgi.bilkent.edu.tr\/wp-content\/uploads\/2023\/06\/ff202319061-300x219.jpg 300w\" sizes=\"(max-width: 479px) 100vw, 479px\" \/> <img loading=\"lazy\" class=\"alignnone size-full wp-image-3154\" src=\"https:\/\/adaybilgi.bilkent.edu.tr\/wp-content\/uploads\/2023\/06\/ff202319062.jpg\" alt=\"\" width=\"624\" height=\"187\" srcset=\"https:\/\/adaybilgi.bilkent.edu.tr\/wp-content\/uploads\/2023\/06\/ff202319062.jpg 624w, https:\/\/adaybilgi.bilkent.edu.tr\/wp-content\/uploads\/2023\/06\/ff202319062-300x90.jpg 300w\" sizes=\"(max-width: 624px) 100vw, 624px\" \/> <img loading=\"lazy\" class=\"alignnone size-full wp-image-3155\" src=\"https:\/\/adaybilgi.bilkent.edu.tr\/wp-content\/uploads\/2023\/06\/ff202319063.jpg\" alt=\"\" width=\"725\" height=\"228\" srcset=\"https:\/\/adaybilgi.bilkent.edu.tr\/wp-content\/uploads\/2023\/06\/ff202319063.jpg 725w, https:\/\/adaybilgi.bilkent.edu.tr\/wp-content\/uploads\/2023\/06\/ff202319063-300x94.jpg 300w\" sizes=\"(max-width: 725px) 100vw, 725px\" \/> <img loading=\"lazy\" class=\"alignnone size-full wp-image-3156\" src=\"https:\/\/adaybilgi.bilkent.edu.tr\/wp-content\/uploads\/2023\/06\/ff202319064.jpg\" alt=\"\" width=\"727\" height=\"166\" srcset=\"https:\/\/adaybilgi.bilkent.edu.tr\/wp-content\/uploads\/2023\/06\/ff202319064.jpg 727w, https:\/\/adaybilgi.bilkent.edu.tr\/wp-content\/uploads\/2023\/06\/ff202319064-300x69.jpg 300w\" sizes=\"(max-width: 727px) 100vw, 727px\" \/><\/p>\n","protected":false},"excerpt":{"rendered":"<p>De\u011ferli \u00d6\u011frenciler ve E\u011fitimciler, T\u00fcm d\u00fcnyada oldu\u011fu gibi \u00fclkemizde de \u00f6\u011frencilerin, ailelerinin ve do\u011fal olarak \u00f6\u011fretmenlerin en merak etti\u011fi konulardan biri \u201c\u00fcniversite e\u011fitimi sonras\u0131 kendilerini neyin bekledi\u011fi\u201d olmu\u015ftur. \u201c\u0130\u015f bulabilir miyim?\u201d ve \u201cNas\u0131l bir kariyerim olacak?\u201d sorular\u0131n\u0131 hep sormu\u015flard\u0131r. Biz<\/p>\n","protected":false},"author":1,"featured_media":0,"parent":0,"menu_order":0,"comment_status":"closed","ping_status":"closed","template":"","meta":[],"_links":{"self":[{"href":"https:\/\/adaybilgi.bilkent.edu.tr\/index.php\/wp-json\/wp\/v2\/pages\/3150"}],"collection":[{"href":"https:\/\/adaybilgi.bilkent.edu.tr\/index.php\/wp-json\/wp\/v2\/pages"}],"about":[{"href":"https:\/\/adaybilgi.bilkent.edu.tr\/index.php\/wp-json\/wp\/v2\/types\/page"}],"author":[{"embeddable":true,"href":"https:\/\/adaybilgi.bilkent.edu.tr\/index.php\/wp-json\/wp\/v2\/users\/1"}],"replies":[{"embeddable":true,"href":"https:\/\/adaybilgi.bilkent.edu.tr\/index.php\/wp-json\/wp\/v2\/comments?post=3150"}],"version-history":[{"count":3,"href":"https:\/\/adaybilgi.bilkent.edu.tr\/index.php\/wp-json\/wp\/v2\/pages\/3150\/revisions"}],"predecessor-version":[{"id":3157,"href":"https:\/\/adaybilgi.bilkent.edu.tr\/index.php\/wp-json\/wp\/v2\/pages\/3150\/revisions\/3157"}],"wp:attachment":[{"href":"https:\/\/adaybilgi.bilkent.edu.tr\/index.php\/wp-json\/wp\/v2\/media?parent=3150"}],"curies":[{"name":"wp","href":"https:\/\/api.w.org\/{rel}","templated":true}]}}