{"id":30,"date":"2016-04-01T06:21:55","date_gmt":"2016-04-01T06:21:55","guid":{"rendered":"http:\/\/w4.bilkent.edu.tr\/adaybilgi\/?page_id=30"},"modified":"2023-07-20T06:32:38","modified_gmt":"2023-07-20T06:32:38","slug":"ucretler-burslar","status":"publish","type":"page","link":"https:\/\/adaybilgi.bilkent.edu.tr\/index.php\/ucretler-burslar\/","title":{"rendered":"\u00dccretler-Burslar"},"content":{"rendered":"<p>&nbsp;<\/p>\n<ul>\n<li><strong><a href=\"https:\/\/adaybilgi.bilkent.edu.tr\/index.php\/egitim-ucreti\/\">E\u011fitim \u00dccreti<\/a><\/strong><\/li>\n<\/ul>\n<ul>\n<li><strong><a href=\"https:\/\/adaybilgi.bilkent.edu.tr\/index.php\/yurt-ucretleri\/\">Yurt \u00dccretleri<\/a><\/strong><\/li>\n<\/ul>\n<ul>\n<li><strong><a href=\"https:\/\/adaybilgi.bilkent.edu.tr\/index.php\/burslar\/\">Burslar<\/a><\/strong><\/li>\n<\/ul>\n<ul>\n<li><strong><a href=\"https:\/\/adaybilgi.bilkent.edu.tr\/index.php\/kizlara-burs-programi\/\">K\u0131zlara Burs Program\u0131<\/a><\/strong><\/li>\n<\/ul>\n","protected":false},"excerpt":{"rendered":"<p>&nbsp; E\u011fitim \u00dccreti Yurt \u00dccretleri Burslar K\u0131zlara Burs Program\u0131<\/p>\n","protected":false},"author":1,"featured_media":0,"parent":0,"menu_order":0,"comment_status":"closed","ping_status":"closed","template":"","meta":[],"_links":{"self":[{"href":"https:\/\/adaybilgi.bilkent.edu.tr\/index.php\/wp-json\/wp\/v2\/pages\/30"}],"collection":[{"href":"https:\/\/adaybilgi.bilkent.edu.tr\/index.php\/wp-json\/wp\/v2\/pages"}],"about":[{"href":"https:\/\/adaybilgi.bilkent.edu.tr\/index.php\/wp-json\/wp\/v2\/types\/page"}],"author":[{"embeddable":true,"href":"https:\/\/adaybilgi.bilkent.edu.tr\/index.php\/wp-json\/wp\/v2\/users\/1"}],"replies":[{"embeddable":true,"href":"https:\/\/adaybilgi.bilkent.edu.tr\/index.php\/wp-json\/wp\/v2\/comments?post=30"}],"version-history":[{"count":10,"href":"https:\/\/adaybilgi.bilkent.edu.tr\/index.php\/wp-json\/wp\/v2\/pages\/30\/revisions"}],"predecessor-version":[{"id":3229,"href":"https:\/\/adaybilgi.bilkent.edu.tr\/index.php\/wp-json\/wp\/v2\/pages\/30\/revisions\/3229"}],"wp:attachment":[{"href":"https:\/\/adaybilgi.bilkent.edu.tr\/index.php\/wp-json\/wp\/v2\/media?parent=30"}],"curies":[{"name":"wp","href":"https:\/\/api.w.org\/{rel}","templated":true}]}}