{"id":2943,"date":"2022-07-14T15:42:41","date_gmt":"2022-07-14T15:42:41","guid":{"rendered":"https:\/\/adaybilgi.bilkent.edu.tr\/?page_id=2943"},"modified":"2022-07-19T14:28:30","modified_gmt":"2022-07-19T14:28:30","slug":"tanitim-turlari-sosyal-medya-paylasimlari","status":"publish","type":"page","link":"https:\/\/adaybilgi.bilkent.edu.tr\/index.php\/tanitim-turlari-sosyal-medya-paylasimlari\/","title":{"rendered":"Tan\u0131t\u0131m Turlar\u0131 Sosyal Medya Payla\u015f\u0131mlar\u0131"},"content":{"rendered":"<p>G\u00f6rselleri yeni pencerede a\u00e7arak ve sa\u011f klikle farkl\u0131 kaydet se\u00e7ene\u011finden indirebilirsiniz.<\/p>\n<hr \/>\n<p>1080 x 1080 pixels (instagram, facebook, linkedin)<\/p>\n<p><img loading=\"lazy\" class=\"alignnone wp-image-2977\" style=\"border: 1px solid #000000;\" src=\"https:\/\/adaybilgi.bilkent.edu.tr\/wp-content\/uploads\/2022\/07\/2022_TanitimSM01.jpg\" alt=\"\" width=\"400\" height=\"400\" srcset=\"https:\/\/adaybilgi.bilkent.edu.tr\/wp-content\/uploads\/2022\/07\/2022_TanitimSM01.jpg 1080w, https:\/\/adaybilgi.bilkent.edu.tr\/wp-content\/uploads\/2022\/07\/2022_TanitimSM01-300x300.jpg 300w, https:\/\/adaybilgi.bilkent.edu.tr\/wp-content\/uploads\/2022\/07\/2022_TanitimSM01-1024x1024.jpg 1024w, https:\/\/adaybilgi.bilkent.edu.tr\/wp-content\/uploads\/2022\/07\/2022_TanitimSM01-150x150.jpg 150w, https:\/\/adaybilgi.bilkent.edu.tr\/wp-content\/uploads\/2022\/07\/2022_TanitimSM01-768x768.jpg 768w, https:\/\/adaybilgi.bilkent.edu.tr\/wp-content\/uploads\/2022\/07\/2022_TanitimSM01-230x230.jpg 230w, https:\/\/adaybilgi.bilkent.edu.tr\/wp-content\/uploads\/2022\/07\/2022_TanitimSM01-365x365.jpg 365w\" sizes=\"(max-width: 400px) 100vw, 400px\" \/><\/p>\n<hr \/>\n<p>1080 x 1920 pixels (story: instagram, facebook)<\/p>\n<p><img loading=\"lazy\" class=\"alignnone wp-image-2979\" style=\"border: 1px solid #000000;\" src=\"https:\/\/adaybilgi.bilkent.edu.tr\/wp-content\/uploads\/2022\/07\/2022_TanitimSM03.jpg\" alt=\"\" width=\"400\" height=\"711\" srcset=\"https:\/\/adaybilgi.bilkent.edu.tr\/wp-content\/uploads\/2022\/07\/2022_TanitimSM03.jpg 1080w, https:\/\/adaybilgi.bilkent.edu.tr\/wp-content\/uploads\/2022\/07\/2022_TanitimSM03-169x300.jpg 169w, https:\/\/adaybilgi.bilkent.edu.tr\/wp-content\/uploads\/2022\/07\/2022_TanitimSM03-576x1024.jpg 576w, https:\/\/adaybilgi.bilkent.edu.tr\/wp-content\/uploads\/2022\/07\/2022_TanitimSM03-768x1365.jpg 768w, https:\/\/adaybilgi.bilkent.edu.tr\/wp-content\/uploads\/2022\/07\/2022_TanitimSM03-864x1536.jpg 864w\" sizes=\"(max-width: 400px) 100vw, 400px\" \/><\/p>\n<hr \/>\n<p>1200 x 600 pixels (twitter)<\/p>\n<p><img loading=\"lazy\" class=\"alignnone wp-image-2978\" style=\"border: 1px solid #000000;\" src=\"https:\/\/adaybilgi.bilkent.edu.tr\/wp-content\/uploads\/2022\/07\/2022_TanitimSM02.jpg\" alt=\"\" width=\"600\" height=\"300\" srcset=\"https:\/\/adaybilgi.bilkent.edu.tr\/wp-content\/uploads\/2022\/07\/2022_TanitimSM02.jpg 1200w, https:\/\/adaybilgi.bilkent.edu.tr\/wp-content\/uploads\/2022\/07\/2022_TanitimSM02-300x150.jpg 300w, https:\/\/adaybilgi.bilkent.edu.tr\/wp-content\/uploads\/2022\/07\/2022_TanitimSM02-1024x512.jpg 1024w, https:\/\/adaybilgi.bilkent.edu.tr\/wp-content\/uploads\/2022\/07\/2022_TanitimSM02-768x384.jpg 768w\" sizes=\"(max-width: 600px) 100vw, 600px\" \/><\/p>\n","protected":false},"excerpt":{"rendered":"<p>G\u00f6rselleri yeni pencerede a\u00e7arak ve sa\u011f klikle farkl\u0131 kaydet se\u00e7ene\u011finden indirebilirsiniz. 1080 x 1080 pixels (instagram, facebook, linkedin) 1080 x 1920 pixels (story: instagram, facebook) 1200 x 600 pixels (twitter)<\/p>\n","protected":false},"author":1,"featured_media":0,"parent":0,"menu_order":0,"comment_status":"closed","ping_status":"closed","template":"","meta":[],"_links":{"self":[{"href":"https:\/\/adaybilgi.bilkent.edu.tr\/index.php\/wp-json\/wp\/v2\/pages\/2943"}],"collection":[{"href":"https:\/\/adaybilgi.bilkent.edu.tr\/index.php\/wp-json\/wp\/v2\/pages"}],"about":[{"href":"https:\/\/adaybilgi.bilkent.edu.tr\/index.php\/wp-json\/wp\/v2\/types\/page"}],"author":[{"embeddable":true,"href":"https:\/\/adaybilgi.bilkent.edu.tr\/index.php\/wp-json\/wp\/v2\/users\/1"}],"replies":[{"embeddable":true,"href":"https:\/\/adaybilgi.bilkent.edu.tr\/index.php\/wp-json\/wp\/v2\/comments?post=2943"}],"version-history":[{"count":11,"href":"https:\/\/adaybilgi.bilkent.edu.tr\/index.php\/wp-json\/wp\/v2\/pages\/2943\/revisions"}],"predecessor-version":[{"id":2982,"href":"https:\/\/adaybilgi.bilkent.edu.tr\/index.php\/wp-json\/wp\/v2\/pages\/2943\/revisions\/2982"}],"wp:attachment":[{"href":"https:\/\/adaybilgi.bilkent.edu.tr\/index.php\/wp-json\/wp\/v2\/media?parent=2943"}],"curies":[{"name":"wp","href":"https:\/\/api.w.org\/{rel}","templated":true}]}}