{"id":2938,"date":"2022-07-14T15:07:08","date_gmt":"2022-07-14T15:07:08","guid":{"rendered":"https:\/\/adaybilgi.bilkent.edu.tr\/?page_id=2938"},"modified":"2024-07-02T11:21:58","modified_gmt":"2024-07-02T11:21:58","slug":"is-dunyasinin-bilkent-universitesi-mezunlarina-bakisi","status":"publish","type":"page","link":"https:\/\/adaybilgi.bilkent.edu.tr\/index.php\/is-dunyasinin-bilkent-universitesi-mezunlarina-bakisi\/","title":{"rendered":"\u0130\u015f D\u00fcnyas\u0131n\u0131n Bilkent \u00dcniversitesi Mezunlar\u0131na Bak\u0131\u015f\u0131"},"content":{"rendered":"<p>\u201cBankam\u0131z\u0131n y\u00f6netsel pozisyonlar\u0131nda, gerek liderlik \u00f6zellikleri gerek teknik yetkinlikleriyle, ba\u015far\u0131l\u0131 Bilkentliler s\u0131kl\u0131kla dikkat \u00e7ekiyor. Garanti BBVA olarak Bilkent mezunu \u00e7al\u0131\u015fanlar\u0131m\u0131z\u0131n geli\u015fimine katk\u0131 sa\u011flamaktan ve her ge\u00e7en y\u0131l aram\u0131za yeni mezunlar\u0131 kazand\u0131rmaktan son derece memnunuz. Bu ba\u015far\u0131lar\u0131n artarak devam etmesini diliyor, Bilkent \u00dcniversitesi\u2019ne e\u011fitim kalitesi ve \u00f6zeni i\u00e7in te\u015fekk\u00fcr ediyoruz.\u201d<\/p>\n<p>Sibel Kaya<br \/>\nGenel M\u00fcd\u00fcr Yard\u0131mc\u0131s\u0131<br \/>\nGaranti BBVA<\/p>\n<hr \/>\n<p>\u201c30\u2019u a\u015fk\u0131n Bilkent \u00dcniversitesi mezunu arkada\u015f\u0131m\u0131z, b\u00fcnyemizdeki farkl\u0131 kurulu\u015flarda sat\u0131\u015f, tedarik zinciri, marka y\u00f6netimi ve insan kaynaklar\u0131 gibi bir\u00e7ok fonksiyonun farkl\u0131 kademelerinde ba\u015far\u0131yla g\u00f6rev yap\u0131yor. Eczac\u0131ba\u015f\u0131 ailesinde onlarla birlikte olmaktan ve birlikte ba\u015farmaktan gurur duyuyoruz.\u201d<\/p>\n<p>Sinem K\u0131ranta<br \/>\n\u0130nsan Kaynaklar\u0131 Direkt\u00f6r\u00fc<br \/>\nEczac\u0131ba\u015f\u0131 Holding<\/p>\n<hr \/>\n<p>\u201cPricewaterhouseCoopers\u2019\u0131n (PwC) 40 y\u0131la yakla\u015fan T\u00fcrkiye yolculu\u011funda bir\u00e7ok Bilkent \u00dcniversitesi mezunuyla yollar\u0131m\u0131z kesi\u015fti ve kesi\u015fmeye devam ediyor. Bilkent mezunlar\u0131; sahip olduklar\u0131 vizyon, alm\u0131\u015f olduklar\u0131 e\u011fitim ve \u00fcniversitenin sosyal olanaklar\u0131ndan kazand\u0131klar\u0131 deneyimlerle PwC i\u00e7in de\u011ferli birer potansiyel yetenek.\u00a0 PwC T\u00fcrkiye b\u00fcnyesinde 99 Bilkent \u00dcniversitesi mezununun bizlerle \u00e7al\u0131\u015f\u0131yor olmas\u0131 da bunun en b\u00fcy\u00fck g\u00f6stergesi.\u201d<\/p>\n<p>\u0130nsan Kaynaklar\u0131 Ekibi<br \/>\nPwC T\u00fcrkiye<\/p>\n<hr \/>\n<p>\u201cBilkent mezunu \u00e7al\u0131\u015fanlar\u0131m\u0131z, kurum olarak de\u011fer verdi\u011fimiz teknik bilgi birikimi, \u00e7ok y\u00f6nl\u00fcl\u00fck, esneklik ve yarat\u0131c\u0131 \u00e7\u00f6z\u00fcm \u00fcretebilme gibi \u00f6zellikleri i\u015f hayat\u0131na rahatl\u0131kla yans\u0131tabiliyor; bunu g\u00f6rmekten olduk\u00e7a memnunuz. Bilkent \u00dcniversitesi\u2019nin e\u011fitim kalitesiyle beraber sundu\u011fu ortam ve imk\u00e2nlar\u0131n\u0131n, \u00f6\u011frencilerini her y\u00f6nden geli\u015ftiren vizyonunun devam etmesini temenni ederiz.\u201d<\/p>\n<p>Dilanur T\u00fcrer \u00c7etin<br \/>\nKurumsal Geli\u015fim Birim Y\u00f6neticisi<br \/>\nFNSS<\/p>\n<hr \/>\n<p>\u201cBilkent \u00dcniversitesi\u2019nin e\u011fitim yakla\u015f\u0131m\u0131n\u0131n, \u00f6\u011frencilerin \u00f6zg\u00fcn d\u00fc\u015f\u00fcnme ve ak\u0131lc\u0131 karar verme becerilerini geli\u015ftirmeye y\u00f6nelik oldu\u011funu biliyor ve<br \/>\ngerek kadromuzda gerekse ger\u00e7ekle\u015ftirmi\u015f oldu\u011fumuz etkinliklerde bunu hissediyoruz. Gelecek beklentilerini ve kariyer planlamalar\u0131n\u0131 yapmalar\u0131 noktas\u0131nda \u00fcniversitenin vizyonu ve e\u011fitim sistemi Bilkent mezunlar\u0131nda g\u00fcven ortam\u0131 olu\u015fturuyor; ayn\u0131 zamanda onlar\u0131n bak\u0131\u015f a\u00e7\u0131lar\u0131n\u0131 geni\u015fletiyor, fark\u0131ndal\u0131klar\u0131n\u0131 artt\u0131r\u0131yor. Bu vizyon, temel de\u011ferlerimiz olan kalite, g\u00fcvenilirlik, liderlik ve samimiyet ile \u00f6rt\u00fc\u015f\u00fcyor.\u201d<\/p>\n<p>\u0130nsan Kaynaklar\u0131 Ekibi<br \/>\nMavi<\/p>\n<hr \/>\n<p>\u201c2019 y\u0131l\u0131nda \u015firketimizde i\u015f analisti, pazarlama uzman\u0131, kurumsal sat\u0131\u015f uzman\u0131 gibi farkl\u0131 pozisyonlarda g\u00f6rev almak \u00fczere i\u015fe ba\u015flayan Bilkent \u00dcniversitesi mezunu 6 arkada\u015f\u0131m\u0131z, \u015ei\u015fecam k\u00fclt\u00fcr\u00fcne ve \u00e7al\u0131\u015fma tarz\u0131na h\u0131zl\u0131 bir \u015fekilde uyum sa\u011flayarak de\u011fer yaratmaya ba\u015flad\u0131lar. Birlikte g\u00fczel i\u015fler ba\u015faraca\u011f\u0131m\u0131za inan\u0131yoruz.\u201d;<\/p>\n<p>Ebru Kahraman<br \/>\n\u0130\u015fveren Markas\u0131 Y\u00f6neticisi<br \/>\n\u015ei\u015fecam<\/p>\n","protected":false},"excerpt":{"rendered":"<p>\u201cBankam\u0131z\u0131n y\u00f6netsel pozisyonlar\u0131nda, gerek liderlik \u00f6zellikleri gerek teknik yetkinlikleriyle, ba\u015far\u0131l\u0131 Bilkentliler s\u0131kl\u0131kla dikkat \u00e7ekiyor. Garanti BBVA olarak Bilkent mezunu \u00e7al\u0131\u015fanlar\u0131m\u0131z\u0131n geli\u015fimine katk\u0131 sa\u011flamaktan ve her ge\u00e7en y\u0131l aram\u0131za yeni mezunlar\u0131 kazand\u0131rmaktan son derece memnunuz. Bu ba\u015far\u0131lar\u0131n artarak devam etmesini diliyor,<\/p>\n","protected":false},"author":1,"featured_media":0,"parent":0,"menu_order":0,"comment_status":"closed","ping_status":"closed","template":"","meta":[],"_links":{"self":[{"href":"https:\/\/adaybilgi.bilkent.edu.tr\/index.php\/wp-json\/wp\/v2\/pages\/2938"}],"collection":[{"href":"https:\/\/adaybilgi.bilkent.edu.tr\/index.php\/wp-json\/wp\/v2\/pages"}],"about":[{"href":"https:\/\/adaybilgi.bilkent.edu.tr\/index.php\/wp-json\/wp\/v2\/types\/page"}],"author":[{"embeddable":true,"href":"https:\/\/adaybilgi.bilkent.edu.tr\/index.php\/wp-json\/wp\/v2\/users\/1"}],"replies":[{"embeddable":true,"href":"https:\/\/adaybilgi.bilkent.edu.tr\/index.php\/wp-json\/wp\/v2\/comments?post=2938"}],"version-history":[{"count":6,"href":"https:\/\/adaybilgi.bilkent.edu.tr\/index.php\/wp-json\/wp\/v2\/pages\/2938\/revisions"}],"predecessor-version":[{"id":3354,"href":"https:\/\/adaybilgi.bilkent.edu.tr\/index.php\/wp-json\/wp\/v2\/pages\/2938\/revisions\/3354"}],"wp:attachment":[{"href":"https:\/\/adaybilgi.bilkent.edu.tr\/index.php\/wp-json\/wp\/v2\/media?parent=2938"}],"curies":[{"name":"wp","href":"https:\/\/api.w.org\/{rel}","templated":true}]}}