{"id":287,"date":"2016-04-25T14:25:48","date_gmt":"2016-04-25T14:25:48","guid":{"rendered":"https:\/\/adaybilgi.bilkent.edu.tr\/?page_id=287"},"modified":"2026-02-04T12:12:56","modified_gmt":"2026-02-04T12:12:56","slug":"burslar","status":"publish","type":"page","link":"https:\/\/adaybilgi.bilkent.edu.tr\/index.php\/burslar\/","title":{"rendered":"Burslar"},"content":{"rendered":"<p><strong>Bilkent \u00dcniversitesi\u2019nde okuyan 12.000 \u00f6\u011frencinin %66\u2019s\u0131 bursludur. Lisans programlar\u0131na kay\u0131tl\u0131 \u00f6\u011frenciler i\u00e7in Tam Burs\u2019a e\u015f de\u011fer bursluluk oran\u0131 %44\u2019t\u00fcr.<\/strong><\/p>\n<ul>\n<li><strong>Tam Burs<\/strong>\u2019tan yararlanmak i\u00e7in, \u00fcniversiteye giri\u015fte \u201cBurslu\u201d kontenjanlardan;\u00a0<strong>%50 Burs<\/strong>\u2019tan yararlanmak i\u00e7inse, \u201c%50 \u0130ndirimli\u201d kontenjanlardan yerle\u015ftirilmi\u015f olmak gereklidir. Tam Burslu olarak yerle\u015ftirilen \u00f6\u011frencilerden a\u015fa\u011f\u0131da belirtilen ba\u015far\u0131 ko\u015fullar\u0131n\u0131 sa\u011flayanlar\u0131n bursu do\u011frudan\u00a0<strong>Kapsaml\u0131 Burs<\/strong>\u2019a y\u00fckseltilir.<\/li>\n<li>Arkeoloji B\u00f6l\u00fcm\u00fc\u2019ne %50 Burslu (indirimli) olarak yerle\u015ftirilen \u00f6\u011frencilerden, 0,12 OBP katsay\u0131l\u0131 ba\u015far\u0131 s\u0131ralamas\u0131, yerle\u015ftirilmi\u015f oldu\u011fu EA puan t\u00fcr\u00fcnde 100.000 veya daha iyi olanlar\u0131n bursu, \u00fcniversiteye kay\u0131t s\u0131ras\u0131nda do\u011frudan Tam Burs\u2019a y\u00fckseltilir.<\/li>\n<li>Kapsaml\u0131, Tam ve %50 burslar (indirimler), \u00f6\u011frencilerin her yar\u0131y\u0131lda normal ders y\u00fcklerini almalar\u0131 ve derslerine d\u00fczenli devam etmeleri ko\u015fuluyla, azami burs s\u00fcresi boyunca kesintisiz devam eder; d\u00fc\u015f\u00fck not ortalamas\u0131 veya ders tekrar\u0131 gibi konulardan etkilenmez. Normal ders y\u00fck\u00fcn\u00fcn alt\u0131nda ders alan veya kay\u0131tl\u0131 olduklar\u0131 bir ya da daha \u00e7ok say\u0131da derse devam etmeyen \u00f6\u011frencilerin burslar\u0131 (indirimleri) ask\u0131ya al\u0131n\u0131r.<\/li>\n<li>Tam ve %50 burslardan (indirimlerden) yararlanma s\u00fcresi \u0130ngilizce Haz\u0131rl\u0131k Program\u0131\u2019nda azami 2 y\u0131l, haz\u0131rl\u0131k sonras\u0131 lisans program\u0131nda 6 y\u0131ld\u0131r. Lisans e\u011fitimi 6 y\u0131l\u0131n \u00f6tesine uzayan \u00f6\u011frenciler Tam ve %50 burslardan (indirimlerden) yararlanamaz.<\/li>\n<li>Kapsaml\u0131 Burs\u2019tan yararlanman\u0131n azami s\u00fcresi \u0130ngilizce Haz\u0131rl\u0131k Program\u0131\u2019nda 2 y\u0131l, haz\u0131rl\u0131k sonras\u0131 lisans program\u0131nda 5 y\u0131ld\u0131r. Lisans e\u011fitimi 5 y\u0131l\u0131n \u00f6tesine uzayan Kapsaml\u0131 burslu \u00f6\u011frencilerin bursu alt\u0131nc\u0131 y\u0131l ba\u015f\u0131nda Tam Burs\u2019a d\u00f6n\u00fc\u015f\u00fcr.<\/li>\n<li>Daha\u00a0\u00f6nce bir \u00fcniversiteden lisans derecesi alarak mezun olmu\u015f \u00f6\u011frenciler, Kapsaml\u0131, Tam veya %50 burslardan veya indirimlerden yararlanamaz.<\/li>\n<li>Ge\u00e7mi\u015f y\u0131llarda Bilkent \u00dcniversitesi\u2019nde bir lisans program\u0131na yerle\u015ftirilmi\u015f olup 2025 y\u0131l\u0131nda yeniden bu \u00fcniversiteye yerle\u015ftirilenler, Kapsaml\u0131, Tam veya %50 burslardan veya indirimlerden yararlanamaz.<\/li>\n<li>Bilkent \u00dcniversitesi\u2019nin sa\u011flad\u0131\u011f\u0131 b\u00fct\u00fcn burslar ve indirimler kar\u015f\u0131l\u0131ks\u0131zd\u0131r.<\/li>\n<li>Ba\u015fka bir kurumdan burs al\u0131yor olmak, Bilkent \u00dcniversitesi burslar\u0131ndan yararlanmaya engel de\u011fildir.<\/li>\n<li>E\u011fitim \u00fccreti burslar\u0131 ve indirimleri, yaz d\u00f6nemi ders \u00fccretleri i\u00e7in de ge\u00e7erlidir.<\/li>\n<\/ul>\n<p><span class=\"baslik2\"> <strong>Tam Burs<\/strong><\/span><\/p>\n<p>(\u201cBurslu\u201d kontenjandan yerle\u015fen \u00f6\u011frenciler)<br \/>\n\u00d6SYM\u2019nin Y\u00fcksek\u00f6\u011fretim Programlar\u0131 ve Kontenjanlar\u0131 K\u0131lavuzu\u2019nda \u201cBurslu\u201d olarak belirtilen programlardan birini tercih ederek \u00d6SYM taraf\u0131ndan s\u00f6z konusu programa yerle\u015ftirilen \u00f6\u011frenciler Tam Burs\u2019a hak kazan\u0131r. Tam Burslu \u00f6\u011frenciler, burslar\u0131 devam etti\u011fi s\u00fcrece e\u011fitim \u00fccreti \u00f6demez.\u00a0Daha \u00f6nce bir \u00fcniversiteden lisans derecesi alarak mezun olmu\u015f \u00f6\u011frenciler, Tam burstan yararlanamaz.<\/p>\n<p><strong class=\"baslik2\">Kapsaml\u0131 Burs<\/strong><\/p>\n<p>Bilkent \u00dcniversitesi&#8217;ne Tam Burslu olarak yerle\u015ftirilen \u00f6\u011frencilerden (\u00d6SYM taraf\u0131ndan belirlenen \u015eehit E\u015f ve \u00c7ocuklar\u0131, Gazi E\u015f ve \u00c7ocuklar\u0131 ile Gazi adaylara ayr\u0131lan kontenjanlar ve Depremzede adaylar kontenjanlar\u0131 yoluyla yerle\u015fenler hari\u00e7), 0,12 OBP katsay\u0131l\u0131 ba\u015far\u0131 s\u0131ralamas\u0131, yerle\u015ftirilmi\u015f oldu\u011fu SAY, EA, veya S\u00d6Z puan t\u00fcr\u00fcnde 10.000 veya daha iyi olanlar ile D\u0130L puan t\u00fcr\u00fcnde 1000 veya daha iyi olanlar\u0131n bursu \u00fcniversiteye kay\u0131t s\u0131ras\u0131nda do\u011frudan Kapsaml\u0131 bursa y\u00fckseltilir.<\/p>\n<p>2025-2026 akademik y\u0131l\u0131 Bahar yar\u0131y\u0131l\u0131 i\u00e7in Kapsaml\u0131 bursun i\u00e7eri\u011finde Tam bursa ek olarak 13.700 TL tutar\u0131nda ayl\u0131k katk\u0131 bursu (y\u0131lda 8 ay boyunca) ve Bilkent \u00dcniversitesi yurtlar\u0131nda G\u00fcz ve Bahar yar\u0131y\u0131llar\u0131nda \u00fccretsiz konaklama olana\u011f\u0131 vard\u0131r. G\u00fcz ve Bahar yar\u0131y\u0131llar\u0131nda yurtlarda kalm\u0131\u015f olan Kapsaml\u0131 burslu \u00f6\u011frencilerden yaz d\u00f6neminde ders alanlar, yaz dersleri boyunca da yurtlarda \u00fccretsiz kalabilir. Yurtta kalmay\u0131 tercih etmeyen Kapsaml\u0131 burslu \u00f6\u011frencilerin ayl\u0131k katk\u0131 bursu 24.200 TL\u2019ye y\u00fckseltilir.<\/p>\n<p>Bilkent \u00dcniversitesi&#8217;ne yeni kay\u0131t yapt\u0131ran Kapsaml\u0131 Burslu \u00f6\u011frenciler, iki ki\u015filik standart yurt odalar\u0131nda \u00fccretsiz kalma olana\u011f\u0131na sahiptir. Mezuniyete yakla\u015fm\u0131\u015f ve di\u011fer baz\u0131 ko\u015fullar\u0131 sa\u011flayan \u00fcst\u00fcn ba\u015far\u0131l\u0131 \u00f6\u011frencilere 81. ve 82. Yurtlarda iki ki\u015filik banyolu odalar tahsis edilir. Yurtta kalmay\u0131 tercih etmeyen Kapsaml\u0131 Burslu \u00f6\u011frencilerin ayl\u0131k katk\u0131 bursu y\u00fckseltilir.<\/p>\n<p>Daha \u00f6nce bir \u00fcniversiteden lisans derecesi alarak mezun olmu\u015f \u00f6\u011frenciler, Kapsaml\u0131 burstan yararlanamaz.<\/p>\n<p>Kapsaml\u0131 burstan yararlanman\u0131n azami s\u00fcresi \u0130ngilizce Haz\u0131rl\u0131k Program\u0131\u2019nda 2 y\u0131l, haz\u0131rl\u0131k sonras\u0131 Lisans program\u0131nda 5 y\u0131ld\u0131r. Lisans e\u011fitimi 5 y\u0131l\u0131n \u00f6tesine uzayan Kapsaml\u0131 burslu \u00f6\u011frencilerin bursu alt\u0131nc\u0131 y\u0131l ba\u015f\u0131nda Tam bursa d\u00f6n\u00fc\u015f\u00fcr.<\/p>\n<p><strong><span class=\"baslik2\">%50 Burs<\/span><\/strong><\/p>\n<p><span class=\"baslik2\">(\u201c%50 \u0130ndirimli\u201d kontenjandan yerle\u015fen \u00f6\u011frenciler)<br \/>\n<\/span>\u00d6SYM\u2019nin Y\u00fcksek\u00f6\u011fretim Programlar\u0131 ve Kontenjanlar\u0131 K\u0131lavuzu\u2019nda \u201c%50 \u0130ndirimli\u201d olarak belirtilen programlardan birini tercih ederek \u00d6SYM taraf\u0131ndan s\u00f6z konusu programa yerle\u015ftirilen \u00f6\u011frenciler bu bursa hak kazan\u0131r. %50 Burslu \u00f6\u011frencilerden burslar\u0131 devam etti\u011fi s\u00fcrece e\u011fitim \u00fccretinin yar\u0131s\u0131 al\u0131n\u0131r. %50 Burs sahibi \u00f6\u011frenciler, hak kazand\u0131klar\u0131 takdirde \u00dcst\u00fcn Ba\u015far\u0131 Bursu da alabilir. Daha \u00f6nce bir \u00fcniversiteden lisans derecesi alarak mezun olmu\u015f \u00f6\u011frenciler, %50 burstan yararlanamaz.<\/p>\n<p><strong><span class=\"baslik2\">Yetenek Bursu<\/span><\/strong><\/p>\n<p>Yetenek s\u0131nav\u0131 ile \u00f6\u011frenci alan G\u00fczel Sanatlar, M\u00fczik ve Tiyatro b\u00f6l\u00fcmlerinin bu s\u0131navlarda \u00fcst\u00fcn ba\u015far\u0131 g\u00f6steren \u00f6\u011frencilerine Yetenek Bursu verilir. Yetenek Bursu, y\u0131ll\u0131k e\u011fitim \u00fccretinin tamam\u0131n\u0131 ya da bir b\u00f6l\u00fcm\u00fcn\u00fc kar\u015f\u0131lar. Bu bursun s\u00fcreklili\u011fi, \u00f6\u011frencinin ba\u015far\u0131s\u0131na ba\u011fl\u0131d\u0131r. Yetenek burslar\u0131ndan ve indirimlerden yararlanma s\u00fcresi \u0130ngilizce Haz\u0131rl\u0131k Program\u0131\u2019nda azami 2 y\u0131l, haz\u0131rl\u0131k sonras\u0131 lisans program\u0131nda azami 5 y\u0131ld\u0131r. Daha \u00f6nce bir \u00fcniversiteden lisans derecesi alarak mezun olmu\u015f \u00f6\u011frenciler, yetenek burslar\u0131ndan veya indirimlerden yararlanamaz.<\/p>\n<p><strong><span class=\"baslik2\">\u00dcst\u00fcn Ba\u015far\u0131 Bursu<\/span><\/strong><\/p>\n<p>Her ders y\u0131l\u0131 sonunda, e\u011fitim program\u0131nda belirtilen asgari ders y\u00fck\u00fcn\u00fc alm\u0131\u015f, y\u0131ll\u0131k not ortalamas\u0131 4,00 \u00fczerinden 3,30 veya daha y\u00fcksek olan, kendi program\u0131ndaki \u00fccretli \u00f6\u011frenciler aras\u0131nda ilk y\u00fczde be\u015fe girmi\u015f \u00fccretli \u00f6\u011frenciler ve kendi program\u0131ndaki %50 Burslu \u00f6\u011frenciler aras\u0131nda ilk y\u00fczde \u00fc\u00e7e girmeyi ba\u015faran %50 Burslu \u00f6\u011frenciler, bir sonraki ders y\u0131l\u0131 i\u00e7in \u00dcst\u00fcn Ba\u015far\u0131 Bursu almaya hak kazan\u0131r. \u00dcst\u00fcn Ba\u015far\u0131 Bursu, \u00f6\u011frencinin kendi grubunda hangi y\u00fczde birlik dilim i\u00e7inde bulundu\u011funa ba\u011fl\u0131 olarak, e\u011fitim \u00fccretinin tamam\u0131n\u0131 veya bir b\u00f6l\u00fcm\u00fcn\u00fc kar\u015f\u0131lar. Bu burs, \u0130ngilizce Haz\u0131rl\u0131k Program\u0131\u2019ndaki \u00f6\u011frenciler i\u00e7in ge\u00e7erli de\u011fildir.<\/p>\n<p>&nbsp;<\/p>\n<p><strong>E\u011fitim \u00fccreti t\u00fcm b\u00f6l\u00fcm ve programlar i\u00e7in (\u0130ngilizce Haz\u0131rl\u0131k Program\u0131 d\u00e2hil) ayn\u0131d\u0131r. Ayr\u0131nt\u0131l\u0131 bilgi i\u00e7in: <a href=\"https:\/\/w3.bilkent.edu.tr\/www\/ucretler\/\">E\u011fitim \u00dccretleri<\/a>\u00a0<\/strong><\/p>\n<p>&nbsp;<\/p>\n<p><strong>\u00a0<\/strong><\/p>\n<p>&nbsp;<\/p>\n<hr \/>\n<p><span style=\"font-size: 10pt;\">Bu sayfadaki bilgiler 2024-2025 akademik y\u0131l\u0131 i\u00e7in ge\u00e7erlidir.<\/span><\/p>\n","protected":false},"excerpt":{"rendered":"<p>Bilkent \u00dcniversitesi\u2019nde okuyan 12.000 \u00f6\u011frencinin %66\u2019s\u0131 bursludur. Lisans programlar\u0131na kay\u0131tl\u0131 \u00f6\u011frenciler i\u00e7in Tam Burs\u2019a e\u015f de\u011fer bursluluk oran\u0131 %44\u2019t\u00fcr. Tam Burs\u2019tan yararlanmak i\u00e7in, \u00fcniversiteye giri\u015fte \u201cBurslu\u201d kontenjanlardan;\u00a0%50 Burs\u2019tan yararlanmak i\u00e7inse, \u201c%50 \u0130ndirimli\u201d kontenjanlardan yerle\u015ftirilmi\u015f olmak gereklidir. Tam Burslu olarak yerle\u015ftirilen<\/p>\n","protected":false},"author":1,"featured_media":0,"parent":0,"menu_order":0,"comment_status":"closed","ping_status":"closed","template":"","meta":[],"_links":{"self":[{"href":"https:\/\/adaybilgi.bilkent.edu.tr\/index.php\/wp-json\/wp\/v2\/pages\/287"}],"collection":[{"href":"https:\/\/adaybilgi.bilkent.edu.tr\/index.php\/wp-json\/wp\/v2\/pages"}],"about":[{"href":"https:\/\/adaybilgi.bilkent.edu.tr\/index.php\/wp-json\/wp\/v2\/types\/page"}],"author":[{"embeddable":true,"href":"https:\/\/adaybilgi.bilkent.edu.tr\/index.php\/wp-json\/wp\/v2\/users\/1"}],"replies":[{"embeddable":true,"href":"https:\/\/adaybilgi.bilkent.edu.tr\/index.php\/wp-json\/wp\/v2\/comments?post=287"}],"version-history":[{"count":63,"href":"https:\/\/adaybilgi.bilkent.edu.tr\/index.php\/wp-json\/wp\/v2\/pages\/287\/revisions"}],"predecessor-version":[{"id":3663,"href":"https:\/\/adaybilgi.bilkent.edu.tr\/index.php\/wp-json\/wp\/v2\/pages\/287\/revisions\/3663"}],"wp:attachment":[{"href":"https:\/\/adaybilgi.bilkent.edu.tr\/index.php\/wp-json\/wp\/v2\/media?parent=287"}],"curies":[{"name":"wp","href":"https:\/\/api.w.org\/{rel}","templated":true}]}}