{"id":28,"date":"2016-04-01T06:21:35","date_gmt":"2016-04-01T06:21:35","guid":{"rendered":"http:\/\/w4.bilkent.edu.tr\/adaybilgi\/?page_id=28"},"modified":"2018-07-25T11:23:45","modified_gmt":"2018-07-25T11:23:45","slug":"egitim-programlari","status":"publish","type":"page","link":"https:\/\/adaybilgi.bilkent.edu.tr\/index.php\/egitim-programlari\/","title":{"rendered":"E\u011fitim Programlar\u0131"},"content":{"rendered":"<p>&nbsp;<\/p>\n<ul>\n<li><strong><a href=\"https:\/\/adaybilgi.bilkent.edu.tr\/index.php\/tum-lisans-programlari\/\">T\u00fcm Lisans Programlar\u0131<\/a><\/strong><\/li>\n<\/ul>\n<ul>\n<li><strong><a href=\"https:\/\/adaybilgi.bilkent.edu.tr\/index.php\/puan-turlerine-gore-bolumler\/\">Puan T\u00fcrlerine G\u00f6re B\u00f6l\u00fcmler<\/a><\/strong><\/li>\n<\/ul>\n<ul>\n<li><strong><a href=\"https:\/\/adaybilgi.bilkent.edu.tr\/index.php\/ders-programlari\/\">Ders Programlar\u0131<\/a><\/strong><\/li>\n<\/ul>\n<ul>\n<li><strong><a href=\"https:\/\/adaybilgi.bilkent.edu.tr\/index.php\/ingiliz-dili-meslek-yuksekokulu\/\"><strong>\u0130ngilizce Haz\u0131rl\u0131k P<\/strong>rogram\u0131<\/a><\/strong><\/li>\n<\/ul>\n<ul>\n<li><strong><a href=\"https:\/\/adaybilgi.bilkent.edu.tr\/index.php\/cift-ana-dal-ve-yan-dal-programlari\/\">\u00c7ift Ana Dal ve Yan Dal Programlar\u0131<\/a><\/strong><\/li>\n<\/ul>\n","protected":false},"excerpt":{"rendered":"<p>&nbsp; T\u00fcm Lisans Programlar\u0131 Puan T\u00fcrlerine G\u00f6re B\u00f6l\u00fcmler Ders Programlar\u0131 \u0130ngilizce Haz\u0131rl\u0131k Program\u0131 \u00c7ift Ana Dal ve Yan Dal Programlar\u0131<\/p>\n","protected":false},"author":1,"featured_media":0,"parent":0,"menu_order":0,"comment_status":"closed","ping_status":"closed","template":"","meta":[],"_links":{"self":[{"href":"https:\/\/adaybilgi.bilkent.edu.tr\/index.php\/wp-json\/wp\/v2\/pages\/28"}],"collection":[{"href":"https:\/\/adaybilgi.bilkent.edu.tr\/index.php\/wp-json\/wp\/v2\/pages"}],"about":[{"href":"https:\/\/adaybilgi.bilkent.edu.tr\/index.php\/wp-json\/wp\/v2\/types\/page"}],"author":[{"embeddable":true,"href":"https:\/\/adaybilgi.bilkent.edu.tr\/index.php\/wp-json\/wp\/v2\/users\/1"}],"replies":[{"embeddable":true,"href":"https:\/\/adaybilgi.bilkent.edu.tr\/index.php\/wp-json\/wp\/v2\/comments?post=28"}],"version-history":[{"count":5,"href":"https:\/\/adaybilgi.bilkent.edu.tr\/index.php\/wp-json\/wp\/v2\/pages\/28\/revisions"}],"predecessor-version":[{"id":2404,"href":"https:\/\/adaybilgi.bilkent.edu.tr\/index.php\/wp-json\/wp\/v2\/pages\/28\/revisions\/2404"}],"wp:attachment":[{"href":"https:\/\/adaybilgi.bilkent.edu.tr\/index.php\/wp-json\/wp\/v2\/media?parent=28"}],"curies":[{"name":"wp","href":"https:\/\/api.w.org\/{rel}","templated":true}]}}