{"id":272,"date":"2016-04-25T13:14:31","date_gmt":"2016-04-25T13:14:31","guid":{"rendered":"https:\/\/adaybilgi.bilkent.edu.tr\/?page_id=272"},"modified":"2025-07-19T07:15:28","modified_gmt":"2025-07-19T07:15:28","slug":"egitim-ucreti","status":"publish","type":"page","link":"https:\/\/adaybilgi.bilkent.edu.tr\/index.php\/egitim-ucreti\/","title":{"rendered":"E\u011fitim \u00dccreti"},"content":{"rendered":"<ul>\n<li>2025-2026 y\u0131l\u0131 e\u011fitim \u00fccreti b\u00fct\u00fcn b\u00f6l\u00fcm ve programlar i\u00e7in 950.000 TL tutar\u0131ndad\u0131r (%10 KDV dahil). %50 burslu (\u201c%50 \u0130ndirimli\u201d kontenjandan yerle\u015fmi\u015f) \u00f6\u011frenciler i\u00e7in ayn\u0131 e\u011fitim \u00fccreti 475.000 TL tutar\u0131ndad\u0131r (%10 KDV dahil).<\/li>\n<li>E\u011fitim\u00a0\u00fccreti t\u00fcm b\u00f6l\u00fcm ve programlar i\u00e7in (\u0130ngilizce Haz\u0131rl\u0131k Program\u0131 d\u00e2hil) ayn\u0131d\u0131r.<\/li>\n<li>Bilkent \u00dcniversitesi\u2019nde e\u011fitim \u00fccretleri akademik y\u0131l baz\u0131nda belirlenir ve akademik y\u0131l\u0131n ba\u015f\u0131nda pe\u015fin olarak tahsil edilir.<\/li>\n<li>E\u011fitim \u00fccretinin tamam\u0131n\u0131 akademik y\u0131l ba\u015f\u0131nda \u00f6demek yerine, Bahar yar\u0131y\u0131l\u0131na ait b\u00f6l\u00fcm\u00fcn\u00fc Bahar yar\u0131y\u0131l\u0131 ba\u015f\u0131nda enflasyon oran\u0131nda art\u0131r\u0131lm\u0131\u015f tutar \u00fczerinden \u00f6demeyi tercih etmek de m\u00fcmk\u00fcnd\u00fcr. Bu bi\u00e7imde e\u011fitim \u00fccretini iki par\u00e7ada \u00f6demek isteyenler, G\u00fcz yar\u0131y\u0131l\u0131 ba\u015f\u0131nda y\u0131ll\u0131k e\u011fitim \u00fccretinin yar\u0131s\u0131n\u0131, Bahar yar\u0131y\u0131l\u0131 ba\u015f\u0131nda ise kalan tutar\u0131n Haziran \u2013 Kas\u0131m aylar\u0131 aras\u0131 alt\u0131 ayl\u0131k enflasyon oran\u0131nda art\u0131r\u0131larak belirlenen ve Aral\u0131k ay\u0131 i\u00e7erisinde ilan edilen tutar\u0131 \u00f6der.<\/li>\n<li>Kay\u0131tl\u0131 \u00f6\u011frenciler i\u00e7in e\u011fitim \u00fccretine yap\u0131lan art\u0131\u015flar, T\u00dc\u0130K taraf\u0131ndan her Haziran ay\u0131 ba\u015f\u0131nda a\u00e7\u0131klanan May\u0131s ay\u0131na ait on iki ayl\u0131k ortalamalara g\u00f6re T\u00fcketici fiyat endeksi (T\u00dcFE) de\u011fi\u015fim oran\u0131n\u0131 a\u015fmayacak \u015fekilde belirlenecektir.<\/li>\n<li>Yaz d\u00f6neminde ders almak tercihe ba\u011fl\u0131d\u0131r. Yaz d\u00f6neminde ders almay\u0131 tercih eden \u00f6\u011frenciler kay\u0131t yapt\u0131rd\u0131klar\u0131 derslerin kredilerine g\u00f6re ayr\u0131 \u00fccret \u00f6der.<\/li>\n<\/ul>\n<p><!--\n\n\n<ul>\n \t\n\n<li>2022-2023 <strong>G\u00fcz yar\u0131y\u0131l\u0131 e\u011fitim \u00fccreti<\/strong> 2022 giri\u015fli \u00f6\u011frenciler i\u00e7in 59.000 TL'dir (%8 KDV dahil).<\/li>\n\n\n \t\n\n<li>E\u011fitim\u00a0\u00fccreti t\u00fcm b\u00f6l\u00fcm ve programlar i\u00e7in (\u0130ngilizce Haz\u0131rl\u0131k Program\u0131 d\u00e2hil) ayn\u0131d\u0131r.<\/li>\n\n\n \t\n\n<li>\u00dcniversiteye yeni kay\u0131t yapt\u0131racak \u00f6\u011frenciler G\u00fcz yar\u0131y\u0131l\u0131 e\u011fitim \u00fccretini kesin kay\u0131t s\u0131ras\u0131nda \u00f6der. Sonraki yar\u0131y\u0131llarda, yar\u0131y\u0131l e\u011fitim \u00fccreti ders kay\u0131tlar\u0131ndan \u00f6nce \u00f6denir.\u00a0E\u011fitim \u00fccretleri yar\u0131y\u0131l baz\u0131nda belirlenir ve tahsil edilir. G\u00fcz yar\u0131y\u0131l\u0131 e\u011fitim \u00fccreti Haziran ay\u0131nda, Bahar yar\u0131y\u0131l\u0131 e\u011fitim \u00fccreti ise Aral\u0131k ay\u0131nda a\u00e7\u0131klan\u0131r.<\/li>\n\n\n \t\n\n<li>Bahar yar\u0131y\u0131l\u0131 e\u011fitim \u00fccretini erken olarak G\u00fcz yar\u0131y\u0131l\u0131 ba\u015f\u0131nda \u00f6demeyi tercih edenlere, Bahar yar\u0131y\u0131l\u0131 i\u00e7in de G\u00fcz yar\u0131y\u0131l\u0131 e\u011fitim \u00fccreti uygulan\u0131r. 2022-2023 G\u00fcz ve Bahar yar\u0131y\u0131llar\u0131 \u00fccretini kesin kay\u0131t s\u0131ras\u0131nda birlikte \u00f6deyecek \u00f6\u011frenciler i\u00e7in bu iki yar\u0131y\u0131l\u0131n toplam \u00fccreti 118.000 TL'dir (%8 KDV dahil).<\/li>\n\n\n \t\n\n<li>Yar\u0131y\u0131l e\u011fitim \u00fccretleri, anla\u015fmal\u0131 bankalar\u0131n (Garanti Bankas\u0131, T\u00fcrkiye \u0130\u015f Bankas\u0131, Yap\u0131 ve Kredi Bankas\u0131) onay vermesi ko\u015fuluyla, d\u00f6rt e\u015fit taksit olarak da \u00f6denebilir; ayr\u0131ca %5 i\u015flem \u00fccreti al\u0131n\u0131r.<\/li>\n\n\n<\/ul>\n\n\nBilkent \u00dcniversitesi\u2019nde e\u011fitimine devam eden kay\u0131tl\u0131 \u00f6\u011frenciler i\u00e7in yar\u0131y\u0131l e\u011fitim \u00fccretine yap\u0131lan art\u0131\u015flar enflasyon oran\u0131yla s\u0131n\u0131rl\u0131 tutulur.\n\nYaz d\u00f6neminde ders almak tercihe ba\u011fl\u0131d\u0131r. Yaz d\u00f6neminde ders almay\u0131 tercih eden \u00f6\u011frenciler kay\u0131t yapt\u0131rd\u0131klar\u0131 derslerin kredilerine g\u00f6re ayr\u0131 \u00fccret \u00f6der.--><\/p>\n","protected":false},"excerpt":{"rendered":"<p>2025-2026 y\u0131l\u0131 e\u011fitim \u00fccreti b\u00fct\u00fcn b\u00f6l\u00fcm ve programlar i\u00e7in 950.000 TL tutar\u0131ndad\u0131r (%10 KDV dahil). %50 burslu (\u201c%50 \u0130ndirimli\u201d kontenjandan yerle\u015fmi\u015f) \u00f6\u011frenciler i\u00e7in ayn\u0131 e\u011fitim \u00fccreti 475.000 TL tutar\u0131ndad\u0131r (%10 KDV dahil). E\u011fitim\u00a0\u00fccreti t\u00fcm b\u00f6l\u00fcm ve programlar i\u00e7in (\u0130ngilizce Haz\u0131rl\u0131k<\/p>\n","protected":false},"author":1,"featured_media":0,"parent":0,"menu_order":0,"comment_status":"closed","ping_status":"closed","template":"","meta":[],"_links":{"self":[{"href":"https:\/\/adaybilgi.bilkent.edu.tr\/index.php\/wp-json\/wp\/v2\/pages\/272"}],"collection":[{"href":"https:\/\/adaybilgi.bilkent.edu.tr\/index.php\/wp-json\/wp\/v2\/pages"}],"about":[{"href":"https:\/\/adaybilgi.bilkent.edu.tr\/index.php\/wp-json\/wp\/v2\/types\/page"}],"author":[{"embeddable":true,"href":"https:\/\/adaybilgi.bilkent.edu.tr\/index.php\/wp-json\/wp\/v2\/users\/1"}],"replies":[{"embeddable":true,"href":"https:\/\/adaybilgi.bilkent.edu.tr\/index.php\/wp-json\/wp\/v2\/comments?post=272"}],"version-history":[{"count":49,"href":"https:\/\/adaybilgi.bilkent.edu.tr\/index.php\/wp-json\/wp\/v2\/pages\/272\/revisions"}],"predecessor-version":[{"id":3626,"href":"https:\/\/adaybilgi.bilkent.edu.tr\/index.php\/wp-json\/wp\/v2\/pages\/272\/revisions\/3626"}],"wp:attachment":[{"href":"https:\/\/adaybilgi.bilkent.edu.tr\/index.php\/wp-json\/wp\/v2\/media?parent=272"}],"curies":[{"name":"wp","href":"https:\/\/api.w.org\/{rel}","templated":true}]}}