{"id":268,"date":"2016-04-25T13:12:02","date_gmt":"2016-04-25T13:12:02","guid":{"rendered":"https:\/\/adaybilgi.bilkent.edu.tr\/?page_id=268"},"modified":"2025-06-18T14:47:52","modified_gmt":"2025-06-18T14:47:52","slug":"cift-ana-dal-ve-yan-dal-programlari","status":"publish","type":"page","link":"https:\/\/adaybilgi.bilkent.edu.tr\/index.php\/cift-ana-dal-ve-yan-dal-programlari\/","title":{"rendered":"\u00c7ift Ana Dal ve Yan Dal Programlar\u0131"},"content":{"rendered":"<p><strong><span class=\"baslik2\">\u00c7ift Ana Dal Program\u0131 <\/span><\/strong><\/p>\n<p>SAY puan t\u00fcr\u00fcyle yerle\u015fmi\u015f \u00f6\u011frencilerden birinci s\u0131n\u0131f sonunda genel not ortalamas\u0131 3,30 veya daha y\u00fcksek olanlara Fen Fak\u00fcltesi\u2019nin Fizik ve Matematik b\u00f6l\u00fcmlerinde ikinci ana dal yapma olana\u011f\u0131 sunulmaktad\u0131r. Dileyen \u00f6\u011frenciler, b\u00f6l\u00fcmlerinde birinci y\u0131llar\u0131n\u0131 tamamlad\u0131ktan sonra ikinci ana dal yapmak \u00fczere ba\u015fvurabilir. \u0130kinci ana dal yapan \u00f6\u011frenciler, her iki ana dal\u0131n program\u0131n\u0131 tamamlad\u0131klar\u0131nda \u00e7ift diplomayla mezun olur.<\/p>\n<p><span class=\"baslik2\"><br \/>\n<strong>Yan Dal Programlar\u0131<\/strong><\/span><\/p>\n<p>Bilkent \u00dcniversitesi\u2019nde \u00e7e\u015fitli b\u00f6l\u00fcmler yan dal program\u0131 sunmaktad\u0131r. Birinci y\u0131l sonunda genel not ortalamas\u0131 3,00 veya daha y\u00fcksek olan \u00f6\u011frenciler yan dal program\u0131na ba\u015fvurabilir. Yan dal m\u00fcfredat\u0131n\u0131 tamamlayan \u00f6\u011frencilere ana dal diplomas\u0131yla birlikte yan dal sertifikas\u0131 verilir. Halen y\u00fcr\u00fct\u00fclmekte olan yan dal programlar\u0131 \u015funlard\u0131r:<\/p>\n<p>&nbsp;<\/p>\n<table style=\"height: 341px; width: 58.4028%;\">\n<tbody>\n<tr style=\"height: 31px;\">\n<td style=\"width: 232px; height: 31px;\">Fizik<\/td>\n<td style=\"width: 268px; height: 31px;\">Felsefe<\/td>\n<\/tr>\n<tr style=\"height: 31px;\">\n<td style=\"width: 232px; height: 31px;\">Kimya<\/td>\n<td style=\"width: 268px; height: 31px;\">\u0130ngiliz Dili ve Edebiyat\u0131<\/td>\n<\/tr>\n<tr style=\"height: 31px;\">\n<td style=\"width: 232px; height: 31px;\">Matematik<\/td>\n<td style=\"width: 268px; height: 31px;\">Tarih<\/td>\n<\/tr>\n<tr style=\"height: 31px;\">\n<td style=\"width: 232px; height: 31px;\">Molek\u00fcler Biyoloji ve Genetik<\/td>\n<td style=\"width: 268px; height: 31px;\">Grafik Tasar\u0131m\u0131<\/td>\n<\/tr>\n<tr style=\"height: 31px;\">\n<td style=\"width: 232px; height: 31px;\">Uluslararas\u0131 \u0130li\u015fkiler<\/td>\n<td style=\"width: 268px; height: 31px;\">\u0130leti\u015fim ve Tasar\u0131m\u0131<\/td>\n<\/tr>\n<tr style=\"height: 31px;\">\n<td style=\"width: 232px; height: 31px;\">Psikoloji<\/td>\n<td style=\"width: 268px; height: 31px;\">M\u00fczik Yorumculuk<\/td>\n<\/tr>\n<tr style=\"height: 31px;\">\n<td style=\"width: 232px; height: 31px;\">Siyaset Bilimi<\/td>\n<td style=\"width: 268px; height: 31px;\">Yaz\u0131l\u0131m Geli\u015ftirme<\/td>\n<\/tr>\n<tr style=\"height: 31px;\">\n<td style=\"width: 232px; height: 31px;\">Amerikan K\u00fclt\u00fcr\u00fc ve Edebiyat\u0131<\/td>\n<td style=\"width: 268px; height: 31px;\">Otel \u0130\u015fletmecili\u011fi<\/td>\n<\/tr>\n<tr style=\"height: 31px;\">\n<td style=\"width: 232px; height: 31px;\">Arkeoloji<\/td>\n<td style=\"width: 268px; height: 31px;\">Yiyecek ve \u0130\u00e7ecek Y\u00f6netimi<\/td>\n<\/tr>\n<tr style=\"height: 31px;\">\n<td style=\"width: 232px; height: 31px;\">Klasik D\u00f6nem \u00c7al\u0131\u015fmalar\u0131<\/td>\n<td style=\"width: 268px; height: 31px;\"><\/td>\n<\/tr>\n<\/tbody>\n<\/table>\n<p>Yan Dal Y\u00f6netmeli\u011fi:\u00a0<a href=\"http:\/\/w3.bilkent.edu.tr\/www\/yan-dal-programlari\/\">http:\/\/w3.bilkent.edu.tr\/www\/yan-dal-programlari\/<\/a><\/p>\n","protected":false},"excerpt":{"rendered":"<p>\u00c7ift Ana Dal Program\u0131 SAY puan t\u00fcr\u00fcyle yerle\u015fmi\u015f \u00f6\u011frencilerden birinci s\u0131n\u0131f sonunda genel not ortalamas\u0131 3,30 veya daha y\u00fcksek olanlara Fen Fak\u00fcltesi\u2019nin Fizik ve Matematik b\u00f6l\u00fcmlerinde ikinci ana dal yapma olana\u011f\u0131 sunulmaktad\u0131r. Dileyen \u00f6\u011frenciler, b\u00f6l\u00fcmlerinde birinci y\u0131llar\u0131n\u0131 tamamlad\u0131ktan sonra ikinci<\/p>\n","protected":false},"author":1,"featured_media":0,"parent":0,"menu_order":0,"comment_status":"closed","ping_status":"closed","template":"","meta":[],"_links":{"self":[{"href":"https:\/\/adaybilgi.bilkent.edu.tr\/index.php\/wp-json\/wp\/v2\/pages\/268"}],"collection":[{"href":"https:\/\/adaybilgi.bilkent.edu.tr\/index.php\/wp-json\/wp\/v2\/pages"}],"about":[{"href":"https:\/\/adaybilgi.bilkent.edu.tr\/index.php\/wp-json\/wp\/v2\/types\/page"}],"author":[{"embeddable":true,"href":"https:\/\/adaybilgi.bilkent.edu.tr\/index.php\/wp-json\/wp\/v2\/users\/1"}],"replies":[{"embeddable":true,"href":"https:\/\/adaybilgi.bilkent.edu.tr\/index.php\/wp-json\/wp\/v2\/comments?post=268"}],"version-history":[{"count":17,"href":"https:\/\/adaybilgi.bilkent.edu.tr\/index.php\/wp-json\/wp\/v2\/pages\/268\/revisions"}],"predecessor-version":[{"id":3497,"href":"https:\/\/adaybilgi.bilkent.edu.tr\/index.php\/wp-json\/wp\/v2\/pages\/268\/revisions\/3497"}],"wp:attachment":[{"href":"https:\/\/adaybilgi.bilkent.edu.tr\/index.php\/wp-json\/wp\/v2\/media?parent=268"}],"curies":[{"name":"wp","href":"https:\/\/api.w.org\/{rel}","templated":true}]}}