{"id":261,"date":"2016-04-25T11:45:31","date_gmt":"2016-04-25T11:45:31","guid":{"rendered":"https:\/\/adaybilgi.bilkent.edu.tr\/?page_id=261"},"modified":"2024-07-09T15:19:49","modified_gmt":"2024-07-09T15:19:49","slug":"puan-turlerine-gore-bolumler","status":"publish","type":"page","link":"https:\/\/adaybilgi.bilkent.edu.tr\/index.php\/puan-turlerine-gore-bolumler\/","title":{"rendered":"Puan T\u00fcrlerine G\u00f6re B\u00f6l\u00fcmler"},"content":{"rendered":"<p><strong>SAY<\/strong><\/p>\n<ul>\n<li><a href=\"https:\/\/adaybilgi.bilkent.edu.tr\/index.php\/muhendislik-fakultesi\/#bilgisayar\">Bilgisayar M\u00fchendisli\u011fi<\/a> (M\u00fchendislik Fak\u00fcltesi)<\/li>\n<li><a href=\"https:\/\/adaybilgi.bilkent.edu.tr\/index.php\/muhendislik-fakultesi\/#elektronik\">Elektrik &#8211; Elektronik M\u00fchendisli\u011fi<\/a> (M\u00fchendislik Fak\u00fcltesi)<\/li>\n<li><a href=\"https:\/\/adaybilgi.bilkent.edu.tr\/index.php\/muhendislik-fakultesi\/#end\u00fcstri\">End\u00fcstri M\u00fchendisli\u011fi<\/a> (M\u00fchendislik Fak\u00fcltesi)<\/li>\n<li><a href=\"https:\/\/adaybilgi.bilkent.edu.tr\/index.php\/muhendislik-fakultesi\/#makine\">Makine M\u00fchendisli\u011fi<\/a> (M\u00fchendislik Fak\u00fcltesi)<\/li>\n<li><a href=\"https:\/\/adaybilgi.bilkent.edu.tr\/index.php\/fen-fakultesi\/#fizik\">Fizik<\/a> (Fen Fak\u00fcltesi)<\/li>\n<li><a href=\"https:\/\/adaybilgi.bilkent.edu.tr\/index.php\/fen-fakultesi\/#kimya\">Kimya<\/a> (Fen Fak\u00fcltesi)<\/li>\n<li><a href=\"https:\/\/adaybilgi.bilkent.edu.tr\/index.php\/fen-fakultesi\/#matematik\">Matematik<\/a> (Fen Fak\u00fcltesi)<\/li>\n<li><a href=\"https:\/\/adaybilgi.bilkent.edu.tr\/index.php\/fen-fakultesi\/#molek\u00fcler\">Molek\u00fcler Biyoloji ve Genetik<\/a> (Fen Fak\u00fcltesi)<\/li>\n<li><a href=\"https:\/\/adaybilgi.bilkent.edu.tr\/index.php\/guzel-sanatlar-tasarim-ve-mimarlik-fakultesi\/#peyzaj\">Kentsel Tasar\u0131m ve Peyzaj Mimarl\u0131\u011f\u0131<\/a> (G\u00fczel Sanatlar, Tasar\u0131m ve Mimarl\u0131k Fak\u00fcltesi)<\/li>\n<li><a href=\"https:\/\/adaybilgi.bilkent.edu.tr\/index.php\/guzel-sanatlar-tasarim-ve-mimarlik-fakultesi\/#mimarlik\">Mimarl\u0131k<\/a> (G\u00fczel Sanatlar, Tasar\u0131m ve Mimarl\u0131k Fak\u00fcltesi)<\/li>\n<li><a href=\"https:\/\/adaybilgi.bilkent.edu.tr\/index.php\/uygulamali-bilimler-fakultesi\/#bilgi\">Bili\u015fim Sistemleri ve Teknolojileri<\/a>\u00a0(Uygulamal\u0131 Bilimler Fak\u00fcltesi)<\/li>\n<\/ul>\n<p><strong><br \/>\nEA<br \/>\n<\/strong><\/p>\n<ul>\n<li><a href=\"https:\/\/adaybilgi.bilkent.edu.tr\/index.php\/isletme-fakultesi\/\">\u0130\u015fletme<\/a> (\u0130\u015fletme Fak\u00fcltesi)<\/li>\n<li><a href=\"https:\/\/adaybilgi.bilkent.edu.tr\/index.php\/iktisadi-idari-ve-sosyal-bilimler-fakultesi\/#iktisat\">\u0130ktisat<\/a> (\u0130ktisadi, \u0130dari ve Sosyal Bilimler Fak\u00fcltesi)<\/li>\n<li><a href=\"https:\/\/adaybilgi.bilkent.edu.tr\/index.php\/iktisadi-idari-ve-sosyal-bilimler-fakultesi\/#psy\">Psikoloji<\/a> (\u0130ktisadi, \u0130dari ve Sosyal Bilimler Fak\u00fcltesi)<\/li>\n<li><a href=\"https:\/\/adaybilgi.bilkent.edu.tr\/index.php\/iktisadi-idari-ve-sosyal-bilimler-fakultesi\/#siyaset\">Siyaset Bilimi ve Kamu Y\u00f6netimi<\/a> (\u0130ktisadi, \u0130dari ve Sosyal Bilimler Fak\u00fcltesi)<\/li>\n<li><a href=\"https:\/\/adaybilgi.bilkent.edu.tr\/index.php\/iktisadi-idari-ve-sosyal-bilimler-fakultesi\/#uluslararas\u0131\">Uluslararas\u0131 \u0130li\u015fkiler<\/a> (\u0130ktisadi, \u0130dari ve Sosyal Bilimler Fak\u00fcltesi)<\/li>\n<li><a href=\"https:\/\/adaybilgi.bilkent.edu.tr\/index.php\/hukuk-fakultesi\/\">Hukuk<\/a> (Hukuk Fak\u00fcltesi)<\/li>\n<li><a href=\"https:\/\/adaybilgi.bilkent.edu.tr\/index.php\/insani-bilimler-ve-edebiyat-fakultesi\/#arkeoloji\">Arkeoloji <\/a>(\u0130nsani Bilimler ve Edebiyat Fak\u00fcltesi)<\/li>\n<li><a href=\"https:\/\/adaybilgi.bilkent.edu.tr\/index.php\/insani-bilimler-ve-edebiyat-fakultesi\/#felsefe\">Felsefe<\/a> (\u0130nsani Bilimler ve Edebiyat Fak\u00fcltesi)<\/li>\n<li><a href=\"https:\/\/adaybilgi.bilkent.edu.tr\/index.php\/guzel-sanatlar-tasarim-ve-mimarlik-fakultesi\/#icmimarlik\">\u0130\u00e7 Mimarl\u0131k ve \u00c7evre Tasar\u0131m\u0131<\/a> (G\u00fczel Sanatlar, Tasar\u0131m ve Mimarl\u0131k Fak\u00fcltesi)<\/li>\n<li><a href=\"https:\/\/adaybilgi.bilkent.edu.tr\/index.php\/guzel-sanatlar-tasarim-ve-mimarlik-fakultesi\/#grafik\">Grafik Tasar\u0131m\u0131<\/a>\u00a0(G\u00fczel Sanatlar, Tasar\u0131m ve Mimarl\u0131k Fak\u00fcltesi)<\/li>\n<li><a href=\"https:\/\/www.edu.bilkent.edu.tr\/\">S\u0131n\u0131f \u00d6\u011fretmenli\u011fi<\/a> (E\u011fitim Fak\u00fcltesi)<\/li>\n<li><a href=\"https:\/\/adaybilgi.bilkent.edu.tr\/index.php\/uygulamali-bilimler-fakultesi\/#turizm\">Turizm ve Otel \u0130\u015fletmecili\u011fi<\/a> (Uygulamal\u0131 Bilimler Fak\u00fcltesi)<\/li>\n<\/ul>\n<p><strong><br \/>\nS\u00d6Z<br \/>\n<\/strong><\/p>\n<ul>\n<li><a href=\"https:\/\/adaybilgi.bilkent.edu.tr\/index.php\/guzel-sanatlar-tasarim-ve-mimarlik-fakultesi\/#iletisim\">\u0130leti\u015fim ve Tasar\u0131m\u0131<\/a>\u00a0(G\u00fczel Sanatlar, Tasar\u0131m ve Mimarl\u0131k Fak\u00fcltesi)<\/li>\n<\/ul>\n<p><strong><br \/>\nD\u0130L<br \/>\n<\/strong><\/p>\n<ul>\n<li><a href=\"https:\/\/adaybilgi.bilkent.edu.tr\/index.php\/insani-bilimler-ve-edebiyat-fakultesi\/#amerikan\">Amerikan K\u00fclt\u00fcr\u00fc ve Edebiyat\u0131<\/a> (\u0130nsani Bilimler ve Edebiyat Fak\u00fcltesi)<\/li>\n<li><a href=\"https:\/\/adaybilgi.bilkent.edu.tr\/index.php\/insani-bilimler-ve-edebiyat-fakultesi\/#ingiliz\">\u0130ngiliz Dili ve Edebiyat\u0131<\/a> (\u0130nsani Bilimler ve Edebiyat Fak\u00fcltesi)<\/li>\n<li><a href=\"https:\/\/adaybilgi.bilkent.edu.tr\/index.php\/insani-bilimler-ve-edebiyat-fakultesi\/#mutercim\">\u0130ngilizce, Frans\u0131zca M\u00fctercim ve Terc\u00fcmanl\u0131k<\/a>\u00a0(\u0130nsani Bilimler ve Edebiyat Fak\u00fcltesi)<\/li>\n<\/ul>\n<p><strong><br \/>\n<\/strong><strong> Yetenek S\u0131nav\u0131<\/strong><\/p>\n<ul>\n<li><a href=\"https:\/\/adaybilgi.bilkent.edu.tr\/index.php\/guzel-sanatlar-tasarim-ve-mimarlik-fakultesi\/#g\u00fczel\">G\u00fczel Sanatlar<\/a> (G\u00fczel Sanatlar, Tasar\u0131m ve Mimarl\u0131k Fak\u00fcltesi)<\/li>\n<li><a href=\"https:\/\/adaybilgi.bilkent.edu.tr\/index.php\/muzik-ve-sahne-sanatlari-fakultesi\/#m\u00fczik\">M\u00fczik<\/a> (M\u00fczik ve Sahne Sanatlar\u0131 Fak\u00fcltesi)<\/li>\n<li><a href=\"https:\/\/adaybilgi.bilkent.edu.tr\/index.php\/muzik-ve-sahne-sanatlari-fakultesi\/#tiyatro\">Tiyatro<\/a> (M\u00fczik ve Sahne Sanatlar\u0131 Fak\u00fcltesi)<\/li>\n<\/ul>\n","protected":false},"excerpt":{"rendered":"<p>SAY Bilgisayar M\u00fchendisli\u011fi (M\u00fchendislik Fak\u00fcltesi) Elektrik &#8211; Elektronik M\u00fchendisli\u011fi (M\u00fchendislik Fak\u00fcltesi) End\u00fcstri M\u00fchendisli\u011fi (M\u00fchendislik Fak\u00fcltesi) Makine M\u00fchendisli\u011fi (M\u00fchendislik Fak\u00fcltesi) Fizik (Fen Fak\u00fcltesi) Kimya (Fen Fak\u00fcltesi) Matematik (Fen Fak\u00fcltesi) Molek\u00fcler Biyoloji ve Genetik (Fen Fak\u00fcltesi) Kentsel Tasar\u0131m ve Peyzaj Mimarl\u0131\u011f\u0131 (G\u00fczel<\/p>\n","protected":false},"author":1,"featured_media":0,"parent":0,"menu_order":0,"comment_status":"closed","ping_status":"closed","template":"","meta":[],"_links":{"self":[{"href":"https:\/\/adaybilgi.bilkent.edu.tr\/index.php\/wp-json\/wp\/v2\/pages\/261"}],"collection":[{"href":"https:\/\/adaybilgi.bilkent.edu.tr\/index.php\/wp-json\/wp\/v2\/pages"}],"about":[{"href":"https:\/\/adaybilgi.bilkent.edu.tr\/index.php\/wp-json\/wp\/v2\/types\/page"}],"author":[{"embeddable":true,"href":"https:\/\/adaybilgi.bilkent.edu.tr\/index.php\/wp-json\/wp\/v2\/users\/1"}],"replies":[{"embeddable":true,"href":"https:\/\/adaybilgi.bilkent.edu.tr\/index.php\/wp-json\/wp\/v2\/comments?post=261"}],"version-history":[{"count":16,"href":"https:\/\/adaybilgi.bilkent.edu.tr\/index.php\/wp-json\/wp\/v2\/pages\/261\/revisions"}],"predecessor-version":[{"id":3387,"href":"https:\/\/adaybilgi.bilkent.edu.tr\/index.php\/wp-json\/wp\/v2\/pages\/261\/revisions\/3387"}],"wp:attachment":[{"href":"https:\/\/adaybilgi.bilkent.edu.tr\/index.php\/wp-json\/wp\/v2\/media?parent=261"}],"curies":[{"name":"wp","href":"https:\/\/api.w.org\/{rel}","templated":true}]}}