{"id":259,"date":"2016-04-25T11:44:49","date_gmt":"2016-04-25T11:44:49","guid":{"rendered":"https:\/\/adaybilgi.bilkent.edu.tr\/?page_id=259"},"modified":"2025-06-30T14:38:50","modified_gmt":"2025-06-30T14:38:50","slug":"tum-lisans-programlari","status":"publish","type":"page","link":"https:\/\/adaybilgi.bilkent.edu.tr\/index.php\/tum-lisans-programlari\/","title":{"rendered":"T\u00fcm Lisans Programlar\u0131"},"content":{"rendered":"<ul>\n<li><a href=\"https:\/\/adaybilgi.bilkent.edu.tr\/index.php\/egitim-fakultesi\/\">E\u011fitim Fak\u00fcltesi<\/a>\n<ul>\n<li><a href=\"https:\/\/adaybilgi.bilkent.edu.tr\/index.php\/egitim-fakultesi\/\">S\u0131n\u0131f \u00d6\u011fretmenli\u011fi<\/a><\/li>\n<\/ul>\n<\/li>\n<\/ul>\n<ul>\n<li><a href=\"https:\/\/adaybilgi.bilkent.edu.tr\/index.php\/fen-fakultesi\/\">Fen Fak\u00fcltesi<\/a>\n<ul>\n<li><a href=\"https:\/\/adaybilgi.bilkent.edu.tr\/index.php\/fen-fakultesi\/#fizik\">Fizik<\/a><\/li>\n<li><a href=\"https:\/\/adaybilgi.bilkent.edu.tr\/index.php\/fen-fakultesi\/#kimya\">Kimya<\/a><\/li>\n<li><a href=\"https:\/\/adaybilgi.bilkent.edu.tr\/index.php\/fen-fakultesi\/#matematik\">Matematik<\/a><\/li>\n<li><a href=\"https:\/\/adaybilgi.bilkent.edu.tr\/index.php\/fen-fakultesi\/#molek\u00fcler\">Molek\u00fcler Biyoloji ve Genetik<\/a><\/li>\n<\/ul>\n<\/li>\n<\/ul>\n<ul>\n<li><a href=\"https:\/\/adaybilgi.bilkent.edu.tr\/index.php\/guzel-sanatlar-tasarim-ve-mimarlik-fakultesi\/\">G\u00fczel Sanatlar, Tasar\u0131m ve Mimarl\u0131k Fak\u00fcltesi<\/a>\n<ul>\n<li><a href=\"https:\/\/adaybilgi.bilkent.edu.tr\/index.php\/guzel-sanatlar-tasarim-ve-mimarlik-fakultesi\/#g\u00fczel\">G\u00fczel Sanatlar<\/a><\/li>\n<li><a href=\"https:\/\/adaybilgi.bilkent.edu.tr\/index.php\/guzel-sanatlar-tasarim-ve-mimarlik-fakultesi\/#grafik\">Grafik Tasar\u0131m\u0131<\/a><\/li>\n<li><a href=\"https:\/\/adaybilgi.bilkent.edu.tr\/index.php\/guzel-sanatlar-tasarim-ve-mimarlik-fakultesi\/#icmimarlik\">\u0130\u00e7 Mimarl\u0131k ve \u00c7evre Tasar\u0131m\u0131<\/a><\/li>\n<li><a href=\"https:\/\/adaybilgi.bilkent.edu.tr\/index.php\/guzel-sanatlar-tasarim-ve-mimarlik-fakultesi\/#iletisim\">\u0130leti\u015fim ve Tasar\u0131m\u0131<\/a><\/li>\n<li><a href=\"https:\/\/adaybilgi.bilkent.edu.tr\/index.php\/guzel-sanatlar-tasarim-ve-mimarlik-fakultesi\/#peyzaj\">Kentsel Tasar\u0131m ve Peyzaj Mimarl\u0131\u011f\u0131<\/a><\/li>\n<li><a href=\"https:\/\/adaybilgi.bilkent.edu.tr\/index.php\/guzel-sanatlar-tasarim-ve-mimarlik-fakultesi\/#mimarlik\">Mimarl\u0131k<\/a><\/li>\n<\/ul>\n<\/li>\n<\/ul>\n<ul>\n<li><a href=\"https:\/\/adaybilgi.bilkent.edu.tr\/index.php\/hukuk-fakultesi\/\">Hukuk Fak\u00fcltesi<\/a>\n<ul>\n<li><a href=\"https:\/\/adaybilgi.bilkent.edu.tr\/index.php\/hukuk-fakultesi\/\">Hukuk<\/a><\/li>\n<\/ul>\n<\/li>\n<\/ul>\n<ul>\n<li><a href=\"https:\/\/adaybilgi.bilkent.edu.tr\/index.php\/iktisadi-idari-ve-sosyal-bilimler-fakultesi\/\">\u0130ktisadi, \u0130dari ve Sosyal Bilimler Fak\u00fcltesi<\/a>\n<ul>\n<li><a href=\"https:\/\/adaybilgi.bilkent.edu.tr\/index.php\/iktisadi-idari-ve-sosyal-bilimler-fakultesi\/#iktisat\">\u0130ktisat<\/a><\/li>\n<li><a href=\"https:\/\/adaybilgi.bilkent.edu.tr\/index.php\/iktisadi-idari-ve-sosyal-bilimler-fakultesi\/#psy\">Psikoloji<\/a><\/li>\n<li><a href=\"https:\/\/adaybilgi.bilkent.edu.tr\/index.php\/iktisadi-idari-ve-sosyal-bilimler-fakultesi\/#siyaset\">Siyaset Bilimi ve Kamu Y\u00f6netimi<\/a><\/li>\n<li><a href=\"https:\/\/adaybilgi.bilkent.edu.tr\/index.php\/iktisadi-idari-ve-sosyal-bilimler-fakultesi\/#uluslararas\u0131\">Uluslararas\u0131 \u0130li\u015fkiler<\/a><\/li>\n<\/ul>\n<\/li>\n<\/ul>\n<ul>\n<li><a href=\"https:\/\/adaybilgi.bilkent.edu.tr\/index.php\/insani-bilimler-ve-edebiyat-fakultesi\/\">\u0130nsani Bilimler ve Edebiyat Fak\u00fcltesi<\/a>\n<ul>\n<li><a href=\"https:\/\/adaybilgi.bilkent.edu.tr\/index.php\/insani-bilimler-ve-edebiyat-fakultesi\/#amerikan\">Amerikan K\u00fclt\u00fcr\u00fc ve Edebiyat\u0131<\/a><\/li>\n<li><a href=\"https:\/\/adaybilgi.bilkent.edu.tr\/index.php\/insani-bilimler-ve-edebiyat-fakultesi\/#arkeoloji\">Arkeoloji<\/a><\/li>\n<li><a href=\"https:\/\/adaybilgi.bilkent.edu.tr\/index.php\/insani-bilimler-ve-edebiyat-fakultesi\/#felsefe\">Felsefe<\/a><\/li>\n<li><a href=\"https:\/\/adaybilgi.bilkent.edu.tr\/index.php\/insani-bilimler-ve-edebiyat-fakultesi\/#ingiliz\">\u0130ngiliz Dili ve Edebiyat\u0131<\/a><\/li>\n<li><a href=\"https:\/\/adaybilgi.bilkent.edu.tr\/index.php\/insani-bilimler-ve-edebiyat-fakultesi\/#mutercim\">\u0130ngilizce, Frans\u0131zca M\u00fctercim ve Terc\u00fcmanl\u0131k<\/a><\/li>\n<\/ul>\n<\/li>\n<\/ul>\n<ul>\n<li><a href=\"https:\/\/adaybilgi.bilkent.edu.tr\/index.php\/isletme-fakultesi\/\">\u0130\u015fletme Fak\u00fcltesi<\/a>\n<ul>\n<li><a href=\"https:\/\/adaybilgi.bilkent.edu.tr\/index.php\/isletme-fakultesi\/\">\u0130\u015fletme<\/a><\/li>\n<\/ul>\n<\/li>\n<\/ul>\n<ul>\n<li><a href=\"https:\/\/adaybilgi.bilkent.edu.tr\/index.php\/muhendislik-fakultesi\/\">M\u00fchendislik Fak\u00fcltesi<\/a>\n<ul>\n<li><a href=\"https:\/\/adaybilgi.bilkent.edu.tr\/index.php\/muhendislik-fakultesi\/#bilgisayar\">Bilgisayar M\u00fchendisli\u011fi<\/a><\/li>\n<li><a href=\"https:\/\/adaybilgi.bilkent.edu.tr\/index.php\/muhendislik-fakultesi\/#elektronik\">Elektrik &#8211; Elektronik M\u00fchendisli\u011fi<\/a><\/li>\n<li><a href=\"https:\/\/adaybilgi.bilkent.edu.tr\/index.php\/muhendislik-fakultesi\/#end\u00fcstri\">End\u00fcstri M\u00fchendisli\u011fi<\/a><\/li>\n<li><a href=\"https:\/\/adaybilgi.bilkent.edu.tr\/index.php\/muhendislik-fakultesi\/#makine\">Makine M\u00fchendisli\u011fi<\/a><\/li>\n<\/ul>\n<\/li>\n<\/ul>\n<ul>\n<li><a href=\"https:\/\/adaybilgi.bilkent.edu.tr\/index.php\/muzik-ve-sahne-sanatlari-fakultesi\/\">M\u00fczik ve Sahne Sanatlar\u0131 Fak\u00fcltesi<\/a>\n<ul>\n<li><a href=\"https:\/\/adaybilgi.bilkent.edu.tr\/index.php\/muzik-ve-sahne-sanatlari-fakultesi\/#m\u00fczik\">M\u00fczik<\/a><\/li>\n<li><a href=\"https:\/\/adaybilgi.bilkent.edu.tr\/index.php\/muzik-ve-sahne-sanatlari-fakultesi\/#tiyatro\">Tiyatro<\/a><\/li>\n<\/ul>\n<\/li>\n<\/ul>\n<ul>\n<li><a href=\"https:\/\/adaybilgi.bilkent.edu.tr\/index.php\/uygulamali-bilimler-fakultesi\/\">Uygulamal\u0131 Bilimler Fak\u00fcltesi<\/a>\n<ul>\n<li><a href=\"https:\/\/adaybilgi.bilkent.edu.tr\/index.php\/uygulamali-bilimler-fakultesi\/#bilgi\">Bili\u015fim Sistemleri ve Teknolojileri<\/a><\/li>\n<li><a href=\"https:\/\/adaybilgi.bilkent.edu.tr\/index.php\/uygulamali-bilimler-fakultesi\/#turizm\">Turizm ve Otel \u0130\u015fletmecili\u011fi<\/a><\/li>\n<\/ul>\n<\/li>\n<\/ul>\n","protected":false},"excerpt":{"rendered":"<p>E\u011fitim Fak\u00fcltesi S\u0131n\u0131f \u00d6\u011fretmenli\u011fi Fen Fak\u00fcltesi Fizik Kimya Matematik Molek\u00fcler Biyoloji ve Genetik G\u00fczel Sanatlar, Tasar\u0131m ve Mimarl\u0131k Fak\u00fcltesi G\u00fczel Sanatlar Grafik Tasar\u0131m\u0131 \u0130\u00e7 Mimarl\u0131k ve \u00c7evre Tasar\u0131m\u0131 \u0130leti\u015fim ve Tasar\u0131m\u0131 Kentsel Tasar\u0131m ve Peyzaj Mimarl\u0131\u011f\u0131 Mimarl\u0131k Hukuk Fak\u00fcltesi Hukuk<\/p>\n","protected":false},"author":1,"featured_media":0,"parent":0,"menu_order":0,"comment_status":"closed","ping_status":"closed","template":"","meta":[],"_links":{"self":[{"href":"https:\/\/adaybilgi.bilkent.edu.tr\/index.php\/wp-json\/wp\/v2\/pages\/259"}],"collection":[{"href":"https:\/\/adaybilgi.bilkent.edu.tr\/index.php\/wp-json\/wp\/v2\/pages"}],"about":[{"href":"https:\/\/adaybilgi.bilkent.edu.tr\/index.php\/wp-json\/wp\/v2\/types\/page"}],"author":[{"embeddable":true,"href":"https:\/\/adaybilgi.bilkent.edu.tr\/index.php\/wp-json\/wp\/v2\/users\/1"}],"replies":[{"embeddable":true,"href":"https:\/\/adaybilgi.bilkent.edu.tr\/index.php\/wp-json\/wp\/v2\/comments?post=259"}],"version-history":[{"count":26,"href":"https:\/\/adaybilgi.bilkent.edu.tr\/index.php\/wp-json\/wp\/v2\/pages\/259\/revisions"}],"predecessor-version":[{"id":3580,"href":"https:\/\/adaybilgi.bilkent.edu.tr\/index.php\/wp-json\/wp\/v2\/pages\/259\/revisions\/3580"}],"wp:attachment":[{"href":"https:\/\/adaybilgi.bilkent.edu.tr\/index.php\/wp-json\/wp\/v2\/media?parent=259"}],"curies":[{"name":"wp","href":"https:\/\/api.w.org\/{rel}","templated":true}]}}