{"id":24,"date":"2016-03-31T15:32:46","date_gmt":"2016-03-31T15:32:46","guid":{"rendered":"http:\/\/w4.bilkent.edu.tr\/adaybilgi\/?page_id=24"},"modified":"2025-09-25T12:30:16","modified_gmt":"2025-09-25T12:30:16","slug":"osym-verileri","status":"publish","type":"page","link":"https:\/\/adaybilgi.bilkent.edu.tr\/index.php\/osym-verileri\/","title":{"rendered":"\u00d6SYS Bilgileri"},"content":{"rendered":"<p>&nbsp;<\/p>\n<ul>\n<li><strong><a href=\"https:\/\/adaybilgi.bilkent.edu.tr\/index.php\/osym\/\">\u00d6SYS Merkezi Yerle\u015ftirme Ko\u015ful ve A\u00e7\u0131klamalar\u0131<\/a><\/strong><\/li>\n<\/ul>\n<ul>\n<li><a href=\"https:\/\/w3.bilkent.edu.tr\/web\/adaybilgi\/2025_puanlar.html\"><strong>2025 YKS Sonu\u00e7lar\u0131na G\u00f6re Taban Puanlar\u0131 ve Ba\u015far\u0131 S\u0131ras\u0131<\/strong><\/a><\/li>\n<\/ul>\n<ul>\n<li><strong><a href=\"https:\/\/adaybilgi.bilkent.edu.tr\/index.php\/tam-zamanli-ogretim-uyesi-sayilari\/\">Tam-zamanl\u0131 \u00d6\u011fretim \u00dcyesi Say\u0131lar\u0131<\/a><\/strong><\/li>\n<\/ul>\n<ul>\n<li><strong><a href=\"https:\/\/adaybilgi.bilkent.edu.tr\/index.php\/kontenjanlar-puanlar\/\">Eski Kontenjanlar ve Puanlar<\/a><\/strong><\/li>\n<\/ul>\n<p>&nbsp;<\/p>\n<p>&nbsp;<\/p>\n","protected":false},"excerpt":{"rendered":"<p>&nbsp; \u00d6SYS Merkezi Yerle\u015ftirme Ko\u015ful ve A\u00e7\u0131klamalar\u0131 2025 YKS Sonu\u00e7lar\u0131na G\u00f6re Taban Puanlar\u0131 ve Ba\u015far\u0131 S\u0131ras\u0131 Tam-zamanl\u0131 \u00d6\u011fretim \u00dcyesi Say\u0131lar\u0131 Eski Kontenjanlar ve Puanlar &nbsp; &nbsp;<\/p>\n","protected":false},"author":1,"featured_media":0,"parent":0,"menu_order":0,"comment_status":"closed","ping_status":"closed","template":"","meta":[],"_links":{"self":[{"href":"https:\/\/adaybilgi.bilkent.edu.tr\/index.php\/wp-json\/wp\/v2\/pages\/24"}],"collection":[{"href":"https:\/\/adaybilgi.bilkent.edu.tr\/index.php\/wp-json\/wp\/v2\/pages"}],"about":[{"href":"https:\/\/adaybilgi.bilkent.edu.tr\/index.php\/wp-json\/wp\/v2\/types\/page"}],"author":[{"embeddable":true,"href":"https:\/\/adaybilgi.bilkent.edu.tr\/index.php\/wp-json\/wp\/v2\/users\/1"}],"replies":[{"embeddable":true,"href":"https:\/\/adaybilgi.bilkent.edu.tr\/index.php\/wp-json\/wp\/v2\/comments?post=24"}],"version-history":[{"count":29,"href":"https:\/\/adaybilgi.bilkent.edu.tr\/index.php\/wp-json\/wp\/v2\/pages\/24\/revisions"}],"predecessor-version":[{"id":3654,"href":"https:\/\/adaybilgi.bilkent.edu.tr\/index.php\/wp-json\/wp\/v2\/pages\/24\/revisions\/3654"}],"wp:attachment":[{"href":"https:\/\/adaybilgi.bilkent.edu.tr\/index.php\/wp-json\/wp\/v2\/media?parent=24"}],"curies":[{"name":"wp","href":"https:\/\/api.w.org\/{rel}","templated":true}]}}