{"id":2205,"date":"2020-07-08T13:23:39","date_gmt":"2020-07-08T13:23:39","guid":{"rendered":"https:\/\/adaybilgi.bilkent.edu.tr\/?page_id=2205"},"modified":"2026-02-25T10:30:42","modified_gmt":"2026-02-25T10:30:42","slug":"kampus-ziyaretleri","status":"publish","type":"page","link":"https:\/\/adaybilgi.bilkent.edu.tr\/index.php\/kampus-ziyaretleri\/","title":{"rendered":"Kamp\u00fcs Ziyaretleri"},"content":{"rendered":"<p><!--\u00dcniversite adaylar\u0131 ve aileleri, <strong>21 Temmuz 2025 Pazartesi g\u00fcn\u00fcnden<\/strong> tercih d\u00f6neminin sonuna kadar s\u00fcrecek tan\u0131t\u0131m d\u00f6nemi boyunca kamp\u00fcs\u00fc ziyaret edebilir. Bilkentli rehber \u00f6\u011frenciler ziyaret\u00e7ilere e\u015flik eder, kamp\u00fcs\u00fc gezdirir, \u00fcniversiteye ili\u015fkin bilgiler aktar\u0131r ve \u00f6\u011fretim elemanlar\u0131yla g\u00f6r\u00fc\u015fmeleri konusunda yard\u0131mc\u0131 olur.--><\/p>\n<p>Bilkent \u00dcniversitesi\u2019ni yak\u0131ndan tan\u0131mak, kamp\u00fcs\u00fc gezerek akademik ve sosyal olanaklar hakk\u0131nda bilgi sahibi olmak veya Bilkent\u2019i deneyimlemek i\u00e7in kurumsal (e\u011fitim kurumu ad\u0131na) ya da bireysel ziyaret randevusu olu\u015fturabilirsiniz.<\/p>\n<ul>\n<li><a href=\"https:\/\/docs.google.com\/forms\/d\/e\/1FAIpQLScjCgBAzZkK0Jb2KOJJc0ve8Qs2YUeK0ai7u0HDWsmOQlLhHw\/viewform\"><strong><span style=\"text-decoration: underline;\">Tan\u0131t\u0131m Turu \u0130stek Formu<\/span><\/strong><\/a><\/li>\n<\/ul>\n<p>Ayr\u0131nt\u0131l\u0131 bilgi i\u00e7in:<strong><br \/>\n<\/strong>Telefon: 0 (312) 290 3412<br \/>\nE-posta: <a href=\"mailto:tanitim@bilkent.edu.tr\">tanitim@bilkent.edu.tr<\/a><\/p>\n<p>&nbsp;<\/p>\n<p><strong>Kamp\u00fcs Ziyaretinizde Sizi Neler Bekliyor:<\/strong><\/p>\n<ul>\n<li>Kamp\u00fcs ziyaretiniz t\u00fcm\u00fcyle, sizleri giri\u015fte kar\u015f\u0131layacak olan rehber \u00f6\u011frenciler e\u015fli\u011finde ger\u00e7ekle\u015fecek.<\/li>\n<li>Hedefledi\u011finiz b\u00f6l\u00fcmlere ili\u015fkin sorular\u0131n\u0131z\u0131 rehberlerimize y\u00f6neltebilecek, ilgi alanlar\u0131n\u0131zla e\u015fle\u015febilecek ba\u015fka e\u011fitim programlar\u0131n\u0131 ve sosyal olanaklar\u0131 tan\u0131ma f\u0131rsat\u0131 elde edeceksiniz.<\/li>\n<li>Tur boyunca \u00f6\u011frenci yurtlar\u0131, spor salonu, fak\u00fclte binalar\u0131 ve k\u00fct\u00fcphanenin yan\u0131 s\u0131ra kamp\u00fcs\u00fcn ana noktalar\u0131n\u0131 g\u00f6rebileceksiniz.<\/li>\n<li>Kamp\u00fcs genelinde akademik faaliyetler devam etti\u011finden bina ya da dersliklere girmek m\u00fcmk\u00fcn olmayacakt\u0131r.<\/li>\n<li>Kamp\u00fcs turlar\u0131nda \u00dcniversitemizde ya\u015fan\u0131lan yo\u011funluk nedeniyle lise gruplar\u0131na toplu yemek olana\u011f\u0131 sa\u011flanamamaktad\u0131r. Tur \u00f6ncesi veya sonras\u0131, kamp\u00fcs\u00fcn yak\u0131n \u00e7evresinde yer alan kafe, kafeterya, restoranlardan faydalanabilirsiniz.<\/li>\n<\/ul>\n<p>\u00dcniversitemize g\u00f6stermi\u015f oldu\u011funuz ilgiye te\u015fekk\u00fcr ederiz.<\/p>\n<p><img loading=\"lazy\" class=\"alignright wp-image-2904\" src=\"https:\/\/adaybilgi.bilkent.edu.tr\/wp-content\/uploads\/2022\/07\/tanitimalani2.jpg\" alt=\"\" width=\"500\" height=\"500\" srcset=\"https:\/\/adaybilgi.bilkent.edu.tr\/wp-content\/uploads\/2022\/07\/tanitimalani2.jpg 2500w, https:\/\/adaybilgi.bilkent.edu.tr\/wp-content\/uploads\/2022\/07\/tanitimalani2-300x300.jpg 300w, https:\/\/adaybilgi.bilkent.edu.tr\/wp-content\/uploads\/2022\/07\/tanitimalani2-1024x1024.jpg 1024w, https:\/\/adaybilgi.bilkent.edu.tr\/wp-content\/uploads\/2022\/07\/tanitimalani2-150x150.jpg 150w, https:\/\/adaybilgi.bilkent.edu.tr\/wp-content\/uploads\/2022\/07\/tanitimalani2-768x768.jpg 768w, https:\/\/adaybilgi.bilkent.edu.tr\/wp-content\/uploads\/2022\/07\/tanitimalani2-1536x1536.jpg 1536w, https:\/\/adaybilgi.bilkent.edu.tr\/wp-content\/uploads\/2022\/07\/tanitimalani2-2048x2048.jpg 2048w, https:\/\/adaybilgi.bilkent.edu.tr\/wp-content\/uploads\/2022\/07\/tanitimalani2-230x230.jpg 230w, https:\/\/adaybilgi.bilkent.edu.tr\/wp-content\/uploads\/2022\/07\/tanitimalani2-365x365.jpg 365w\" sizes=\"(max-width: 500px) 100vw, 500px\" \/><\/p>\n<p><strong><em>Kamp\u00fcse Ula\u015f\u0131m:<\/em><\/strong><\/p>\n<ul>\n<li><strong>\u00d6zel ara\u00e7la:<\/strong><br \/>\nAnkara-Eski\u015fehir karayolu 12. kilometredeki Bilkent k\u00f6pr\u00fcs\u00fcnden Bilkent yoluna sap\u0131n\u0131z. Kav\u015faklarda hi\u00e7 sapmadan be\u015f kilometre yol al\u0131nca Bilkent \u00dcniversitesi Merkez Kamp\u00fcs giri\u015fine ula\u015facaks\u0131n\u0131z. <a href=\"https:\/\/maps.app.goo.gl\/cyqJ4VogsrJRcCWu9\">https:\/\/maps.app.goo.gl\/cyqJ4VogsrJRcCWu9<\/a><\/li>\n<\/ul>\n<ul>\n<li><strong>Bilkent \u00dcniversitesi servis otob\u00fcsleriyle:<\/strong><br \/>\nBilkent \u00dcniversitesi servis otob\u00fcsleri, Tunus Caddesi (D\u00fcnyag\u00f6z Taksi yan\u0131) ve S\u0131hhiye K\u00f6pr\u00fcs\u00fc (Tando\u011fan Meydan\u0131 y\u00f6n\u00fcnde) duraklar\u0131ndan kalkmaktad\u0131r. Otob\u00fcs saatleri ve bilgi i\u00e7in <a href=\"http:\/\/www.bilkent.edu.tr\/ulasimcizelgesi\">http:\/\/bilkent.edu.tr\/ulasimcizelgesi<\/a> ba\u011flant\u0131s\u0131n\u0131 inceleyebilirsiniz.<\/li>\n<\/ul>\n<ul>\n<li><strong>Metro veya otob\u00fcsle: <\/strong><br \/>\nK\u0131z\u0131lay-\u00c7ayyolu metro hatt\u0131n\u0131 kullanmak isterseniz Bilkent dura\u011f\u0131nda inerek 175 ve 176 numaral\u0131 belediye otob\u00fcs\u00fcyle kamp\u00fcse ula\u015fabilirsiniz.<\/li>\n<\/ul>\n<p>&nbsp;<\/p>\n<p>&nbsp;<\/p>\n<p>&nbsp;<\/p>\n<p><!--Her ne kadar aday \u00f6\u011frencilerimizi kamp\u00fcste a\u011f\u0131rlamaktan mutluluk duyuyor olsak da salg\u0131n ko\u015fullar\u0131 nedeniyle kamp\u00fcs ziyaretlerimize bir m\u00fcddet ara verdik.\n\nDilerseniz\u00a0<a href=\"https:\/\/stars.bilkent.edu.tr\/tanitim-randevu\/\">rehber \u00f6\u011frencilerimizle<\/a>\u00a0Zoom \u00fczerinden g\u00f6r\u00fc\u015febilir, \u00fcniversite ve ilgilendi\u011finiz b\u00f6l\u00fcmler ile ilgili bilgi alabilirsiniz.\n\nKamp\u00fcs\u00fc internet \u00fczerinden de gezebilirsiniz.--><\/p>\n<div class=\"arve\" data-mode=\"normal\" data-oembed=\"1\" data-provider=\"youtube\" id=\"arve-youtube-_s9azv1fm2o6a0777ef9db69467376795\" style=\"max-width:720px;\" itemscope itemtype=\"http:\/\/schema.org\/VideoObject\">\n<span class=\"arve-inner\"><br \/>\n<span class=\"arve-embed arve-embed--has-aspect-ratio arve-embed--16by9\"><br \/>\n<meta itemprop=\"embedURL\" content=\"https:\/\/www.youtube-nocookie.com\/embed\/_S9AZV1Fm2o?feature=oembed&amp;iv_load_policy=3&amp;modestbranding=1&amp;rel=0&amp;autohide=1&amp;playsinline=0&amp;autoplay=0\"><br \/>\n<iframe loading=\"lazy\" allow=\"accelerometer; autoplay; clipboard-write; encrypted-media; gyroscope; picture-in-picture\" allowfullscreen class=\"arve-iframe fitvidsignore\" data-arve=\"arve-youtube-_s9azv1fm2o6a0777ef9db69467376795\" data-src-no-ap=\"https:\/\/www.youtube-nocookie.com\/embed\/_S9AZV1Fm2o?feature=oembed&amp;iv_load_policy=3&amp;modestbranding=1&amp;rel=0&amp;autohide=1&amp;playsinline=0&amp;autoplay=0\" frameborder=\"0\" height=\"405\" sandbox=\"allow-scripts allow-same-origin allow-presentation allow-popups allow-popups-to-escape-sandbox\" scrolling=\"no\" src=\"https:\/\/www.youtube-nocookie.com\/embed\/_S9AZV1Fm2o?feature=oembed&#038;iv_load_policy=3&#038;modestbranding=1&#038;rel=0&#038;autohide=1&#038;playsinline=0&#038;autoplay=0\" width=\"720\"><\/iframe><\/p>\n<p><\/span><\/p>\n<p><\/span><\/p>\n<\/div>\n<p>&nbsp;<\/p>\n","protected":false},"excerpt":{"rendered":"<p>Bilkent \u00dcniversitesi\u2019ni yak\u0131ndan tan\u0131mak, kamp\u00fcs\u00fc gezerek akademik ve sosyal olanaklar hakk\u0131nda bilgi sahibi olmak veya Bilkent\u2019i deneyimlemek i\u00e7in kurumsal (e\u011fitim kurumu ad\u0131na) ya da bireysel ziyaret randevusu olu\u015fturabilirsiniz. Tan\u0131t\u0131m Turu \u0130stek Formu Ayr\u0131nt\u0131l\u0131 bilgi i\u00e7in: Telefon: 0 (312) 290 3412<\/p>\n","protected":false},"author":1,"featured_media":1467,"parent":0,"menu_order":0,"comment_status":"closed","ping_status":"closed","template":"","meta":[],"_links":{"self":[{"href":"https:\/\/adaybilgi.bilkent.edu.tr\/index.php\/wp-json\/wp\/v2\/pages\/2205"}],"collection":[{"href":"https:\/\/adaybilgi.bilkent.edu.tr\/index.php\/wp-json\/wp\/v2\/pages"}],"about":[{"href":"https:\/\/adaybilgi.bilkent.edu.tr\/index.php\/wp-json\/wp\/v2\/types\/page"}],"author":[{"embeddable":true,"href":"https:\/\/adaybilgi.bilkent.edu.tr\/index.php\/wp-json\/wp\/v2\/users\/1"}],"replies":[{"embeddable":true,"href":"https:\/\/adaybilgi.bilkent.edu.tr\/index.php\/wp-json\/wp\/v2\/comments?post=2205"}],"version-history":[{"count":80,"href":"https:\/\/adaybilgi.bilkent.edu.tr\/index.php\/wp-json\/wp\/v2\/pages\/2205\/revisions"}],"predecessor-version":[{"id":3679,"href":"https:\/\/adaybilgi.bilkent.edu.tr\/index.php\/wp-json\/wp\/v2\/pages\/2205\/revisions\/3679"}],"wp:featuredmedia":[{"embeddable":true,"href":"https:\/\/adaybilgi.bilkent.edu.tr\/index.php\/wp-json\/wp\/v2\/media\/1467"}],"wp:attachment":[{"href":"https:\/\/adaybilgi.bilkent.edu.tr\/index.php\/wp-json\/wp\/v2\/media?parent=2205"}],"curies":[{"name":"wp","href":"https:\/\/api.w.org\/{rel}","templated":true}]}}