{"id":1957,"date":"2020-05-18T02:06:01","date_gmt":"2020-05-18T02:06:01","guid":{"rendered":"https:\/\/adaybilgi.bilkent.edu.tr\/?page_id=1957"},"modified":"2025-07-29T13:37:41","modified_gmt":"2025-07-29T13:37:41","slug":"osym","status":"publish","type":"page","link":"https:\/\/adaybilgi.bilkent.edu.tr\/index.php\/osym\/","title":{"rendered":"\u00d6SYS Merkezi Yerle\u015ftirme Ko\u015ful ve A\u00e7\u0131klamalar\u0131"},"content":{"rendered":"<p>[ G\u00fcncellenme tarihi 18.07.2025 ]<\/p>\n<p>E\u011fitim \u00fccreti ve yurt \u00fccreti \u00f6demeleri, \u00d6SYM\u2019nin belirledi\u011fi tarihler aras\u0131ndaki \u00e7evrimi\u00e7i kay\u0131tlar s\u0131ras\u0131nda yap\u0131lacakt\u0131r.<\/p>\n<p><strong>E\u011fitim S\u00fcresi:<\/strong><\/p>\n<ul>\n<li>Bilkent \u00dcniversitesi\u2019nin t\u00fcm lisans programlar\u0131nda normal e\u011fitim s\u00fcresi 4 akademik y\u0131ld\u0131r. Her akademik y\u0131l G\u00fcz ve Bahar yar\u0131y\u0131l\u0131 olmak \u00fczere iki yar\u0131y\u0131ldan olu\u015fur.<\/li>\n<li>\u0130ngilizce Haz\u0131rl\u0131k Program\u0131\u2019n\u0131n normal e\u011fitim s\u00fcresi bir akademik y\u0131ld\u0131r (iki yar\u0131y\u0131l). \u0130ngilizce dil d\u00fczeyi yeterli olan \u00f6\u011frenciler \u0130ngilizce Haz\u0131rl\u0131k Program\u0131\u2019ndan muaf tutulur. \u0130ngilizce Haz\u0131rl\u0131k Program\u0131\u2019na \u00fcst d\u00fczeylerden ba\u015flayan \u00f6\u011frencilerin program\u0131 bir yar\u0131y\u0131lda tamamlayarak Bahar yar\u0131y\u0131l\u0131nda lisans e\u011fitimlerine ba\u015flamalar\u0131 m\u00fcmk\u00fcnd\u00fcr.<\/li>\n<\/ul>\n<p><strong>E\u011fitim \u00dccretleri:<\/strong><\/p>\n<ul>\n<li>Bilkent \u00dcniversitesi\u2019nde e\u011fitim \u00fccretleri akademik y\u0131l baz\u0131nda her y\u0131l Temmuz ay\u0131 i\u00e7erisinde ilan edilir ve akademik y\u0131l\u0131n ba\u015f\u0131nda pe\u015fin olarak tahsil edilir.<\/li>\n<li>2025-2026 y\u0131l\u0131 e\u011fitim \u00fccreti b\u00fct\u00fcn b\u00f6l\u00fcm ve programlar i\u00e7in 950.000 TL tutar\u0131ndad\u0131r (%10 KDV dahil). %50 burslu (\u201c%50 \u0130ndirimli\u201d kontenjandan yerle\u015fmi\u015f) \u00f6\u011frenciler i\u00e7in ayn\u0131 e\u011fitim \u00fccreti 475.000 TL tutar\u0131ndad\u0131r (%10 KDV dahil). KDV oran\u0131nda bir de\u011fi\u015fiklik olmas\u0131 durumunda, bu de\u011fi\u015fiklik e\u011fitim \u00fccretlerine ayn\u0131 oranda yans\u0131t\u0131lacakt\u0131r. Tam burslu (\u201cBurslu\u201d kontenjandan yerle\u015fmi\u015f) \u00f6\u011frencilerden e\u011fitim \u00fccreti al\u0131nmaz.<\/li>\n<li>E\u011fitim \u00fccretinin tamam\u0131n\u0131 akademik y\u0131l ba\u015f\u0131nda \u00f6demek yerine, Bahar yar\u0131y\u0131l\u0131na ait b\u00f6l\u00fcm\u00fcn\u00fc Bahar yar\u0131y\u0131l\u0131 ba\u015f\u0131nda enflasyon oran\u0131nda art\u0131r\u0131lm\u0131\u015f tutar \u00fczerinden \u00f6demeyi tercih etmek de m\u00fcmk\u00fcnd\u00fcr. Bu bi\u00e7imde e\u011fitim \u00fccretini iki par\u00e7ada \u00f6demek isteyenler, G\u00fcz yar\u0131y\u0131l\u0131 ba\u015f\u0131nda y\u0131ll\u0131k e\u011fitim \u00fccretinin yar\u0131s\u0131n\u0131, Bahar yar\u0131y\u0131l\u0131 ba\u015f\u0131nda ise kalan tutar\u0131n Haziran \u2013 Kas\u0131m aylar\u0131 aras\u0131 alt\u0131 ayl\u0131k enflasyon oran\u0131nda art\u0131r\u0131lmas\u0131yla belirlenen ve Aral\u0131k ay\u0131 i\u00e7erisinde ilan edilen tutar\u0131 \u00f6der.<\/li>\n<li>Kay\u0131tl\u0131 \u00f6\u011frenciler i\u00e7in e\u011fitim \u00fccretine yap\u0131lan art\u0131\u015flar, T\u00dc\u0130K taraf\u0131ndan Haziran ay\u0131 ba\u015f\u0131nda a\u00e7\u0131klanan May\u0131s ay\u0131na ait on iki ayl\u0131k ortalamalara g\u00f6re T\u00fcketici fiyat endeksi (T\u00dcFE) de\u011fi\u015fim oran\u0131 ile s\u0131n\u0131rl\u0131 tutulur.<\/li>\n<li>\u00d6\u011frencilik durumu s\u00fcrd\u00fck\u00e7e her yar\u0131y\u0131l kay\u0131t yapt\u0131rmak zorunludur. G\u00fcz ve Bahar yar\u0131y\u0131llar\u0131 e\u011fitim \u00fccretleri, ilgili yar\u0131y\u0131lda al\u0131nan ders say\u0131s\u0131ndan veya ders tekrar\u0131 yap\u0131lmas\u0131ndan ba\u011f\u0131ms\u0131zd\u0131r.<\/li>\n<li>\u00dcniversiteye yeni kay\u0131t yapt\u0131racak \u00f6\u011frenciler e\u011fitim \u00fccretini (tamam\u0131n\u0131 \u00f6demeyi tercih edenler y\u0131ll\u0131k \u00fccreti, Bahar yar\u0131y\u0131l\u0131 \u00fccretini Bahar yar\u0131y\u0131l\u0131 ba\u015f\u0131nda \u00f6demeyi tercih edenler ise y\u0131ll\u0131k \u00fccretin yar\u0131s\u0131n\u0131) kesin kay\u0131ttan \u00f6nce \u00f6der. Sonraki y\u0131llarda e\u011fitim \u00fccreti akademik takvimde belirtilen tarihe kadar \u00f6denir.<\/li>\n<li>E\u011fitim \u00fccretleri, anla\u015fmal\u0131 bankalar\u0131n (Garanti BBVA, T\u00fcrkiye \u0130\u015f Bankas\u0131, Yap\u0131 ve Kredi Bankas\u0131) onay vermesi ko\u015fuluyla, d\u00f6rt e\u015fit taksit olarak \u00f6denebilir; ayr\u0131ca %5 ek \u00fccret al\u0131n\u0131r.<\/li>\n<li>E\u011fitim \u00fccretleri tek \u00e7ekim olarak kredi kart\u0131yla \u00f6denebilir. Kredi kart\u0131na taksit yap\u0131lmas\u0131 m\u00fcmk\u00fcn de\u011fildir.<\/li>\n<li>Kesin kay\u0131t yapt\u0131rd\u0131ktan sonra kay\u0131t sildiren \u00f6\u011frencilere \u00fccret iadesi yap\u0131lmaz. Kesin kayd\u0131 takip eden akademik y\u0131l i\u00e7in izin verilmez.<\/li>\n<li>\u00dcniversitede yaz d\u00f6neminde ders almak tercihe ba\u011fl\u0131d\u0131r. Y\u0131ll\u0131k e\u011fitim \u00fccreti, yaz d\u00f6neminde al\u0131nan dersleri kapsamaz. Yaz d\u00f6neminde ders almay\u0131 tercih eden \u00f6\u011frenciler kay\u0131t yapt\u0131rd\u0131klar\u0131 derslerin kredilerine g\u00f6re ayr\u0131 \u00fccret \u00f6der.<\/li>\n<\/ul>\n<p><strong>Burslar:<\/strong><\/p>\n<ul>\n<li>Tam burstan yararlanmak i\u00e7in, \u00fcniversiteye giri\u015fte \u201cBurslu\u201d kontenjanlardan yerle\u015ftirilmi\u015f olmak gereklidir.<\/li>\n<li>%50 burstan yararlanmak i\u00e7in, \u00fcniversiteye giri\u015fte \u201c%50 \u0130ndirimli\u201d kontenjanlardan yerle\u015ftirilmi\u015f olmak gereklidir.<\/li>\n<li>Tam burslu olarak genel kontenjan t\u00fcr\u00fcnden yerle\u015ftirilen \u00f6\u011frencilerden [\u00d6SYM taraf\u0131ndan belirlenen SGY (\u015eehit ve Gazi Yak\u0131n\u0131) ve Depremzede kontenjan t\u00fcrleri yoluyla yerle\u015fenler hari\u00e7], 0,12 OBP katsay\u0131l\u0131 ba\u015far\u0131 s\u0131ralamas\u0131, yerle\u015ftirilmi\u015f oldu\u011fu SAY, EA, veya S\u00d6Z puan t\u00fcr\u00fcnde 10.000 veya daha iyi olanlar ile D\u0130L puan t\u00fcr\u00fcnde 1.000 veya daha iyi olanlar\u0131n bursu \u00fcniversiteye kay\u0131t s\u0131ras\u0131nda do\u011frudan Kapsaml\u0131 bursa y\u00fckseltilir.<\/li>\n<li>Kapsaml\u0131 bursun i\u00e7eri\u011finde Tam bursa ek olarak 12.000 TL tutar\u0131nda ayl\u0131k katk\u0131 bursu (y\u0131lda 8 ay boyunca) ve Bilkent \u00dcniversitesi yurtlar\u0131nda G\u00fcz ve Bahar yar\u0131y\u0131llar\u0131nda \u00fccretsiz konaklama olana\u011f\u0131 vard\u0131r. G\u00fcz ve Bahar yar\u0131y\u0131llar\u0131nda yurtlarda kalm\u0131\u015f olan Kapsaml\u0131 burslu \u00f6\u011frencilerden yaz d\u00f6neminde\u00a0 ders alanlar, yaz dersleri boyunca da yurtlarda \u00fccretsiz kalabilir. Yurtta kalmay\u0131 tercih etmeyen Kapsaml\u0131 burslu \u00f6\u011frencilerin ayl\u0131k katk\u0131 bursu 22.000 TL\u2019ye y\u00fckseltilir.<\/li>\n<li>Yeni kay\u0131t yapt\u0131ran Kapsaml\u0131 burslu \u00f6\u011frencilere iki ki\u015filik standart yurt odalar\u0131 verilir. Mezuniyete yakla\u015fm\u0131\u015f ve di\u011fer baz\u0131 ko\u015fullar\u0131 sa\u011flayan \u00fcst\u00fcn ba\u015far\u0131l\u0131 \u00f6\u011frencilere 81. ve 82. Yurtlarda iki ki\u015filik banyolu odalar tahsis edilir.<\/li>\n<li>Arkeoloji b\u00f6l\u00fcm\u00fcne %50 burslu (indirimli) olarak yerle\u015ftirilen \u00f6\u011frencilerden, 0,12 OBP katsay\u0131l\u0131 ba\u015far\u0131 s\u0131ralamas\u0131, yerle\u015ftirilmi\u015f oldu\u011fu EA puan t\u00fcr\u00fcnde 100.000 veya daha iyi olanlar\u0131n bursu \u00fcniversiteye kay\u0131t s\u0131ras\u0131nda do\u011frudan Tam bursa y\u00fckseltilir.<\/li>\n<li>Daha \u00f6nce bir \u00fcniversiteden lisans derecesi alarak mezun olmu\u015f \u00f6\u011frenciler, Kapsaml\u0131, Tam veya %50 burslardan veya indirimlerden yararlanamaz.<\/li>\n<li>Ge\u00e7mi\u015f y\u0131llarda Bilkent \u00dcniversitesi\u2019nde bir lisans program\u0131na yerle\u015ftirilmi\u015f olup 2025 y\u0131l\u0131nda yeniden bu \u00fcniversiteye yerle\u015ftirilenler, Kapsaml\u0131, Tam veya %50 burslardan veya indirimlerden yararlanamaz.<\/li>\n<li>Tam ve %50 burslardan yararlanma s\u00fcresi \u0130ngilizce Haz\u0131rl\u0131k Program\u0131\u2019nda azami 2 y\u0131l, haz\u0131rl\u0131k sonras\u0131 lisans program\u0131nda 6 y\u0131ld\u0131r. Lisans e\u011fitimi 6 y\u0131l\u0131n \u00f6tesine uzayan \u00f6\u011frenciler Tam ve %50 burslardan (indirimlerden) yararlanamaz. Kapsaml\u0131 burstan yararlanman\u0131n azami s\u00fcresi \u0130ngilizce Haz\u0131rl\u0131k Program\u0131\u2019nda 2 y\u0131l, haz\u0131rl\u0131k sonras\u0131 Lisans program\u0131nda 5 y\u0131ld\u0131r. Lisans e\u011fitimi 5 y\u0131l\u0131n \u00f6tesine uzayan Kapsaml\u0131 burslu \u00f6\u011frencilere alt\u0131nc\u0131 y\u0131l i\u00e7in Tam burs verilir.<\/li>\n<li>Ba\u015fka bir kurumdan burs al\u0131yor olmak Bilkent \u00dcniversitesi burslar\u0131ndan yararlanmaya engel de\u011fildir.<\/li>\n<li>Kapsaml\u0131, Tam ve %50 burslar (indirimler), \u00f6\u011frencilerin her yar\u0131y\u0131lda m\u00fcfredatlar\u0131ndaki normal ders y\u00fcklerini almalar\u0131 ve derslerine d\u00fczenli devam etmeleri ko\u015fuluyla, azami burs s\u00fcresi boyunca kesintisiz devam eder, d\u00fc\u015f\u00fck not ortalamas\u0131 veya ders tekrar\u0131 gibi konulardan etkilenmez. Normal ders y\u00fck\u00fcn\u00fcn alt\u0131nda ders alan veya kay\u0131tl\u0131 olduklar\u0131 bir ya da daha \u00e7ok say\u0131da derse devam etmeyen \u00f6\u011frencilerin burslar\u0131 (indirimleri) ask\u0131ya al\u0131n\u0131r.<\/li>\n<li>E\u011fitim \u00fccreti burslar\u0131 ve indirimleri yaz d\u00f6nemi ders \u00fccretleri i\u00e7in de ge\u00e7erlidir.<\/li>\n<li>Bilkent \u00dcniversitesi\u2019nin sa\u011flad\u0131\u011f\u0131 b\u00fct\u00fcn burslar kar\u015f\u0131l\u0131ks\u0131zd\u0131r.<\/li>\n<\/ul>\n<p><strong>\u00dcst\u00fcn Ba\u015far\u0131 Burslar\u0131:<\/strong><\/p>\n<ul>\n<li>\n<div class=\"s11\">Her ders y\u0131l\u0131 sonunda, e\u011fitim program\u0131nda belirtilen asgari ders y\u00fck\u00fcn\u00fc alm\u0131\u015f, y\u0131ll\u0131k not ortalamas\u0131 4,00 \u00fczerinden 3,30 veya daha y\u00fcksek olan, kendi program\u0131ndaki \u00fccretli \u00f6\u011frenciler aras\u0131nda ilk y\u00fczde be\u015fe girmi\u015f \u00fccretli \u00f6\u011frenciler ve kendi program\u0131ndaki %50 burslu \u00f6\u011frenciler aras\u0131nda ilk y\u00fczde \u00fc\u00e7e girmeyi ba\u015faran %50 burslu \u00f6\u011frenciler, bir sonraki ders y\u0131l\u0131 i\u00e7in \u00dcst\u00fcn Ba\u015far\u0131 Bursu almaya hak kazan\u0131r.<\/div>\n<\/li>\n<li>\n<div class=\"s11\"><span class=\"s6\"><span class=\"bumpedFont20\">\u00dcst\u00fcn Ba\u015far\u0131 Bursu, \u00f6\u011frencinin kendi grubunda hangi y\u00fczde birlik dilim i\u00e7inde bulundu\u011funa ba\u011fl\u0131 olarak, e\u011fitim \u00fccretinin tamam\u0131n\u0131 veya bir b\u00f6l\u00fcm\u00fcn\u00fc kar\u015f\u0131lar. Bu burs, \u0130ngilizce Haz\u0131rl\u0131k Program\u0131\u2019ndaki \u00f6\u011frenciler i\u00e7in ge\u00e7erli de\u011fildir.<\/span><\/span><\/div>\n<\/li>\n<li>Ayr\u0131nt\u0131lar i\u00e7in l\u00fctfen \u00dcst\u00fcn Ba\u015far\u0131 Burslar\u0131 Y\u00f6nergesi\u2019ne bak\u0131n\u0131z:<br \/>\n<a href=\"https:\/\/w3.bilkent.edu.tr\/www\/ustun-basari-burslari\/\">https:\/\/w3.bilkent.edu.tr\/www\/ustun-basari-burslari\/<\/a><\/li>\n<\/ul>\n<p><strong>Yetenek Bursu:<\/strong><\/p>\n<ul>\n<li>Yetenek s\u0131nav\u0131 ile \u00f6\u011frenci alan G\u00fczel Sanatlar, M\u00fczik ve Tiyatro b\u00f6l\u00fcmlerinin bu s\u0131navlarda \u00fcst\u00fcn ba\u015far\u0131 g\u00f6steren \u00f6\u011frencilerine Yetenek bursu verilir.<\/li>\n<li>Yetenek bursu, y\u0131ll\u0131k e\u011fitim \u00fccretinin tamam\u0131n\u0131 ya da bir b\u00f6l\u00fcm\u00fcn\u00fc kar\u015f\u0131lar.<\/li>\n<li>Yetenek burslar\u0131n\u0131n s\u00fcreklili\u011fi \u00f6\u011frencinin akademik ba\u015far\u0131s\u0131na ba\u011fl\u0131d\u0131r.<\/li>\n<li>Yetenek burslar\u0131ndan ve indirimlerden yararlanma s\u00fcresi \u0130ngilizce Haz\u0131rl\u0131k Program\u0131\u2019nda azami 2 y\u0131l, haz\u0131rl\u0131k sonras\u0131 lisans program\u0131nda azami 5 y\u0131ld\u0131r.<\/li>\n<li>Daha \u00f6nce bir \u00fcniversiteden lisans derecesi alarak mezun olmu\u015f \u00f6\u011frenciler, yetenek burslar\u0131ndan veya indirimlerden yararlanamaz.<\/li>\n<\/ul>\n<p><strong>B\u00f6l\u00fcmler Aras\u0131 Ge\u00e7i\u015f:<\/strong><\/p>\n<ul>\n<li>Merkezi yerle\u015ftirme puan\u0131na g\u00f6re \u00fcniversite i\u00e7i b\u00f6l\u00fcmler aras\u0131 ge\u00e7i\u015f:\n<ul>\n<li>Merkezi yerle\u015ftirme sonucu Bilkent \u00dcniversitesi\u2019ne kay\u0131t yapt\u0131ran \u00f6\u011frenciler, daha sonra YKS puanlar\u0131n\u0131n yerle\u015fmeye yeterli oldu\u011fu bir ba\u015fka b\u00f6l\u00fcme ge\u00e7mek \u00fczere ba\u015fvuru yapabilir.<\/li>\n<li>Ge\u00e7i\u015f ba\u015fvurusunda bulunacak bir \u00f6\u011frencinin \u00fcniversite s\u0131nav\u0131na girdi\u011fi y\u0131ldaki YKS yerle\u015ftirme puan\u0131n\u0131n, ge\u00e7mek istedi\u011fi b\u00f6l\u00fcm\u00fcn ayn\u0131 y\u0131ldaki en d\u00fc\u015f\u00fck taban puan\u0131ndan daha y\u00fcksek olmas\u0131 gereklidir. \u00d6\u011frencinin ge\u00e7mek istedi\u011fi b\u00f6l\u00fcm\u00fcn puan t\u00fcr\u00fc, kay\u0131tl\u0131 bulundu\u011fu b\u00f6l\u00fcm\u00fcnkiyle ayn\u0131 veya farkl\u0131 olabilir.<\/li>\n<li>Merkezi yerle\u015ftirme puan\u0131 yoluyla b\u00f6l\u00fcmler aras\u0131 ge\u00e7i\u015f sadece bir kereli\u011fine yap\u0131labilir.<\/li>\n<li>Kay\u0131tl\u0131 oldu\u011fu b\u00f6l\u00fcmde Kapsaml\u0131, Tam veya %50 burslu (indirimli) olarak okumakta olan \u00f6\u011frencilerin burslar\u0131 \u015fu esaslara g\u00f6re belirlenir:<br \/>\nA. Kay\u0131tl\u0131 oldu\u011fu b\u00f6l\u00fcmde Kapsaml\u0131, Tam veya %50 burslu (indirimli) olarak okumakta olan \u00f6\u011frencilerin ge\u00e7mek istedikleri b\u00f6l\u00fcmde de ayn\u0131 d\u00fczeyde burslu olarak devam edebilmesi i\u00e7in:<\/p>\n<p style=\"padding-left: 30px;\">(1)\u00a0 \u00a0\u00f6\u011frencinin \u00fcniversite s\u0131nav\u0131na girdi\u011fi y\u0131ldaki YKS yerle\u015ftirme puan\u0131n\u0131n, ge\u00e7mek istedi\u011fi b\u00f6l\u00fcm\u00fcn ayn\u0131 y\u0131la ve ayn\u0131 burs (veya indirim) d\u00fczeyine ait taban puan\u0131ndan daha y\u00fcksek olmas\u0131 ve<\/p>\n<p style=\"padding-left: 30px;\">(2)\u00a0 \u00a0\u00f6\u011frencinin kay\u0131tl\u0131 bulundu\u011fu b\u00f6l\u00fcmde hen\u00fcz \u00fc\u00e7\u00fcnc\u00fc yar\u0131y\u0131l e\u011fitimine ba\u015flamam\u0131\u015f olmas\u0131,<\/p>\n<p>gereklidir. Bu ko\u015fullar\u0131 sa\u011flayan \u00f6\u011frenciler burslar\u0131n\u0131 koruyarak b\u00f6l\u00fcm de\u011fi\u015ftirebilir. Ancak, ge\u00e7tikleri b\u00f6l\u00fcme daha \u00fcst bir burs d\u00fczeyinde de yerle\u015febilecek puana sahip olan \u00f6\u011frencilerin bursu y\u00fckseltilmez.<\/p>\n<p>B. Kay\u0131tl\u0131 bulundu\u011fu b\u00f6l\u00fcmde \u00fc\u00e7\u00fcnc\u00fc yar\u0131y\u0131l e\u011fitimine ba\u015flad\u0131ktan sonraki bir tarihte ge\u00e7i\u015f ba\u015fvurusu yapmak isteyenlerin, ge\u00e7i\u015f ba\u015fvurusu yapmadan \u00f6nce haz\u0131rl\u0131k program\u0131nda ge\u00e7irilen s\u00fcre dahil kay\u0131tl\u0131 olduklar\u0131 b\u00f6l\u00fcmde o g\u00fcne kadar Bilkent \u00dcniversitesi taraf\u0131ndan kendilerine sa\u011flanm\u0131\u015f olan t\u00fcm burslar\u0131 ve indirimleri yasal faizleriyle birlikte geri \u00f6demeleri gereklidir. Bu \u00f6\u011frenciler ge\u00e7tikleri b\u00f6l\u00fcme burslu olarak yerle\u015febilecek puana sahip olsalar bile Kapsaml\u0131, Tam veya %50 burstan veya indirimden yararlanamaz.<\/p>\n<p>C. Yerle\u015ftirme puan\u0131, ge\u00e7mek istedi\u011fi b\u00f6l\u00fcm\u00fcn ayn\u0131 burs (veya indirim) d\u00fczeyine ait taban puan\u0131ndan daha d\u00fc\u015f\u00fck olan \u00f6\u011frencilerin, ge\u00e7i\u015f ba\u015fvurusu yapmadan \u00f6nce haz\u0131rl\u0131k program\u0131nda ge\u00e7irilen s\u00fcre dahil kay\u0131tl\u0131 olduklar\u0131 b\u00f6l\u00fcmde o g\u00fcne kadar Bilkent \u00dcniversitesi taraf\u0131ndan kendilerine sa\u011flanm\u0131\u015f olan t\u00fcm burslar\u0131 ve indirimleri yasal faizleriyle birlikte geri \u00f6demeleri gereklidir. Bu \u00f6\u011frenciler ge\u00e7tikleri b\u00f6l\u00fcme burslu olarak yerle\u015febilecek puana sahip olsalar bile Kapsaml\u0131, Tam veya %50 burstan veya indirimden yararlanamaz.<\/li>\n<\/ul>\n<\/li>\n<\/ul>\n<ul>\n<li>Liseden Uluslararas\u0131 Bakalorya (IB) diplomas\u0131yla 2024 veya 2025 y\u0131l\u0131nda mezun olup 2025 y\u0131l\u0131 YKS sonucuna g\u00f6re Bilkent \u00dcniversitesi\u2019ne yerle\u015ftirilen ve kesin kay\u0131t sonras\u0131nda \u0130ngilizce Haz\u0131rl\u0131k Program\u0131\u2019ndan do\u011frudan muaf olabilen \u00f6\u011frencilerden Uluslararas\u0131 Bakalorya (IB) diploma notu en az 30 olanlar (M\u00fchendislik Fak\u00fcltesi ve Hukuk Fak\u00fcltesi i\u00e7in en az 32), ayn\u0131 puan t\u00fcr\u00fcyle \u00f6\u011frenci alan ve puanlar\u0131n\u0131n yerle\u015fmeye yetmedi\u011fi ba\u015fka bir b\u00f6l\u00fcme ge\u00e7mek i\u00e7in ba\u015fvuru yapabilir. Ayr\u0131nt\u0131lar i\u00e7in l\u00fctfen \u00dcniversite \u0130\u00e7i B\u00f6l\u00fcmler Aras\u0131 Ge\u00e7i\u015f Y\u00f6nergesi\u2019nin 2.B maddesine bak\u0131n\u0131z:<br \/>\n<a href=\"http:\/\/w3.bilkent.edu.tr\/www\/universite-ici-bolumler-arasi-gecis-yonergesi\">http:\/\/w3.bilkent.edu.tr\/www\/universite-ici-bolumler-arasi-gecis-yonergesi<\/a><\/li>\n<\/ul>\n<p><strong>\u0130ngilizce Yeterlik:<\/strong><\/p>\n<ul>\n<li>Bilkent \u00dcniversitesi\u2019ne yeni kay\u0131t yapt\u0131ran \u00f6\u011frencilerin \u0130ngilizce d\u00fczeyleri, \u0130ngilizce Haz\u0131rl\u0131k Program\u0131 taraf\u0131ndan d\u00fczenlenen iki a\u015famal\u0131 \u0130ngilizce Yeterlik ve Seviye Tespit S\u0131nav\u0131 (PAE S\u0131nav\u0131) ile belirlenmektedir. Bu s\u0131nav\u0131n sonucuna g\u00f6re \u0130ngilizce d\u00fczeyi yeterli bulunan \u00f6\u011frenciler, \u0130ngilizce Haz\u0131rl\u0131k Program\u0131\u2019ndan muaf tutulur. \u0130ngilizce d\u00fczeyi yeterli bulunmayan \u00f6\u011frenciler, s\u0131nav sonucu belirlenen d\u00fczeyden ba\u015flayacak bi\u00e7imde \u0130ngilizce Haz\u0131rl\u0131k Program\u0131\u2019na al\u0131n\u0131r.<\/li>\n<li>\u0130ngilizce yeterlik ko\u015fulunu sa\u011flamak i\u00e7in ba\u011f\u0131ms\u0131z uluslararas\u0131 kurulu\u015flar taraf\u0131ndan d\u00fczenlenen IELTS (Akademik) veya TOEFL iBT s\u0131nav\u0131na girmek de m\u00fcmk\u00fcnd\u00fcr. Bu s\u0131navlardan \u00fcniversitenin belirledi\u011fi asgari d\u00fczeyde veya \u00fcst\u00fcnde puan alan (IELTS Akademik i\u00e7in her b\u00f6l\u00fcmden en az 5,5 olmak \u00fczere ortalamada 6,5 puan, TOEFL iBT i\u00e7in 87 puan) \u00f6\u011frenciler \u0130ngilizce Haz\u0131rl\u0131k Program\u0131\u2019ndan muaf tutulur. Ancak, \u00f6\u011frenci adaylar\u0131n\u0131n s\u00f6z konusu d\u0131\u015f s\u0131nav\u0131 Bilkent \u00dcniversitesi\u2019nin belirledi\u011fi merkezlerden ve tarihlerden birinde alm\u0131\u015f olmalar\u0131 ve s\u0131nav tarihinden en az 21 g\u00fcn \u00f6nce s\u0131nav kay\u0131t belgelerini Bilkent \u00dcniversitesi\u2019ne ibraz etmi\u015f olmalar\u0131 gereklidir. \u00c7evrimi\u00e7i ortamda verilen d\u0131\u015f s\u0131navlar kabul edilmez.<\/li>\n<li>\u0130ngilizce yeterlik esaslar\u0131yla ilgili di\u011fer ayr\u0131nt\u0131lar i\u00e7in l\u00fctfen \u015furaya bak\u0131n\u0131z:<br \/>\n<a href=\"http:\/\/prep.bilkent.edu.tr\/dis-sinavlar-ile-yeterlilik\/\">http:\/\/prep.bilkent.edu.tr\/dis-sinavlar-ile-yeterlilik\/<\/a><\/li>\n<\/ul>\n<p><strong><br \/>\nYurtlar:<br \/>\n<\/strong>Bilkent \u00dcniversitesi 2025-2026 G\u00fcz yar\u0131y\u0131l\u0131nda ge\u00e7erli ki\u015fi ba\u015f\u0131 yurt \u00fccretleri \u015f\u00f6yledir (%10 KDV dahil):<\/p>\n<table style=\"width: 542px; border-color: #000000;\">\n<tbody>\n<tr>\n<td style=\"width: 190px;\"><\/td>\n<td style=\"width: 149px;\">Merkez Kamp\u00fcs<\/td>\n<td style=\"width: 181px;\">Do\u011fu Kamp\u00fcs<\/td>\n<\/tr>\n<tr>\n<td style=\"width: 190px;\">4 ki\u015filik oda<\/td>\n<td style=\"width: 149px;\">39.700 TL<\/td>\n<td style=\"width: 181px;\">38.300 TL<\/td>\n<\/tr>\n<tr>\n<td style=\"width: 190px;\">3 ki\u015filik oda<\/td>\n<td style=\"width: 149px;\">58.300 TL<\/td>\n<td style=\"width: 181px;\">55.800 TL<\/td>\n<\/tr>\n<tr>\n<td style=\"width: 190px;\">2 ki\u015filik ranzal\u0131 oda<\/td>\n<td style=\"width: 149px;\">68.700 TL<\/td>\n<td style=\"width: 181px;\">67.300 TL<\/td>\n<\/tr>\n<tr>\n<td style=\"width: 190px;\">2 ki\u015filik standart oda<\/td>\n<td style=\"width: 149px;\">79.100 TL<\/td>\n<td style=\"width: 181px;\">76.700 TL<\/td>\n<\/tr>\n<tr>\n<td style=\"width: 190px;\">1 ki\u015filik standart oda<\/td>\n<td style=\"width: 149px;\">124.000 TL<\/td>\n<td style=\"width: 181px;\">120.400 TL<\/td>\n<\/tr>\n<tr>\n<td style=\"width: 190px;\">2 ki\u015filik banyolu oda<\/td>\n<td style=\"width: 149px;\">155.900 TL<\/td>\n<td style=\"width: 181px;\">&#8212;-<\/td>\n<\/tr>\n<\/tbody>\n<\/table>\n<ul>\n<li>Yurt \u00fccretleri yar\u0131y\u0131l ba\u015flar\u0131nda \u00f6denir.<\/li>\n<li>Bahar yar\u0131y\u0131l\u0131 yurt \u00fccretleri Aral\u0131k ay\u0131nda a\u00e7\u0131klanacakt\u0131r.<\/li>\n<li>Yurtlarda kalmak isteyen \u00f6\u011frenciler \u00fcniversiteye kesin kay\u0131t s\u0131ras\u0131nda yurt ba\u015fvurusu yapabilir. \u00d6\u011frenciler, yurtlardaki yer durumuna ve oda tercihlerine g\u00f6re yerle\u015ftirilmektedir.<\/li>\n<li>Oda tipleri ve fiyat se\u00e7enekleriyle ilgili ayr\u0131nt\u0131lar i\u00e7in l\u00fctfen \u015furaya bak\u0131n\u0131z: <a href=\"http:\/\/www.yurt.bilkent.edu.tr\">http:\/\/www.yurt.bilkent.edu.tr<\/a><\/li>\n<\/ul>\n<p><strong>Kafeteryalar:<\/strong><\/p>\n<ul>\n<li>\u00dcniversitenin tabildot kafeteryas\u0131nda \u00f6\u011frencilere \u00f6zel %50 indirimli fiks men\u00fc yemek (4 kap) \u00fccreti \u00a02025-2026 G\u00fcz yar\u0131y\u0131l\u0131nda \u00f6\u011f\u00fcn ba\u015f\u0131na 99 TL \u00a0olacakt\u0131r. Bu \u00fccret, ger\u00e7ekle\u015fen maliyet art\u0131\u015flar\u0131 oran\u0131nda her yar\u0131y\u0131l ba\u015f\u0131nda art\u0131r\u0131lmaktad\u0131r.<\/li>\n<li>Tabildot kafeteryaya ek olarak kamp\u00fcs i\u00e7inde ve yak\u0131n\u0131nda \u00e7ok say\u0131da kafeterya ve lokanta bulunmaktad\u0131r.<\/li>\n<\/ul>\n<p><strong>Dumans\u0131z Kamp\u00fcs Politikas\u0131:<\/strong><\/p>\n<ul>\n<li>Bilkent \u00dcniversitesi,t\u00fcm \u00fcniversite payda\u015flar\u0131 i\u00e7in sa\u011fl\u0131kl\u0131 ve uygar bir \u00fcniversite ortam\u0131 olu\u015fturmak hedefiyle Dumans\u0131z Kamp\u00fcs Politikas\u0131 y\u00fcr\u00fctmektedir.<\/li>\n<li>Sigara\u00a0ve di\u011fer t\u00fct\u00fcn \u00fcr\u00fcnleri ile elektronik sigaralar\u0131n kullan\u0131lmas\u0131, Bilkent \u00dcniversitesi\u2019nin belirledi\u011fi yerler d\u0131\u015f\u0131ndaki a\u00e7\u0131k ve kapal\u0131 t\u00fcm alanlarda yasakt\u0131r.<\/li>\n<\/ul>\n<p><em>\u00a0<\/em><\/p>\n","protected":false},"excerpt":{"rendered":"<p>[ G\u00fcncellenme tarihi 18.07.2025 ] E\u011fitim \u00fccreti ve yurt \u00fccreti \u00f6demeleri, \u00d6SYM\u2019nin belirledi\u011fi tarihler aras\u0131ndaki \u00e7evrimi\u00e7i kay\u0131tlar s\u0131ras\u0131nda yap\u0131lacakt\u0131r. E\u011fitim S\u00fcresi: Bilkent \u00dcniversitesi\u2019nin t\u00fcm lisans programlar\u0131nda normal e\u011fitim s\u00fcresi 4 akademik y\u0131ld\u0131r. Her akademik y\u0131l G\u00fcz ve Bahar yar\u0131y\u0131l\u0131 olmak<\/p>\n","protected":false},"author":1,"featured_media":0,"parent":0,"menu_order":0,"comment_status":"closed","ping_status":"closed","template":"","meta":[],"_links":{"self":[{"href":"https:\/\/adaybilgi.bilkent.edu.tr\/index.php\/wp-json\/wp\/v2\/pages\/1957"}],"collection":[{"href":"https:\/\/adaybilgi.bilkent.edu.tr\/index.php\/wp-json\/wp\/v2\/pages"}],"about":[{"href":"https:\/\/adaybilgi.bilkent.edu.tr\/index.php\/wp-json\/wp\/v2\/types\/page"}],"author":[{"embeddable":true,"href":"https:\/\/adaybilgi.bilkent.edu.tr\/index.php\/wp-json\/wp\/v2\/users\/1"}],"replies":[{"embeddable":true,"href":"https:\/\/adaybilgi.bilkent.edu.tr\/index.php\/wp-json\/wp\/v2\/comments?post=1957"}],"version-history":[{"count":42,"href":"https:\/\/adaybilgi.bilkent.edu.tr\/index.php\/wp-json\/wp\/v2\/pages\/1957\/revisions"}],"predecessor-version":[{"id":3642,"href":"https:\/\/adaybilgi.bilkent.edu.tr\/index.php\/wp-json\/wp\/v2\/pages\/1957\/revisions\/3642"}],"wp:attachment":[{"href":"https:\/\/adaybilgi.bilkent.edu.tr\/index.php\/wp-json\/wp\/v2\/media?parent=1957"}],"curies":[{"name":"wp","href":"https:\/\/api.w.org\/{rel}","templated":true}]}}