{"id":1698,"date":"2019-06-10T07:58:12","date_gmt":"2019-06-10T07:58:12","guid":{"rendered":"https:\/\/adaybilgi.bilkent.edu.tr\/?page_id=1698"},"modified":"2022-07-06T11:41:38","modified_gmt":"2022-07-06T11:41:38","slug":"tanitim-videolari","status":"publish","type":"page","link":"https:\/\/adaybilgi.bilkent.edu.tr\/index.php\/tanitim-videolari\/","title":{"rendered":"Tan\u0131t\u0131m Videolar\u0131"},"content":{"rendered":"<ul>\n<li><a href=\"https:\/\/adaybilgi.bilkent.edu.tr\/index.php\/2019\/07\/22\/tercihim-bilkent\/\">Tercihim Bilkent<\/a><\/li>\n<\/ul>\n<ul>\n<li><a href=\"https:\/\/adaybilgi.bilkent.edu.tr\/index.php\/2016\/04\/20\/tanitim-filmi-post\/\" target=\"_blank\" rel=\"noopener\">Bir Bak\u0131\u015fta Bilkent<\/a><\/li>\n<\/ul>\n<ul>\n<li><a href=\"https:\/\/adaybilgi.bilkent.edu.tr\/index.php\/2019\/07\/15\/arkeoloji-bolumu\/\">Arkeoloji B\u00f6l\u00fcm\u00fc<\/a><\/li>\n<\/ul>\n<ul>\n<li><a href=\"https:\/\/adaybilgi.bilkent.edu.tr\/index.php\/2019\/06\/10\/felsefe-bolumu\/\" target=\"_blank\" rel=\"noopener\">Felsefe B\u00f6l\u00fcm\u00fc<\/a><\/li>\n<\/ul>\n<ul>\n<li><a href=\"https:\/\/adaybilgi.bilkent.edu.tr\/index.php\/2016\/04\/20\/fen-fakultesi-videosu\/\" target=\"_blank\" rel=\"noopener\">Fen Fak\u00fcltesi<\/a><\/li>\n<\/ul>\n<ul>\n<li><a href=\"https:\/\/adaybilgi.bilkent.edu.tr\/index.php\/2016\/04\/21\/bilkent-fizik\/\" target=\"_blank\" rel=\"noopener\">Fizik B\u00f6l\u00fcm\u00fc<\/a><\/li>\n<\/ul>\n<ul>\n<li><a href=\"https:\/\/adaybilgi.bilkent.edu.tr\/index.php\/2017\/07\/05\/kimya-bolumu\/\" target=\"_blank\" rel=\"noopener\">Kimya B\u00f6l\u00fcm\u00fc<\/a><\/li>\n<\/ul>\n<ul>\n<li><a href=\"https:\/\/adaybilgi.bilkent.edu.tr\/index.php\/2017\/07\/05\/matematik-bolumu\/\" target=\"_blank\" rel=\"noopener\">Matematik B\u00f6l\u00fcm\u00fc<\/a><\/li>\n<\/ul>\n<ul>\n<li><a href=\"https:\/\/adaybilgi.bilkent.edu.tr\/index.php\/2016\/04\/21\/molekuler-biyoloji-ve-genetik\/\" target=\"_blank\" rel=\"noopener\">Molek\u00fcler Biyoloji ve Genetik B\u00f6l\u00fcm\u00fc<\/a><\/li>\n<\/ul>\n","protected":false},"excerpt":{"rendered":"<p>Tercihim Bilkent Bir Bak\u0131\u015fta Bilkent Arkeoloji B\u00f6l\u00fcm\u00fc Felsefe B\u00f6l\u00fcm\u00fc Fen Fak\u00fcltesi Fizik B\u00f6l\u00fcm\u00fc Kimya B\u00f6l\u00fcm\u00fc Matematik B\u00f6l\u00fcm\u00fc Molek\u00fcler Biyoloji ve Genetik B\u00f6l\u00fcm\u00fc<\/p>\n","protected":false},"author":1,"featured_media":0,"parent":0,"menu_order":0,"comment_status":"closed","ping_status":"closed","template":"","meta":[],"_links":{"self":[{"href":"https:\/\/adaybilgi.bilkent.edu.tr\/index.php\/wp-json\/wp\/v2\/pages\/1698"}],"collection":[{"href":"https:\/\/adaybilgi.bilkent.edu.tr\/index.php\/wp-json\/wp\/v2\/pages"}],"about":[{"href":"https:\/\/adaybilgi.bilkent.edu.tr\/index.php\/wp-json\/wp\/v2\/types\/page"}],"author":[{"embeddable":true,"href":"https:\/\/adaybilgi.bilkent.edu.tr\/index.php\/wp-json\/wp\/v2\/users\/1"}],"replies":[{"embeddable":true,"href":"https:\/\/adaybilgi.bilkent.edu.tr\/index.php\/wp-json\/wp\/v2\/comments?post=1698"}],"version-history":[{"count":10,"href":"https:\/\/adaybilgi.bilkent.edu.tr\/index.php\/wp-json\/wp\/v2\/pages\/1698\/revisions"}],"predecessor-version":[{"id":2858,"href":"https:\/\/adaybilgi.bilkent.edu.tr\/index.php\/wp-json\/wp\/v2\/pages\/1698\/revisions\/2858"}],"wp:attachment":[{"href":"https:\/\/adaybilgi.bilkent.edu.tr\/index.php\/wp-json\/wp\/v2\/media?parent=1698"}],"curies":[{"name":"wp","href":"https:\/\/api.w.org\/{rel}","templated":true}]}}