{"id":156,"date":"2016-04-14T06:11:42","date_gmt":"2016-04-14T06:11:42","guid":{"rendered":"http:\/\/w4.bilkent.edu.tr\/adaybilgi\/?page_id=156"},"modified":"2026-02-17T13:23:01","modified_gmt":"2026-02-17T13:23:01","slug":"neden-bilkent","status":"publish","type":"page","link":"https:\/\/adaybilgi.bilkent.edu.tr\/index.php\/neden-bilkent\/","title":{"rendered":"Neden Bilkent"},"content":{"rendered":"<p>Bilkent \u00dcniversitesi, yakla\u015f\u0131k 12.500 \u00f6\u011frencisi ve 39 \u00fclkeden \u00f6\u011fretim elemanlar\u0131yla uluslararas\u0131 bir e\u011fitim ve ara\u015ft\u0131rma kurumudur.<\/p>\n<p>Bilimsel yay\u0131nlar\u0131yla tan\u0131nan \u00f6\u011fretim \u00fcyeleri, yenilik\u00e7i e\u011fitim programlar\u0131, benzersiz k\u00fct\u00fcphanesi, modern derslik ve laboratuvarlar\u0131yla Bilkent, dinamik bir e\u011fitim ve \u00f6\u011fretim atmosferine sahiptir. \u00dcniversitenin 54 \u00fclkeden 388 y\u00fcksek\u00f6\u011fretim kurumuyla s\u00fcrd\u00fcrd\u00fc\u011f\u00fc de\u011fi\u015fim programlar\u0131, \u00f6\u011frencilere yeni akademik ortamlar\u0131 ve farkl\u0131 k\u00fclt\u00fcrleri tan\u0131ma f\u0131rsat\u0131 da sunmaktad\u0131r.<\/p>\n<p>Bilkent \u00f6\u011frencileri, \u00fcniversite hayat\u0131na ye\u015fil ve g\u00fcvenli bir kamp\u00fcste ad\u0131m atmaktad\u0131r. Kamp\u00fcste y\u0131l boyunca d\u00fczenlenen \u00f6\u011frenci kul\u00fcb\u00fc etkinlikleri ve festivaller ise yepyeni dostluklar\u0131n ve renkli bir sosyal ya\u015fam\u0131n \u00e7\u0131k\u0131\u015f noktas\u0131d\u0131r. Ba\u015fta yurtlar, spor tesisleri, sa\u011fl\u0131k merkezi ve kafeteryalar olmak \u00fczere bir \u00fcniversite kamp\u00fcs\u00fcnde bulunmas\u0131 gereken t\u00fcm olanaklar \u00f6\u011frencilerin hizmetindedir.<\/p>\n<p>Bug\u00fcne kadar yeti\u015ftirdi\u011fi yakla\u015f\u0131k 60.000 mezun ve bu mezunlar\u0131n d\u00fcnyan\u0131n d\u00f6rt bir yan\u0131nda g\u00f6sterdi\u011fi ba\u015far\u0131lar, Bilkent \u00dcniversitesi\u2019nin en g\u00fc\u00e7l\u00fc referans\u0131d\u0131r.<\/p>\n<p><strong>Bilkentli \u00f6\u011frencilerin, Bilkent \u00dcniversitesi&#8217;ni tercih etme sebeplerini \u00f6\u011frenmek i\u00e7in:<\/strong><\/p>\n<div class=\"arve\" data-mode=\"normal\" data-oembed=\"1\" data-provider=\"youtubelist\" id=\"arve-youtubelist-pl5b3klqnac5g7gmdijvkzrb2wjgvbenvu69f0e9c5d9969527685061\" style=\"max-width:720px;\" itemscope itemtype=\"http:\/\/schema.org\/VideoObject\">\n<span class=\"arve-inner\"><br \/>\n<span class=\"arve-embed arve-embed--has-aspect-ratio arve-embed--16by9\"><br \/>\n<meta itemprop=\"embedURL\" content=\"https:\/\/www.youtube.com\/embed\/videoseries?list=PL5B3KLQNAC5g7GMdIjVkZrB2WjgVbenVu&amp;iv_load_policy=3&amp;modestbranding=1&amp;rel=0&amp;autohide=1&amp;playsinline=0&amp;autoplay=0\"><br \/>\n<iframe loading=\"lazy\" allow=\"accelerometer; autoplay; clipboard-write; encrypted-media; gyroscope; picture-in-picture\" allowfullscreen class=\"arve-iframe fitvidsignore\" data-arve=\"arve-youtubelist-pl5b3klqnac5g7gmdijvkzrb2wjgvbenvu69f0e9c5d9969527685061\" data-src-no-ap=\"https:\/\/www.youtube.com\/embed\/videoseries?list=PL5B3KLQNAC5g7GMdIjVkZrB2WjgVbenVu&amp;iv_load_policy=3&amp;modestbranding=1&amp;rel=0&amp;autohide=1&amp;playsinline=0&amp;autoplay=0\" frameborder=\"0\" height=\"405\" sandbox=\"allow-scripts allow-same-origin allow-presentation allow-popups allow-popups-to-escape-sandbox\" scrolling=\"no\" src=\"https:\/\/www.youtube.com\/embed\/videoseries?list=PL5B3KLQNAC5g7GMdIjVkZrB2WjgVbenVu&#038;iv_load_policy=3&#038;modestbranding=1&#038;rel=0&#038;autohide=1&#038;playsinline=0&#038;autoplay=0\" width=\"720\"><\/iframe><\/p>\n<p><\/span><\/p>\n<p><\/span><\/p>\n<\/div>\n","protected":false},"excerpt":{"rendered":"<p>Bilkent \u00dcniversitesi, yakla\u015f\u0131k 12.500 \u00f6\u011frencisi ve 39 \u00fclkeden \u00f6\u011fretim elemanlar\u0131yla uluslararas\u0131 bir e\u011fitim ve ara\u015ft\u0131rma kurumudur. Bilimsel yay\u0131nlar\u0131yla tan\u0131nan \u00f6\u011fretim \u00fcyeleri, yenilik\u00e7i e\u011fitim programlar\u0131, benzersiz k\u00fct\u00fcphanesi, modern derslik ve laboratuvarlar\u0131yla Bilkent, dinamik bir e\u011fitim ve \u00f6\u011fretim atmosferine sahiptir. \u00dcniversitenin 54<\/p>\n","protected":false},"author":1,"featured_media":157,"parent":0,"menu_order":0,"comment_status":"closed","ping_status":"closed","template":"","meta":[],"_links":{"self":[{"href":"https:\/\/adaybilgi.bilkent.edu.tr\/index.php\/wp-json\/wp\/v2\/pages\/156"}],"collection":[{"href":"https:\/\/adaybilgi.bilkent.edu.tr\/index.php\/wp-json\/wp\/v2\/pages"}],"about":[{"href":"https:\/\/adaybilgi.bilkent.edu.tr\/index.php\/wp-json\/wp\/v2\/types\/page"}],"author":[{"embeddable":true,"href":"https:\/\/adaybilgi.bilkent.edu.tr\/index.php\/wp-json\/wp\/v2\/users\/1"}],"replies":[{"embeddable":true,"href":"https:\/\/adaybilgi.bilkent.edu.tr\/index.php\/wp-json\/wp\/v2\/comments?post=156"}],"version-history":[{"count":20,"href":"https:\/\/adaybilgi.bilkent.edu.tr\/index.php\/wp-json\/wp\/v2\/pages\/156\/revisions"}],"predecessor-version":[{"id":3672,"href":"https:\/\/adaybilgi.bilkent.edu.tr\/index.php\/wp-json\/wp\/v2\/pages\/156\/revisions\/3672"}],"wp:featuredmedia":[{"embeddable":true,"href":"https:\/\/adaybilgi.bilkent.edu.tr\/index.php\/wp-json\/wp\/v2\/media\/157"}],"wp:attachment":[{"href":"https:\/\/adaybilgi.bilkent.edu.tr\/index.php\/wp-json\/wp\/v2\/media?parent=156"}],"curies":[{"name":"wp","href":"https:\/\/api.w.org\/{rel}","templated":true}]}}