{"id":115,"date":"2016-04-08T06:43:20","date_gmt":"2016-04-08T06:43:20","guid":{"rendered":"http:\/\/w4.bilkent.edu.tr\/adaybilgi\/?page_id=115"},"modified":"2026-03-18T14:02:42","modified_gmt":"2026-03-18T14:02:42","slug":"uluslararasi-olanaklar","status":"publish","type":"page","link":"https:\/\/adaybilgi.bilkent.edu.tr\/index.php\/uluslararasi-olanaklar\/","title":{"rendered":"Uluslararas\u0131 Olanaklar"},"content":{"rendered":"<p>Bilkent \u00dcniversitesi, 54 \u00fclkeden 388 \u00fcniversiteyle \u00f6\u011frenci de\u011fi\u015fim programlar\u0131 s\u00fcrd\u00fcrmektedir.<br \/>\n<!--more--><\/p>\n<p><img loading=\"lazy\" class=\"alignright wp-image-2225\" src=\"https:\/\/adaybilgi.bilkent.edu.tr\/wp-content\/uploads\/2016\/04\/fulltime.jpg\" alt=\"fulltime\" width=\"600\" height=\"400\" srcset=\"https:\/\/adaybilgi.bilkent.edu.tr\/wp-content\/uploads\/2016\/04\/fulltime.jpg 2000w, https:\/\/adaybilgi.bilkent.edu.tr\/wp-content\/uploads\/2016\/04\/fulltime-300x200.jpg 300w, https:\/\/adaybilgi.bilkent.edu.tr\/wp-content\/uploads\/2016\/04\/fulltime-768x512.jpg 768w, https:\/\/adaybilgi.bilkent.edu.tr\/wp-content\/uploads\/2016\/04\/fulltime-1024x682.jpg 1024w\" sizes=\"(max-width: 600px) 100vw, 600px\" \/><\/p>\n<p>De\u011fi\u015fim programlar\u0131na ba\u015fvuran \u00f6\u011frenciler, akademik ba\u015far\u0131lar\u0131na ve m\u00fclakat sonu\u00e7lar\u0131na g\u00f6re se\u00e7ilir. Programa kat\u0131lan \u00f6\u011frenciler, \u00fc\u00e7\u00fcnc\u00fc s\u0131n\u0131f\u0131n bir veya iki yar\u0131y\u0131l\u0131n\u0131 yurt d\u0131\u015f\u0131ndaki anla\u015fmal\u0131 bir \u00fcniversitede ge\u00e7irirler. Gittikleri \u00fcniversitede programlar\u0131yla uyumlu dersler al\u0131r, yurt d\u0131\u015f\u0131nda ald\u0131klar\u0131 dersleri Bilkent\u2019e geri d\u00f6nd\u00fcklerinde programlar\u0131ndaki ders y\u00fck\u00fcml\u00fcl\u00fckleri yerine sayd\u0131r\u0131r ve e\u011fitimlerine aksama olmadan devam ederler. Avrupa\u2019daki \u00fcniversitelere Erasmus program\u0131 \u00e7er\u00e7evesinde giden \u00f6\u011frenciler, masraflar\u0131n\u0131n \u00f6nemli bir b\u00f6l\u00fcm\u00fcn\u00fc Avrupa Birli\u011fi fonlar\u0131ndan kar\u015f\u0131layabilmektedir.<\/p>\n<p>Bilkent, de\u011fi\u015fim program\u0131 anla\u015fmas\u0131 yapaca\u011f\u0131 kurumlar\u0131 kendi e\u011fitim kalitesi ve standartlar\u0131 do\u011frultusunda, \u00fclkelerin \u00f6nde gelen \u00fcniversiteleri aras\u0131ndan belirler. Anla\u015fmal\u0131 y\u00fcksek\u00f6\u011fretim kurumlar\u0131na \u00f6rnek olarak ABD\u2019den The State University of New York, Almanya\u2019dan LMU Munich, Bel\u00e7ika\u2019dan KU Leuven, \u00c7ekya\u2019dan Masaryk, Danimarka\u2019dan Copenhagen Business School, Finlandiya\u2019dan Turku, Fransa\u2019dan Sciences Po, Hollanda\u2019dan Tilburg, \u0130ngiltere\u2019den Sheffield, \u0130rlanda\u2019dan Limerick, \u0130sko\u00e7ya\u2019dan Edinburgh, \u0130spanya\u2019dan Barcelona, \u0130sve\u00e7\u2019ten G\u00f6teborg, \u0130svi\u00e7re\u2019den EPFL, \u0130talya\u2019dan Politecnico di Milano, Japonya\u2019dan Nagoya, Kanada\u2019dan Victoria, Kore\u2019den Korea, Polonya\u2019dan Warsaw, Portekiz\u2019den Porto, Singapur\u2019dan Nanyang Teknoloji ve Slovenya\u2019dan Ljubljana \u00fcniversiteleri g\u00f6sterilebilir.<\/p>\n<p>Bilkent \u00dcniversitesi \u00f6\u011frencileri, bu programlar sayesinde de\u011fi\u015fik akademik ve sosyal k\u00fclt\u00fcrleri tan\u0131yarak k\u00fcresel bir fark\u0131ndal\u0131k elde etmektedir. \u00dcniversitenin Uluslararas\u0131 \u00d6\u011frenciler ve De\u011fi\u015fim Programlar\u0131 Ofisi, de\u011fi\u015fim program\u0131na kat\u0131lacak \u00f6\u011frencilere yurt d\u0131\u015f\u0131na \u00e7\u0131kmadan \u00f6nce rehberlik ederek uyum s\u00fcre\u00e7lerine destek olmaktad\u0131r.<\/p>\n<ul>\n<li><a href=\"https:\/\/adaybilgi.bilkent.edu.tr\/index.php\/degisim-ogrencileri\/\">\u00c7e\u015fitli De\u011fi\u015fim \u00d6\u011frencileri<\/a><\/li>\n<li><a href=\"https:\/\/w3.bilkent.edu.tr\/www\/degisim-programlari\/erasmus-degisim-anlasmalari\/\">Erasmus De\u011fi\u015fim Anla\u015fmalar\u0131<\/a><\/li>\n<li><a href=\"https:\/\/w3.bilkent.edu.tr\/www\/degisim-programlari\/avrupa-disi-ikili-degisim-anlasmalari\/\">Avrupa D\u0131\u015f\u0131 \u0130kili De\u011fi\u015fim Anla\u015fmalar\u0131<\/a><\/li>\n<\/ul>\n","protected":false},"excerpt":{"rendered":"<p>Bilkent \u00dcniversitesi, 54 \u00fclkeden 388 \u00fcniversiteyle \u00f6\u011frenci de\u011fi\u015fim programlar\u0131 s\u00fcrd\u00fcrmektedir.<\/p>\n","protected":false},"author":1,"featured_media":117,"parent":0,"menu_order":0,"comment_status":"closed","ping_status":"closed","template":"","meta":[],"_links":{"self":[{"href":"https:\/\/adaybilgi.bilkent.edu.tr\/index.php\/wp-json\/wp\/v2\/pages\/115"}],"collection":[{"href":"https:\/\/adaybilgi.bilkent.edu.tr\/index.php\/wp-json\/wp\/v2\/pages"}],"about":[{"href":"https:\/\/adaybilgi.bilkent.edu.tr\/index.php\/wp-json\/wp\/v2\/types\/page"}],"author":[{"embeddable":true,"href":"https:\/\/adaybilgi.bilkent.edu.tr\/index.php\/wp-json\/wp\/v2\/users\/1"}],"replies":[{"embeddable":true,"href":"https:\/\/adaybilgi.bilkent.edu.tr\/index.php\/wp-json\/wp\/v2\/comments?post=115"}],"version-history":[{"count":33,"href":"https:\/\/adaybilgi.bilkent.edu.tr\/index.php\/wp-json\/wp\/v2\/pages\/115\/revisions"}],"predecessor-version":[{"id":3685,"href":"https:\/\/adaybilgi.bilkent.edu.tr\/index.php\/wp-json\/wp\/v2\/pages\/115\/revisions\/3685"}],"wp:featuredmedia":[{"embeddable":true,"href":"https:\/\/adaybilgi.bilkent.edu.tr\/index.php\/wp-json\/wp\/v2\/media\/117"}],"wp:attachment":[{"href":"https:\/\/adaybilgi.bilkent.edu.tr\/index.php\/wp-json\/wp\/v2\/media?parent=115"}],"curies":[{"name":"wp","href":"https:\/\/api.w.org\/{rel}","templated":true}]}}