{"id":1149,"date":"2017-07-12T08:04:36","date_gmt":"2017-07-12T08:04:36","guid":{"rendered":"https:\/\/adaybilgi.bilkent.edu.tr\/?page_id=1149"},"modified":"2025-07-01T08:56:10","modified_gmt":"2025-07-01T08:56:10","slug":"kampus-cevresi","status":"publish","type":"page","link":"https:\/\/adaybilgi.bilkent.edu.tr\/index.php\/kampus-cevresi\/","title":{"rendered":"Kamp\u00fcs \u00c7evresi"},"content":{"rendered":"<p><img loading=\"lazy\" class=\"alignright wp-image-1151\" src=\"https:\/\/adaybilgi.bilkent.edu.tr\/wp-content\/uploads\/2017\/07\/Station_fotograf-e1460463945522-1024x683.jpg\" alt=\"Station_fotograf-e1460463945522\" width=\"600\" height=\"400\" srcset=\"https:\/\/adaybilgi.bilkent.edu.tr\/wp-content\/uploads\/2017\/07\/Station_fotograf-e1460463945522-1024x683.jpg 1024w, https:\/\/adaybilgi.bilkent.edu.tr\/wp-content\/uploads\/2017\/07\/Station_fotograf-e1460463945522-300x200.jpg 300w, https:\/\/adaybilgi.bilkent.edu.tr\/wp-content\/uploads\/2017\/07\/Station_fotograf-e1460463945522-768x512.jpg 768w\" sizes=\"(max-width: 600px) 100vw, 600px\" \/>Kamp\u00fcse y\u00fcr\u00fcme mesafesinde yer alan <a href=\"http:\/\/www.bilkentcenter.com.tr\/\">Bilkent Center<\/a>, Bilkent Ankuva Al\u0131\u015fveri\u015f Merkezi ve <a href=\"https:\/\/www.bilkentcenter.com.tr\/bilkent-station\">Bilkent Station<\/a>, restoranlar\u0131, kafeleri ve sinema salonlar\u0131yla \u00fcniversite \u00e7evresindeki sosyal se\u00e7enekleri art\u0131rmaktad\u0131r. Bu mekanlar; teknoloji, ileti\u015fim, g\u0131da, ev tekstili, giyim ve benzeri sekt\u00f6rlerden i\u015fletmeleriyle \u00f6\u011frencilerin farkl\u0131 ihtiya\u00e7lar\u0131na yan\u0131t vermektedir. Yine kamp\u00fcs yak\u0131n\u0131nda bulunan <a href=\"http:\/\/www.sportsinternational.com.tr\/\">Sports International<\/a> ile <a href=\"https:\/\/www.bilkentotel.com.tr\/\">Bilkent Otel ve Konferans Merkezi<\/a> de ba\u015fkentin kendi alanlar\u0131nda \u00f6ne \u00e7\u0131kan kurumlar\u0131d\u0131r.<\/p>\n<p>&nbsp;<\/p>\n<p>&nbsp;<\/p>\n<p>&nbsp;<\/p>\n<p>&nbsp;<\/p>\n<p>&nbsp;<\/p>\n<p>&nbsp;<\/p>\n<h4 style=\"margin-left: 0in;\"><span lang=\"TR\" style=\"font-size: 12.0pt; font-family: 'Arial',sans-serif; color: #8a2529;\">B\u0130LKENT CYBERPARK<\/span><\/h4>\n<p><img loading=\"lazy\" class=\"alignright wp-image-3586\" src=\"https:\/\/adaybilgi.bilkent.edu.tr\/wp-content\/uploads\/2025\/07\/cyberpark.jpg\" alt=\"\" width=\"600\" height=\"403\" srcset=\"https:\/\/adaybilgi.bilkent.edu.tr\/wp-content\/uploads\/2025\/07\/cyberpark.jpg 800w, https:\/\/adaybilgi.bilkent.edu.tr\/wp-content\/uploads\/2025\/07\/cyberpark-300x201.jpg 300w, https:\/\/adaybilgi.bilkent.edu.tr\/wp-content\/uploads\/2025\/07\/cyberpark-768x516.jpg 768w\" sizes=\"(max-width: 600px) 100vw, 600px\" \/>Bilkent CYBERPARK, T.C. Sanayi ve Teknoloji Bakanl\u0131\u011f\u0131\u2019n\u0131n Teknoloji Geli\u015ftirme B\u00f6lgeleri Performans Endeksi\u2019ne g\u00f6re T\u00fcrkiye\u2019nin en ba\u015far\u0131l\u0131 teknopark\u0131d\u0131r. Ara\u015ft\u0131rma-geli\u015ftirme (AR-GE) ve ileri teknoloji odakl\u0131 firmalar\u0131 bir araya getirerek yenilik\u00e7i giri\u015fimleri te\u015fvik eden Bilkent CYBERPARK, \u00fclkemizin en b\u00fcy\u00fck teknoparklar\u0131 aras\u0131ndad\u0131r. Bilkent \u00dcniversitesi \u00f6\u011fretim \u00fcyeleri ve \u00f6\u011frencileri, CYBERPARK b\u00fcnyesinde bilim ve i\u015f d\u00fcnyas\u0131n\u0131 ileri ta\u015f\u0131yacak projeler ger\u00e7ekle\u015ftirmenin yan\u0131 s\u0131ra kendi firmalar\u0131n\u0131 kurma olana\u011f\u0131na da sahiptir. Bilkent CYBERPARK; 300\u2019\u00fcn \u00fczerinde AR-GE firmas\u0131, 3 ara\u015ft\u0131rma merkezi, 5.400\u2019\u00fc a\u015fk\u0131n personeli ve 135.000 m\u00b2 kapal\u0131 alan\u0131 ile 2002\u2019den bu yana \u00fclke ekonomisine katk\u0131s\u0131n\u0131 s\u00fcrd\u00fcrmektedir. Y\u00fcksek nitelikli ofis hizmetlerine ek olarak b\u00fcnyesindeki firmalara ulusal ve uluslararas\u0131 \u00f6d\u00fcll\u00fc programlar ve i\u015f birli\u011fi faaliyetleri arac\u0131l\u0131\u011f\u0131yla s\u00fcrekli geli\u015fim f\u0131rsatlar\u0131 sunan CYBERPARK, b\u00f6lge d\u0131\u015f\u0131 kulu\u00e7ka merkezi Ankara Teknoloji K\u00f6pr\u00fcs\u00fc\u2019yle de T\u00fcrkiye\u2019nin teknoloji geli\u015ftirme kapasitesine katk\u0131 sa\u011flamaya devam etmektedir.<\/p>\n<p>&nbsp;<\/p>\n<p>&nbsp;<\/p>\n<p>&nbsp;<\/p>\n","protected":false},"excerpt":{"rendered":"<p>Kamp\u00fcse y\u00fcr\u00fcme mesafesinde yer alan Bilkent Center, Bilkent Ankuva Al\u0131\u015fveri\u015f Merkezi ve Bilkent Station, restoranlar\u0131, kafeleri ve sinema salonlar\u0131yla \u00fcniversite \u00e7evresindeki sosyal se\u00e7enekleri art\u0131rmaktad\u0131r. Bu mekanlar; teknoloji, ileti\u015fim, g\u0131da, ev tekstili, giyim ve benzeri sekt\u00f6rlerden i\u015fletmeleriyle \u00f6\u011frencilerin farkl\u0131 ihtiya\u00e7lar\u0131na yan\u0131t<\/p>\n","protected":false},"author":1,"featured_media":0,"parent":0,"menu_order":0,"comment_status":"closed","ping_status":"closed","template":"","meta":[],"_links":{"self":[{"href":"https:\/\/adaybilgi.bilkent.edu.tr\/index.php\/wp-json\/wp\/v2\/pages\/1149"}],"collection":[{"href":"https:\/\/adaybilgi.bilkent.edu.tr\/index.php\/wp-json\/wp\/v2\/pages"}],"about":[{"href":"https:\/\/adaybilgi.bilkent.edu.tr\/index.php\/wp-json\/wp\/v2\/types\/page"}],"author":[{"embeddable":true,"href":"https:\/\/adaybilgi.bilkent.edu.tr\/index.php\/wp-json\/wp\/v2\/users\/1"}],"replies":[{"embeddable":true,"href":"https:\/\/adaybilgi.bilkent.edu.tr\/index.php\/wp-json\/wp\/v2\/comments?post=1149"}],"version-history":[{"count":7,"href":"https:\/\/adaybilgi.bilkent.edu.tr\/index.php\/wp-json\/wp\/v2\/pages\/1149\/revisions"}],"predecessor-version":[{"id":3587,"href":"https:\/\/adaybilgi.bilkent.edu.tr\/index.php\/wp-json\/wp\/v2\/pages\/1149\/revisions\/3587"}],"wp:attachment":[{"href":"https:\/\/adaybilgi.bilkent.edu.tr\/index.php\/wp-json\/wp\/v2\/media?parent=1149"}],"curies":[{"name":"wp","href":"https:\/\/api.w.org\/{rel}","templated":true}]}}