{"id":112,"date":"2016-04-08T06:21:04","date_gmt":"2016-04-08T06:21:04","guid":{"rendered":"http:\/\/w4.bilkent.edu.tr\/adaybilgi\/?page_id=112"},"modified":"2026-04-20T14:12:18","modified_gmt":"2026-04-20T14:12:18","slug":"sosyal-ve-kulturel","status":"publish","type":"page","link":"https:\/\/adaybilgi.bilkent.edu.tr\/index.php\/sosyal-ve-kulturel\/","title":{"rendered":"Sosyal ve K\u00fclt\u00fcrel"},"content":{"rendered":"<p>Kamp\u00fcsteki sosyal ve k\u00fclt\u00fcrel etkinliklerin \u00f6nemli bir b\u00f6l\u00fcm\u00fc \u00d6\u011frenci Dekanl\u0131\u011f\u0131 ve \u00d6\u011frenci Etkinlikleri Merkezi\u2019nce y\u00fcr\u00fct\u00fcl\u00fcr.<\/p>\n<p>\u00d6\u011frenci Etkinlikleri Merkezi, b\u00fcnyesindeki <a href=\"https:\/\/w3.bilkent.edu.tr\/www\/ogrenci-dekanligi\/ogrenci-kulupleri\/\"><strong>kul\u00fcp ve topluluklar<\/strong><\/a>, ortak ilgili alanlar\u0131 ile yeni dostluklar\u0131n kesi\u015fme noktas\u0131d\u0131r. Do\u011fa Sporlar\u0131 Toplulu\u011fu, Dans Toplulu\u011fu, Foto\u011fraf\u00e7\u0131l\u0131k Kul\u00fcb\u00fc, Gen\u00e7 Giri\u015fimciler Toplulu\u011fu, Hayvan Dostlar\u0131 Kul\u00fcb\u00fc, Hukukta Kariyer Kul\u00fcb\u00fc, \u0130\u015fletme ve Ekonomi Toplulu\u011fu, M\u00fczik Kul\u00fcb\u00fc, Satran\u00e7 Kul\u00fcb\u00fc, Sinema Toplulu\u011fu, Tiyatro Kul\u00fcb\u00fc, Uzay ve Havac\u0131l\u0131k Toplulu\u011fu, Yapay Zek\u00e2 Toplulu\u011fu ve Y\u00f6neylem Ara\u015ft\u0131rmas\u0131 Kul\u00fcb\u00fc\u2019n\u00fcn \u00f6rnek g\u00f6sterilebilece\u011fi bu olu\u015fumlar\u0131n say\u0131s\u0131 100\u2019\u00fcn \u00fczerindedir.<\/p>\n<p>Konserler, s\u00f6yle\u015filer, film g\u00f6sterimleri, seminerler, spor turnuvalar\u0131 ve geleneksel Bahar \u015eenli\u011fi, Bilkent&#8217;teki \u00f6\u011frencilik hayat\u0131n\u0131n renkleridir. Tiyatro B\u00f6l\u00fcm\u00fc \u00f6\u011frencilerinin sergiledi\u011fi oyunlar y\u0131l boyunca Bilkent Tiyatro Salonu&#8217;nda sahnelenmektedir. G\u00fczel Sanatlar, Tasar\u0131m ve Mimarl\u0131k Fak\u00fcltesi ve Bilkent \u00dcniversitesi K\u00fct\u00fcphanesi ise bir\u00e7ok sergiye kap\u0131lar\u0131n\u0131 a\u00e7maktad\u0131r.<\/p>\n<p>\u00d6\u011frencilerden olu\u015fan kadrosu ve profesyonel teknik\u00a0donan\u0131m\u0131yla <strong><a href=\"http:\/\/www.radio.bilkent.edu.tr\/\" target=\"_blank\" rel=\"noopener\">Radyo Bilkent<\/a><\/strong>, ba\u015fkentin en sevilen yerel radyolar\u0131ndand\u0131r. FM band\u0131nda 96.6 MHz frekans\u0131ndan ve radyobilkent.com \u00fczerinden dinlenebilmektedir. Kamp\u00fcste d\u00fczenledi\u011fi etkinliklerle dinleyicileriyle de bir araya gelen Radyo Bilkent, \u00f6\u011frencilere haber spikerli\u011fi, DJ\u2019lik, ileti\u015fim ve organizasyon gibi alanlarda g\u00f6rev alma olana\u011f\u0131 da sunmaktad\u0131r.<\/p>\n<p>Bilkent \u00dcniversitesi \u00f6\u011frencileri, 1999\u2019dan bu yana\u00a0<a href=\"https:\/\/w3.bilkent.edu.tr\/www\/ogrenci-dekanligi\/toplumsal-duyarlilik-projeleri\/\"><strong>Toplumsal Duyarl\u0131l\u0131k Projeleri (TDP)<\/strong><\/a> \u00e7er\u00e7evesinde e\u011fitim ve sosyal i\u00e7erikli yard\u0131m projeleri y\u00fcr\u00fctmektedir. K\u00f6y okullar\u0131na destek projeleri, engellileri toplumla b\u00fct\u00fcnle\u015ftirmeye y\u00f6nelik \u00e7al\u0131\u015fmalar ve huzurevi ziyaretleri, TDP\u2019nin \u00d6\u011frenci Dekanl\u0131\u011f\u0131 \u00e7at\u0131s\u0131 alt\u0131nda s\u00fcrd\u00fcrd\u00fc\u011f\u00fc 12 farkl\u0131 projeye \u00f6rnektir.<\/p>\n<p><strong><a href=\"http:\/\/www.bso.bilkent.edu.tr\/\" target=\"_blank\" rel=\"noopener\">Bilkent Senfoni Orkestras\u0131 (BSO)<\/a><\/strong>,\u00a0T\u00fcrkiye\u2019nin ilk \u00f6zel, akademik ve uluslararas\u0131 sanat toplulu\u011fudur. Kamp\u00fcsteki 700 ki\u015filik Bilkent Konser Salonu ve 4.000 ki\u015filik Odeon\u2019da, yurt i\u00e7i ve yurt d\u0131\u015f\u0131 turnelerde her y\u0131l 50\u2019nin \u00fczerinde konser veren BSO, bu konserlerde \u00fcnl\u00fc \u015fef ve solistleri a\u011f\u0131rlamaktad\u0131r.<\/p>\n","protected":false},"excerpt":{"rendered":"<p>Kamp\u00fcsteki sosyal ve k\u00fclt\u00fcrel etkinliklerin \u00f6nemli bir b\u00f6l\u00fcm\u00fc \u00d6\u011frenci Dekanl\u0131\u011f\u0131 ve \u00d6\u011frenci Etkinlikleri Merkezi\u2019nce y\u00fcr\u00fct\u00fcl\u00fcr. \u00d6\u011frenci Etkinlikleri Merkezi, b\u00fcnyesindeki kul\u00fcp ve topluluklar, ortak ilgili alanlar\u0131 ile yeni dostluklar\u0131n kesi\u015fme noktas\u0131d\u0131r. Do\u011fa Sporlar\u0131 Toplulu\u011fu, Dans Toplulu\u011fu, Foto\u011fraf\u00e7\u0131l\u0131k Kul\u00fcb\u00fc, Gen\u00e7 Giri\u015fimciler Toplulu\u011fu,<\/p>\n","protected":false},"author":1,"featured_media":141,"parent":0,"menu_order":0,"comment_status":"closed","ping_status":"closed","template":"","meta":[],"_links":{"self":[{"href":"https:\/\/adaybilgi.bilkent.edu.tr\/index.php\/wp-json\/wp\/v2\/pages\/112"}],"collection":[{"href":"https:\/\/adaybilgi.bilkent.edu.tr\/index.php\/wp-json\/wp\/v2\/pages"}],"about":[{"href":"https:\/\/adaybilgi.bilkent.edu.tr\/index.php\/wp-json\/wp\/v2\/types\/page"}],"author":[{"embeddable":true,"href":"https:\/\/adaybilgi.bilkent.edu.tr\/index.php\/wp-json\/wp\/v2\/users\/1"}],"replies":[{"embeddable":true,"href":"https:\/\/adaybilgi.bilkent.edu.tr\/index.php\/wp-json\/wp\/v2\/comments?post=112"}],"version-history":[{"count":9,"href":"https:\/\/adaybilgi.bilkent.edu.tr\/index.php\/wp-json\/wp\/v2\/pages\/112\/revisions"}],"predecessor-version":[{"id":3698,"href":"https:\/\/adaybilgi.bilkent.edu.tr\/index.php\/wp-json\/wp\/v2\/pages\/112\/revisions\/3698"}],"wp:featuredmedia":[{"embeddable":true,"href":"https:\/\/adaybilgi.bilkent.edu.tr\/index.php\/wp-json\/wp\/v2\/media\/141"}],"wp:attachment":[{"href":"https:\/\/adaybilgi.bilkent.edu.tr\/index.php\/wp-json\/wp\/v2\/media?parent=112"}],"curies":[{"name":"wp","href":"https:\/\/api.w.org\/{rel}","templated":true}]}}