{"id":11,"date":"2016-03-31T15:28:00","date_gmt":"2016-03-31T15:28:00","guid":{"rendered":"http:\/\/w4.bilkent.edu.tr\/adaybilgi\/?page_id=11"},"modified":"2025-06-20T07:34:51","modified_gmt":"2025-06-20T07:34:51","slug":"tanitim","status":"publish","type":"page","link":"https:\/\/adaybilgi.bilkent.edu.tr\/index.php\/tanitim\/","title":{"rendered":"Tan\u0131t\u0131m"},"content":{"rendered":"<p>Bilkent \u00dcniversitesi aday \u00f6\u011frencilere se\u00e7imlerinde destek olmak i\u00e7in y\u0131l boyunca Tan\u0131t\u0131m Turlar\u0131, tercih d\u00f6neminde de Meslek Seminerleri d\u00fczenler.<\/p>\r\n<p>&nbsp;<\/p>\r\n<!--<ul>\r\n<li><strong><a href=\"https:\/\/adaybilgi.bilkent.edu.tr\/index.php\/cevrimici-tanitim\/\">\u00c7evrimi\u00e7i Tan\u0131t\u0131m<\/a><br \/><br \/><\/strong><\/li>-->\r\n<ul>\r\n<li><a href=\"https:\/\/adaybilgi.bilkent.edu.tr\/index.php\/kampus-ziyaretleri\/\"><strong>Kamp\u00fcs Ziyaretleri<\/strong><\/a><\/li>\r\n<\/ul>\r\n<ul>\r\n<li><strong><a href=\"https:\/\/adaybilgi.bilkent.edu.tr\/meslekseminerleri\/\">Meslek Seminerleri<\/a><\/strong><\/li>\r\n<\/ul>\r\n<ul>\r\n<li><strong><a href=\"https:\/\/adaybilgi.bilkent.edu.tr\/index.php\/sanal_kampusturu\/\">Sanal Kamp\u00fcs Turu<\/a><\/strong><\/li>\r\n<\/ul>\r\n<ul>\r\n<li><a href=\"https:\/\/adaybilgi.bilkent.edu.tr\/index.php\/tanitim-kitapcigi\/\"><strong>Tan\u0131t\u0131m Kitap\u00e7\u0131\u011f\u0131<\/strong><\/a><\/li>\r\n<\/ul>\r\n<ul>\r\n<li><a href=\"https:\/\/adaybilgi.bilkent.edu.tr\/index.php\/tanitim-videolari\/\"><strong>Tan\u0131t\u0131m Videolar\u0131<\/strong><\/a><\/li>\r\n<\/ul>\r\n","protected":false},"excerpt":{"rendered":"<p>Bilkent \u00dcniversitesi aday \u00f6\u011frencilere se\u00e7imlerinde destek olmak i\u00e7in y\u0131l boyunca Tan\u0131t\u0131m Turlar\u0131, tercih d\u00f6neminde de Meslek Seminerleri d\u00fczenler. &nbsp; Kamp\u00fcs Ziyaretleri Meslek Seminerleri Sanal Kamp\u00fcs Turu Tan\u0131t\u0131m Kitap\u00e7\u0131\u011f\u0131 Tan\u0131t\u0131m Videolar\u0131<\/p>\n","protected":false},"author":1,"featured_media":7,"parent":0,"menu_order":0,"comment_status":"closed","ping_status":"closed","template":"","meta":[],"_links":{"self":[{"href":"https:\/\/adaybilgi.bilkent.edu.tr\/index.php\/wp-json\/wp\/v2\/pages\/11"}],"collection":[{"href":"https:\/\/adaybilgi.bilkent.edu.tr\/index.php\/wp-json\/wp\/v2\/pages"}],"about":[{"href":"https:\/\/adaybilgi.bilkent.edu.tr\/index.php\/wp-json\/wp\/v2\/types\/page"}],"author":[{"embeddable":true,"href":"https:\/\/adaybilgi.bilkent.edu.tr\/index.php\/wp-json\/wp\/v2\/users\/1"}],"replies":[{"embeddable":true,"href":"https:\/\/adaybilgi.bilkent.edu.tr\/index.php\/wp-json\/wp\/v2\/comments?post=11"}],"version-history":[{"count":25,"href":"https:\/\/adaybilgi.bilkent.edu.tr\/index.php\/wp-json\/wp\/v2\/pages\/11\/revisions"}],"predecessor-version":[{"id":3509,"href":"https:\/\/adaybilgi.bilkent.edu.tr\/index.php\/wp-json\/wp\/v2\/pages\/11\/revisions\/3509"}],"wp:featuredmedia":[{"embeddable":true,"href":"https:\/\/adaybilgi.bilkent.edu.tr\/index.php\/wp-json\/wp\/v2\/media\/7"}],"wp:attachment":[{"href":"https:\/\/adaybilgi.bilkent.edu.tr\/index.php\/wp-json\/wp\/v2\/media?parent=11"}],"curies":[{"name":"wp","href":"https:\/\/api.w.org\/{rel}","templated":true}]}}